{"id":11267,"date":"2025-06-25T09:41:34","date_gmt":"2025-06-25T07:41:34","guid":{"rendered":"https:\/\/projectes.xtec.cat\/ia\/?page_id=11267"},"modified":"2026-03-10T15:18:56","modified_gmt":"2026-03-10T14:18:56","slug":"d1-etapa-avancada","status":"publish","type":"page","link":"https:\/\/projectes.xtec.cat\/ia\/competencia-digital-docent-intelligencia-artificial\/d1-comprensio-us-segur-ia\/d1-etapa-avancada\/","title":{"rendered":"D1. Etapa avan\u00e7ada"},"content":{"rendered":"\n<div class=\"wp-block-columns alignwide are-vertically-aligned-center is-layout-flex wp-container-core-columns-is-layout-1 wp-block-columns-is-layout-flex\">\n<div class=\"wp-block-column is-vertically-aligned-center is-layout-flow wp-block-column-is-layout-flow\">\n<p>En aquesta etapa, el docent demostra una <strong>comprensi\u00f3 profunda<\/strong> dels sistemes d\u2019intel\u00b7lig\u00e8ncia artificial i es mant\u00e9 actualitzat en relaci\u00f3 amb les tend\u00e8ncies emergents i els darrers aven\u00e7os, especialment pel que fa a les aplicacions en l\u2019\u00e0mbit educatiu. Disposa de la capacitat per integrar diverses eines d\u2019IA amb l\u2019objectiu de generar solucions contextualitzades i optimitzar-ne els resultats mitjan\u00e7ant l\u2019\u00fas d\u2019indicacions precises i adequades. Aix\u00ed mateix,<strong> esdev\u00e9 un referent<\/strong> en l\u2019\u00fas segur i responsable de la intel\u00b7lig\u00e8ncia artificial, i actua com a agent sensibilitzador dins de la comunitat educativa.<\/p>\n<\/div>\n\n\n\n<div class=\"wp-block-column is-vertically-aligned-center is-layout-flow wp-block-column-is-layout-flow\">\n<figure class=\"wp-block-image size-large\"><a href=\"https:\/\/projectes.xtec.cat\/ia\/wp-content\/uploads\/usu2387\/2026\/01\/etapa-avancada.png\"><img loading=\"lazy\" decoding=\"async\" width=\"1024\" height=\"548\" src=\"https:\/\/projectes.xtec.cat\/ia\/wp-content\/uploads\/usu2387\/2026\/01\/etapa-avancada-1024x548.png\" alt=\"\" class=\"wp-image-12676\" srcset=\"https:\/\/projectes.xtec.cat\/ia\/wp-content\/uploads\/usu2387\/2026\/01\/etapa-avancada-1024x548.png 1024w, https:\/\/projectes.xtec.cat\/ia\/wp-content\/uploads\/usu2387\/2026\/01\/etapa-avancada-300x160.png 300w, https:\/\/projectes.xtec.cat\/ia\/wp-content\/uploads\/usu2387\/2026\/01\/etapa-avancada-768x411.png 768w, https:\/\/projectes.xtec.cat\/ia\/wp-content\/uploads\/usu2387\/2026\/01\/etapa-avancada.png 1492w\" sizes=\"auto, (max-width: 1024px) 100vw, 1024px\" \/><\/a><\/figure>\n<\/div>\n<\/div>\n\n\n\n<h2 class=\"wp-block-heading\" style=\"font-size:25px\">Blocs d&#8217;indicadors<\/h2>\n\n\n\n<div class=\"wp-block-columns alignwide is-layout-flex wp-container-core-columns-is-layout-2 wp-block-columns-is-layout-flex\">\n<div class=\"wp-block-column is-layout-flow wp-block-column-is-layout-flow\">\n<h2 class=\"wp-block-heading has-medium-font-size\"><strong>1.C.1. <a href=\"https:\/\/projectes.xtec.cat\/ia\/d1-etapa-avancada\/1-c-1-comprensio-profunda-i-mentoria-en-ia\/\">Comprensi\u00f3 profunda i mentoria en IA<\/a><\/strong><\/h2>\n\n\n\n<p class=\"has-ast-global-color-3-color has-ast-global-color-4-background-color has-text-color has-background has-link-color wp-elements-46c4bbedb81721e750d9183416da7842\">Cerca recursos i novetats per ampliar la seva comprensi\u00f3 de la IA. Difon el seu coneixement acompanyant altres docents o fent publicacions en xarxes professionals docents.<\/p>\n\n\n\n<p><strong>Indicadors<\/strong><\/p>\n\n\n\n<p><strong>1.C.1.1<\/strong>. \ud83d\udee0\ufe0f <a href=\"https:\/\/projectes.xtec.cat\/ia\/d1-etapa-avancada\/1-c-1-comprensio-profunda-i-mentoria-en-ia\/1c11-coneix-en-profunditat-els-processos-i-subprocessos-que\/\">Coneix en profunditat els processos i subprocessos que intervenen en el funcionament de sistemes d\u2019IA<\/a><br><br><strong>1.C.1.2<\/strong>.&nbsp;<a href=\"https:\/\/projectes.xtec.cat\/ia\/d1-etapa-avancada\/1-c-1-comprensio-profunda-i-mentoria-en-ia\/1c12-es-mante-actualitzat-sobre-els-avencos-i-les\/\">\ud83d\udee0\ufe0f<\/a> <a href=\"https:\/\/projectes.xtec.cat\/ia\/d1-etapa-avancada\/1-c-1-comprensio-profunda-i-mentoria-en-ia\/1c12-es-mante-actualitzat-sobre-els-avencos-i-les\/\">Es mant\u00e9 actualitzat sobre els aven\u00e7os i les tend\u00e8ncies en el camp de la IA, amb especial atenci\u00f3 a les aplicacions educatives, i reconeix la import\u00e0ncia de la formaci\u00f3 cont\u00ednua i la mentoria en aquest \u00e0mbit.<\/a><\/p>\n\n\n\n<p><strong>1.C.1.3.<\/strong> \ud83d\udee0\ufe0f <a href=\"https:\/\/projectes.xtec.cat\/ia\/d1-etapa-avancada\/1-c-1-comprensio-profunda-i-mentoria-en-ia\/1c13-assessora-i-acompanya-altres-docents-o-participa-activament-2\/\">Assessora i acompanya altres docents o participa activament en xarxes professionals docents que aprofundeixen en el funcionament de la IA.<\/a><\/p>\n<\/div>\n\n\n\n<div class=\"wp-block-column is-layout-flow wp-block-column-is-layout-flow\">\n<h2 class=\"wp-block-heading has-medium-font-size\"><strong>1.C.2 <a href=\"https:\/\/projectes.xtec.cat\/ia\/d1-etapa-avancada\/1-c-2-us-avancat-de-la-ia\/\">\u00das avan\u00e7at de la IA<\/a><\/strong><\/h2>\n\n\n\n<p class=\"has-ast-global-color-3-color has-ast-global-color-4-background-color has-text-color has-background has-link-color wp-elements-f0cc1947fd0a2600195e1310bb6cbdea\">Interconnecta eines d\u2019IA per obtenir resultats a problemes m\u00e9s complexos, crea aplicacions i comparteix coneixement amb la comunitat.<\/p>\n\n\n\n<p><strong>Indicadors<\/strong><\/p>\n\n\n\n<p><strong>1.C.2.1<\/strong> \ud83d\udee0\ufe0f <a href=\"https:\/\/projectes.xtec.cat\/ia\/d1-etapa-avancada\/1-c-2-us-avancat-de-la-ia\/1c21-combina-diverses-eines-d-ia-per-crear-solucions\/\">Combina diverses eines d\u2019IA per crear solucions m\u00e9s completes i adaptades al context educatiu.<\/a><br><br><strong>1.C.2.2<\/strong> \ud83d\udee0\ufe0f <a href=\"https:\/\/projectes.xtec.cat\/ia\/d1-etapa-avancada\/1-c-2-us-avancat-de-la-ia\/1c22-dona-peticions-precises-a-eines-d-ia-per\/\">Facilita peticions precises a eines d\u2019IA per optimitzar-ne els resultats d\u2019acord amb els objectius i el context.<\/a><br><br><strong>1.C.2.3<\/strong> \ud83d\udee0\ufe0f <a href=\"https:\/\/projectes.xtec.cat\/ia\/d1-etapa-avancada\/1-c-2-us-avancat-de-la-ia\/1c23-avalua-eines-d-ia-recents-explorant-ne-les\/\">Avalua eines d\u2019IA recents per explorar-ne les possibilitats i els usos en l\u2019\u00e0mbit educatiu.<\/a><\/p>\n\n\n\n<p><strong>1.C.2.4<\/strong> \ud83d\udfe7 <a href=\"https:\/\/projectes.xtec.cat\/ia\/d1-etapa-avancada\/1-c-2-us-avancat-de-la-ia\/1c24-crea-eines-web-o-aplicacions-amb-suport-de\/\">Crea eines web o aplicacions amb suport de la IA (<em>vibe coding<\/em>, etc.).<\/a><\/p>\n<\/div>\n\n\n\n<div class=\"wp-block-column is-layout-flow wp-block-column-is-layout-flow\">\n<h2 class=\"wp-block-heading has-medium-font-size\"><strong>1.C.3 <a href=\"https:\/\/projectes.xtec.cat\/ia\/d1-etapa-avancada\/1-c-3-foment-de-lus-segur-de-la-ia-en-la-comunitat-educativa\/\">Foment de l\u2019\u00fas segur de la IA en la comunitat educativa<\/a><\/strong><\/h2>\n\n\n\n<p class=\"has-ast-global-color-3-color has-ast-global-color-4-background-color has-text-color has-background has-link-color wp-elements-22894c5031fb9b6e3404a55ec8283445\">Promou la reflexi\u00f3 en la comunitat educativa i es mant\u00e9 actualitzat en mat\u00e8ria de seguretat i compliment normatiu de la IA.<\/p>\n\n\n\n<p><strong>Indicadors<\/strong><\/p>\n\n\n\n<p><strong>1.C.3.1.<\/strong> \ud83d\udee0\ufe0f <a href=\"https:\/\/projectes.xtec.cat\/ia\/d1-etapa-avancada\/1-c-3-foment-de-lus-segur-de-la-ia-en-la-comunitat-educativa\/1c31-sensibilitza-la-comunitat-educativa-sobre-la-importancia-de\/\">Sensibilitza la comunitat educativa sobre la import\u00e0ncia de fer un \u00fas segur de la IA promovent bones pr\u00e0ctiques<\/a><br><br><strong>1.C.3.2.<\/strong> \ud83d\udee0\ufe0f <a href=\"https:\/\/projectes.xtec.cat\/ia\/d1-etapa-avancada\/1-c-3-foment-de-lus-segur-de-la-ia-en-la-comunitat-educativa\/1c32-es-mante-al-dia-sobre-les-novetats-en\/\">Es mant\u00e9 al dia sobre les novetats en seguretat i normativa en IA, i assessora l\u2019equip docent i la comunitat.<\/a><br><br><strong>1.C.3.3.<\/strong> \ud83d\udee0\ufe0f <a href=\"https:\/\/projectes.xtec.cat\/ia\/d1-etapa-avancada\/1-c-3-foment-de-lus-segur-de-la-ia-en-la-comunitat-educativa\/1c33-defineix-protocols-de-prevencio-de-riscos-en-ia\/\">Defineix protocols de prevenci\u00f3 de riscos en IA i contribueix a incorporar-los a la normativa del centre.<\/a><br><br><strong>1.C.3.4.<\/strong> \ud83d\udee0\ufe0f <a href=\"https:\/\/projectes.xtec.cat\/ia\/d1-etapa-avancada\/1-c-3-foment-de-lus-segur-de-la-ia-en-la-comunitat-educativa\/1c34-assessora-altres-docents-imparteix-formacions-fa-publicacions-o\/\">Assessora altres docents, imparteix formacions, fa publicacions o participa activament en xarxes professionals docents per tal de fomentar l\u2019\u00fas segur de la IA.<\/a><\/p>\n<\/div>\n<\/div>\n\n\n\n<div style=\"height:69px\" aria-hidden=\"true\" class=\"wp-block-spacer\"><\/div>\n","protected":false},"excerpt":{"rendered":"<p>En aquesta etapa, el docent demostra una comprensi\u00f3 profunda dels sistemes d\u2019intel\u00b7lig\u00e8ncia artificial i es mant\u00e9 actualitzat en relaci\u00f3 amb les tend\u00e8ncies emergents i els darrers aven\u00e7os, especialment pel que fa a les aplicacions en l\u2019\u00e0mbit educatiu. Disposa de la capacitat per integrar diverses eines d\u2019IA amb l\u2019objectiu de generar solucions contextualitzades i optimitzar-ne els resultats mitjan\u00e7ant l\u2019\u00fas d\u2019indicacions precises i adequades. Aix\u00ed mateix, esdev\u00e9 un referent en l\u2019\u00fas segur [&hellip;]<\/p>\n","protected":false},"author":1,"featured_media":0,"parent":10452,"menu_order":0,"comment_status":"closed","ping_status":"close","template":"","meta":{"site-sidebar-layout":"left-sidebar","site-content-layout":"","ast-site-content-layout":"default","site-content-style":"default","site-sidebar-style":"default","ast-global-header-display":"","ast-banner-title-visibility":"","ast-main-header-display":"","ast-hfb-above-header-display":"","ast-hfb-below-header-display":"","ast-hfb-mobile-header-display":"","site-post-title":"","ast-breadcrumbs-content":"","ast-featured-img":"","footer-sml-layout":"","theme-transparent-header-meta":"","adv-header-id-meta":"","stick-header-meta":"","header-above-stick-meta":"","header-main-stick-meta":"","header-below-stick-meta":"","astra-migrate-meta-layouts":"set","ast-page-background-enabled":"default","ast-page-background-meta":{"desktop":{"background-color":"var(--ast-global-color-4)","background-image":"","background-repeat":"repeat","background-position":"center center","background-size":"auto","background-attachment":"scroll","background-type":"","background-media":"","overlay-type":"","overlay-color":"","overlay-opacity":"","overlay-gradient":""},"tablet":{"background-color":"","background-image":"","background-repeat":"repeat","background-position":"center center","background-size":"auto","background-attachment":"scroll","background-type":"","background-media":"","overlay-type":"","overlay-color":"","overlay-opacity":"","overlay-gradient":""},"mobile":{"background-color":"","background-image":"","background-repeat":"repeat","background-position":"center center","background-size":"auto","background-attachment":"scroll","background-type":"","background-media":"","overlay-type":"","overlay-color":"","overlay-opacity":"","overlay-gradient":""}},"ast-content-background-meta":{"desktop":{"background-color":"var(--ast-global-color-5)","background-image":"","background-repeat":"repeat","background-position":"center center","background-size":"auto","background-attachment":"scroll","background-type":"","background-media":"","overlay-type":"","overlay-color":"","overlay-opacity":"","overlay-gradient":""},"tablet":{"background-color":"var(--ast-global-color-5)","background-image":"","background-repeat":"repeat","background-position":"center center","background-size":"auto","background-attachment":"scroll","background-type":"","background-media":"","overlay-type":"","overlay-color":"","overlay-opacity":"","overlay-gradient":""},"mobile":{"background-color":"var(--ast-global-color-5)","background-image":"","background-repeat":"repeat","background-position":"center center","background-size":"auto","background-attachment":"scroll","background-type":"","background-media":"","overlay-type":"","overlay-color":"","overlay-opacity":"","overlay-gradient":""}},"footnotes":""},"class_list":["post-11267","page","type-page","status-publish","hentry"],"post_mailing_queue_ids":[],"_links":{"self":[{"href":"https:\/\/projectes.xtec.cat\/ia\/wp-json\/wp\/v2\/pages\/11267","targetHints":{"allow":["GET"]}}],"collection":[{"href":"https:\/\/projectes.xtec.cat\/ia\/wp-json\/wp\/v2\/pages"}],"about":[{"href":"https:\/\/projectes.xtec.cat\/ia\/wp-json\/wp\/v2\/types\/page"}],"author":[{"embeddable":true,"href":"https:\/\/projectes.xtec.cat\/ia\/wp-json\/wp\/v2\/users\/1"}],"replies":[{"embeddable":true,"href":"https:\/\/projectes.xtec.cat\/ia\/wp-json\/wp\/v2\/comments?post=11267"}],"version-history":[{"count":6,"href":"https:\/\/projectes.xtec.cat\/ia\/wp-json\/wp\/v2\/pages\/11267\/revisions"}],"predecessor-version":[{"id":13144,"href":"https:\/\/projectes.xtec.cat\/ia\/wp-json\/wp\/v2\/pages\/11267\/revisions\/13144"}],"up":[{"embeddable":true,"href":"https:\/\/projectes.xtec.cat\/ia\/wp-json\/wp\/v2\/pages\/10452"}],"wp:attachment":[{"href":"https:\/\/projectes.xtec.cat\/ia\/wp-json\/wp\/v2\/media?parent=11267"}],"curies":[{"name":"wp","href":"https:\/\/api.w.org\/{rel}","templated":true}]}}