{"id":11290,"date":"2025-07-07T08:27:23","date_gmt":"2025-07-07T06:27:23","guid":{"rendered":"https:\/\/projectes.xtec.cat\/ia\/?page_id=11290"},"modified":"2026-02-08T09:22:58","modified_gmt":"2026-02-08T08:22:58","slug":"d2-etapa-basica","status":"publish","type":"page","link":"https:\/\/projectes.xtec.cat\/ia\/competencia-digital-docent-intelligencia-artificial\/dimensio2-visio-humanista-de-la-ia\/d2-etapa-basica\/","title":{"rendered":"D2. Etapa b\u00e0sica"},"content":{"rendered":"\n<div class=\"wp-block-columns alignwide are-vertically-aligned-center is-layout-flex wp-container-core-columns-is-layout-1 wp-block-columns-is-layout-flex\">\n<div class=\"wp-block-column is-vertically-aligned-center is-layout-flow wp-block-column-is-layout-flow\" style=\"flex-basis:40%\">\n<p>En aquesta etapa el docent pren consci\u00e8ncia dels <strong>riscos \u00e8tics <\/strong>associats a l\u2019\u00fas de la IA i adquireix una <strong>mirada cr\u00edtica<\/strong> en relaci\u00f3 amb aquesta tecnologia. Reconeix que la IA no \u00e9s neutral, sin\u00f3 que reflecteix interessos i biaixos dels qui la dissenyen, i compr\u00e8n la import\u00e0ncia de preservar l\u2019ag\u00e8ncia humana. Mant\u00e9 una actitud cr\u00edtica envers els resultats generats per la IA i coneix conceptes com la transpar\u00e8ncia, explicabilitat i retiment de comptes. Aplica principis \u00e8tics b\u00e0sics, vetlla per la propietat intel\u00b7lectual i identifica quan un contingut ha estat generat amb IA.&nbsp;<br><\/p>\n<\/div>\n\n\n\n<div class=\"wp-block-column is-vertically-aligned-center is-layout-flow wp-block-column-is-layout-flow\">\n<figure class=\"wp-block-image size-full\"><a href=\"https:\/\/projectes.xtec.cat\/ia\/wp-content\/uploads\/usu2387\/2026\/01\/d2-basica.png\"><img loading=\"lazy\" decoding=\"async\" width=\"1900\" height=\"1046\" src=\"https:\/\/projectes.xtec.cat\/ia\/wp-content\/uploads\/usu2387\/2026\/01\/d2-basica.png\" alt=\"\" class=\"wp-image-12682\" srcset=\"https:\/\/projectes.xtec.cat\/ia\/wp-content\/uploads\/usu2387\/2026\/01\/d2-basica.png 1900w, https:\/\/projectes.xtec.cat\/ia\/wp-content\/uploads\/usu2387\/2026\/01\/d2-basica-300x165.png 300w, https:\/\/projectes.xtec.cat\/ia\/wp-content\/uploads\/usu2387\/2026\/01\/d2-basica-1024x564.png 1024w, https:\/\/projectes.xtec.cat\/ia\/wp-content\/uploads\/usu2387\/2026\/01\/d2-basica-768x423.png 768w, https:\/\/projectes.xtec.cat\/ia\/wp-content\/uploads\/usu2387\/2026\/01\/d2-basica-1536x846.png 1536w\" sizes=\"auto, (max-width: 1900px) 100vw, 1900px\" \/><\/a><\/figure>\n<\/div>\n<\/div>\n\n\n\n<h2 class=\"wp-block-heading\" style=\"font-size:25px\">Blocs d&#8217;indicadors<\/h2>\n\n\n\n<div class=\"wp-block-columns alignwide is-layout-flex wp-container-core-columns-is-layout-2 wp-block-columns-is-layout-flex\">\n<div class=\"wp-block-column is-layout-flow wp-block-column-is-layout-flow\">\n<h2 class=\"wp-block-heading has-medium-font-size\"><strong>2.A.1. <a href=\"https:\/\/projectes.xtec.cat\/ia\/competencia-digital-docent-intelligencia-artificial\/dimensio2-visio-humanista-de-la-ia\/d2-etapa-basica\/2-a-1-comprensio-de-lagencia-humana\/\">Comprensi\u00f3 de l&#8217;ag\u00e8ncia humana<\/a><\/strong><\/h2>\n\n\n\n<p class=\"has-ast-global-color-3-color has-ast-global-color-4-background-color has-text-color has-background has-link-color wp-elements-0c0edce8baa5726c3c1674926f70d31d\">Reconeix que la preservaci\u00f3 de l\u2019ag\u00e8ncia humana \u00e9s clau en l\u2019\u00fas de la IA i els riscos de delegar-li, en exc\u00e9s, la responsabilitat de les interaccions i els resultats.<\/p>\n\n\n\n<p><strong>Indicadors<\/strong><\/p>\n\n\n\n<p><strong>2.A.1.1<\/strong> <a href=\"https:\/\/projectes.xtec.cat\/ia\/competencia-digital-docent-intelligencia-artificial\/dimensio2-visio-humanista-de-la-ia\/d2-etapa-basica\/2-a-1-comprensio-de-lagencia-humana\/2-a-1-2-enten-els-riscos-duna-dependencia-excessiva-de-la-ia-com-ara-la-delegacio-cognitivag-i-lacompanyament-inadequat-en-lambit-emocional-o-psicologic\/\">\ud83d\udfe8<\/a> <a href=\"https:\/\/projectes.xtec.cat\/ia\/competencia-digital-docent-intelligencia-artificial\/dimensio2-visio-humanista-de-la-ia\/d2-etapa-basica\/2-a-1-comprensio-de-lagencia-humana\/2-a-1-1-es-conscient-que-la-ia-esta-dissenyada-per-persones-i-corporacions-amb-biaixos-i-interessos-comercials-que-poden-entrar-en-conflicte-amb-letica-i-els-drets-fonamentals\/\">\u00c9s conscient que la IA est\u00e0 dissenyada per persones i corporacions amb biaixos i interessos comercials que poden entrar en conflicte amb l\u2019\u00e8tica i els drets fonamentals.<\/a><br><a href=\"http:\/\/Ent\u00e9n els riscos d\u2019una depend\u00e8ncia excessiva de la IA, com ara la delegaci\u00f3 cognitivaG i l\u2019acompanyament inadequat en l\u2019\u00e0mbit emocional o psicol\u00f2gic.\"><br><\/a><strong>2.A.1.2<\/strong><a href=\"http:\/\/Ent\u00e9n els riscos d\u2019una depend\u00e8ncia excessiva de la IA, com ara la delegaci\u00f3 cognitivaG i l\u2019acompanyament inadequat en l\u2019\u00e0mbit emocional o psicol\u00f2gic.\"> <\/a><a href=\"https:\/\/projectes.xtec.cat\/ia\/competencia-digital-docent-intelligencia-artificial\/dimensio2-visio-humanista-de-la-ia\/d2-etapa-basica\/2-a-1-comprensio-de-lagencia-humana\/2-a-1-2-enten-els-riscos-duna-dependencia-excessiva-de-la-ia-com-ara-la-delegacio-cognitivag-i-lacompanyament-inadequat-en-lambit-emocional-o-psicologic\/\">\ud83d\udfe8<\/a> <a href=\"https:\/\/projectes.xtec.cat\/ia\/competencia-digital-docent-intelligencia-artificial\/dimensio2-visio-humanista-de-la-ia\/d2-etapa-basica\/2-a-1-comprensio-de-lagencia-humana\/2-a-1-2-enten-els-riscos-duna-dependencia-excessiva-de-la-ia-com-ara-la-delegacio-cognitivag-i-lacompanyament-inadequat-en-lambit-emocional-o-psicologic\/\">Ent\u00e9n els riscos d\u2019una depend\u00e8ncia excessiva de la IA, com ara la delegaci\u00f3 cognitiva<sup> <\/sup>i l\u2019acompanyament inadequat en l\u2019\u00e0mbit emocional o psicol\u00f2gic.<\/a><br><br><strong>2.A.1.3<\/strong> \ud83d\udee0\ufe0f <a href=\"https:\/\/projectes.xtec.cat\/ia\/competencia-digital-docent-intelligencia-artificial\/dimensio2-visio-humanista-de-la-ia\/d2-etapa-basica\/2-a-1-comprensio-de-lagencia-humana\/2-a-1-3-compren-que-es-la-rendicio-de-comptes-amb-responsables-humans-identificats-en-totes-les-fases-de-disseny-aplicacio-i-explotacio-de-la-ia\/\">Compr\u00e8n qu\u00e8 \u00e9s la rendici\u00f3 de comptes, amb responsables humans identificats en totes les fases de disseny, aplicaci\u00f3 i explotaci\u00f3 de la IA.<\/a><\/p>\n\n\n\n<p>&nbsp;<\/p>\n<\/div>\n\n\n\n<div class=\"wp-block-column is-layout-flow wp-block-column-is-layout-flow\">\n<h2 class=\"wp-block-heading has-medium-font-size\"><strong>2.A.2. <a href=\"https:\/\/projectes.xtec.cat\/ia\/competencia-digital-docent-intelligencia-artificial\/dimensio2-visio-humanista-de-la-ia\/d2-etapa-basica\/2-a-2-comprensio-critica-de-la-ia\/\">Comprensi\u00f3 cr\u00edtica de la IA<\/a><\/strong><\/h2>\n\n\n\n<p class=\"has-ast-global-color-3-color has-ast-global-color-4-background-color has-text-color has-background has-link-color wp-elements-b054ecae805486ca0c482bddec64690a\">Fa un \u00fas reflexiu de la IA i contrasta la informaci\u00f3 generada.<\/p>\n\n\n\n<p><strong>Indicadors<\/strong><\/p>\n\n\n\n<p><strong>2.A.2.1<\/strong> \ud83d\udee0\ufe0f <a href=\"https:\/\/projectes.xtec.cat\/ia\/competencia-digital-docent-intelligencia-artificial\/dimensio2-visio-humanista-de-la-ia\/d2-etapa-basica\/2-a-2-comprensio-critica-de-la-ia\/2-a-2-1-mante-una-actitud-critica-davant-els-resultats-generats-per-la-ia-i-en-reconeix-les-limitacions-i-els-possibles-errors-o-biaixos\/\">Mant\u00e9 una actitud cr\u00edtica davant els resultats generats per la IA i en reconeix les limitacions i els possibles errors o biaixos<br><\/a><br><strong>2.A.2.2<\/strong> \ud83d\udee0\ufe0f <a href=\"https:\/\/projectes.xtec.cat\/ia\/competencia-digital-docent-intelligencia-artificial\/dimensio2-visio-humanista-de-la-ia\/d2-etapa-basica\/2-a-2-comprensio-critica-de-la-ia\/2-a-2-2-es-conscient-del-risc-de-lantropomorfitzacio-g-de-la-ia-i-evita-atribuir-li-intencions-o-qualitats-humanes\/\">\u00c9s conscient del risc de l\u2019antropomorfitzaci\u00f3 de la IA i evita atribuir-li intencions o qualitats humanes.<\/a><br><br><strong>2.A.2.3<\/strong> \ud83d\udee0\ufe0f <a href=\"https:\/\/projectes.xtec.cat\/ia\/competencia-digital-docent-intelligencia-artificial\/dimensio2-visio-humanista-de-la-ia\/d2-etapa-basica\/2-a-2-comprensio-critica-de-la-ia\/2-a-2-3-coneix-conceptes-clau-com-la-transparencia-i-lexplicabilitat-de-la-ia\/\">Coneix conceptes clau com la transpar\u00e8ncia i l\u2019explicabilitat de la IA.<\/a><\/p>\n\n\n\n<p><strong>2.A.2.4 <\/strong><a href=\"https:\/\/projectes.xtec.cat\/ia\/competencia-digital-docent-intelligencia-artificial\/dimensio2-visio-humanista-de-la-ia\/d2-etapa-basica\/2-a-2-comprensio-critica-de-la-ia\/2-a-2-4-contrasta-la-informacio-proporcionada-per-la-ia-amb-altres-fonts-fiables-i-lavalua-a-partir-del-seu-criteri-professional\/\">\ud83d\udee0\ufe0f<\/a> <a href=\"https:\/\/projectes.xtec.cat\/ia\/competencia-digital-docent-intelligencia-artificial\/dimensio2-visio-humanista-de-la-ia\/d2-etapa-basica\/2-a-2-comprensio-critica-de-la-ia\/2-a-2-4-contrasta-la-informacio-proporcionada-per-la-ia-amb-altres-fonts-fiables-i-lavalua-a-partir-del-seu-criteri-professional\/\">Contrasta la informaci\u00f3 proporcionada per la IA amb altres fonts fiables i l\u2019avalua a partir del seu criteri professional.<\/a><\/p>\n<\/div>\n\n\n\n<div class=\"wp-block-column is-layout-flow wp-block-column-is-layout-flow\">\n<h2 class=\"wp-block-heading has-medium-font-size\"><strong>2.A.3. <a href=\"https:\/\/projectes.xtec.cat\/ia\/competencia-digital-docent-intelligencia-artificial\/dimensio2-visio-humanista-de-la-ia\/d2-etapa-basica\/2-a-3-us-etic-de-la-ia\/\">\u00das \u00e8tic de la IA<\/a><\/strong><\/h2>\n\n\n\n<p class=\"has-ast-global-color-3-color has-ast-global-color-4-background-color has-text-color has-background has-link-color wp-elements-84e1b85f5134aa13169d811e3110146d\">Reconeix els valors \u00e8tics implicats en l\u2019\u00fas de la IA, com els drets fonamentals, la transpar\u00e8ncia i l\u2019explicabilitat, la just\u00edcia i l\u2019equitat, la seguretat i la no malefic\u00e8ncia, la responsabilitat i la rendici\u00f3 de comptes, la privacitat, l\u2019autonomia i la sostenibilitat.<\/p>\n\n\n\n<p><strong>Indicadors<\/strong><\/p>\n\n\n\n<p><strong>2.A.3.1<\/strong> <a href=\"https:\/\/projectes.xtec.cat\/ia\/competencia-digital-docent-intelligencia-artificial\/dimensio2-visio-humanista-de-la-ia\/d2-etapa-basica\/2-a-3-us-etic-de-la-ia\/2-a-3-1-identifica-els-valors-etics-els-drets-fonamentals-els-principis-i-els-valors-democratics-la-diversitat-cultural-i-social-lequitat-la-bretxa-digital-la-proporcionalitatg-l\/\">\ud83d\udee0\ufe0f<\/a> <a href=\"https:\/\/projectes.xtec.cat\/ia\/competencia-digital-docent-intelligencia-artificial\/dimensio2-visio-humanista-de-la-ia\/d2-etapa-basica\/2-a-3-us-etic-de-la-ia\/2-a-3-1-identifica-els-valors-etics-els-drets-fonamentals-els-principis-i-els-valors-democratics-la-diversitat-cultural-i-social-lequitat-la-bretxa-digital-la-proporcionalitatg-l\/\">Identifica els valors \u00e8tics (els drets fonamentals, els principis i els valors democr\u00e0tics, la diversitat cultural i social, l\u2019equitat, la bretxa digital, la proporcionalitat, l\u2019impacte social i laboral, etc.) en l\u2019\u00fas de la IA.<\/a><\/p>\n\n\n\n<p><strong>2.A.3.2.<\/strong> <a href=\"https:\/\/projectes.xtec.cat\/ia\/competencia-digital-docent-intelligencia-artificial\/dimensio2-visio-humanista-de-la-ia\/d2-etapa-basica\/2-a-3-us-etic-de-la-ia\/2a32-es-conscient-de-l-impacte-que-te-l\/\" data-type=\"link\" data-id=\"https:\/\/projectes.xtec.cat\/ia\/competencia-digital-docent-intelligencia-artificial\/dimensio2-visio-humanista-de-la-ia\/d2-etapa-basica\/2-3-2-es-conscient-de-limpacte-que-te-lus-de-la-ia-en-el-medi-ambient-coneixent-la-seva-petjada-ecologica-i-energetica\/\">\ud83d\udee0\ufe0f<\/a> <a href=\"https:\/\/projectes.xtec.cat\/ia\/competencia-digital-docent-intelligencia-artificial\/dimensio2-visio-humanista-de-la-ia\/d2-etapa-basica\/2-a-3-us-etic-de-la-ia\/2a32-es-conscient-de-l-impacte-que-te-l\/\" data-type=\"link\" data-id=\"https:\/\/projectes.xtec.cat\/ia\/competencia-digital-docent-intelligencia-artificial\/dimensio2-visio-humanista-de-la-ia\/d2-etapa-basica\/2-3-2-es-conscient-de-limpacte-que-te-lus-de-la-ia-en-el-medi-ambient-coneixent-la-seva-petjada-ecologica-i-energetica\/\">\u00c9s conscient de l\u2019impacte que t\u00e9 l\u2019\u00fas de la IA en el medi ambient, en coneix la petjada ecol\u00f2gica i energ\u00e8tica i en limita l\u2019\u00fas a situacions en qu\u00e8 aporti un valor significatiu.<\/a><\/p>\n\n\n\n<p><strong>2.A.3.3<\/strong> <a href=\"https:\/\/projectes.xtec.cat\/ia\/competencia-digital-docent-intelligencia-artificial\/dimensio2-visio-humanista-de-la-ia\/d2-etapa-basica\/2-a-3-us-etic-de-la-ia\/2-a-3-3-coneix-que-es-la-justicia-algoritmica-g-i-aplica-estrategies-de-correccio-o-cerca-alternatives-mes-etiques-quan-els-resultats-de-la-ia-vulneren-drets-fonamentals-la-diversitat-cultural-i-soci\/\">\ud83d\udee0\ufe0f<\/a> <a href=\"https:\/\/projectes.xtec.cat\/ia\/competencia-digital-docent-intelligencia-artificial\/dimensio2-visio-humanista-de-la-ia\/d2-etapa-basica\/2-a-3-us-etic-de-la-ia\/2-a-3-3-coneix-que-es-la-justicia-algoritmica-g-i-aplica-estrategies-de-correccio-o-cerca-alternatives-mes-etiques-quan-els-resultats-de-la-ia-vulneren-drets-fonamentals-la-diversitat-cultural-i-soci\/\">Coneix qu\u00e8 \u00e9s la just\u00edcia algor\u00edtmica i aplica estrat\u00e8gies de correcci\u00f3 o cerca alternatives m\u00e9s \u00e8tiques quan els resultats de la IA vulneren drets fonamentals, la diversitat cultural i social o generen discriminacions segons criteris d\u2019equitat i inclusi\u00f3.<\/a><\/p>\n\n\n\n<p><strong>2.A.3.4<\/strong> <a href=\"https:\/\/projectes.xtec.cat\/ia\/competencia-digital-docent-intelligencia-artificial\/dimensio2-visio-humanista-de-la-ia\/d2-etapa-basica\/2-a-3-us-etic-de-la-ia\/2-a-3-4-vetlla-pel-respecte-a-la-propietat-intellectual-i-als-drets-dautoria-en-els-materials-facilitats-a-eines-dia-com-ara-textos-imatges-o-treballs-de-lalumnat\/\">\ud83d\udee0\ufe0f<\/a> <a href=\"https:\/\/projectes.xtec.cat\/ia\/competencia-digital-docent-intelligencia-artificial\/dimensio2-visio-humanista-de-la-ia\/d2-etapa-basica\/2-a-3-us-etic-de-la-ia\/2-a-3-4-vetlla-pel-respecte-a-la-propietat-intellectual-i-als-drets-dautoria-en-els-materials-facilitats-a-eines-dia-com-ara-textos-imatges-o-treballs-de-lalumnat\/\">Vetlla pel respecte a la propietat intel\u00b7lectual i als drets d\u2019autoria en els materials facilitats a eines d\u2019IA, com ara textos, imatges o treballs de l\u2019alumnat.<\/a><\/p>\n\n\n\n<p><strong>2.A.3.5<\/strong> <a href=\"https:\/\/projectes.xtec.cat\/ia\/competencia-digital-docent-intelligencia-artificial\/dimensio2-visio-humanista-de-la-ia\/d2-etapa-basica\/2-a-1-comprensio-de-lagencia-humana\/2-a-1-2-enten-els-riscos-duna-dependencia-excessiva-de-la-ia-com-ara-la-delegacio-cognitivag-i-lacompanyament-inadequat-en-lambit-emocional-o-psicologic\/\">\ud83d\udfe8<\/a> <a href=\"https:\/\/projectes.xtec.cat\/ia\/competencia-digital-docent-intelligencia-artificial\/dimensio2-visio-humanista-de-la-ia\/d2-etapa-basica\/2-a-3-us-etic-de-la-ia\/2-a-3-5-informa-de-manera-transparent-quan-el-contingut-ha-estat-generat-totalment-o-parcialment-amb-eines-dia\/\">Informa de manera transparent quan el contingut ha estat generat totalment o parcialment amb eines d\u2019IA.<\/a><\/p>\n<\/div>\n<\/div>\n\n\n\n<div style=\"height:69px\" aria-hidden=\"true\" class=\"wp-block-spacer\"><\/div>\n","protected":false},"excerpt":{"rendered":"<p>En aquesta etapa el docent pren consci\u00e8ncia dels riscos \u00e8tics associats a l\u2019\u00fas de la IA i adquireix una mirada cr\u00edtica en relaci\u00f3 amb aquesta tecnologia. Reconeix que la IA no \u00e9s neutral, sin\u00f3 que reflecteix interessos i biaixos dels qui la dissenyen, i compr\u00e8n la import\u00e0ncia de preservar l\u2019ag\u00e8ncia humana. Mant\u00e9 una actitud cr\u00edtica envers els resultats generats per la IA i coneix conceptes com la transpar\u00e8ncia, explicabilitat i [&hellip;]<\/p>\n","protected":false},"author":2,"featured_media":0,"parent":10438,"menu_order":0,"comment_status":"closed","ping_status":"close","template":"","meta":{"site-sidebar-layout":"left-sidebar","site-content-layout":"","ast-site-content-layout":"default","site-content-style":"default","site-sidebar-style":"default","ast-global-header-display":"","ast-banner-title-visibility":"","ast-main-header-display":"","ast-hfb-above-header-display":"","ast-hfb-below-header-display":"","ast-hfb-mobile-header-display":"","site-post-title":"","ast-breadcrumbs-content":"","ast-featured-img":"","footer-sml-layout":"","theme-transparent-header-meta":"","adv-header-id-meta":"","stick-header-meta":"","header-above-stick-meta":"","header-main-stick-meta":"","header-below-stick-meta":"","astra-migrate-meta-layouts":"set","ast-page-background-enabled":"default","ast-page-background-meta":{"desktop":{"background-color":"var(--ast-global-color-4)","background-image":"","background-repeat":"repeat","background-position":"center center","background-size":"auto","background-attachment":"scroll","background-type":"","background-media":"","overlay-type":"","overlay-color":"","overlay-opacity":"","overlay-gradient":""},"tablet":{"background-color":"","background-image":"","background-repeat":"repeat","background-position":"center center","background-size":"auto","background-attachment":"scroll","background-type":"","background-media":"","overlay-type":"","overlay-color":"","overlay-opacity":"","overlay-gradient":""},"mobile":{"background-color":"","background-image":"","background-repeat":"repeat","background-position":"center center","background-size":"auto","background-attachment":"scroll","background-type":"","background-media":"","overlay-type":"","overlay-color":"","overlay-opacity":"","overlay-gradient":""}},"ast-content-background-meta":{"desktop":{"background-color":"var(--ast-global-color-5)","background-image":"","background-repeat":"repeat","background-position":"center center","background-size":"auto","background-attachment":"scroll","background-type":"","background-media":"","overlay-type":"","overlay-color":"","overlay-opacity":"","overlay-gradient":""},"tablet":{"background-color":"var(--ast-global-color-5)","background-image":"","background-repeat":"repeat","background-position":"center center","background-size":"auto","background-attachment":"scroll","background-type":"","background-media":"","overlay-type":"","overlay-color":"","overlay-opacity":"","overlay-gradient":""},"mobile":{"background-color":"var(--ast-global-color-5)","background-image":"","background-repeat":"repeat","background-position":"center center","background-size":"auto","background-attachment":"scroll","background-type":"","background-media":"","overlay-type":"","overlay-color":"","overlay-opacity":"","overlay-gradient":""}},"footnotes":""},"class_list":["post-11290","page","type-page","status-publish","hentry"],"post_mailing_queue_ids":[],"_links":{"self":[{"href":"https:\/\/projectes.xtec.cat\/ia\/wp-json\/wp\/v2\/pages\/11290","targetHints":{"allow":["GET"]}}],"collection":[{"href":"https:\/\/projectes.xtec.cat\/ia\/wp-json\/wp\/v2\/pages"}],"about":[{"href":"https:\/\/projectes.xtec.cat\/ia\/wp-json\/wp\/v2\/types\/page"}],"author":[{"embeddable":true,"href":"https:\/\/projectes.xtec.cat\/ia\/wp-json\/wp\/v2\/users\/2"}],"replies":[{"embeddable":true,"href":"https:\/\/projectes.xtec.cat\/ia\/wp-json\/wp\/v2\/comments?post=11290"}],"version-history":[{"count":6,"href":"https:\/\/projectes.xtec.cat\/ia\/wp-json\/wp\/v2\/pages\/11290\/revisions"}],"predecessor-version":[{"id":12876,"href":"https:\/\/projectes.xtec.cat\/ia\/wp-json\/wp\/v2\/pages\/11290\/revisions\/12876"}],"up":[{"embeddable":true,"href":"https:\/\/projectes.xtec.cat\/ia\/wp-json\/wp\/v2\/pages\/10438"}],"wp:attachment":[{"href":"https:\/\/projectes.xtec.cat\/ia\/wp-json\/wp\/v2\/media?parent=11290"}],"curies":[{"name":"wp","href":"https:\/\/api.w.org\/{rel}","templated":true}]}}