{"id":11292,"date":"2025-07-07T08:27:46","date_gmt":"2025-07-07T06:27:46","guid":{"rendered":"https:\/\/projectes.xtec.cat\/ia\/?page_id=11292"},"modified":"2026-04-07T14:04:59","modified_gmt":"2026-04-07T12:04:59","slug":"d2-etapa-intermedia","status":"publish","type":"page","link":"https:\/\/projectes.xtec.cat\/ia\/competencia-digital-docent-intelligencia-artificial\/dimensio2-visio-humanista-de-la-ia\/d2-etapa-intermedia\/","title":{"rendered":"D2. Etapa interm\u00e8dia"},"content":{"rendered":"\n<div class=\"wp-block-columns alignwide are-vertically-aligned-center is-layout-flex wp-container-core-columns-is-layout-1 wp-block-columns-is-layout-flex\">\n<div class=\"wp-block-column is-vertically-aligned-center is-layout-flow wp-block-column-is-layout-flow\" style=\"flex-basis:40%\">\n<p><br>El docent integra l\u2019\u00e8tica en la seva pr\u00e0ctica docent i promou una actitud cr\u00edtica i responsable en l\u2019\u00fas de la IA. Garanteix que la tecnologia no substitueixi la relaci\u00f3 humana, i supervisa personalment processos com l\u2019avaluaci\u00f3 i la planificaci\u00f3. Fomenta en l\u2019alumnat una mirada cr\u00edtica envers la IA i en valora l\u2019impacte social i les implicacions \u00e8tiques. A m\u00e9s, treballa activament perqu\u00e8 es respectin la propietat intel\u00b7lectual i la integritat acad\u00e8mica, i acompanya l\u2019alumnat a identificar i referenciar l\u2019\u00fas de la IA<strong>.&nbsp;<\/strong><br><\/p>\n<\/div>\n\n\n\n<div class=\"wp-block-column is-vertically-aligned-center is-layout-flow wp-block-column-is-layout-flow\">\n<figure class=\"wp-block-image size-large\"><a href=\"https:\/\/projectes.xtec.cat\/ia\/wp-content\/uploads\/usu2387\/2026\/01\/d2-intermedia.png\"><img loading=\"lazy\" decoding=\"async\" width=\"1024\" height=\"561\" src=\"https:\/\/projectes.xtec.cat\/ia\/wp-content\/uploads\/usu2387\/2026\/01\/d2-intermedia-1024x561.png\" alt=\"\" class=\"wp-image-12687\" srcset=\"https:\/\/projectes.xtec.cat\/ia\/wp-content\/uploads\/usu2387\/2026\/01\/d2-intermedia-1024x561.png 1024w, https:\/\/projectes.xtec.cat\/ia\/wp-content\/uploads\/usu2387\/2026\/01\/d2-intermedia-300x164.png 300w, https:\/\/projectes.xtec.cat\/ia\/wp-content\/uploads\/usu2387\/2026\/01\/d2-intermedia-768x421.png 768w, https:\/\/projectes.xtec.cat\/ia\/wp-content\/uploads\/usu2387\/2026\/01\/d2-intermedia-1536x841.png 1536w, https:\/\/projectes.xtec.cat\/ia\/wp-content\/uploads\/usu2387\/2026\/01\/d2-intermedia.png 1778w\" sizes=\"auto, (max-width: 1024px) 100vw, 1024px\" \/><\/a><\/figure>\n<\/div>\n<\/div>\n\n\n\n<h2 class=\"wp-block-heading\" style=\"font-size:25px\">Blocs d&#8217;indicadors<\/h2>\n\n\n\n<div class=\"wp-block-columns alignwide is-layout-flex wp-container-core-columns-is-layout-2 wp-block-columns-is-layout-flex\">\n<div class=\"wp-block-column is-layout-flow wp-block-column-is-layout-flow\">\n<h2 class=\"wp-block-heading has-medium-font-size\"><strong>2.B.1. <a href=\"https:\/\/projectes.xtec.cat\/ia\/competencia-digital-docent-intelligencia-artificial\/dimensio2-visio-humanista-de-la-ia\/d2-etapa-intermedia\/2-b-1-adopcio-de-lagencia-humana\/\">Adopci\u00f3 de l\u2019ag\u00e8ncia humana<\/a><\/strong><\/h2>\n\n\n\n<p class=\"has-ast-global-color-3-color has-ast-global-color-4-background-color has-text-color has-background has-link-color wp-elements-2e1b6437e2a4a321b0337ccf7de012b4\">Garanteix que la IA no substitueix la relaci\u00f3 humana en l\u2019educaci\u00f3, assegura la supervisi\u00f3 docent en decisions clau i promou un \u00fas equilibrat de la tecnologia per preservar l\u2019autonomia i la presa de decisions de l\u2019alumnat<\/p>\n\n\n\n<p><strong>Indicadors<\/strong><\/p>\n\n\n\n<p><strong>2.B.1.1<\/strong> \ud83d\udee0\ufe0f <a href=\"https:\/\/projectes.xtec.cat\/ia\/competencia-digital-docent-intelligencia-artificial\/dimensio2-visio-humanista-de-la-ia\/d2-etapa-intermedia\/2-b-1-adopcio-de-lagencia-humana\/2-b-1-1-vetlla-perque-lus-de-la-ia-no-vagi-en-detriment-de-la-relacio-personal-ni-lacompanyament-huma-en-els-processos-densenyament-i-aprenentatge\/\">Vetlla perqu\u00e8 l\u2019\u00fas de la IA no vagi en detriment de la relaci\u00f3 personal ni l\u2019acompanyament hum\u00e0 en els processos d\u2019ensenyament i aprenentatge.<\/a><br><br><strong>2.B.1.2<\/strong> \ud83d\udee0\ufe0f <a href=\"https:\/\/projectes.xtec.cat\/ia\/competencia-digital-docent-intelligencia-artificial\/dimensio2-visio-humanista-de-la-ia\/d2-etapa-intermedia\/2-b-1-adopcio-de-lagencia-humana\/2-b-1-2-garanteix-la-supervisio-i-la-presa-de-decisions-humanes-en-aspectes-clau-de-la-practica-educativa-com-el-disseny-dactivitats-lavaluacio-etc-i-en-les-tasques-de-caracter\/\">Garanteix la supervisi\u00f3 i la presa de decisions humanes en aspectes clau de la pr\u00e0ctica educativa (com el disseny d\u2019activitats, l\u2019avaluaci\u00f3, etc.) i en les tasques de car\u00e0cter administratiu.<\/a><br><br><strong>2.B.1.3<\/strong> \ud83d\udee0\ufe0f <a href=\"https:\/\/projectes.xtec.cat\/ia\/competencia-digital-docent-intelligencia-artificial\/dimensio2-visio-humanista-de-la-ia\/d2-etapa-intermedia\/2-b-1-adopcio-de-lagencia-humana\/2-b-1-3-promou-un-us-equilibrat-de-la-ia-per-prevenir-la-delegacio-cognitiva-que-deteriori-el-pensament-autonom-o-substitueixi-funcions-dacompanyament-emocional-i-psicologic\/\">Promou un \u00fas equilibrat de la IA per prevenir la delegaci\u00f3 cognitiva que deteriori el pensament aut\u00f2nom o substitueixi funcions d\u2019acompanyament emocional i psicol\u00f2gic.\u00a0<\/a><\/p>\n\n\n\n<p>&nbsp;<\/p>\n<\/div>\n\n\n\n<div class=\"wp-block-column is-layout-flow wp-block-column-is-layout-flow\">\n<h2 class=\"wp-block-heading has-medium-font-size\"><strong>2.B.2.<a href=\"http:\/\/Adopci\u00f3 de l\u2019\u00fas cr\u00edtic de la IA\"> <\/a><a href=\"https:\/\/projectes.xtec.cat\/ia\/competencia-digital-docent-intelligencia-artificial\/dimensio2-visio-humanista-de-la-ia\/d2-etapa-intermedia\/2-b-2-adopcio-de-lus-critic-de-la-ia\/2-b-2-3-comparteix-estrategies-amb-lalumnat-per-avaluar-la-fiabilitat-de-la-informacio-generada-per-la-ia-mostrar-cadena-de-raonament-g-valorar-adequadament-les-fonts-i-identificar-i-mitig\/\">Adopci\u00f3 de l\u2019\u00fas cr\u00edtic de la IA<\/a><\/strong><\/h2>\n\n\n\n<p class=\"has-ast-global-color-3-color has-ast-global-color-4-background-color has-text-color has-background has-link-color wp-elements-131d1564e917aa1d83779ab52e491334\">Fomenta una mirada cr\u00edtica de l\u2019alumnat envers la IA, en promou la reflexi\u00f3 sobre l\u2019impacte i en comparteix estrat\u00e8gies per avaluar la fiabilitat i la just\u00edcia algor\u00edtmica de la informaci\u00f3 generada.<\/p>\n\n\n\n<p><strong>Indicadors<\/strong><\/p>\n\n\n\n<p><strong>2.B.2.1<\/strong> \ud83d\udee0\ufe0f <a href=\"https:\/\/projectes.xtec.cat\/ia\/competencia-digital-docent-intelligencia-artificial\/dimensio2-visio-humanista-de-la-ia\/d2-etapa-intermedia\/2-b-2-adopcio-de-lus-critic-de-la-ia\/2-b-2-1-promou-en-lalumnat-una-mirada-critica-sobre-la-ia-i-reflexiona-sobre-el-seu-impacte-en-laprenentatge-el-benestar-emocional-la-vida-quotidiana-la-societat-i-el-mon-laboral\/\">Promou en l\u2019alumnat una mirada cr\u00edtica sobre la IA i reflexiona sobre el seu impacte en l\u2019aprenentatge, el benestar emocional, la vida quotidiana, la societat i el m\u00f3n laboral.<\/a><br><br><strong>2.B.2.2<\/strong> \ud83d\udee0\ufe0f <a href=\"https:\/\/projectes.xtec.cat\/ia\/competencia-digital-docent-intelligencia-artificial\/dimensio2-visio-humanista-de-la-ia\/d2-etapa-intermedia\/2-b-2-adopcio-de-lus-critic-de-la-ia\/2-b-2-2-examina-el-grau-de-transparencia-i-explicabilitat-de-les-eines-dia-emprades-i-considera-alternatives-si-hi-detecta-mancances\/\">Examina el grau de transpar\u00e8ncia i explicabilitat de les eines d\u2019IA emprades, i considera alternatives si hi detecta mancances.<\/a><br><br><strong>2.B.2.3<\/strong> \ud83d\udee0\ufe0f <a href=\"https:\/\/projectes.xtec.cat\/ia\/competencia-digital-docent-intelligencia-artificial\/dimensio2-visio-humanista-de-la-ia\/d2-etapa-intermedia\/2-b-2-adopcio-de-lus-critic-de-la-ia\/2-b-2-3-comparteix-estrategies-amb-lalumnat-per-avaluar-la-fiabilitat-de-la-informacio-generada-per-la-ia-mostrar-cadena-de-raonament-g-valorar-adequadament-les-fonts-i-identificar-i-mitig\/\">Comparteix estrat\u00e8gies amb l\u2019alumnat per avaluar la fiabilitat de la informaci\u00f3 generada per la IA (mostrar cadena de raonament, valorar adequadament les fonts) i identificar i mitigar biaixos.<\/a><\/p>\n<\/div>\n\n\n\n<div class=\"wp-block-column is-layout-flow wp-block-column-is-layout-flow\">\n<h2 class=\"wp-block-heading has-medium-font-size\"><strong>2.B.3. <a href=\"https:\/\/projectes.xtec.cat\/ia\/competencia-digital-docent-intelligencia-artificial\/dimensio2-visio-humanista-de-la-ia\/d2-etapa-intermedia\/2-b-3-adopcio-de-lus-etic-de-la-ia\/\">Adopci\u00f3 de l\u2019\u00fas \u00e8tic de la IA<\/a><\/strong><\/h2>\n\n\n\n<p class=\"has-ast-global-color-3-color has-ast-global-color-4-background-color has-text-color has-background has-link-color wp-elements-354e77081a4582b2766089e78f4c1503\">Promou valors \u00e8tics i actituds responsables en l\u2019\u00fas de la IA, i impulsa el respecte a la propietat intel\u00b7lectual, la integritat acad\u00e8mica, la valoraci\u00f3 cr\u00edtica dels resultats i la sostenibilitat.<\/p>\n\n\n\n<p><strong>Indicadors<\/strong><\/p>\n\n\n\n<p><strong>2.B.3.1<\/strong><a href=\"http:\/\/Promou els valors \u00e8tics i acompanya l\u2019alumnat en el desenvolupament d\u2019actituds responsables en l\u2019\u00fas de la IA.\"> <\/a><a href=\"https:\/\/projectes.xtec.cat\/ia\/competencia-digital-docent-intelligencia-artificial\/dimensio2-visio-humanista-de-la-ia\/d2-etapa-intermedia\/2-b-3-adopcio-de-lus-etic-de-la-ia\/2-b-3-1-promou-els-valors-etics-i-acompanya-lalumnat-en-el-desenvolupament-dactituds-responsables-en-lus-de-la-ia\/\">\ud83d\udee0\ufe0f<\/a> <a href=\"https:\/\/projectes.xtec.cat\/ia\/competencia-digital-docent-intelligencia-artificial\/dimensio2-visio-humanista-de-la-ia\/d2-etapa-intermedia\/2-b-3-adopcio-de-lus-etic-de-la-ia\/2-b-3-1-promou-els-valors-etics-i-acompanya-lalumnat-en-el-desenvolupament-dactituds-responsables-en-lus-de-la-ia\/\">Promou els valors \u00e8tics i acompanya l\u2019alumnat en el desenvolupament d\u2019actituds responsables en l\u2019\u00fas de la IA.<\/a><\/p>\n\n\n\n<p><strong>2.B.3.2.<\/strong><a href=\"https:\/\/projectes.xtec.cat\/ia\/competencia-digital-docent-intelligencia-artificial\/dimensio2-visio-humanista-de-la-ia\/d2-etapa-intermedia\/2-b-3-adopcio-de-lus-etic-de-la-ia\/2-b-3-2-consciencia-lalumnat-de-limpacte-que-te-lus-de-la-ia-en-el-medi-ambient-a-partir-de-la-seva-petjada-ecologica-i-energetica\/\"> \ud83d\udee0\ufe0f<\/a> <a href=\"https:\/\/projectes.xtec.cat\/ia\/competencia-digital-docent-intelligencia-artificial\/dimensio2-visio-humanista-de-la-ia\/d2-etapa-intermedia\/2-b-3-adopcio-de-lus-etic-de-la-ia\/2-b-3-2-consciencia-lalumnat-de-limpacte-que-te-lus-de-la-ia-en-el-medi-ambient-a-partir-de-la-seva-petjada-ecologica-i-energetica\/\">Consciencia l\u2019alumnat de l\u2019impacte que t\u00e9 l\u2019\u00fas de la IA en el medi ambient a partir de la seva petjada ecol\u00f2gica i energ\u00e8tica<\/a><\/p>\n\n\n\n<p><strong>2.B.3.3<\/strong> \ud83d\udee0\ufe0f <a href=\"https:\/\/projectes.xtec.cat\/ia\/competencia-digital-docent-intelligencia-artificial\/dimensio2-visio-humanista-de-la-ia\/d2-etapa-intermedia\/2-b-3-adopcio-de-lus-etic-de-la-ia\/2-b-3-3-promou-que-lalumnat-valori-les-respostes-generades-amb-ia-des-duna-perspectiva-etica-i-critica\/\">Promou que l\u2019alumnat valori les respostes generades amb IA des d\u2019una perspectiva \u00e8tica i cr\u00edtica.<\/a><\/p>\n\n\n\n<p><strong>2.B.3.4<\/strong> \ud83d\udee0\ufe0f <a href=\"https:\/\/projectes.xtec.cat\/ia\/competencia-digital-docent-intelligencia-artificial\/dimensio2-visio-humanista-de-la-ia\/d2-etapa-intermedia\/2-b-3-adopcio-de-lus-etic-de-la-ia\/2-b-3-4-promou-en-lalumnat-el-respecte-a-la-propietat-intellectual-en-produccions-propies-i-daltri-textos-imatges-treballs-dalumnes-facilitats-a-la-ia\/\">Promou en l\u2019alumnat el respecte a la propietat intel\u00b7lectual en produccions pr\u00f2pies i d\u2019altri (textos, imatges, treballs d\u2019alumnes) facilitats a la IA.<\/a><\/p>\n\n\n\n<p><strong>2.B.3.5<\/strong> \ud83d\udee0\ufe0f <a href=\"https:\/\/projectes.xtec.cat\/ia\/competencia-digital-docent-intelligencia-artificial\/dimensio2-visio-humanista-de-la-ia\/d2-etapa-intermedia\/2-b-3-adopcio-de-lus-etic-de-la-ia\/2-b-3-5-promou-la-integritat-academica-en-lus-de-la-ia-per-part-de-lalumnat-fent-valdre-la-cultura-de-lesforc\/\">Promou la integritat acad\u00e8mica en l\u2019\u00fas de la IA per part de l\u2019alumnat fent valdre la cultura de l\u2019esfor\u00e7.<\/a><\/p>\n\n\n\n<p><strong>2.B.3.6<\/strong> \ud83d\udee0\ufe0f <a href=\"https:\/\/projectes.xtec.cat\/ia\/competencia-digital-docent-intelligencia-artificial\/dimensio2-visio-humanista-de-la-ia\/d2-etapa-intermedia\/2-b-3-adopcio-de-lus-etic-de-la-ia\/2-b-3-6-exigeix-que-lalumnat-identifiqui-i-referencii-lus-de-la-ia-en-els-materials-que-crea-amb-aquesta-tecnologia\/\">Exigeix que l\u2019alumnat identifiqui i referenci\u00ef l\u2019\u00fas de la IA en els materials que crea amb aquesta tecnologia.<\/a><\/p>\n<\/div>\n<\/div>\n\n\n\n<div style=\"height:69px\" aria-hidden=\"true\" class=\"wp-block-spacer\"><\/div>\n","protected":false},"excerpt":{"rendered":"<p>El docent integra l\u2019\u00e8tica en la seva pr\u00e0ctica docent i promou una actitud cr\u00edtica i responsable en l\u2019\u00fas de la IA. Garanteix que la tecnologia no substitueixi la relaci\u00f3 humana, i supervisa personalment processos com l\u2019avaluaci\u00f3 i la planificaci\u00f3. Fomenta en l\u2019alumnat una mirada cr\u00edtica envers la IA i en valora l\u2019impacte social i les implicacions \u00e8tiques. A m\u00e9s, treballa activament perqu\u00e8 es respectin la propietat intel\u00b7lectual i la integritat [&hellip;]<\/p>\n","protected":false},"author":2,"featured_media":0,"parent":10438,"menu_order":0,"comment_status":"closed","ping_status":"close","template":"","meta":{"site-sidebar-layout":"left-sidebar","site-content-layout":"","ast-site-content-layout":"default","site-content-style":"default","site-sidebar-style":"default","ast-global-header-display":"","ast-banner-title-visibility":"","ast-main-header-display":"","ast-hfb-above-header-display":"","ast-hfb-below-header-display":"","ast-hfb-mobile-header-display":"","site-post-title":"","ast-breadcrumbs-content":"","ast-featured-img":"","footer-sml-layout":"","theme-transparent-header-meta":"","adv-header-id-meta":"","stick-header-meta":"","header-above-stick-meta":"","header-main-stick-meta":"","header-below-stick-meta":"","astra-migrate-meta-layouts":"set","ast-page-background-enabled":"default","ast-page-background-meta":{"desktop":{"background-color":"var(--ast-global-color-4)","background-image":"","background-repeat":"repeat","background-position":"center center","background-size":"auto","background-attachment":"scroll","background-type":"","background-media":"","overlay-type":"","overlay-color":"","overlay-opacity":"","overlay-gradient":""},"tablet":{"background-color":"","background-image":"","background-repeat":"repeat","background-position":"center center","background-size":"auto","background-attachment":"scroll","background-type":"","background-media":"","overlay-type":"","overlay-color":"","overlay-opacity":"","overlay-gradient":""},"mobile":{"background-color":"","background-image":"","background-repeat":"repeat","background-position":"center center","background-size":"auto","background-attachment":"scroll","background-type":"","background-media":"","overlay-type":"","overlay-color":"","overlay-opacity":"","overlay-gradient":""}},"ast-content-background-meta":{"desktop":{"background-color":"var(--ast-global-color-5)","background-image":"","background-repeat":"repeat","background-position":"center center","background-size":"auto","background-attachment":"scroll","background-type":"","background-media":"","overlay-type":"","overlay-color":"","overlay-opacity":"","overlay-gradient":""},"tablet":{"background-color":"var(--ast-global-color-5)","background-image":"","background-repeat":"repeat","background-position":"center center","background-size":"auto","background-attachment":"scroll","background-type":"","background-media":"","overlay-type":"","overlay-color":"","overlay-opacity":"","overlay-gradient":""},"mobile":{"background-color":"var(--ast-global-color-5)","background-image":"","background-repeat":"repeat","background-position":"center center","background-size":"auto","background-attachment":"scroll","background-type":"","background-media":"","overlay-type":"","overlay-color":"","overlay-opacity":"","overlay-gradient":""}},"footnotes":""},"class_list":["post-11292","page","type-page","status-publish","hentry"],"post_mailing_queue_ids":[],"_links":{"self":[{"href":"https:\/\/projectes.xtec.cat\/ia\/wp-json\/wp\/v2\/pages\/11292","targetHints":{"allow":["GET"]}}],"collection":[{"href":"https:\/\/projectes.xtec.cat\/ia\/wp-json\/wp\/v2\/pages"}],"about":[{"href":"https:\/\/projectes.xtec.cat\/ia\/wp-json\/wp\/v2\/types\/page"}],"author":[{"embeddable":true,"href":"https:\/\/projectes.xtec.cat\/ia\/wp-json\/wp\/v2\/users\/2"}],"replies":[{"embeddable":true,"href":"https:\/\/projectes.xtec.cat\/ia\/wp-json\/wp\/v2\/comments?post=11292"}],"version-history":[{"count":6,"href":"https:\/\/projectes.xtec.cat\/ia\/wp-json\/wp\/v2\/pages\/11292\/revisions"}],"predecessor-version":[{"id":13268,"href":"https:\/\/projectes.xtec.cat\/ia\/wp-json\/wp\/v2\/pages\/11292\/revisions\/13268"}],"up":[{"embeddable":true,"href":"https:\/\/projectes.xtec.cat\/ia\/wp-json\/wp\/v2\/pages\/10438"}],"wp:attachment":[{"href":"https:\/\/projectes.xtec.cat\/ia\/wp-json\/wp\/v2\/media?parent=11292"}],"curies":[{"name":"wp","href":"https:\/\/api.w.org\/{rel}","templated":true}]}}