{"id":11294,"date":"2025-07-07T08:28:21","date_gmt":"2025-07-07T06:28:21","guid":{"rendered":"https:\/\/projectes.xtec.cat\/ia\/?page_id=11294"},"modified":"2026-02-03T22:37:17","modified_gmt":"2026-02-03T21:37:17","slug":"d2-etapa-avancada","status":"publish","type":"page","link":"https:\/\/projectes.xtec.cat\/ia\/competencia-digital-docent-intelligencia-artificial\/dimensio2-visio-humanista-de-la-ia\/d2-etapa-avancada\/","title":{"rendered":"D2. Etapa avan\u00e7ada"},"content":{"rendered":"\n<div class=\"wp-block-columns alignwide are-vertically-aligned-center is-layout-flex wp-container-core-columns-is-layout-1 wp-block-columns-is-layout-flex\">\n<div class=\"wp-block-column is-vertically-aligned-center is-layout-flow wp-block-column-is-layout-flow\" style=\"flex-basis:40%\">\n<p><br>En aquesta etapa, el docent participa activament en espais de reflexi\u00f3 i formaci\u00f3, i promou la preservaci\u00f3 de l\u2019ag\u00e8ncia humana, la mirada cr\u00edtica i els valors \u00e8tics entre docents i altres agents educatius. Incorpora la perspectiva \u00e8tica i el compliment legal en documents normatius del centre, cosa que contribueix al desenvolupament d\u2019una cultura institucional que prioritza l\u2019\u00fas responsable i conscient de la IA.<\/p>\n<\/div>\n\n\n\n<div class=\"wp-block-column is-vertically-aligned-center is-layout-flow wp-block-column-is-layout-flow\">\n<figure class=\"wp-block-image size-large\"><a href=\"https:\/\/projectes.xtec.cat\/ia\/wp-content\/uploads\/usu2387\/2026\/01\/d2-avancada.png\"><img loading=\"lazy\" decoding=\"async\" width=\"1024\" height=\"429\" src=\"https:\/\/projectes.xtec.cat\/ia\/wp-content\/uploads\/usu2387\/2026\/01\/d2-avancada-1024x429.png\" alt=\"\" class=\"wp-image-12690\" srcset=\"https:\/\/projectes.xtec.cat\/ia\/wp-content\/uploads\/usu2387\/2026\/01\/d2-avancada-1024x429.png 1024w, https:\/\/projectes.xtec.cat\/ia\/wp-content\/uploads\/usu2387\/2026\/01\/d2-avancada-300x126.png 300w, https:\/\/projectes.xtec.cat\/ia\/wp-content\/uploads\/usu2387\/2026\/01\/d2-avancada-768x321.png 768w, https:\/\/projectes.xtec.cat\/ia\/wp-content\/uploads\/usu2387\/2026\/01\/d2-avancada-1536x643.png 1536w, https:\/\/projectes.xtec.cat\/ia\/wp-content\/uploads\/usu2387\/2026\/01\/d2-avancada-2048x857.png 2048w\" sizes=\"auto, (max-width: 1024px) 100vw, 1024px\" \/><\/a><\/figure>\n<\/div>\n<\/div>\n\n\n\n<h2 class=\"wp-block-heading\" style=\"font-size:25px\">Blocs d&#8217;indicadors<\/h2>\n\n\n\n<div class=\"wp-block-columns alignwide is-layout-flex wp-container-core-columns-is-layout-2 wp-block-columns-is-layout-flex\">\n<div class=\"wp-block-column is-layout-flow wp-block-column-is-layout-flow\">\n<h2 class=\"wp-block-heading has-medium-font-size\"><strong>2.C.1 <a href=\"https:\/\/projectes.xtec.cat\/ia\/competencia-digital-docent-intelligencia-artificial\/dimensio2-visio-humanista-de-la-ia\/d2-etapa-avancada\/2-c-1-foment-de-lagencia-humana-en-la-comunitat\/\">Foment de l\u2019ag\u00e8ncia humana en la comunitat<\/a><\/strong><\/h2>\n\n\n\n<p><strong>Indicadors<\/strong><\/p>\n\n\n\n<p><strong>2.C.1.1<\/strong>. \ud83d\udee0\ufe0f <a href=\"https:\/\/projectes.xtec.cat\/ia\/competencia-digital-docent-intelligencia-artificial\/dimensio2-visio-humanista-de-la-ia\/d2-etapa-avancada\/2-c-1-foment-de-lagencia-humana-en-la-comunitat\/2-c-1-1-reflexiona-amb-profunditat-sobre-com-la-ia-transforma-el-rol-docent-i-acompanya-processos-de-canvi-buscant-preservar-lagencia-humana\/\">Reflexiona amb profunditat sobre com la IA transforma el rol docent i acompanya processos de canvi buscant preservar l\u2019ag\u00e8ncia humana<\/a><br><br><br><br>\u00a0<\/p>\n\n\n\n<p>&nbsp;<br><\/p>\n\n\n\n<p><\/p>\n\n\n\n<p><\/p>\n<\/div>\n\n\n\n<div class=\"wp-block-column is-layout-flow wp-block-column-is-layout-flow\">\n<h2 class=\"wp-block-heading has-medium-font-size\"><strong>2.C.2 <a href=\"https:\/\/projectes.xtec.cat\/ia\/competencia-digital-docent-intelligencia-artificial\/dimensio2-visio-humanista-de-la-ia\/d2-etapa-avancada\/2-c-2-foment-de-lus-critic-de-la-ia-en-la-comunitat\/\">Foment de l\u2019\u00fas cr\u00edtic de la IA en la comunitat<\/a><\/strong><\/h2>\n\n\n\n<p><strong>Indicadors<\/strong><\/p>\n\n\n\n<p><strong>2.C.2.1<\/strong>. \ud83d\udee0\ufe0f <a href=\"https:\/\/projectes.xtec.cat\/ia\/competencia-digital-docent-intelligencia-artificial\/dimensio2-visio-humanista-de-la-ia\/d2-etapa-avancada\/2-c-2-foment-de-lus-critic-de-la-ia-en-la-comunitat\/2-c-2-1-fomenta-una-mirada-critica-sobre-la-ia-entre-docents-i-altres-professionals-de-lecosistema-educatiu-i-afavoreix-el-debat-i-la-reflexio-compartida\/\">Fomenta una mirada cr\u00edtica sobre la IA entre docents i altres professionals de l\u2019ecosistema educatiu i afavoreix el debat i la reflexi\u00f3 compartida.<\/a><\/p>\n\n\n\n<p><\/p>\n\n\n\n<p><br><\/p>\n\n\n\n<p><\/p>\n\n\n\n<p><br><br><\/p>\n<\/div>\n\n\n\n<div class=\"wp-block-column is-layout-flow wp-block-column-is-layout-flow\">\n<h2 class=\"wp-block-heading has-medium-font-size\"><strong>2.C.3 <a href=\"https:\/\/projectes.xtec.cat\/ia\/competencia-digital-docent-intelligencia-artificial\/dimensio2-visio-humanista-de-la-ia\/d2-etapa-avancada\/2-c-3-foment-de-lus-etic-de-la-ia-en-la-comunitat\/\">Foment de l\u2019\u00fas \u00e8tic de la IA en la comunitat<\/a><\/strong><\/h2>\n\n\n\n<p class=\"has-ast-global-color-3-color has-ast-global-color-4-background-color has-text-color has-background has-link-color wp-elements-81b5ec3a238ae010c4cfab3428027c06\">Impulsa la reflexi\u00f3 \u00e8tica sobre la IA, assessora docents, participa en xarxes professionals i integra principis \u00e8tics en la normativa del centre educatiu.<\/p>\n\n\n\n<p><strong>2.C.3.1<\/strong>. \ud83d\udee0\ufe0f <a href=\"https:\/\/projectes.xtec.cat\/ia\/competencia-digital-docent-intelligencia-artificial\/dimensio2-visio-humanista-de-la-ia\/d2-etapa-avancada\/2-c-3-foment-de-lus-etic-de-la-ia-en-la-comunitat\/2-c-3-1-fomenta-la-reflexio-de-valors-etics-en-ia-impartint-formacions-o-fent-publicacions-o-intervencions-en-xarxes-professionals-docents\/\">Fomenta la reflexi\u00f3 de valors \u00e8tics en IA impartint formacions o fent publicacions o intervencions en xarxes professionals docents.<\/a><\/p>\n\n\n\n<p><strong>2.C.3.2<\/strong>. \ud83d\udee0\ufe0f<a href=\"https:\/\/projectes.xtec.cat\/ia\/competencia-digital-docent-intelligencia-artificial\/dimensio2-visio-humanista-de-la-ia\/d2-etapa-avancada\/2-c-3-foment-de-lus-etic-de-la-ia-en-la-comunitat\/2-c-3-2-promou-la-incorporacio-de-la-dimensio-etica-de-la-ia-en-els-documents-normatius-de-la-seva-institucio-educativa\/\">Promou la incorporaci\u00f3 de la dimensi\u00f3 \u00e8tica de la IA en els documents normatius de la seva instituci\u00f3 educativa.<\/a><\/p>\n\n\n\n<p><strong>2.C.3.3<\/strong><a href=\"http:\/\/Assessora altres docents, imparteix formacions, fa publicacions o participa activament en xarxes professionals docents parlant sobre l\u2019ag\u00e8ncia humana i l\u2019\u00fas \u00e8tic i cr\u00edtic de la IA dins el seu marc legal.\">. <\/a><a href=\"https:\/\/projectes.xtec.cat\/ia\/competencia-digital-docent-intelligencia-artificial\/dimensio2-visio-humanista-de-la-ia\/d2-etapa-avancada\/2-c-3-foment-de-lus-etic-de-la-ia-en-la-comunitat\/2-c-3-3-assessora-altres-docents-imparteix-formacions-fa-publicacions-o-participa-activament-en-xarxes-professionals-docents-parlant-sobre-lagencia-humana-i-lus-etic-i-critic-de-la\/\">\ud83d\udee0\ufe0f<\/a> <a href=\"https:\/\/projectes.xtec.cat\/ia\/competencia-digital-docent-intelligencia-artificial\/dimensio2-visio-humanista-de-la-ia\/d2-etapa-avancada\/2-c-3-foment-de-lus-etic-de-la-ia-en-la-comunitat\/2-c-3-3-assessora-altres-docents-imparteix-formacions-fa-publicacions-o-participa-activament-en-xarxes-professionals-docents-parlant-sobre-lagencia-humana-i-lus-etic-i-critic-de-la\/\">Assessora altres docents, imparteix formacions, fa publicacions o participa activament en xarxes professionals docents parlant sobre l\u2019ag\u00e8ncia humana i l\u2019\u00fas \u00e8tic i cr\u00edtic de la IA dins el seu marc legal.<\/a><\/p>\n\n\n\n<p><\/p>\n<\/div>\n<\/div>\n\n\n\n<div style=\"height:69px\" aria-hidden=\"true\" class=\"wp-block-spacer\"><\/div>\n","protected":false},"excerpt":{"rendered":"<p>En aquesta etapa, el docent participa activament en espais de reflexi\u00f3 i formaci\u00f3, i promou la preservaci\u00f3 de l\u2019ag\u00e8ncia humana, la mirada cr\u00edtica i els valors \u00e8tics entre docents i altres agents educatius. Incorpora la perspectiva \u00e8tica i el compliment legal en documents normatius del centre, cosa que contribueix al desenvolupament d\u2019una cultura institucional que prioritza l\u2019\u00fas responsable i conscient de la IA. Blocs d&#8217;indicadors 2.C.1 Foment de l\u2019ag\u00e8ncia humana [&hellip;]<\/p>\n","protected":false},"author":1,"featured_media":0,"parent":10438,"menu_order":0,"comment_status":"closed","ping_status":"close","template":"","meta":{"site-sidebar-layout":"left-sidebar","site-content-layout":"","ast-site-content-layout":"default","site-content-style":"default","site-sidebar-style":"default","ast-global-header-display":"","ast-banner-title-visibility":"","ast-main-header-display":"","ast-hfb-above-header-display":"","ast-hfb-below-header-display":"","ast-hfb-mobile-header-display":"","site-post-title":"","ast-breadcrumbs-content":"","ast-featured-img":"","footer-sml-layout":"","theme-transparent-header-meta":"","adv-header-id-meta":"","stick-header-meta":"","header-above-stick-meta":"","header-main-stick-meta":"","header-below-stick-meta":"","astra-migrate-meta-layouts":"set","ast-page-background-enabled":"default","ast-page-background-meta":{"desktop":{"background-color":"var(--ast-global-color-4)","background-image":"","background-repeat":"repeat","background-position":"center center","background-size":"auto","background-attachment":"scroll","background-type":"","background-media":"","overlay-type":"","overlay-color":"","overlay-opacity":"","overlay-gradient":""},"tablet":{"background-color":"","background-image":"","background-repeat":"repeat","background-position":"center center","background-size":"auto","background-attachment":"scroll","background-type":"","background-media":"","overlay-type":"","overlay-color":"","overlay-opacity":"","overlay-gradient":""},"mobile":{"background-color":"","background-image":"","background-repeat":"repeat","background-position":"center center","background-size":"auto","background-attachment":"scroll","background-type":"","background-media":"","overlay-type":"","overlay-color":"","overlay-opacity":"","overlay-gradient":""}},"ast-content-background-meta":{"desktop":{"background-color":"var(--ast-global-color-5)","background-image":"","background-repeat":"repeat","background-position":"center center","background-size":"auto","background-attachment":"scroll","background-type":"","background-media":"","overlay-type":"","overlay-color":"","overlay-opacity":"","overlay-gradient":""},"tablet":{"background-color":"var(--ast-global-color-5)","background-image":"","background-repeat":"repeat","background-position":"center center","background-size":"auto","background-attachment":"scroll","background-type":"","background-media":"","overlay-type":"","overlay-color":"","overlay-opacity":"","overlay-gradient":""},"mobile":{"background-color":"var(--ast-global-color-5)","background-image":"","background-repeat":"repeat","background-position":"center center","background-size":"auto","background-attachment":"scroll","background-type":"","background-media":"","overlay-type":"","overlay-color":"","overlay-opacity":"","overlay-gradient":""}},"footnotes":""},"class_list":["post-11294","page","type-page","status-publish","hentry"],"post_mailing_queue_ids":[],"_links":{"self":[{"href":"https:\/\/projectes.xtec.cat\/ia\/wp-json\/wp\/v2\/pages\/11294","targetHints":{"allow":["GET"]}}],"collection":[{"href":"https:\/\/projectes.xtec.cat\/ia\/wp-json\/wp\/v2\/pages"}],"about":[{"href":"https:\/\/projectes.xtec.cat\/ia\/wp-json\/wp\/v2\/types\/page"}],"author":[{"embeddable":true,"href":"https:\/\/projectes.xtec.cat\/ia\/wp-json\/wp\/v2\/users\/1"}],"replies":[{"embeddable":true,"href":"https:\/\/projectes.xtec.cat\/ia\/wp-json\/wp\/v2\/comments?post=11294"}],"version-history":[{"count":6,"href":"https:\/\/projectes.xtec.cat\/ia\/wp-json\/wp\/v2\/pages\/11294\/revisions"}],"predecessor-version":[{"id":12765,"href":"https:\/\/projectes.xtec.cat\/ia\/wp-json\/wp\/v2\/pages\/11294\/revisions\/12765"}],"up":[{"embeddable":true,"href":"https:\/\/projectes.xtec.cat\/ia\/wp-json\/wp\/v2\/pages\/10438"}],"wp:attachment":[{"href":"https:\/\/projectes.xtec.cat\/ia\/wp-json\/wp\/v2\/media?parent=11294"}],"curies":[{"name":"wp","href":"https:\/\/api.w.org\/{rel}","templated":true}]}}