{"id":11868,"date":"2025-11-15T22:17:34","date_gmt":"2025-11-15T21:17:34","guid":{"rendered":"https:\/\/projectes.xtec.cat\/ia\/?page_id=11868"},"modified":"2026-02-19T08:10:52","modified_gmt":"2026-02-19T07:10:52","slug":"1-a-3-1-coneix-els-riscos-principals-i-els-principis-basics-de-proteccio-de-dades-i-us-responsable-de-la-ia-dacord-amb-la-normativa-vigent-i-lentorn-educatiu","status":"publish","type":"page","link":"https:\/\/projectes.xtec.cat\/ia\/competencia-digital-docent-intelligencia-artificial\/d1-comprensio-us-segur-ia\/d1-etapa-basica\/1-a-3-us-segur-de-la-ia-2\/1-a-3-1-coneix-els-riscos-principals-i-els-principis-basics-de-proteccio-de-dades-i-us-responsable-de-la-ia-dacord-amb-la-normativa-vigent-i-lentorn-educatiu\/","title":{"rendered":"1.A.3.1. Coneix els riscos principals i els principis b\u00e0sics de protecci\u00f3 de dades i \u00fas responsable de la IA, d\u2019acord amb la normativa vigent i l\u2019entorn educatiu."},"content":{"rendered":"\n<div class=\"wp-block-getwid-accordion has-icon-left\" data-active-element=\"none\">\n<div class=\"wp-block-getwid-accordion__header-wrapper\"><h2 class=\"wp-block-getwid-accordion__header\"><a href=\"#\"><span class=\"wp-block-getwid-accordion__header-title\">Reglament (UE) 2024\/1689, conegut com a Reglament d&#8217;intel\u00b7lig\u00e8ncia artificial o RIA<\/span><span class=\"wp-block-getwid-accordion__icon is-active\"><i class=\"fas fa-chevron-down\"><\/i><\/span><span class=\"wp-block-getwid-accordion__icon is-passive\"><i class=\"fas fa-chevron-up\"><\/i><\/span><\/a><\/h2><\/div><div class=\"wp-block-getwid-accordion__content-wrapper\"><div class=\"wp-block-getwid-accordion__content\">\n<p>El Reglament (UE) 2024\/1689, aprovat el juny de 2024, estableix normativa harmonitzada per al desenvolupament i \u00fas de la IA a Europa. El reglament abasta diferents \u00e0mbits, incloent-hi l&#8217;<strong>educaci\u00f3 i la formaci\u00f3 professional<\/strong>, on estableix que no es pot utilitzar la IA per alguns usos per considerar que tenen un <strong>risc inaceptable<\/strong>: <\/p>\n\n\n\n<ol style=\"list-style-type:upper-alpha\" class=\"wp-block-list\">\n<li>Sistemes d\u2019IA destinats a ser utilitzats per <strong>determinar l\u2019acc\u00e9s o l\u2019admissi\u00f3<\/strong> de persones f\u00edsiques a centres educatius i de formaci\u00f3 professional de tots els nivells, o per distribuir les persones f\u00edsiques entre aquests centres.<\/li>\n\n\n\n<li>Sistemes d\u2019IA destinats a ser utilitzats per <strong>avaluar els resultats de l\u2019aprenentatge<\/strong>, tamb\u00e9 quan aquests resultats s\u2019utilitzin per orientar el proc\u00e9s d\u2019aprenentatge de les persones f\u00edsiques en centres educatius i de formaci\u00f3 professional de tots els nivells.<\/li>\n\n\n\n<li>Sistemes d\u2019IA destinats a ser utilitzats <strong>per avaluar el nivell educatiu adequat<\/strong> que ha de rebre una persona o al qual podr\u00e0 accedir, en el context dels centres educatius i de formaci\u00f3 professional, o dins d\u2019aquests, a tots els nivells.<\/li>\n\n\n\n<li>Sistemes d\u2019IA destinats a ser utilitzats per al <strong>seguiment i la detecci\u00f3 de comportaments prohibits per part de l\u2019alumnat durant els ex\u00e0mens<\/strong>, en el context dels centres educatius i de formaci\u00f3 professional o dins d\u2019aquests a tots els nivells.<\/li>\n<\/ol>\n<\/div><\/div>\n<\/div>\n\n\n\n<div style=\"height:51px\" aria-hidden=\"true\" class=\"wp-block-spacer\"><\/div>\n","protected":false},"excerpt":{"rendered":"","protected":false},"author":1,"featured_media":0,"parent":11946,"menu_order":0,"comment_status":"closed","ping_status":"close","template":"","meta":{"site-sidebar-layout":"default","site-content-layout":"","ast-site-content-layout":"default","site-content-style":"default","site-sidebar-style":"default","ast-global-header-display":"","ast-banner-title-visibility":"","ast-main-header-display":"","ast-hfb-above-header-display":"","ast-hfb-below-header-display":"","ast-hfb-mobile-header-display":"","site-post-title":"","ast-breadcrumbs-content":"","ast-featured-img":"","footer-sml-layout":"","theme-transparent-header-meta":"","adv-header-id-meta":"","stick-header-meta":"","header-above-stick-meta":"","header-main-stick-meta":"","header-below-stick-meta":"","astra-migrate-meta-layouts":"set","ast-page-background-enabled":"default","ast-page-background-meta":{"desktop":{"background-color":"var(--ast-global-color-4)","background-image":"","background-repeat":"repeat","background-position":"center center","background-size":"auto","background-attachment":"scroll","background-type":"","background-media":"","overlay-type":"","overlay-color":"","overlay-opacity":"","overlay-gradient":""},"tablet":{"background-color":"","background-image":"","background-repeat":"repeat","background-position":"center center","background-size":"auto","background-attachment":"scroll","background-type":"","background-media":"","overlay-type":"","overlay-color":"","overlay-opacity":"","overlay-gradient":""},"mobile":{"background-color":"","background-image":"","background-repeat":"repeat","background-position":"center center","background-size":"auto","background-attachment":"scroll","background-type":"","background-media":"","overlay-type":"","overlay-color":"","overlay-opacity":"","overlay-gradient":""}},"ast-content-background-meta":{"desktop":{"background-color":"var(--ast-global-color-5)","background-image":"","background-repeat":"repeat","background-position":"center center","background-size":"auto","background-attachment":"scroll","background-type":"","background-media":"","overlay-type":"","overlay-color":"","overlay-opacity":"","overlay-gradient":""},"tablet":{"background-color":"var(--ast-global-color-5)","background-image":"","background-repeat":"repeat","background-position":"center center","background-size":"auto","background-attachment":"scroll","background-type":"","background-media":"","overlay-type":"","overlay-color":"","overlay-opacity":"","overlay-gradient":""},"mobile":{"background-color":"var(--ast-global-color-5)","background-image":"","background-repeat":"repeat","background-position":"center center","background-size":"auto","background-attachment":"scroll","background-type":"","background-media":"","overlay-type":"","overlay-color":"","overlay-opacity":"","overlay-gradient":""}},"footnotes":""},"class_list":["post-11868","page","type-page","status-publish","hentry"],"post_mailing_queue_ids":[],"_links":{"self":[{"href":"https:\/\/projectes.xtec.cat\/ia\/wp-json\/wp\/v2\/pages\/11868","targetHints":{"allow":["GET"]}}],"collection":[{"href":"https:\/\/projectes.xtec.cat\/ia\/wp-json\/wp\/v2\/pages"}],"about":[{"href":"https:\/\/projectes.xtec.cat\/ia\/wp-json\/wp\/v2\/types\/page"}],"author":[{"embeddable":true,"href":"https:\/\/projectes.xtec.cat\/ia\/wp-json\/wp\/v2\/users\/1"}],"replies":[{"embeddable":true,"href":"https:\/\/projectes.xtec.cat\/ia\/wp-json\/wp\/v2\/comments?post=11868"}],"version-history":[{"count":2,"href":"https:\/\/projectes.xtec.cat\/ia\/wp-json\/wp\/v2\/pages\/11868\/revisions"}],"predecessor-version":[{"id":12967,"href":"https:\/\/projectes.xtec.cat\/ia\/wp-json\/wp\/v2\/pages\/11868\/revisions\/12967"}],"up":[{"embeddable":true,"href":"https:\/\/projectes.xtec.cat\/ia\/wp-json\/wp\/v2\/pages\/11946"}],"wp:attachment":[{"href":"https:\/\/projectes.xtec.cat\/ia\/wp-json\/wp\/v2\/media?parent=11868"}],"curies":[{"name":"wp","href":"https:\/\/api.w.org\/{rel}","templated":true}]}}