{"id":11878,"date":"2025-11-15T22:36:14","date_gmt":"2025-11-15T21:36:14","guid":{"rendered":"https:\/\/projectes.xtec.cat\/ia\/?page_id=11878"},"modified":"2026-01-21T23:27:28","modified_gmt":"2026-01-21T22:27:28","slug":"d3-etapa-intermedia","status":"publish","type":"page","link":"https:\/\/projectes.xtec.cat\/ia\/competencia-digital-docent-intelligencia-artificial\/dimensio3-pedagogia-ia\/d3-etapa-intermedia\/","title":{"rendered":"D3. Etapa interm\u00e8dia"},"content":{"rendered":"\n<div class=\"wp-block-columns alignwide are-vertically-aligned-center is-layout-flex wp-container-core-columns-is-layout-1 wp-block-columns-is-layout-flex\">\n<div class=\"wp-block-column is-vertically-aligned-center is-layout-flow wp-block-column-is-layout-flow\" style=\"flex-basis:40%\">\n<p><br>El docent planifica i integra la IA de manera coherent amb els objectius d\u2019aprenentatge i la utilitza per dissenyar propostes actives, creatives i participatives. Crea assistents educatius senzills, dissenya itineraris d\u2019aprenentatge personalitzats i utilitza la IA per analitzar dades i prendre decisions pedag\u00f2giques. Tamb\u00e9 implica l\u2019alumnat en l\u2019\u00fas cr\u00edtic i responsable de la IA establint criteris clars i fomentant la declaraci\u00f3 d\u2019\u00fas. Participa en projectes interdisciplinaris amb IA i utilitza eines per a l\u2019avaluaci\u00f3 competencial. Aquesta etapa reflecteix una aplicaci\u00f3 madura, reflexiva i metodol\u00f2gica de la IA al servei de l\u2019aprenentatge i la inclusi\u00f3.<\/p>\n<\/div>\n\n\n\n<div class=\"wp-block-column is-vertically-aligned-center is-layout-flow wp-block-column-is-layout-flow\">\n<figure class=\"wp-block-image size-large\"><a href=\"https:\/\/projectes.xtec.cat\/ia\/wp-content\/uploads\/usu2387\/2026\/01\/d3-intermedia.png\"><img loading=\"lazy\" decoding=\"async\" width=\"1024\" height=\"547\" src=\"https:\/\/projectes.xtec.cat\/ia\/wp-content\/uploads\/usu2387\/2026\/01\/d3-intermedia-1024x547.png\" alt=\"\" class=\"wp-image-12697\" srcset=\"https:\/\/projectes.xtec.cat\/ia\/wp-content\/uploads\/usu2387\/2026\/01\/d3-intermedia-1024x547.png 1024w, https:\/\/projectes.xtec.cat\/ia\/wp-content\/uploads\/usu2387\/2026\/01\/d3-intermedia-300x160.png 300w, https:\/\/projectes.xtec.cat\/ia\/wp-content\/uploads\/usu2387\/2026\/01\/d3-intermedia-768x410.png 768w, https:\/\/projectes.xtec.cat\/ia\/wp-content\/uploads\/usu2387\/2026\/01\/d3-intermedia-1536x821.png 1536w, https:\/\/projectes.xtec.cat\/ia\/wp-content\/uploads\/usu2387\/2026\/01\/d3-intermedia-2048x1095.png 2048w\" sizes=\"auto, (max-width: 1024px) 100vw, 1024px\" \/><\/a><\/figure>\n<\/div>\n<\/div>\n\n\n\n<h2 class=\"wp-block-heading\" style=\"font-size:25px\">Blocs d&#8217;indicadors<\/h2>\n\n\n\n<div class=\"wp-block-columns alignwide is-layout-flex wp-container-core-columns-is-layout-2 wp-block-columns-is-layout-flex\">\n<div class=\"wp-block-column is-layout-flow wp-block-column-is-layout-flow\">\n<h2 class=\"wp-block-heading has-medium-font-size\"><strong>3.B.1 <a href=\"https:\/\/projectes.xtec.cat\/ia\/competencia-digital-docent-intelligencia-artificial\/dimensio3-pedagogia-ia\/d3-etapa-intermedia\/3-b-1-disseny-didactic-amb-suport-de-la-ia\/\">Disseny did\u00e0ctic amb suport de la IA<\/a><\/strong><\/h2>\n\n\n\n<p class=\"has-ast-global-color-3-color has-ast-global-color-4-background-color has-text-color has-background has-link-color wp-elements-cf822d62b3bc73a2b0d7180431c4a08e\">Planifica i dissenya activitats did\u00e0ctiques amb IA alineades amb els objectius d\u2019aprenentatge, fomenta la participaci\u00f3 i la metacognici\u00f3, col\u00b7labora amb l\u2019equip docent i crea assistents educatius, personalitzats i adaptats al context educatiu.<\/p>\n\n\n\n<p><strong>Indicadors<\/strong><\/p>\n\n\n\n<p><strong>3.B.1.1<\/strong><a href=\"https:\/\/projectes.xtec.cat\/ia\/competencia-digital-docent-intelligencia-artificial\/dimensio3-pedagogia-ia\/d3-etapa-intermedia\/3-b-1-disseny-didactic-amb-suport-de-la-ia\/3-b-1-1-planifica-lus-de-la-ia-de-manera-coherent-amb-els-objectius-daprenentatge-ledat-dus-i-la-resta-daspectes-de-la-normativa-vigent\/\">.<\/a><a href=\"https:\/\/projectes.xtec.cat\/ia\/competencia-digital-docent-intelligencia-artificial\/dimensio3-pedagogia-ia\/d3-etapa-intermedia\/3-b-1-disseny-didactic-amb-suport-de-la-ia\/3-b-1-1-planifica-lus-de-la-ia-de-manera-coherent-amb-els-objectius-daprenentatge-ledat-dus-i-la-resta-daspectes-de-la-normativa-vigent\/\"> \ud83d\udee0\ufe0f<\/a> <a href=\"https:\/\/projectes.xtec.cat\/ia\/competencia-digital-docent-intelligencia-artificial\/dimensio3-pedagogia-ia\/d3-etapa-intermedia\/3-b-1-disseny-didactic-amb-suport-de-la-ia\/3-b-1-1-planifica-lus-de-la-ia-de-manera-coherent-amb-els-objectius-daprenentatge-ledat-dus-i-la-resta-daspectes-de-la-normativa-vigent\/\">Planifica l\u2019\u00fas de la IA de manera coherent amb els objectius d\u2019aprenentatge, l\u2019edat d\u2019\u00fas i la resta d\u2019aspectes de la normativa vigent.<\/a><br><br><strong>3.B.1.2<\/strong>. <a href=\"https:\/\/projectes.xtec.cat\/ia\/competencia-digital-docent-intelligencia-artificial\/dimensio3-pedagogia-ia\/d3-etapa-intermedia\/3-b-1-disseny-didactic-amb-suport-de-la-ia\/3-b-1-2-dissenya-propostes-didactiques-mitjancant-la-ia-incorporant-hi-metodologies-diverses-i-eines-que-afavoreixin-laprenentatge-actiu-la-creativitat-la-participacio-i-lagencia-d\/\">\ud83d\udee0\ufe0f<\/a> <a href=\"https:\/\/projectes.xtec.cat\/ia\/competencia-digital-docent-intelligencia-artificial\/dimensio3-pedagogia-ia\/d3-etapa-intermedia\/3-b-1-disseny-didactic-amb-suport-de-la-ia\/3-b-1-2-dissenya-propostes-didactiques-mitjancant-la-ia-incorporant-hi-metodologies-diverses-i-eines-que-afavoreixin-laprenentatge-actiu-la-creativitat-la-participacio-i-lagencia-d\/\">Dissenya propostes did\u00e0ctiques mitjan\u00e7ant la IA incorporant-hi metodologies diverses i eines que afavoreixin l\u2019aprenentatge actiu, la creativitat, la participaci\u00f3 i l\u2019ag\u00e8ncia de tot l\u2019alumnat.<\/a><br><br><strong>3.B.1.3<\/strong>.<a href=\"https:\/\/projectes.xtec.cat\/ia\/competencia-digital-docent-intelligencia-artificial\/dimensio3-pedagogia-ia\/d3-etapa-intermedia\/3-b-1-disseny-didactic-amb-suport-de-la-ia\/3-b-1-3-es-coordina-amb-lequip-docent-per-dissenyar-i-impartir-propostes-curriculars-sobre-el-funcionament-de-la-ia\/\">\ud83d\udee0\ufe0f<\/a> <a href=\"https:\/\/projectes.xtec.cat\/ia\/competencia-digital-docent-intelligencia-artificial\/dimensio3-pedagogia-ia\/d3-etapa-intermedia\/3-b-1-disseny-didactic-amb-suport-de-la-ia\/3-b-1-3-es-coordina-amb-lequip-docent-per-dissenyar-i-impartir-propostes-curriculars-sobre-el-funcionament-de-la-ia\/\">Es coordina amb l\u2019equip docent per dissenyar i impartir propostes curriculars sobre el funcionament de la IA.<\/a><\/p>\n\n\n\n<p><strong>3.B.1.4<\/strong>. \ud83d\udee0\ufe0f <a href=\"https:\/\/projectes.xtec.cat\/ia\/competencia-digital-docent-intelligencia-artificial\/dimensio3-pedagogia-ia\/d3-etapa-intermedia\/3-b-1-disseny-didactic-amb-suport-de-la-ia\/3-b-1-4-fomenta-la-metacognicio-en-lalumnat-combinant-lus-dassistents-educatius-personalitzats-basats-en-ia-amb-lanalisi-conjunta-de-les-respostes-amb-el-docent\/\">Fomenta la metacognici\u00f3 en l\u2019alumnat combinant l\u2019\u00fas d\u2019assistents educatius personalitzats basats en IA, amb l\u2019an\u00e0lisi conjunta de les respostes amb el docent.<\/a><\/p>\n\n\n\n<p><strong>3.B.1.5<\/strong><a href=\"http:\/\/Crea assistents educatius personalitzats senzills amb IA per a l\u2019alumnat, en defineix el comportament i, si cal, acota les fonts d\u2019informaci\u00f3.\">. \ud83d\udee0\ufe0f <\/a><a href=\"https:\/\/projectes.xtec.cat\/ia\/competencia-digital-docent-intelligencia-artificial\/dimensio3-pedagogia-ia\/d3-etapa-intermedia\/3-b-1-disseny-didactic-amb-suport-de-la-ia\/3-b-1-5-crea-assistents-educatius-personalitzats-senzills-amb-ia-per-a-lalumnat-en-defineix-el-comportament-i-si-cal-acota-les-fonts-dinformacio\/\">Crea assistents educatius personalitzats senzills amb IA per a l\u2019alumnat, en defineix el comportament i, si cal, acota les fonts d\u2019informaci\u00f3.<\/a><br><br><\/p>\n\n\n\n<p>&nbsp;<\/p>\n<\/div>\n\n\n\n<div class=\"wp-block-column is-layout-flow wp-block-column-is-layout-flow\">\n<h2 class=\"wp-block-heading has-medium-font-size\"><strong>3.B.2 <a href=\"https:\/\/projectes.xtec.cat\/ia\/competencia-digital-docent-intelligencia-artificial\/dimensio3-pedagogia-ia\/d3-etapa-intermedia\/3-b-2-personalitzacio-intermedia-de-laprenentatge-amb-ia\/\">Personalitzaci\u00f3 interm\u00e8dia de l\u2019aprenentatge amb IA<\/a><\/strong><\/h2>\n\n\n\n<p class=\"has-ast-global-color-3-color has-ast-global-color-4-background-color has-text-color has-background has-link-color wp-elements-61e1aa3dbbc5da73e9adfa3e5ab7c759\">Utilitza IA per crear assistents educatius i itineraris personalitzats, generar materials sense barreres ajustats a la variabilitat en la manera d\u2019aprendre de l\u2019alumnat, analitzar dades per millorar els resultats acad\u00e8mics i col\u00b7laborar en projectes interdisciplinaris amb integraci\u00f3 de la IA.<\/p>\n\n\n\n<p><strong>Indicadors<\/strong><\/p>\n\n\n\n<p><strong>3.B.2.1<\/strong>. \ud83d\udee0\ufe0f <a href=\"https:\/\/projectes.xtec.cat\/ia\/competencia-digital-docent-intelligencia-artificial\/dimensio3-pedagogia-ia\/d3-etapa-intermedia\/3-b-2-personalitzacio-intermedia-de-laprenentatge-amb-ia\/3-b-2-1-incorpora-assistents-educatius-amb-ia-senzills-per-oferir-suport-basic-personalitzat-a-lalumnat\/\">Incorpora assistents educatius amb IA senzills per oferir suport b\u00e0sic personalitzat a l\u2019alumnat.<\/a><br><br><strong>3.B.2.2. \ud83d\udee0\ufe0f<\/strong><a href=\"https:\/\/projectes.xtec.cat\/ia\/competencia-digital-docent-intelligencia-artificial\/dimensio3-pedagogia-ia\/d3-etapa-intermedia\/3-b-2-personalitzacio-intermedia-de-laprenentatge-amb-ia\/3b22-crea-o-ajusta-materials-activitats-d-ensenyament-i\/\"><strong> <\/strong>Crea o ajusta materials i activitats d\u2019ensenyament i d\u2019avaluaci\u00f3 m\u00e9s complexes (com q\u00fcestionaris adaptatius o recursos interactius) minimitzant les barreres amb eines b\u00e0siques d\u2019IA per tal d\u2019afavorir la participaci\u00f3 i l\u2019aprenentatge personalitzat.<\/a><\/p>\n\n\n\n<p><strong>3.B.2.3<\/strong>. \ud83d\udee0\ufe0f <a href=\"https:\/\/projectes.xtec.cat\/ia\/competencia-digital-docent-intelligencia-artificial\/dimensio3-pedagogia-ia\/d3-etapa-intermedia\/3-b-2-personalitzacio-intermedia-de-laprenentatge-amb-ia\/3b23-dissenya-itineraris-d-aprenentatge-personalitzats-amb-ia-tenint\/\">Dissenya itineraris d\u2019aprenentatge personalitzats amb IA tenint en compte les diverses maneres d\u2019aprendre de l&#8217;alumnat.<\/a><\/p>\n\n\n\n<p><strong>3.B.2.4<\/strong><a href=\"http:\/\/Analitza dades amb IA per detectar patrons d\u2019aprenentatge per a la presa de decisions.\"> <\/a><a href=\"https:\/\/projectes.xtec.cat\/ia\/competencia-digital-docent-intelligencia-artificial\/dimensio3-pedagogia-ia\/d3-etapa-intermedia\/3-b-2-personalitzacio-intermedia-de-laprenentatge-amb-ia\/3b24-analitza-dades-amb-ia-per-detectar-patrons-d-2\/\">\ud83d\udee0\ufe0f<\/a> <a href=\"https:\/\/projectes.xtec.cat\/ia\/competencia-digital-docent-intelligencia-artificial\/dimensio3-pedagogia-ia\/d3-etapa-intermedia\/3-b-2-personalitzacio-intermedia-de-laprenentatge-amb-ia\/3b24-analitza-dades-amb-ia-per-detectar-patrons-d-2\/\">Analitza dades amb IA per detectar patrons d\u2019aprenentatge per a la presa de decisions.<\/a><br><br><strong>3.B.2.5<\/strong> \ud83d\udee0\ufe0f <a href=\"https:\/\/projectes.xtec.cat\/ia\/competencia-digital-docent-intelligencia-artificial\/dimensio3-pedagogia-ia\/d3-etapa-intermedia\/3-b-2-personalitzacio-intermedia-de-laprenentatge-amb-ia\/3b25-participa-en-el-disseny-o-implementacio-de-projectes\/\">Participa en el disseny o la implementaci\u00f3 de projectes interdisciplinaris que integren la IA.<\/a><\/p>\n<\/div>\n\n\n\n<div class=\"wp-block-column is-layout-flow wp-block-column-is-layout-flow\">\n<h2 class=\"wp-block-heading has-medium-font-size\"><strong>3.B.3 <a href=\"https:\/\/projectes.xtec.cat\/ia\/competencia-digital-docent-intelligencia-artificial\/dimensio3-pedagogia-ia\/d3-etapa-intermedia\/3-b-3-avaluacio-formativa-i-analitica-de-dades-amb-suport-de-la-ia\/\">Avaluaci\u00f3 formativa i anal\u00edtica de dades amb suport de la IA<\/a><\/strong><\/h2>\n\n\n\n<p class=\"has-ast-global-color-3-color has-ast-global-color-4-background-color has-text-color has-background has-link-color wp-elements-553b8713d420c2c9187fde5da75b1126\">Centra l\u2019avaluaci\u00f3 en el proc\u00e9s, estableix criteris d\u2019\u00fas de la IA amb l\u2019alumnat, utilitza dades i an\u00e0lisi predictiva per personalitzar l\u2019aprenentatge, i supervisa sistemes automatitzats de correcci\u00f3 i retroacci\u00f3.<\/p>\n\n\n\n<p><strong>Indicadors<\/strong><\/p>\n\n\n\n<p><strong>3.B.3.1<\/strong>. \ud83d\udee0\ufe0f <a href=\"https:\/\/projectes.xtec.cat\/ia\/competencia-digital-docent-intelligencia-artificial\/dimensio3-pedagogia-ia\/d3-etapa-intermedia\/3-b-3-avaluacio-formativa-i-analitica-de-dades-amb-suport-de-la-ia\/3-b-3-1-dissenya-activitats-en-que-el-seguiment-i-lavaluacio-se-centren-en-el-proces-de-resolucio-i-no-en-els-resultats-o-materials-entregables-que-siguin-facilment-generables-amb-ia\/\">Dissenya activitats en qu\u00e8 el seguiment i l\u2019avaluaci\u00f3 se centren en el proc\u00e9s de resoluci\u00f3 i no en els resultats o materials entregables que siguin f\u00e0cilment generables amb IA.<\/a><br><br><strong>3.B.3.2<\/strong>. \ud83d\udee0\ufe0f <a href=\"https:\/\/projectes.xtec.cat\/ia\/competencia-digital-docent-intelligencia-artificial\/dimensio3-pedagogia-ia\/d3-etapa-intermedia\/3-b-3-avaluacio-formativa-i-analitica-de-dades-amb-suport-de-la-ia\/3-b-3-2-estableix-amb-lalumnat-els-criteris-dus-de-la-ia-permesos-i-en-fomenta-la-declaracio-dus-en-les-activitats-daprenentatge-i-avaluacio\/\">Estableix amb l\u2019alumnat els criteris d\u2019\u00fas de la IA permesos i en fomenta la declaraci\u00f3 d\u2019\u00fas en les activitats d\u2019aprenentatge i avaluaci\u00f3.<\/a><br><br><strong>3.B.3.3<\/strong>. \ud83d\udee0\ufe0f <a href=\"https:\/\/projectes.xtec.cat\/ia\/competencia-digital-docent-intelligencia-artificial\/dimensio3-pedagogia-ia\/d3-etapa-intermedia\/3-b-3-avaluacio-formativa-i-analitica-de-dades-amb-suport-de-la-ia\/3-b-3-3-utilitza-eines-amb-ia-per-recopilar-evidencies-i-dades-objectives-sobre-el-proces-daprenentatge-de-lalumnat-a-fi-de-valorar-el-nivell-dassoliment-de-competencies-i-p\/\">Utilitza eines amb IA per recopilar evid\u00e8ncies i dades objectives sobre el proc\u00e9s d\u2019aprenentatge de l\u2019alumnat a fi de valorar el nivell d\u2019assoliment de compet\u00e8ncies i personalitzar-ne l\u2019aprenentatge.<\/a><br><br><strong>3.B.3.4<\/strong>. \ud83d\udee0\ufe0f <a href=\"https:\/\/projectes.xtec.cat\/ia\/competencia-digital-docent-intelligencia-artificial\/dimensio3-pedagogia-ia\/d3-etapa-intermedia\/3-b-3-avaluacio-formativa-i-analitica-de-dades-amb-suport-de-la-ia\/3-b-3-4-utilitza-eines-dia-validades-per-la-institucio-de-referencia-per-a-la-presa-de-decisions-pedagogiques-a-partir-de-la-deteccio-de-patrons-i-lanalisi-predictiva-del-rendiment-a\/\">Utilitza eines d\u2019IA validades per la instituci\u00f3 de refer\u00e8ncia per a la presa de decisions pedag\u00f2giques a partir de la detecci\u00f3 de patrons i l\u2019an\u00e0lisi predictiva del rendiment acad\u00e8mic.<\/a><br><br><strong>3.B.3.5<\/strong>. \ud83d\udee0\ufe0f <a href=\"https:\/\/projectes.xtec.cat\/ia\/competencia-digital-docent-intelligencia-artificial\/dimensio3-pedagogia-ia\/d3-etapa-intermedia\/3-b-3-avaluacio-formativa-i-analitica-de-dades-amb-suport-de-la-ia\/3-b-3-5-aplica-processos-automatitzats-amb-ia-per-a-la-correccio-de-tasques-en-supervisa-el-funcionament-i-valora-la-qualitat-dels-resultats\/\">Aplica processos automatitzats amb IA per a la correcci\u00f3 de tasques, en supervisa el funcionament i valora la qualitat dels resultats.<\/a><br><br><strong>3.B.3.6<\/strong>. \ud83d\udee0\ufe0f <a href=\"https:\/\/projectes.xtec.cat\/ia\/competencia-digital-docent-intelligencia-artificial\/dimensio3-pedagogia-ia\/d3-etapa-intermedia\/3-b-3-avaluacio-formativa-i-analitica-de-dades-amb-suport-de-la-ia\/3-b-3-6-genera-informes-automatitzats-de-retroaccio-i-valora-que-siguin-acurats-rellevants-i-contextualitzats\/\">Genera informes automatitzats de retroacci\u00f3 i valora que siguin acurats, rellevants i contextualitzats.<\/a><\/p>\n\n\n\n<p><strong>3.B.3.7<\/strong>. \ud83d\udee0\ufe0f <a href=\"https:\/\/projectes.xtec.cat\/ia\/competencia-digital-docent-intelligencia-artificial\/dimensio3-pedagogia-ia\/d3-etapa-intermedia\/3-b-3-avaluacio-formativa-i-analitica-de-dades-amb-suport-de-la-ia\/3-b-3-7-coneix-que-el-reglament-dintelligencia-artificial-regula-lus-de-la-ia-en-processos-davaluacio-dels-resultats-daprenentatge-i-considera-la-seva-utilitzacio-c\/\">Coneix que el reglament d\u2019intel\u00b7lig\u00e8ncia artificial regula l\u2019\u00fas de la IA en processos d\u2019avaluaci\u00f3 dels resultats d\u2019aprenentatge i considera la seva utilitzaci\u00f3 com d\u2019alt risc.&nbsp;<\/a><\/p>\n<\/div>\n<\/div>\n\n\n\n<div style=\"height:69px\" aria-hidden=\"true\" class=\"wp-block-spacer\"><\/div>\n","protected":false},"excerpt":{"rendered":"<p>El docent planifica i integra la IA de manera coherent amb els objectius d\u2019aprenentatge i la utilitza per dissenyar propostes actives, creatives i participatives. Crea assistents educatius senzills, dissenya itineraris d\u2019aprenentatge personalitzats i utilitza la IA per analitzar dades i prendre decisions pedag\u00f2giques. Tamb\u00e9 implica l\u2019alumnat en l\u2019\u00fas cr\u00edtic i responsable de la IA establint criteris clars i fomentant la declaraci\u00f3 d\u2019\u00fas. Participa en projectes interdisciplinaris amb IA i utilitza [&hellip;]<\/p>\n","protected":false},"author":1,"featured_media":0,"parent":10445,"menu_order":0,"comment_status":"closed","ping_status":"close","template":"","meta":{"site-sidebar-layout":"left-sidebar","site-content-layout":"","ast-site-content-layout":"default","site-content-style":"default","site-sidebar-style":"default","ast-global-header-display":"","ast-banner-title-visibility":"","ast-main-header-display":"","ast-hfb-above-header-display":"","ast-hfb-below-header-display":"","ast-hfb-mobile-header-display":"","site-post-title":"","ast-breadcrumbs-content":"","ast-featured-img":"","footer-sml-layout":"","theme-transparent-header-meta":"","adv-header-id-meta":"","stick-header-meta":"","header-above-stick-meta":"","header-main-stick-meta":"","header-below-stick-meta":"","astra-migrate-meta-layouts":"set","ast-page-background-enabled":"default","ast-page-background-meta":{"desktop":{"background-color":"var(--ast-global-color-4)","background-image":"","background-repeat":"repeat","background-position":"center center","background-size":"auto","background-attachment":"scroll","background-type":"","background-media":"","overlay-type":"","overlay-color":"","overlay-opacity":"","overlay-gradient":""},"tablet":{"background-color":"","background-image":"","background-repeat":"repeat","background-position":"center center","background-size":"auto","background-attachment":"scroll","background-type":"","background-media":"","overlay-type":"","overlay-color":"","overlay-opacity":"","overlay-gradient":""},"mobile":{"background-color":"","background-image":"","background-repeat":"repeat","background-position":"center center","background-size":"auto","background-attachment":"scroll","background-type":"","background-media":"","overlay-type":"","overlay-color":"","overlay-opacity":"","overlay-gradient":""}},"ast-content-background-meta":{"desktop":{"background-color":"var(--ast-global-color-5)","background-image":"","background-repeat":"repeat","background-position":"center center","background-size":"auto","background-attachment":"scroll","background-type":"","background-media":"","overlay-type":"","overlay-color":"","overlay-opacity":"","overlay-gradient":""},"tablet":{"background-color":"var(--ast-global-color-5)","background-image":"","background-repeat":"repeat","background-position":"center center","background-size":"auto","background-attachment":"scroll","background-type":"","background-media":"","overlay-type":"","overlay-color":"","overlay-opacity":"","overlay-gradient":""},"mobile":{"background-color":"var(--ast-global-color-5)","background-image":"","background-repeat":"repeat","background-position":"center center","background-size":"auto","background-attachment":"scroll","background-type":"","background-media":"","overlay-type":"","overlay-color":"","overlay-opacity":"","overlay-gradient":""}},"footnotes":""},"class_list":["post-11878","page","type-page","status-publish","hentry"],"post_mailing_queue_ids":[],"_links":{"self":[{"href":"https:\/\/projectes.xtec.cat\/ia\/wp-json\/wp\/v2\/pages\/11878","targetHints":{"allow":["GET"]}}],"collection":[{"href":"https:\/\/projectes.xtec.cat\/ia\/wp-json\/wp\/v2\/pages"}],"about":[{"href":"https:\/\/projectes.xtec.cat\/ia\/wp-json\/wp\/v2\/types\/page"}],"author":[{"embeddable":true,"href":"https:\/\/projectes.xtec.cat\/ia\/wp-json\/wp\/v2\/users\/1"}],"replies":[{"embeddable":true,"href":"https:\/\/projectes.xtec.cat\/ia\/wp-json\/wp\/v2\/comments?post=11878"}],"version-history":[{"count":6,"href":"https:\/\/projectes.xtec.cat\/ia\/wp-json\/wp\/v2\/pages\/11878\/revisions"}],"predecessor-version":[{"id":12787,"href":"https:\/\/projectes.xtec.cat\/ia\/wp-json\/wp\/v2\/pages\/11878\/revisions\/12787"}],"up":[{"embeddable":true,"href":"https:\/\/projectes.xtec.cat\/ia\/wp-json\/wp\/v2\/pages\/10445"}],"wp:attachment":[{"href":"https:\/\/projectes.xtec.cat\/ia\/wp-json\/wp\/v2\/media?parent=11878"}],"curies":[{"name":"wp","href":"https:\/\/api.w.org\/{rel}","templated":true}]}}