{"id":11894,"date":"2025-11-15T22:47:17","date_gmt":"2025-11-15T21:47:17","guid":{"rendered":"https:\/\/projectes.xtec.cat\/ia\/?page_id=11894"},"modified":"2026-01-21T23:33:29","modified_gmt":"2026-01-21T22:33:29","slug":"d4-etapa-intermedia","status":"publish","type":"page","link":"https:\/\/projectes.xtec.cat\/ia\/competencia-digital-docent-intelligencia-artificial\/dimensio-4-desenvolupament-professional-ia\/d4-etapa-intermedia\/","title":{"rendered":"D4. Etapa interm\u00e8dia"},"content":{"rendered":"\n<div class=\"wp-block-columns alignwide are-vertically-aligned-center is-layout-flex wp-container-core-columns-is-layout-1 wp-block-columns-is-layout-flex\">\n<div class=\"wp-block-column is-vertically-aligned-center is-layout-flow wp-block-column-is-layout-flow\">\n<p>En aquesta etapa, el docent passa de ser un explorador a un usuari actiu en l\u2019\u00fas de la IA per al seu desenvolupament professional. Utilitza eines per detectar les seves necessitats formatives i comen\u00e7a a adaptar-les a la seva realitat. Participa activament en comunitats d\u2019aprenentatge i comparteix recursos i pr\u00e0ctiques, i s\u2019obre a la col\u00b7laboraci\u00f3 i a la construcci\u00f3 col\u00b7lectiva del coneixement. La IA esdev\u00e9 una aliada en la millora cont\u00ednua de la pr\u00e0ctica docent, per\u00f2 sempre des d\u2019una mirada reflexiva, que busca equilibrar efici\u00e8ncia, autonomia i responsabilitat pedag\u00f2gica.<\/p>\n<\/div>\n\n\n\n<div class=\"wp-block-column is-vertically-aligned-center is-layout-flow wp-block-column-is-layout-flow\">\n<figure class=\"wp-block-image size-large\"><a href=\"https:\/\/projectes.xtec.cat\/ia\/wp-content\/uploads\/usu2387\/2026\/01\/d4-intermedia1.png\"><img loading=\"lazy\" decoding=\"async\" width=\"1024\" height=\"418\" src=\"https:\/\/projectes.xtec.cat\/ia\/wp-content\/uploads\/usu2387\/2026\/01\/d4-intermedia1-1024x418.png\" alt=\"\" class=\"wp-image-12706\" srcset=\"https:\/\/projectes.xtec.cat\/ia\/wp-content\/uploads\/usu2387\/2026\/01\/d4-intermedia1-1024x418.png 1024w, https:\/\/projectes.xtec.cat\/ia\/wp-content\/uploads\/usu2387\/2026\/01\/d4-intermedia1-300x122.png 300w, https:\/\/projectes.xtec.cat\/ia\/wp-content\/uploads\/usu2387\/2026\/01\/d4-intermedia1-768x313.png 768w, https:\/\/projectes.xtec.cat\/ia\/wp-content\/uploads\/usu2387\/2026\/01\/d4-intermedia1-1536x626.png 1536w, https:\/\/projectes.xtec.cat\/ia\/wp-content\/uploads\/usu2387\/2026\/01\/d4-intermedia1-2048x835.png 2048w\" sizes=\"auto, (max-width: 1024px) 100vw, 1024px\" \/><\/a><\/figure>\n<\/div>\n<\/div>\n\n\n\n<h2 class=\"wp-block-heading\" style=\"font-size:25px\">Blocs d&#8217;indicadors<\/h2>\n\n\n\n<div class=\"wp-block-columns alignwide is-layout-flex wp-container-core-columns-is-layout-2 wp-block-columns-is-layout-flex\">\n<div class=\"wp-block-column is-layout-flow wp-block-column-is-layout-flow\">\n<h2 class=\"wp-block-heading has-medium-font-size\"><strong>4.B.1. <a href=\"https:\/\/projectes.xtec.cat\/ia\/competencia-digital-docent-intelligencia-artificial\/dimensio-4-desenvolupament-professional-ia\/d4-etapa-intermedia\/4-b-1-adopcio-de-lus-de-la-ia-en-la-formacio-continua\/\">Adopci\u00f3 de l\u2019\u00fas de la IA en la formaci\u00f3 cont\u00ednua<\/a><\/strong><\/h2>\n\n\n\n<p class=\"has-ast-global-color-3-color has-ast-global-color-4-background-color has-text-color has-background has-link-color wp-elements-6c1bdee80d1fabdaa80567f041f8fca3\">El docent fa servir eines d\u2019IA per detectar les seves necessitats formatives i personalitzar el seu aprenentatge.<\/p>\n\n\n\n<p><strong>Indicadors<\/strong><\/p>\n\n\n\n<p><strong>4.B.1.1<\/strong>. \ud83d\udee0\ufe0f <a href=\"https:\/\/projectes.xtec.cat\/ia\/competencia-digital-docent-intelligencia-artificial\/dimensio-4-desenvolupament-professional-ia\/d4-etapa-intermedia\/4-b-1-adopcio-de-lus-de-la-ia-en-la-formacio-continua\/4b11-utilitza-eines-d-ia-per-detectar-necessitats-formatives\/\">Utilitza eines d\u2019IA per detectar necessitats formatives.<\/a><br><br><strong>4.B.1.2<\/strong>. \ud83d\udee0\ufe0f <a href=\"https:\/\/projectes.xtec.cat\/ia\/competencia-digital-docent-intelligencia-artificial\/dimensio-4-desenvolupament-professional-ia\/d4-etapa-intermedia\/4-b-1-adopcio-de-lus-de-la-ia-en-la-formacio-continua\/4b12-utilitza-i-personalitza-eines-d-ia-per-facilitar\/\">Utilitza i personalitza eines d\u2019IA per facilitar el seu propi aprenentatge<\/a><a href=\"http:\/\/Utilitza i personalitza eines d\u2019IA per facilitar el seu propi aprenentatge.\"><br><\/a><br><strong>4.B.1.3<\/strong>. \ud83d\udee0\ufe0f <a href=\"https:\/\/projectes.xtec.cat\/ia\/competencia-digital-docent-intelligencia-artificial\/dimensio-4-desenvolupament-professional-ia\/d4-etapa-intermedia\/4-b-1-adopcio-de-lus-de-la-ia-en-la-formacio-continua\/4b13-participa-activament-en-comunitats-d-aprenentatge-en-que\/\">Participa activament en comunitats d\u2019aprenentatge en qu\u00e8 utilitzen IA per a la formaci\u00f3 cont\u00ednua.<\/a><\/p>\n\n\n\n<p><strong>4.B.1.4<\/strong> \ud83d\udee0\ufe0f <a href=\"https:\/\/projectes.xtec.cat\/ia\/competencia-digital-docent-intelligencia-artificial\/dimensio-4-desenvolupament-professional-ia\/d4-etapa-intermedia\/4-b-1-adopcio-de-lus-de-la-ia-en-la-formacio-continua\/4b14-fa-el-seguiment-i-l-avaluacio-de-la-2\/\">Fa el seguiment i l\u2019avaluaci\u00f3 de la seva formaci\u00f3 amb eines d\u2019IA.<\/a><\/p>\n\n\n\n<p>&nbsp;<\/p>\n<\/div>\n\n\n\n<div class=\"wp-block-column is-layout-flow wp-block-column-is-layout-flow\">\n<h2 class=\"wp-block-heading has-medium-font-size\"><strong>4.B.2. <a href=\"https:\/\/projectes.xtec.cat\/ia\/competencia-digital-docent-intelligencia-artificial\/dimensio-4-desenvolupament-professional-ia\/d4-etapa-intermedia\/4-b-2-collaboracio-en-la-millora-de-la-practica-docent-i-el-desenvolupament-professional-amb-ia\/\">Col\u00b7laboraci\u00f3 en la millora de la pr\u00e0ctica docent i el desenvolupament professional amb IA<\/a><\/strong><\/h2>\n\n\n\n<p class=\"has-ast-global-color-3-color has-ast-global-color-4-background-color has-text-color has-background has-link-color wp-elements-c0689e9f770d9ffe08c553985901236a\">El docent crea i comparteix recursos d\u2019IA per a la doc\u00e8ncia i el desenvolupament professional i participa activament en comunitats d\u2019aprenentatge vinculades a la millora educativa amb IA.<\/p>\n\n\n\n<p><strong><strong>4.B.2.1<\/strong>. <\/strong><a href=\"https:\/\/projectes.xtec.cat\/ia\/competencia-digital-docent-intelligencia-artificial\/dimensio-4-desenvolupament-professional-ia\/d4-etapa-intermedia\/4-b-2-collaboracio-en-la-millora-de-la-practica-docent-i-el-desenvolupament-professional-amb-ia\/4b21-crea-un-recull-personal-d-eines-d-ia\/\">\ud83d\udee0\ufe0f<\/a> <a href=\"https:\/\/projectes.xtec.cat\/ia\/competencia-digital-docent-intelligencia-artificial\/dimensio-4-desenvolupament-professional-ia\/d4-etapa-intermedia\/4-b-2-collaboracio-en-la-millora-de-la-practica-docent-i-el-desenvolupament-professional-amb-ia\/4b21-crea-un-recull-personal-d-eines-d-ia\/\">Crea un recull personal d\u2019eines d\u2019IA adients per a la pr\u00e0ctica i el desenvolupament professional docent.<\/a><\/p>\n\n\n\n<p><strong>4.B.2.2<\/strong>. \ud83d\udee0\ufe0f <a href=\"https:\/\/projectes.xtec.cat\/ia\/competencia-digital-docent-intelligencia-artificial\/dimensio-4-desenvolupament-professional-ia\/d4-etapa-intermedia\/4-b-2-collaboracio-en-la-millora-de-la-practica-docent-i-el-desenvolupament-professional-amb-ia\/4b22-comparteix-recursos-i-experiencies-sobre-l-us-d\/\">Comparteix recursos i experi\u00e8ncies sobre l\u2019\u00fas d\u2019IA en la pr\u00e0ctica i el desenvolupament professional docent.<\/a><br><br><strong>4.B.2.3<\/strong>. \ud83d\udee0\ufe0f <a href=\"https:\/\/projectes.xtec.cat\/ia\/competencia-digital-docent-intelligencia-artificial\/dimensio-4-desenvolupament-professional-ia\/d4-etapa-intermedia\/4-b-2-collaboracio-en-la-millora-de-la-practica-docent-i-el-desenvolupament-professional-amb-ia\/4b23-participa-activament-en-comunitats-d-aprenentatge-de-la-2\/\">Participa activament en comunitats d\u2019aprenentatge per a la millora de la pr\u00e0ctica docent i el desenvolupament professional amb IA.<\/a><\/p>\n\n\n\n<hr class=\"wp-block-separator has-alpha-channel-opacity\"\/>\n<\/div>\n\n\n\n<div class=\"wp-block-column is-layout-flow wp-block-column-is-layout-flow\">\n<p><\/p>\n\n\n\n<p><\/p>\n\n\n\n<p><\/p>\n\n\n\n<p><\/p>\n<\/div>\n<\/div>\n\n\n\n<div style=\"height:69px\" aria-hidden=\"true\" class=\"wp-block-spacer\"><\/div>\n","protected":false},"excerpt":{"rendered":"<p>En aquesta etapa, el docent passa de ser un explorador a un usuari actiu en l\u2019\u00fas de la IA per al seu desenvolupament professional. Utilitza eines per detectar les seves necessitats formatives i comen\u00e7a a adaptar-les a la seva realitat. Participa activament en comunitats d\u2019aprenentatge i comparteix recursos i pr\u00e0ctiques, i s\u2019obre a la col\u00b7laboraci\u00f3 i a la construcci\u00f3 col\u00b7lectiva del coneixement. La IA esdev\u00e9 una aliada en la millora [&hellip;]<\/p>\n","protected":false},"author":1,"featured_media":0,"parent":10454,"menu_order":0,"comment_status":"closed","ping_status":"close","template":"","meta":{"site-sidebar-layout":"left-sidebar","site-content-layout":"","ast-site-content-layout":"default","site-content-style":"default","site-sidebar-style":"default","ast-global-header-display":"","ast-banner-title-visibility":"","ast-main-header-display":"","ast-hfb-above-header-display":"","ast-hfb-below-header-display":"","ast-hfb-mobile-header-display":"","site-post-title":"","ast-breadcrumbs-content":"","ast-featured-img":"","footer-sml-layout":"","theme-transparent-header-meta":"","adv-header-id-meta":"","stick-header-meta":"","header-above-stick-meta":"","header-main-stick-meta":"","header-below-stick-meta":"","astra-migrate-meta-layouts":"set","ast-page-background-enabled":"default","ast-page-background-meta":{"desktop":{"background-color":"var(--ast-global-color-4)","background-image":"","background-repeat":"repeat","background-position":"center center","background-size":"auto","background-attachment":"scroll","background-type":"","background-media":"","overlay-type":"","overlay-color":"","overlay-opacity":"","overlay-gradient":""},"tablet":{"background-color":"","background-image":"","background-repeat":"repeat","background-position":"center center","background-size":"auto","background-attachment":"scroll","background-type":"","background-media":"","overlay-type":"","overlay-color":"","overlay-opacity":"","overlay-gradient":""},"mobile":{"background-color":"","background-image":"","background-repeat":"repeat","background-position":"center center","background-size":"auto","background-attachment":"scroll","background-type":"","background-media":"","overlay-type":"","overlay-color":"","overlay-opacity":"","overlay-gradient":""}},"ast-content-background-meta":{"desktop":{"background-color":"var(--ast-global-color-5)","background-image":"","background-repeat":"repeat","background-position":"center center","background-size":"auto","background-attachment":"scroll","background-type":"","background-media":"","overlay-type":"","overlay-color":"","overlay-opacity":"","overlay-gradient":""},"tablet":{"background-color":"var(--ast-global-color-5)","background-image":"","background-repeat":"repeat","background-position":"center center","background-size":"auto","background-attachment":"scroll","background-type":"","background-media":"","overlay-type":"","overlay-color":"","overlay-opacity":"","overlay-gradient":""},"mobile":{"background-color":"var(--ast-global-color-5)","background-image":"","background-repeat":"repeat","background-position":"center center","background-size":"auto","background-attachment":"scroll","background-type":"","background-media":"","overlay-type":"","overlay-color":"","overlay-opacity":"","overlay-gradient":""}},"footnotes":""},"class_list":["post-11894","page","type-page","status-publish","hentry"],"post_mailing_queue_ids":[],"_links":{"self":[{"href":"https:\/\/projectes.xtec.cat\/ia\/wp-json\/wp\/v2\/pages\/11894","targetHints":{"allow":["GET"]}}],"collection":[{"href":"https:\/\/projectes.xtec.cat\/ia\/wp-json\/wp\/v2\/pages"}],"about":[{"href":"https:\/\/projectes.xtec.cat\/ia\/wp-json\/wp\/v2\/types\/page"}],"author":[{"embeddable":true,"href":"https:\/\/projectes.xtec.cat\/ia\/wp-json\/wp\/v2\/users\/1"}],"replies":[{"embeddable":true,"href":"https:\/\/projectes.xtec.cat\/ia\/wp-json\/wp\/v2\/comments?post=11894"}],"version-history":[{"count":6,"href":"https:\/\/projectes.xtec.cat\/ia\/wp-json\/wp\/v2\/pages\/11894\/revisions"}],"predecessor-version":[{"id":12793,"href":"https:\/\/projectes.xtec.cat\/ia\/wp-json\/wp\/v2\/pages\/11894\/revisions\/12793"}],"up":[{"embeddable":true,"href":"https:\/\/projectes.xtec.cat\/ia\/wp-json\/wp\/v2\/pages\/10454"}],"wp:attachment":[{"href":"https:\/\/projectes.xtec.cat\/ia\/wp-json\/wp\/v2\/media?parent=11894"}],"curies":[{"name":"wp","href":"https:\/\/api.w.org\/{rel}","templated":true}]}}