{"id":11897,"date":"2025-11-15T22:48:39","date_gmt":"2025-11-15T21:48:39","guid":{"rendered":"https:\/\/projectes.xtec.cat\/ia\/?page_id=11897"},"modified":"2026-01-21T23:35:24","modified_gmt":"2026-01-21T22:35:24","slug":"d4-etapa-avancada","status":"publish","type":"page","link":"https:\/\/projectes.xtec.cat\/ia\/competencia-digital-docent-intelligencia-artificial\/dimensio-4-desenvolupament-professional-ia\/d4-etapa-avancada\/","title":{"rendered":"D4.Etapa avan\u00e7ada"},"content":{"rendered":"\n<div class=\"wp-block-columns alignwide are-vertically-aligned-center is-layout-flex wp-container-core-columns-is-layout-1 wp-block-columns-is-layout-flex\">\n<div class=\"wp-block-column is-vertically-aligned-center is-layout-flow wp-block-column-is-layout-flow\" style=\"flex-basis:40%\">\n<p><br>Els indicadors d&#8217;aquesta etapa reflecteixen una maduresa professional en qu\u00e8 el docent utilitza la IA per impulsar el creixement propi i col\u00b7lectiu. Col\u00b7labora amb altres professionals per crear recursos \u00fatils per a diversos perfils docents, comparteix pr\u00e0ctiques avan\u00e7ades i dissenya instruments d\u2019avaluaci\u00f3 amb IA per seguir-ne el progr\u00e9s. Alhora, assumeix un paper actiu en la comunitat educativa oferint assessorament i formacions i difonent coneixement que pot ajudar a fer cr\u00e9ixer professionalment altres docents.<\/p>\n<\/div>\n\n\n\n<div class=\"wp-block-column is-vertically-aligned-center is-layout-flow wp-block-column-is-layout-flow\">\n<figure class=\"wp-block-image size-large\"><a href=\"https:\/\/projectes.xtec.cat\/ia\/wp-content\/uploads\/usu2387\/2026\/01\/d4-intermedia.png\"><img loading=\"lazy\" decoding=\"async\" width=\"1024\" height=\"505\" src=\"https:\/\/projectes.xtec.cat\/ia\/wp-content\/uploads\/usu2387\/2026\/01\/d4-intermedia-1024x505.png\" alt=\"\" class=\"wp-image-12704\" srcset=\"https:\/\/projectes.xtec.cat\/ia\/wp-content\/uploads\/usu2387\/2026\/01\/d4-intermedia-1024x505.png 1024w, https:\/\/projectes.xtec.cat\/ia\/wp-content\/uploads\/usu2387\/2026\/01\/d4-intermedia-300x148.png 300w, https:\/\/projectes.xtec.cat\/ia\/wp-content\/uploads\/usu2387\/2026\/01\/d4-intermedia-768x379.png 768w, https:\/\/projectes.xtec.cat\/ia\/wp-content\/uploads\/usu2387\/2026\/01\/d4-intermedia.png 1484w\" sizes=\"auto, (max-width: 1024px) 100vw, 1024px\" \/><\/a><\/figure>\n<\/div>\n<\/div>\n\n\n\n<h2 class=\"wp-block-heading\" style=\"font-size:25px\">Blocs d&#8217;indicadors<\/h2>\n\n\n\n<div class=\"wp-block-columns alignwide is-layout-flex wp-container-core-columns-is-layout-2 wp-block-columns-is-layout-flex\">\n<div class=\"wp-block-column is-layout-flow wp-block-column-is-layout-flow\">\n<h2 class=\"wp-block-heading has-medium-font-size\"><strong>4.C.1. <a href=\"https:\/\/projectes.xtec.cat\/ia\/competencia-digital-docent-intelligencia-artificial\/dimensio-4-desenvolupament-professional-ia\/d4-etapa-avancada\/4-c-1-foment-de-lus-de-la-ia-per-a-la-formacio-continua\/\">Foment de l\u2019\u00fas de la IA per a la formaci\u00f3 cont\u00ednua<\/a><\/strong><\/h2>\n\n\n\n<p class=\"has-ast-global-color-3-color has-ast-global-color-4-background-color has-text-color has-background has-link-color wp-elements-e2bff5b3ffa700d606fadb65a5380cca\">Comparteix recursos d\u2019IA, impulsa l\u2019autoavaluaci\u00f3 i l\u2019\u00fas \u00e8tic i legal de la IA. Assessora o forma altres docents en el seu desenvolupament professional continu.<\/p>\n\n\n\n<p><strong>Indicadors<\/strong><\/p>\n\n\n\n<p><strong>4.C.1.1<\/strong>. \ud83d\udee0\ufe0f <a href=\"https:\/\/projectes.xtec.cat\/ia\/competencia-digital-docent-intelligencia-artificial\/dimensio-4-desenvolupament-professional-ia\/d4-etapa-avancada\/4-c-1-foment-de-lus-de-la-ia-per-a-la-formacio-continua\/4c11-cocrea-i-comparteix-eines-i-recursos-d-aprenentatge\/\">Cocrea i comparteix eines i recursos d\u2019aprenentatge basats en IA per a la formaci\u00f3 cont\u00ednua dels docents.<\/a><br><br><strong>4.C.1.2<\/strong>. \ud83d\udee0\ufe0f <a href=\"https:\/\/projectes.xtec.cat\/ia\/competencia-digital-docent-intelligencia-artificial\/dimensio-4-desenvolupament-professional-ia\/d4-etapa-avancada\/4-c-1-foment-de-lus-de-la-ia-per-a-la-formacio-continua\/4c12-desenvolupa-mecanismes-d-autoavaluacio-de-competencia-digital-en\/\">Desenvolupa mecanismes d\u2019autoavaluaci\u00f3 de compet\u00e8ncia digital en IA.<\/a><br><br><strong>4.C.1.3<\/strong>. \ud83d\udee0\ufe0f <a href=\"https:\/\/projectes.xtec.cat\/ia\/competencia-digital-docent-intelligencia-artificial\/dimensio-4-desenvolupament-professional-ia\/d4-etapa-avancada\/4-c-1-foment-de-lus-de-la-ia-per-a-la-formacio-continua\/4c13-fomenta-iniciatives-per-promoure-el-desenvolupament-etic-legal\/\">Fomenta iniciatives per promoure el desenvolupament \u00e8tic, legal i responsable de la IA en la formaci\u00f3 docent.&nbsp;<\/a><\/p>\n\n\n\n<p><strong>4.C.1.4<\/strong>. \ud83d\udee0\ufe0f <a href=\"https:\/\/projectes.xtec.cat\/ia\/competencia-digital-docent-intelligencia-artificial\/dimensio-4-desenvolupament-professional-ia\/d4-etapa-avancada\/4-c-1-foment-de-lus-de-la-ia-per-a-la-formacio-continua\/4c14-assessora-altres-docents-imparteix-formacions-fa-publicacions-o\/\">Assessora altres docents, imparteix formacions, fa publicacions o participa activament en xarxes professionals docents parlant sobre l\u2019\u00fas de la IA per a la formaci\u00f3 cont\u00ednua.<\/a><\/p>\n\n\n\n<p>&nbsp;<\/p>\n<\/div>\n\n\n\n<div class=\"wp-block-column is-layout-flow wp-block-column-is-layout-flow\">\n<h2 class=\"wp-block-heading has-medium-font-size\"><strong>4.C.2. <\/strong><a href=\"https:\/\/projectes.xtec.cat\/ia\/competencia-digital-docent-intelligencia-artificial\/dimensio-4-desenvolupament-professional-ia\/d4-etapa-avancada\/4-c-2-foment-de-lus-de-la-ia-en-la-millora-de-la-practica-docent-i-el-desenvolupament-professional\/\"><strong>Foment de l\u2019\u00fas de la IA en la millora de la pr\u00e0ctica docent i el desenvolupament professional<\/strong>.<\/a><\/h2>\n\n\n\n<p class=\"has-ast-global-color-3-color has-ast-global-color-4-background-color has-text-color has-background has-link-color wp-elements-fb80456c75913150eaaffdbafc44e203\">Col\u00b7labora en la creaci\u00f3 i difusi\u00f3 de recursos amb IA, publica investigacions, utilitza dades per millorar el seu progr\u00e9s professional i assessora altres docents en l\u2019\u00fas avan\u00e7at de la IA.<\/p>\n\n\n\n<p><strong>Indicadors<\/strong><\/p>\n\n\n\n<p><strong>4.C.2.1<\/strong><a href=\"https:\/\/projectes.xtec.cat\/ia\/competencia-digital-docent-intelligencia-artificial\/dimensio-4-desenvolupament-professional-ia\/d4-etapa-avancada\/4-c-2-foment-de-lus-de-la-ia-en-la-millora-de-la-practica-docent-i-el-desenvolupament-professional\/4c21-col-labora-amb-altres-professionals-per-la-creacio\/\">. \ud83d\udee0\ufe0f Col\u00b7labora amb altres professionals per crear una col\u00b7lecci\u00f3 d\u2019eines d\u2019IA adients per a diversos col\u00b7lectius docents.<\/a><br><br><strong>4.C.2.2<\/strong>. \ud83d\udee0\ufe0f <a href=\"https:\/\/projectes.xtec.cat\/ia\/competencia-digital-docent-intelligencia-artificial\/dimensio-4-desenvolupament-professional-ia\/d4-etapa-avancada\/4-c-2-foment-de-lus-de-la-ia-en-la-millora-de-la-practica-docent-i-el-desenvolupament-professional\/4c22-comparteix-recursos-i-experiencies-avancades-sobre-l-us\/\">Comparteix recursos i experi\u00e8ncies avan\u00e7ades sobre l\u2019\u00fas de la IA per a la millora de la pr\u00e0ctica docent.<\/a><br><br><strong>4.C.2.3<\/strong>. \ud83d\udee0\ufe0f <a href=\"https:\/\/projectes.xtec.cat\/ia\/competencia-digital-docent-intelligencia-artificial\/dimensio-4-desenvolupament-professional-ia\/d4-etapa-avancada\/4-c-2-foment-de-lus-de-la-ia-en-la-millora-de-la-practica-docent-i-el-desenvolupament-professional\/4c23-fa-servir-eines-d-ia-per-recopilar-i\/\">Fa servir eines d\u2019IA per recopilar i interpretar dades amb la finalitat de detectar mancances formatives del claustre i proposar plans de formaci\u00f3.<\/a><\/p>\n\n\n\n<p><strong>4.C.2.4<\/strong>. \ud83d\udee0\ufe0f <a href=\"https:\/\/projectes.xtec.cat\/ia\/competencia-digital-docent-intelligencia-artificial\/dimensio-4-desenvolupament-professional-ia\/d4-etapa-avancada\/4-c-2-foment-de-lus-de-la-ia-en-la-millora-de-la-practica-docent-i-el-desenvolupament-professional\/4c24-dissenya-amb-ia-instruments-de-seguiment-i-avaluacio\/\">Dissenya, amb IA, instruments de seguiment i avaluaci\u00f3 del progr\u00e9s professional i els comparteix amb la comunitat educativa.<\/a><\/p>\n\n\n\n<p><strong>4.C.2.5<\/strong>. \ud83d\udee0\ufe0f <a href=\"https:\/\/projectes.xtec.cat\/ia\/competencia-digital-docent-intelligencia-artificial\/dimensio-4-desenvolupament-professional-ia\/d4-etapa-avancada\/4-c-2-foment-de-lus-de-la-ia-en-la-millora-de-la-practica-docent-i-el-desenvolupament-professional\/4c25-assessora-altres-docents-imparteix-formacions-fa-publicacions-o-2\/\">Assessora altres docents, imparteix formacions, fa publicacions o participa activament en xarxes professionals docents sobre l\u2019\u00fas de la IA en la millora de la pr\u00e0ctica docent i el desenvolupament professional<\/a>.<\/p>\n<\/div>\n<\/div>\n\n\n\n<div style=\"height:69px\" aria-hidden=\"true\" class=\"wp-block-spacer\"><\/div>\n","protected":false},"excerpt":{"rendered":"<p>Els indicadors d&#8217;aquesta etapa reflecteixen una maduresa professional en qu\u00e8 el docent utilitza la IA per impulsar el creixement propi i col\u00b7lectiu. Col\u00b7labora amb altres professionals per crear recursos \u00fatils per a diversos perfils docents, comparteix pr\u00e0ctiques avan\u00e7ades i dissenya instruments d\u2019avaluaci\u00f3 amb IA per seguir-ne el progr\u00e9s. Alhora, assumeix un paper actiu en la comunitat educativa oferint assessorament i formacions i difonent coneixement que pot ajudar a fer cr\u00e9ixer [&hellip;]<\/p>\n","protected":false},"author":1,"featured_media":0,"parent":10454,"menu_order":0,"comment_status":"closed","ping_status":"close","template":"","meta":{"site-sidebar-layout":"left-sidebar","site-content-layout":"","ast-site-content-layout":"default","site-content-style":"default","site-sidebar-style":"default","ast-global-header-display":"","ast-banner-title-visibility":"","ast-main-header-display":"","ast-hfb-above-header-display":"","ast-hfb-below-header-display":"","ast-hfb-mobile-header-display":"","site-post-title":"","ast-breadcrumbs-content":"","ast-featured-img":"","footer-sml-layout":"","theme-transparent-header-meta":"","adv-header-id-meta":"","stick-header-meta":"","header-above-stick-meta":"","header-main-stick-meta":"","header-below-stick-meta":"","astra-migrate-meta-layouts":"set","ast-page-background-enabled":"default","ast-page-background-meta":{"desktop":{"background-color":"var(--ast-global-color-4)","background-image":"","background-repeat":"repeat","background-position":"center center","background-size":"auto","background-attachment":"scroll","background-type":"","background-media":"","overlay-type":"","overlay-color":"","overlay-opacity":"","overlay-gradient":""},"tablet":{"background-color":"","background-image":"","background-repeat":"repeat","background-position":"center center","background-size":"auto","background-attachment":"scroll","background-type":"","background-media":"","overlay-type":"","overlay-color":"","overlay-opacity":"","overlay-gradient":""},"mobile":{"background-color":"","background-image":"","background-repeat":"repeat","background-position":"center center","background-size":"auto","background-attachment":"scroll","background-type":"","background-media":"","overlay-type":"","overlay-color":"","overlay-opacity":"","overlay-gradient":""}},"ast-content-background-meta":{"desktop":{"background-color":"var(--ast-global-color-5)","background-image":"","background-repeat":"repeat","background-position":"center center","background-size":"auto","background-attachment":"scroll","background-type":"","background-media":"","overlay-type":"","overlay-color":"","overlay-opacity":"","overlay-gradient":""},"tablet":{"background-color":"var(--ast-global-color-5)","background-image":"","background-repeat":"repeat","background-position":"center center","background-size":"auto","background-attachment":"scroll","background-type":"","background-media":"","overlay-type":"","overlay-color":"","overlay-opacity":"","overlay-gradient":""},"mobile":{"background-color":"var(--ast-global-color-5)","background-image":"","background-repeat":"repeat","background-position":"center center","background-size":"auto","background-attachment":"scroll","background-type":"","background-media":"","overlay-type":"","overlay-color":"","overlay-opacity":"","overlay-gradient":""}},"footnotes":""},"class_list":["post-11897","page","type-page","status-publish","hentry"],"post_mailing_queue_ids":[],"_links":{"self":[{"href":"https:\/\/projectes.xtec.cat\/ia\/wp-json\/wp\/v2\/pages\/11897","targetHints":{"allow":["GET"]}}],"collection":[{"href":"https:\/\/projectes.xtec.cat\/ia\/wp-json\/wp\/v2\/pages"}],"about":[{"href":"https:\/\/projectes.xtec.cat\/ia\/wp-json\/wp\/v2\/types\/page"}],"author":[{"embeddable":true,"href":"https:\/\/projectes.xtec.cat\/ia\/wp-json\/wp\/v2\/users\/1"}],"replies":[{"embeddable":true,"href":"https:\/\/projectes.xtec.cat\/ia\/wp-json\/wp\/v2\/comments?post=11897"}],"version-history":[{"count":6,"href":"https:\/\/projectes.xtec.cat\/ia\/wp-json\/wp\/v2\/pages\/11897\/revisions"}],"predecessor-version":[{"id":12795,"href":"https:\/\/projectes.xtec.cat\/ia\/wp-json\/wp\/v2\/pages\/11897\/revisions\/12795"}],"up":[{"embeddable":true,"href":"https:\/\/projectes.xtec.cat\/ia\/wp-json\/wp\/v2\/pages\/10454"}],"wp:attachment":[{"href":"https:\/\/projectes.xtec.cat\/ia\/wp-json\/wp\/v2\/media?parent=11897"}],"curies":[{"name":"wp","href":"https:\/\/api.w.org\/{rel}","templated":true}]}}