{"id":12032,"date":"2025-11-19T09:16:54","date_gmt":"2025-11-19T08:16:54","guid":{"rendered":"https:\/\/projectes.xtec.cat\/ia\/?page_id=12032"},"modified":"2026-01-11T22:57:58","modified_gmt":"2026-01-11T21:57:58","slug":"2-a-3-us-etic-de-la-ia","status":"publish","type":"page","link":"https:\/\/projectes.xtec.cat\/ia\/competencia-digital-docent-intelligencia-artificial\/dimensio2-visio-humanista-de-la-ia\/d2-etapa-basica\/2-a-3-us-etic-de-la-ia\/","title":{"rendered":"2.A.3.\u00das \u00e8tic de la IA"},"content":{"rendered":"\n<p>Reconeix els valors \u00e8tics implicats en l\u2019\u00fas de la IA, com els drets fonamentals, la transpar\u00e8ncia i l\u2019explicabilitat, la just\u00edcia i l\u2019equitat, la seguretat i la no malefic\u00e8ncia, la responsabilitat i la rendici\u00f3 de comptes, la privacitat, l\u2019autonomia i la sostenibilitat.<\/p>\n\n\n\n<p><strong>Indicadors<\/strong><\/p>\n\n\n\n<p><strong>2.A.3.1<\/strong> <a href=\"https:\/\/projectes.xtec.cat\/ia\/competencia-digital-docent-intelligencia-artificial\/dimensio2-visio-humanista-de-la-ia\/d2-etapa-basica\/2-a-3-us-etic-de-la-ia\/2-a-3-1-identifica-els-valors-etics-els-drets-fonamentals-els-principis-i-els-valors-democratics-la-diversitat-cultural-i-social-lequitat-la-bretxa-digital-la-proporcionalitatg-l\/\">\ud83d\udee0\ufe0f<\/a> <a href=\"https:\/\/projectes.xtec.cat\/ia\/competencia-digital-docent-intelligencia-artificial\/dimensio2-visio-humanista-de-la-ia\/d2-etapa-basica\/2-a-3-us-etic-de-la-ia\/2-a-3-1-identifica-els-valors-etics-els-drets-fonamentals-els-principis-i-els-valors-democratics-la-diversitat-cultural-i-social-lequitat-la-bretxa-digital-la-proporcionalitatg-l\/\">Identifica els valors \u00e8tics (els drets fonamentals, els principis i els valors democr\u00e0tics, la diversitat cultural i social, l\u2019equitat, la bretxa digital, la proporcionalitat, l\u2019impacte social i laboral, etc.) en l\u2019\u00fas de la IA.<\/a><\/p>\n\n\n\n<p><strong>2.A.3.2.<\/strong> \ud83d\udfe9 <a href=\"https:\/\/projectes.xtec.cat\/ia\/competencia-digital-docent-intelligencia-artificial\/dimensio2-visio-humanista-de-la-ia\/d2-etapa-basica\/2-a-3-us-etic-de-la-ia\/2a32-es-conscient-de-l-impacte-que-te-l\/\" data-type=\"link\" data-id=\"https:\/\/projectes.xtec.cat\/ia\/competencia-digital-docent-intelligencia-artificial\/dimensio2-visio-humanista-de-la-ia\/d2-etapa-basica\/2-3-2-es-conscient-de-limpacte-que-te-lus-de-la-ia-en-el-medi-ambient-coneixent-la-seva-petjada-ecologica-i-energetica\/\">\u00c9s conscient de l\u2019impacte que t\u00e9 l\u2019\u00fas de la IA en el medi ambient, en coneix la petjada ecol\u00f2gica i energ\u00e8tica i en limita l\u2019\u00fas a situacions en qu\u00e8 aporti un valor significatiu.<\/a><\/p>\n\n\n\n<p><strong>2.A.3.3<\/strong> <a href=\"https:\/\/projectes.xtec.cat\/ia\/competencia-digital-docent-intelligencia-artificial\/dimensio2-visio-humanista-de-la-ia\/d2-etapa-basica\/2-a-3-us-etic-de-la-ia\/2-a-3-3-coneix-que-es-la-justicia-algoritmica-g-i-aplica-estrategies-de-correccio-o-cerca-alternatives-mes-etiques-quan-els-resultats-de-la-ia-vulneren-drets-fonamentals-la-diversitat-cultural-i-soci\/\">\ud83d\udee0\ufe0f<\/a> <a href=\"https:\/\/projectes.xtec.cat\/ia\/competencia-digital-docent-intelligencia-artificial\/dimensio2-visio-humanista-de-la-ia\/d2-etapa-basica\/2-a-3-us-etic-de-la-ia\/2-a-3-3-coneix-que-es-la-justicia-algoritmica-g-i-aplica-estrategies-de-correccio-o-cerca-alternatives-mes-etiques-quan-els-resultats-de-la-ia-vulneren-drets-fonamentals-la-diversitat-cultural-i-soci\/\">Coneix qu\u00e8 \u00e9s la just\u00edcia algor\u00edtmica i aplica estrat\u00e8gies de correcci\u00f3 o cerca alternatives m\u00e9s \u00e8tiques quan els resultats de la IA vulneren drets fonamentals, la diversitat cultural i social o generen discriminacions segons criteris d\u2019equitat i inclusi\u00f3.<\/a><\/p>\n\n\n\n<p><strong>2.A.3.4<\/strong> <a href=\"https:\/\/projectes.xtec.cat\/ia\/competencia-digital-docent-intelligencia-artificial\/dimensio2-visio-humanista-de-la-ia\/d2-etapa-basica\/2-a-3-us-etic-de-la-ia\/2-a-3-4-vetlla-pel-respecte-a-la-propietat-intellectual-i-als-drets-dautoria-en-els-materials-facilitats-a-eines-dia-com-ara-textos-imatges-o-treballs-de-lalumnat\/\">\ud83d\udee0\ufe0f<\/a> <a href=\"https:\/\/projectes.xtec.cat\/ia\/competencia-digital-docent-intelligencia-artificial\/dimensio2-visio-humanista-de-la-ia\/d2-etapa-basica\/2-a-3-us-etic-de-la-ia\/2-a-3-4-vetlla-pel-respecte-a-la-propietat-intellectual-i-als-drets-dautoria-en-els-materials-facilitats-a-eines-dia-com-ara-textos-imatges-o-treballs-de-lalumnat\/\">Vetlla pel respecte a la propietat intel\u00b7lectual i als drets d\u2019autoria en els materials facilitats a eines d\u2019IA, com ara textos, imatges o treballs de l\u2019alumnat.<\/a><\/p>\n\n\n\n<p><strong>2.A.3.5<\/strong> <a href=\"https:\/\/projectes.xtec.cat\/ia\/competencia-digital-docent-intelligencia-artificial\/dimensio2-visio-humanista-de-la-ia\/d2-etapa-basica\/2-a-1-comprensio-de-lagencia-humana\/2-a-1-2-enten-els-riscos-duna-dependencia-excessiva-de-la-ia-com-ara-la-delegacio-cognitivag-i-lacompanyament-inadequat-en-lambit-emocional-o-psicologic\/\">\ud83d\udfe8<\/a> <a href=\"https:\/\/projectes.xtec.cat\/ia\/competencia-digital-docent-intelligencia-artificial\/dimensio2-visio-humanista-de-la-ia\/d2-etapa-basica\/2-a-3-us-etic-de-la-ia\/2-a-3-5-informa-de-manera-transparent-quan-el-contingut-ha-estat-generat-totalment-o-parcialment-amb-eines-dia\/\">Informa de manera transparent quan el contingut ha estat generat totalment o parcialment amb eines d\u2019IA.<\/a><\/p>\n\n\n\n<div style=\"height:100px\" aria-hidden=\"true\" class=\"wp-block-spacer\"><\/div>\n","protected":false},"excerpt":{"rendered":"<p>Reconeix els valors \u00e8tics implicats en l\u2019\u00fas de la IA, com els drets fonamentals, la transpar\u00e8ncia i l\u2019explicabilitat, la just\u00edcia i l\u2019equitat, la seguretat i la no malefic\u00e8ncia, la responsabilitat i la rendici\u00f3 de comptes, la privacitat, l\u2019autonomia i la sostenibilitat.<\/p>\n","protected":false},"author":1,"featured_media":0,"parent":11290,"menu_order":0,"comment_status":"closed","ping_status":"close","template":"","meta":{"site-sidebar-layout":"default","site-content-layout":"","ast-site-content-layout":"default","site-content-style":"default","site-sidebar-style":"default","ast-global-header-display":"","ast-banner-title-visibility":"","ast-main-header-display":"","ast-hfb-above-header-display":"","ast-hfb-below-header-display":"","ast-hfb-mobile-header-display":"","site-post-title":"","ast-breadcrumbs-content":"","ast-featured-img":"","footer-sml-layout":"","theme-transparent-header-meta":"","adv-header-id-meta":"","stick-header-meta":"","header-above-stick-meta":"","header-main-stick-meta":"","header-below-stick-meta":"","astra-migrate-meta-layouts":"set","ast-page-background-enabled":"default","ast-page-background-meta":{"desktop":{"background-color":"var(--ast-global-color-4)","background-image":"","background-repeat":"repeat","background-position":"center center","background-size":"auto","background-attachment":"scroll","background-type":"","background-media":"","overlay-type":"","overlay-color":"","overlay-opacity":"","overlay-gradient":""},"tablet":{"background-color":"","background-image":"","background-repeat":"repeat","background-position":"center center","background-size":"auto","background-attachment":"scroll","background-type":"","background-media":"","overlay-type":"","overlay-color":"","overlay-opacity":"","overlay-gradient":""},"mobile":{"background-color":"","background-image":"","background-repeat":"repeat","background-position":"center center","background-size":"auto","background-attachment":"scroll","background-type":"","background-media":"","overlay-type":"","overlay-color":"","overlay-opacity":"","overlay-gradient":""}},"ast-content-background-meta":{"desktop":{"background-color":"var(--ast-global-color-5)","background-image":"","background-repeat":"repeat","background-position":"center center","background-size":"auto","background-attachment":"scroll","background-type":"","background-media":"","overlay-type":"","overlay-color":"","overlay-opacity":"","overlay-gradient":""},"tablet":{"background-color":"var(--ast-global-color-5)","background-image":"","background-repeat":"repeat","background-position":"center center","background-size":"auto","background-attachment":"scroll","background-type":"","background-media":"","overlay-type":"","overlay-color":"","overlay-opacity":"","overlay-gradient":""},"mobile":{"background-color":"var(--ast-global-color-5)","background-image":"","background-repeat":"repeat","background-position":"center center","background-size":"auto","background-attachment":"scroll","background-type":"","background-media":"","overlay-type":"","overlay-color":"","overlay-opacity":"","overlay-gradient":""}},"footnotes":""},"class_list":["post-12032","page","type-page","status-publish","hentry"],"post_mailing_queue_ids":[],"_links":{"self":[{"href":"https:\/\/projectes.xtec.cat\/ia\/wp-json\/wp\/v2\/pages\/12032","targetHints":{"allow":["GET"]}}],"collection":[{"href":"https:\/\/projectes.xtec.cat\/ia\/wp-json\/wp\/v2\/pages"}],"about":[{"href":"https:\/\/projectes.xtec.cat\/ia\/wp-json\/wp\/v2\/types\/page"}],"author":[{"embeddable":true,"href":"https:\/\/projectes.xtec.cat\/ia\/wp-json\/wp\/v2\/users\/1"}],"replies":[{"embeddable":true,"href":"https:\/\/projectes.xtec.cat\/ia\/wp-json\/wp\/v2\/comments?post=12032"}],"version-history":[{"count":4,"href":"https:\/\/projectes.xtec.cat\/ia\/wp-json\/wp\/v2\/pages\/12032\/revisions"}],"predecessor-version":[{"id":12714,"href":"https:\/\/projectes.xtec.cat\/ia\/wp-json\/wp\/v2\/pages\/12032\/revisions\/12714"}],"up":[{"embeddable":true,"href":"https:\/\/projectes.xtec.cat\/ia\/wp-json\/wp\/v2\/pages\/11290"}],"wp:attachment":[{"href":"https:\/\/projectes.xtec.cat\/ia\/wp-json\/wp\/v2\/media?parent=12032"}],"curies":[{"name":"wp","href":"https:\/\/api.w.org\/{rel}","templated":true}]}}