{"id":12144,"date":"2025-11-19T12:22:07","date_gmt":"2025-11-19T11:22:07","guid":{"rendered":"https:\/\/projectes.xtec.cat\/ia\/?page_id=12144"},"modified":"2026-04-22T08:12:29","modified_gmt":"2026-04-22T06:12:29","slug":"3-a-3-3-coneix-les-caracteristiques-dels-textos-generats-amb-ia-explora-eines-de-revisio-dhistorial-dactivitat-i-deteccio-de-contingut-generat-amb-ia-i-en-valora-la-fiabilitat-aixi","status":"publish","type":"page","link":"https:\/\/projectes.xtec.cat\/ia\/competencia-digital-docent-intelligencia-artificial\/dimensio3-pedagogia-ia\/d3-etapa-basica\/3-a-3-seguiment-i-avaluacio-amb-suport-basic-de-la-ia\/3-a-3-3-coneix-les-caracteristiques-dels-textos-generats-amb-ia-explora-eines-de-revisio-dhistorial-dactivitat-i-deteccio-de-contingut-generat-amb-ia-i-en-valora-la-fiabilitat-aixi\/","title":{"rendered":"3.A.3.3 Coneix les caracter\u00edstiques dels textos generats amb IA. Explora eines de revisi\u00f3 d\u2019historial d\u2019activitat i detecci\u00f3 de contingut generat amb IA i en valora la fiabilitat, aix\u00ed com el respecte a la privacitat i als drets de propietat intel\u00b7lectual dels continguts examinats."},"content":{"rendered":"\n<h2 class=\"wp-block-heading\">Dec\u00e0leg de caracter\u00edstiques habituals en textos generats amb IA<\/h2>\n\n\n\n<ol class=\"wp-block-list\">\n<li>Fonts acad\u00e8miques incorrectes. La IA inclou amb una certa freq\u00fc\u00e8ncia fonts inexistents o incorrectes.<\/li>\n\n\n\n<li>Fonts acad\u00e8miques d\u2019un context massa elevat per l\u2019alumnat.\u00a0<\/li>\n\n\n\n<li>La IA tendeix a escriure amb un to neutre: frases equilibrades i poca variaci\u00f3 d\u2019estil.<\/li>\n\n\n\n<li>Falta la veu personal de l\u2019alumne: no hi ha gaires opinions, experi\u00e8ncies, an\u00e8cdotes ni girs personals.<\/li>\n\n\n\n<li>Pocs exemples locals o viv\u00e8ncies pr\u00f2pies; manca de dades concretes (dates, fonts).<\/li>\n\n\n\n<li>Par\u00e0grafs sim\u00e8trics, longituds semblants, molt ben estructurat. A difer\u00e8ncia d\u2019un alumne real, no hi ha idees inconnexes, incoher\u00e8ncies o frases a mig pensar.<\/li>\n\n\n\n<li>Abs\u00e8ncia de faltes ortogr\u00e0fiques, sint\u00e0ctiques, castellanismes o argot adolescent.<\/li>\n\n\n\n<li>Dins d\u2019un mateix text, hi ha varietat de connectors (mentre que l\u2019alumnat tendeix a repetir connectors) per\u00f2 la IA tendeix a utilitzar sempre els mateixos connectors d\u2019inici de par\u00e0graf (\u201cA m\u00e9s\u2026\u201d, \u201cPer tant\u2026\u201d) i de tancament (\u201cEn conclusi\u00f3, \u201cEn resum\u201d, \u201cCal destacar que\u201d, etc.)<\/li>\n\n\n\n<li>Idees repetides expressades de diferents maneres. L\u2019alumnat no acostuma a inflar el text d\u2019aquesta manera. En general, nom\u00e9s sap expressar una idea d\u2019una sola manera.<\/li>\n\n\n\n<li>Els textos sempre acaben amb una conclusi\u00f3 que sintetitza el text. L\u2019alumnat no est\u00e0 acostumat a fer una recapitulaci\u00f3 i si ho fa, no \u00e9s exhaustiva, es focalitza en algunes idees i no inclou d\u2019altres.<\/li>\n<\/ol>\n\n\n\n<h2 class=\"wp-block-heading\">Eines de revisi\u00f3 d&#8217;historial d&#8217;edici\u00f3 <\/h2>\n\n\n\n<ul class=\"wp-block-list\">\n<li>Revision History (explicaci\u00f3 en construcci\u00f3)<\/li>\n<\/ul>\n\n\n\n<div style=\"height:48px\" aria-hidden=\"true\" class=\"wp-block-spacer\"><\/div>\n","protected":false},"excerpt":{"rendered":"<p>Dec\u00e0leg de caracter\u00edstiques habituals en textos generats amb IA Eines de revisi\u00f3 d&#8217;historial d&#8217;edici\u00f3<\/p>\n","protected":false},"author":1,"featured_media":0,"parent":12137,"menu_order":0,"comment_status":"closed","ping_status":"close","template":"","meta":{"site-sidebar-layout":"default","site-content-layout":"","ast-site-content-layout":"default","site-content-style":"default","site-sidebar-style":"default","ast-global-header-display":"","ast-banner-title-visibility":"","ast-main-header-display":"","ast-hfb-above-header-display":"","ast-hfb-below-header-display":"","ast-hfb-mobile-header-display":"","site-post-title":"","ast-breadcrumbs-content":"","ast-featured-img":"","footer-sml-layout":"","theme-transparent-header-meta":"","adv-header-id-meta":"","stick-header-meta":"","header-above-stick-meta":"","header-main-stick-meta":"","header-below-stick-meta":"","astra-migrate-meta-layouts":"set","ast-page-background-enabled":"default","ast-page-background-meta":{"desktop":{"background-color":"var(--ast-global-color-4)","background-image":"","background-repeat":"repeat","background-position":"center center","background-size":"auto","background-attachment":"scroll","background-type":"","background-media":"","overlay-type":"","overlay-color":"","overlay-opacity":"","overlay-gradient":""},"tablet":{"background-color":"","background-image":"","background-repeat":"repeat","background-position":"center center","background-size":"auto","background-attachment":"scroll","background-type":"","background-media":"","overlay-type":"","overlay-color":"","overlay-opacity":"","overlay-gradient":""},"mobile":{"background-color":"","background-image":"","background-repeat":"repeat","background-position":"center center","background-size":"auto","background-attachment":"scroll","background-type":"","background-media":"","overlay-type":"","overlay-color":"","overlay-opacity":"","overlay-gradient":""}},"ast-content-background-meta":{"desktop":{"background-color":"var(--ast-global-color-5)","background-image":"","background-repeat":"repeat","background-position":"center center","background-size":"auto","background-attachment":"scroll","background-type":"","background-media":"","overlay-type":"","overlay-color":"","overlay-opacity":"","overlay-gradient":""},"tablet":{"background-color":"var(--ast-global-color-5)","background-image":"","background-repeat":"repeat","background-position":"center center","background-size":"auto","background-attachment":"scroll","background-type":"","background-media":"","overlay-type":"","overlay-color":"","overlay-opacity":"","overlay-gradient":""},"mobile":{"background-color":"var(--ast-global-color-5)","background-image":"","background-repeat":"repeat","background-position":"center center","background-size":"auto","background-attachment":"scroll","background-type":"","background-media":"","overlay-type":"","overlay-color":"","overlay-opacity":"","overlay-gradient":""}},"footnotes":""},"class_list":["post-12144","page","type-page","status-publish","hentry"],"post_mailing_queue_ids":[],"_links":{"self":[{"href":"https:\/\/projectes.xtec.cat\/ia\/wp-json\/wp\/v2\/pages\/12144","targetHints":{"allow":["GET"]}}],"collection":[{"href":"https:\/\/projectes.xtec.cat\/ia\/wp-json\/wp\/v2\/pages"}],"about":[{"href":"https:\/\/projectes.xtec.cat\/ia\/wp-json\/wp\/v2\/types\/page"}],"author":[{"embeddable":true,"href":"https:\/\/projectes.xtec.cat\/ia\/wp-json\/wp\/v2\/users\/1"}],"replies":[{"embeddable":true,"href":"https:\/\/projectes.xtec.cat\/ia\/wp-json\/wp\/v2\/comments?post=12144"}],"version-history":[{"count":4,"href":"https:\/\/projectes.xtec.cat\/ia\/wp-json\/wp\/v2\/pages\/12144\/revisions"}],"predecessor-version":[{"id":13304,"href":"https:\/\/projectes.xtec.cat\/ia\/wp-json\/wp\/v2\/pages\/12144\/revisions\/13304"}],"up":[{"embeddable":true,"href":"https:\/\/projectes.xtec.cat\/ia\/wp-json\/wp\/v2\/pages\/12137"}],"wp:attachment":[{"href":"https:\/\/projectes.xtec.cat\/ia\/wp-json\/wp\/v2\/media?parent=12144"}],"curies":[{"name":"wp","href":"https:\/\/api.w.org\/{rel}","templated":true}]}}