{"id":12200,"date":"2025-11-19T14:18:46","date_gmt":"2025-11-19T13:18:46","guid":{"rendered":"https:\/\/projectes.xtec.cat\/ia\/?page_id=12200"},"modified":"2025-11-19T14:18:46","modified_gmt":"2025-11-19T13:18:46","slug":"3-b-3-4-utilitza-eines-dia-validades-per-la-institucio-de-referencia-per-a-la-presa-de-decisions-pedagogiques-a-partir-de-la-deteccio-de-patrons-i-lanalisi-predictiva-del-rendiment-a","status":"publish","type":"page","link":"https:\/\/projectes.xtec.cat\/ia\/competencia-digital-docent-intelligencia-artificial\/dimensio3-pedagogia-ia\/d3-etapa-intermedia\/3-b-3-avaluacio-formativa-i-analitica-de-dades-amb-suport-de-la-ia\/3-b-3-4-utilitza-eines-dia-validades-per-la-institucio-de-referencia-per-a-la-presa-de-decisions-pedagogiques-a-partir-de-la-deteccio-de-patrons-i-lanalisi-predictiva-del-rendiment-a\/","title":{"rendered":"3.B.3.4 Utilitza eines d\u2019IA validades per la instituci\u00f3 de refer\u00e8ncia per a la presa de decisions pedag\u00f2giques a partir de la detecci\u00f3 de patrons i l\u2019an\u00e0lisi predictiva del rendiment acad\u00e8mic."},"content":{"rendered":"","protected":false},"excerpt":{"rendered":"","protected":false},"author":1,"featured_media":0,"parent":12188,"menu_order":0,"comment_status":"closed","ping_status":"close","template":"","meta":{"site-sidebar-layout":"default","site-content-layout":"","ast-site-content-layout":"default","site-content-style":"default","site-sidebar-style":"default","ast-global-header-display":"","ast-banner-title-visibility":"","ast-main-header-display":"","ast-hfb-above-header-display":"","ast-hfb-below-header-display":"","ast-hfb-mobile-header-display":"","site-post-title":"","ast-breadcrumbs-content":"","ast-featured-img":"","footer-sml-layout":"","theme-transparent-header-meta":"","adv-header-id-meta":"","stick-header-meta":"","header-above-stick-meta":"","header-main-stick-meta":"","header-below-stick-meta":"","astra-migrate-meta-layouts":"set","ast-page-background-enabled":"default","ast-page-background-meta":{"desktop":{"background-color":"var(--ast-global-color-4)","background-image":"","background-repeat":"repeat","background-position":"center center","background-size":"auto","background-attachment":"scroll","background-type":"","background-media":"","overlay-type":"","overlay-color":"","overlay-opacity":"","overlay-gradient":""},"tablet":{"background-color":"","background-image":"","background-repeat":"repeat","background-position":"center center","background-size":"auto","background-attachment":"scroll","background-type":"","background-media":"","overlay-type":"","overlay-color":"","overlay-opacity":"","overlay-gradient":""},"mobile":{"background-color":"","background-image":"","background-repeat":"repeat","background-position":"center center","background-size":"auto","background-attachment":"scroll","background-type":"","background-media":"","overlay-type":"","overlay-color":"","overlay-opacity":"","overlay-gradient":""}},"ast-content-background-meta":{"desktop":{"background-color":"var(--ast-global-color-5)","background-image":"","background-repeat":"repeat","background-position":"center center","background-size":"auto","background-attachment":"scroll","background-type":"","background-media":"","overlay-type":"","overlay-color":"","overlay-opacity":"","overlay-gradient":""},"tablet":{"background-color":"var(--ast-global-color-5)","background-image":"","background-repeat":"repeat","background-position":"center center","background-size":"auto","background-attachment":"scroll","background-type":"","background-media":"","overlay-type":"","overlay-color":"","overlay-opacity":"","overlay-gradient":""},"mobile":{"background-color":"var(--ast-global-color-5)","background-image":"","background-repeat":"repeat","background-position":"center center","background-size":"auto","background-attachment":"scroll","background-type":"","background-media":"","overlay-type":"","overlay-color":"","overlay-opacity":"","overlay-gradient":""}},"footnotes":""},"class_list":["post-12200","page","type-page","status-publish","hentry"],"post_mailing_queue_ids":[],"_links":{"self":[{"href":"https:\/\/projectes.xtec.cat\/ia\/wp-json\/wp\/v2\/pages\/12200","targetHints":{"allow":["GET"]}}],"collection":[{"href":"https:\/\/projectes.xtec.cat\/ia\/wp-json\/wp\/v2\/pages"}],"about":[{"href":"https:\/\/projectes.xtec.cat\/ia\/wp-json\/wp\/v2\/types\/page"}],"author":[{"embeddable":true,"href":"https:\/\/projectes.xtec.cat\/ia\/wp-json\/wp\/v2\/users\/1"}],"replies":[{"embeddable":true,"href":"https:\/\/projectes.xtec.cat\/ia\/wp-json\/wp\/v2\/comments?post=12200"}],"version-history":[{"count":1,"href":"https:\/\/projectes.xtec.cat\/ia\/wp-json\/wp\/v2\/pages\/12200\/revisions"}],"predecessor-version":[{"id":12201,"href":"https:\/\/projectes.xtec.cat\/ia\/wp-json\/wp\/v2\/pages\/12200\/revisions\/12201"}],"up":[{"embeddable":true,"href":"https:\/\/projectes.xtec.cat\/ia\/wp-json\/wp\/v2\/pages\/12188"}],"wp:attachment":[{"href":"https:\/\/projectes.xtec.cat\/ia\/wp-json\/wp\/v2\/media?parent=12200"}],"curies":[{"name":"wp","href":"https:\/\/api.w.org\/{rel}","templated":true}]}}