{"id":12454,"date":"2025-12-02T12:01:07","date_gmt":"2025-12-02T11:01:07","guid":{"rendered":"https:\/\/projectes.xtec.cat\/ia\/?page_id=12454"},"modified":"2026-03-15T09:19:56","modified_gmt":"2026-03-15T08:19:56","slug":"jornada-ia-docents-25","status":"publish","type":"page","link":"https:\/\/projectes.xtec.cat\/ia\/jornada-ia-docents-25\/","title":{"rendered":"Jornada Compet\u00e8ncia Digital Docent en Intel\u00b7lig\u00e8ncia Artificial"},"content":{"rendered":"\n<div class=\"wp-block-getwid-section alignwide alignwide\"><div class=\"wp-block-getwid-section__wrapper\"><div class=\"wp-block-getwid-section__inner-wrapper\"><div class=\"wp-block-getwid-section__background-holder\"><div class=\"wp-block-getwid-section__background\"><\/div><div class=\"wp-block-getwid-section__foreground\"><\/div><\/div><div class=\"wp-block-getwid-section__content\"><div class=\"wp-block-getwid-section__inner-content\">\n<p>El 13 de gener de 2026, a les 16:30, es presentar\u00e0 el document de la<strong> Compet\u00e8ncia digital docent en intel\u00b7lig\u00e8ncia artificial<\/strong>, que recull els coneixements, habilitats i actituds que han de tenir els docents per integrar, de manera reflexionada, \u00e8tica i responsable, la intel\u00b7lig\u00e8ncia artificial a l\u2019aula.&nbsp;<\/p>\n\n\n\n<p>Auditori Meier, MACBA, Pla\u00e7a dels \u00c0ngels, 1, Barcelona. <\/p>\n\n\n\n<div class=\"wp-block-columns is-layout-flex wp-container-core-columns-is-layout-1 wp-block-columns-is-layout-flex\">\n<div class=\"wp-block-column is-layout-flow wp-block-column-is-layout-flow\" style=\"flex-basis:70%\">\n<p class=\"has-medium-font-size\">Emissi\u00f3 en l\u00ednia<\/p>\n\n\n\n<figure class=\"wp-block-embed is-type-video is-provider-youtube wp-block-embed-youtube wp-embed-aspect-16-9 wp-has-aspect-ratio\"><div class=\"wp-block-embed__wrapper\">\n<div class=\"ast-oembed-container \" style=\"height: 100%;\"><iframe loading=\"lazy\" title=\"Compet\u00e8ncia digital docent en intel\u00b7lig\u00e8ncia artificial\" width=\"500\" height=\"281\" src=\"https:\/\/www.youtube.com\/embed\/etzt1SRmo0c?feature=oembed\" frameborder=\"0\" allow=\"accelerometer; autoplay; clipboard-write; encrypted-media; gyroscope; picture-in-picture; web-share\" referrerpolicy=\"strict-origin-when-cross-origin\" allowfullscreen><\/iframe><\/div>\n<\/div><\/figure>\n<\/div>\n\n\n\n<div class=\"wp-block-column is-layout-flow wp-block-column-is-layout-flow\" style=\"flex-basis:33.33%\">\n<p class=\"has-medium-font-size\">Document<\/p>\n\n\n\n<figure class=\"wp-block-image aligncenter size-full is-resized has-custom-border\"><a href=\"https:\/\/educacio.gencat.cat\/web\/.content\/home\/departament\/publicacions\/monografies\/mon-digital\/competencia-digital-docent-intelligencia-artificial\/competencia-docent-ia.pdf\" target=\"_blank\" rel=\" noreferrer noopener\"><img loading=\"lazy\" decoding=\"async\" width=\"517\" height=\"733\" src=\"https:\/\/projectes.xtec.cat\/ia\/wp-content\/uploads\/usu2387\/2025\/12\/portada-del-document-1.png\" alt=\"\" class=\"has-border-color has-ast-global-color-3-border-color wp-image-12517\" style=\"border-width:1px;box-shadow:var(--wp--preset--shadow--natural);width:226px;height:auto\" srcset=\"https:\/\/projectes.xtec.cat\/ia\/wp-content\/uploads\/usu2387\/2025\/12\/portada-del-document-1.png 517w, https:\/\/projectes.xtec.cat\/ia\/wp-content\/uploads\/usu2387\/2025\/12\/portada-del-document-1-212x300.png 212w\" sizes=\"auto, (max-width: 517px) 100vw, 517px\" \/><\/a><\/figure>\n\n\n\n<div class=\"wp-block-buttons is-content-justification-center is-layout-flex wp-container-core-buttons-is-layout-1 wp-block-buttons-is-layout-flex\">\n<div class=\"wp-block-button\"><a class=\"wp-block-button__link wp-element-button\" href=\"https:\/\/educacio.gencat.cat\/web\/.content\/home\/departament\/publicacions\/monografies\/mon-digital\/competencia-digital-docent-intelligencia-artificial\/competencia-docent-ia.pdf\" target=\"_blank\" rel=\"noreferrer noopener\">Descarregar<\/a><\/div>\n<\/div>\n<\/div>\n<\/div>\n<\/div><\/div><\/div><\/div><\/div>\n\n\n\n<div class=\"wp-block-getwid-section alignfull alignfull\"><div class=\"wp-block-getwid-section__wrapper\"><div class=\"wp-block-getwid-section__inner-wrapper\"><div class=\"wp-block-getwid-section__background-holder\"><div class=\"wp-block-getwid-section__background\"><\/div><div class=\"wp-block-getwid-section__foreground\"><\/div><\/div><div class=\"wp-block-getwid-section__content\"><div class=\"wp-block-getwid-section__inner-content\">\n<div class=\"wp-block-columns is-layout-flex wp-container-core-columns-is-layout-2 wp-block-columns-is-layout-flex\">\n<div class=\"wp-block-column is-layout-flow wp-block-column-is-layout-flow\" style=\"flex-basis:70%\">\n<h2 class=\"wp-block-heading\" style=\"font-size:19px\">Programa<\/h2>\n\n\n\n<ul class=\"wp-block-list\">\n<li>Parlament d&#8217;Ignasi Gim\u00e9nez Renom, secretari de Millora Educativa del Departament d&#8217;Educaci\u00f3 i Formaci\u00f3 Professional.<\/li>\n\n\n\n<li>Pon\u00e8ncia a c\u00e0rrec de C\u00e8sar Poyatos, professor de Tecnologia Educativa del Departament de Pedagogia de la Universitat Aut\u00f2noma de Madrid.<\/li>\n\n\n\n<li>Presentaci\u00f3 de document \u201cCompet\u00e8ncia digital docent en IA\u201d a c\u00e0rrec dels assessors t\u00e8cnics docents Xavier Meler i Maria Masjuan.<\/li>\n\n\n\n<li>Taula rodona amb:\n<ul class=\"wp-block-list\">\n<li>Albert Sabater. Director de la C\u00e0tedra &#8211; Observatori d\u2019\u00c8tica en Intel\u00b7lig\u00e8ncia Artificial de Catalunya (OEIAC).<\/li>\n\n\n\n<li>Margarida Romero. Professora de recerca del IIA-CSIC.<\/li>\n\n\n\n<li>Miquel \u00c0ngel Prats. Mestre, psicopedagog i Doctor en Pedagogia per la Facultat de Psicologia, Ci\u00e8ncies de l\u2019Educaci\u00f3 i de l\u2019Esport Blanquerna de la Universitat Ramon Llull de Barcelona.<\/li>\n\n\n\n<li>Modera: Roser Cuss\u00f3. Cap de  l\u2019\u00c0rea de Tecnologia Educativa i Digitalitzaci\u00f3 Responsable del Departament d&#8217;Educaci\u00f3 i Formaci\u00f3 Professional.<\/li>\n<\/ul>\n<\/li>\n\n\n\n<li>Clausura de l&#8217;acte a c\u00e0rrec de S\u00f2nia Fern\u00e0ndez Cuenca, directora general de Curr\u00edculum i Desenvolupament Professional del Departament d&#8217;Educaci\u00f3 i Formaci\u00f3 Professional.<\/li>\n<\/ul>\n<\/div>\n\n\n\n<div class=\"wp-block-column is-layout-flow wp-block-column-is-layout-flow\" style=\"flex-basis:33.33%\"><\/div>\n<\/div>\n<\/div><\/div><\/div><\/div><\/div>\n\n\n\n<div style=\"height:52px\" aria-hidden=\"true\" class=\"wp-block-spacer\"><\/div>\n","protected":false},"excerpt":{"rendered":"","protected":false},"author":2,"featured_media":0,"parent":0,"menu_order":0,"comment_status":"closed","ping_status":"close","template":"","meta":{"site-sidebar-layout":"default","site-content-layout":"","ast-site-content-layout":"default","site-content-style":"default","site-sidebar-style":"default","ast-global-header-display":"","ast-banner-title-visibility":"","ast-main-header-display":"","ast-hfb-above-header-display":"","ast-hfb-below-header-display":"","ast-hfb-mobile-header-display":"","site-post-title":"","ast-breadcrumbs-content":"","ast-featured-img":"","footer-sml-layout":"","theme-transparent-header-meta":"","adv-header-id-meta":"","stick-header-meta":"","header-above-stick-meta":"","header-main-stick-meta":"","header-below-stick-meta":"","astra-migrate-meta-layouts":"set","ast-page-background-enabled":"default","ast-page-background-meta":{"desktop":{"background-color":"var(--ast-global-color-4)","background-image":"","background-repeat":"repeat","background-position":"center center","background-size":"auto","background-attachment":"scroll","background-type":"","background-media":"","overlay-type":"","overlay-color":"","overlay-opacity":"","overlay-gradient":""},"tablet":{"background-color":"","background-image":"","background-repeat":"repeat","background-position":"center center","background-size":"auto","background-attachment":"scroll","background-type":"","background-media":"","overlay-type":"","overlay-color":"","overlay-opacity":"","overlay-gradient":""},"mobile":{"background-color":"","background-image":"","background-repeat":"repeat","background-position":"center center","background-size":"auto","background-attachment":"scroll","background-type":"","background-media":"","overlay-type":"","overlay-color":"","overlay-opacity":"","overlay-gradient":""}},"ast-content-background-meta":{"desktop":{"background-color":"var(--ast-global-color-5)","background-image":"","background-repeat":"repeat","background-position":"center center","background-size":"auto","background-attachment":"scroll","background-type":"","background-media":"","overlay-type":"","overlay-color":"","overlay-opacity":"","overlay-gradient":""},"tablet":{"background-color":"var(--ast-global-color-5)","background-image":"","background-repeat":"repeat","background-position":"center center","background-size":"auto","background-attachment":"scroll","background-type":"","background-media":"","overlay-type":"","overlay-color":"","overlay-opacity":"","overlay-gradient":""},"mobile":{"background-color":"var(--ast-global-color-5)","background-image":"","background-repeat":"repeat","background-position":"center center","background-size":"auto","background-attachment":"scroll","background-type":"","background-media":"","overlay-type":"","overlay-color":"","overlay-opacity":"","overlay-gradient":""}},"footnotes":""},"class_list":["post-12454","page","type-page","status-publish","hentry"],"post_mailing_queue_ids":[],"_links":{"self":[{"href":"https:\/\/projectes.xtec.cat\/ia\/wp-json\/wp\/v2\/pages\/12454","targetHints":{"allow":["GET"]}}],"collection":[{"href":"https:\/\/projectes.xtec.cat\/ia\/wp-json\/wp\/v2\/pages"}],"about":[{"href":"https:\/\/projectes.xtec.cat\/ia\/wp-json\/wp\/v2\/types\/page"}],"author":[{"embeddable":true,"href":"https:\/\/projectes.xtec.cat\/ia\/wp-json\/wp\/v2\/users\/2"}],"replies":[{"embeddable":true,"href":"https:\/\/projectes.xtec.cat\/ia\/wp-json\/wp\/v2\/comments?post=12454"}],"version-history":[{"count":6,"href":"https:\/\/projectes.xtec.cat\/ia\/wp-json\/wp\/v2\/pages\/12454\/revisions"}],"predecessor-version":[{"id":13173,"href":"https:\/\/projectes.xtec.cat\/ia\/wp-json\/wp\/v2\/pages\/12454\/revisions\/13173"}],"wp:attachment":[{"href":"https:\/\/projectes.xtec.cat\/ia\/wp-json\/wp\/v2\/media?parent=12454"}],"curies":[{"name":"wp","href":"https:\/\/api.w.org\/{rel}","templated":true}]}}