{"id":8258,"date":"2023-04-09T16:26:01","date_gmt":"2023-04-09T14:26:01","guid":{"rendered":"https:\/\/projectes.xtec.cat\/ia\/?page_id=8258"},"modified":"2026-03-02T08:54:30","modified_gmt":"2026-03-02T07:54:30","slug":"formacio","status":"publish","type":"page","link":"https:\/\/projectes.xtec.cat\/ia\/formacio\/","title":{"rendered":"Formaci\u00f3"},"content":{"rendered":"\n<div class=\"wp-block-getwid-section alignfull page-title-section alignfull getwid-margin-top-none getwid-margin-bottom-none\"><div class=\"wp-block-getwid-section__wrapper getwid-padding-top-none getwid-padding-bottom-none\"><div class=\"wp-block-getwid-section__inner-wrapper\"><div class=\"wp-block-getwid-section__background-holder\"><div class=\"wp-block-getwid-section__background has-background has-ast-global-color-4-background-color\"><\/div><div class=\"wp-block-getwid-section__foreground\"><\/div><\/div><div class=\"wp-block-getwid-section__content\"><div class=\"wp-block-getwid-section__inner-content\">\n<h2 class=\"wp-block-heading\" style=\"font-style:normal;font-weight:300\">Formaci\u00f3<\/h2>\n<\/div><\/div><\/div><\/div><\/div>\n\n\n\n<div class=\"wp-block-getwid-section alignfull alignfull\"><div class=\"wp-block-getwid-section__wrapper\"><div class=\"wp-block-getwid-section__inner-wrapper\"><div class=\"wp-block-getwid-section__background-holder\"><div class=\"wp-block-getwid-section__background\"><\/div><div class=\"wp-block-getwid-section__foreground\"><\/div><\/div><div class=\"wp-block-getwid-section__content\"><div class=\"wp-block-getwid-section__inner-content\">\n<h2 class=\"wp-block-heading\">Departament d&#8217;Educaci\u00f3 i Formaci\u00f3 professional<\/h2>\n\n\n\n<h3 class=\"wp-block-heading has-vivid-red-color has-text-color has-link-color wp-elements-9fde6f448afc5c5ae629eefdf8ac37ad\">Cursos certificables<\/h3>\n\n\n\n<div class=\"wp-block-columns is-layout-flex wp-container-core-columns-is-layout-1 wp-block-columns-is-layout-flex\">\n<div class=\"wp-block-column caixa is-layout-flow wp-block-column-is-layout-flow\">\n<h4 class=\"wp-block-heading\"><strong>IA pr\u00e0ctica per a docents<\/strong><\/h4>\n\n\n\n<figure class=\"wp-block-image size-full\"><img loading=\"lazy\" decoding=\"async\" width=\"576\" height=\"377\" src=\"https:\/\/projectes.xtec.cat\/ia\/wp-content\/uploads\/usu2387\/2026\/02\/Cover-ia-formacio-1.png\" alt=\"\" class=\"wp-image-12842\" srcset=\"https:\/\/projectes.xtec.cat\/ia\/wp-content\/uploads\/usu2387\/2026\/02\/Cover-ia-formacio-1.png 576w, https:\/\/projectes.xtec.cat\/ia\/wp-content\/uploads\/usu2387\/2026\/02\/Cover-ia-formacio-1-300x196.png 300w\" sizes=\"auto, (max-width: 576px) 100vw, 576px\" \/><\/figure>\n\n\n\n<p><strong>Durada<\/strong>: 30 hores. <\/p>\n\n\n\n<div class=\"wp-block-getwid-counter\"><div class=\"wp-block-getwid-counter__wrapper\" data-start=\"0\" data-end=\"785\" data-decimal-places=\"0\" data-duration=\"1\" data-use-easing=\"true\" data-use-grouping=\"true\" data-separator=\".\" data-decimal=\",\" data-easing-fn=\"outExpo\" data-numerals=\"default\"><span class=\"wp-block-getwid-counter__number\">0<\/span><p class=\"wp-block-getwid-counter__suffix\">Participants certificats<\/p><\/div><\/div>\n\n\n\n<p>El curs ofereix una introducci\u00f3 pr\u00e0ctica i reflexiva a la intel\u00b7lig\u00e8ncia artificial generativa (IAG) aplicada a l&#8217;educaci\u00f3. S&#8217;explora com la IA pot ajudar a crear continguts educatius, personalitzar l\u2019aprenentatge, enriquir els processos d\u2019avaluaci\u00f3 i promoure un \u00fas \u00e8tic i responsable de la tecnologia a l\u2019aula.<\/p>\n\n\n\n<p>Aquest curs s&#8217;ofereix en el primer torn, segon torn i torn d&#8217;estiu\u00a0dins de l&#8217;oferta formativa del Departament.<\/p>\n\n\n\n<p>Aquest curs s&#8217;ofereix en el primer torn, segon torn i torn d&#8217;estiu&nbsp;dins de l&#8217;oferta formativa del Departament.<\/p>\n\n\n\n<div class=\"wp-block-buttons is-content-justification-center is-layout-flex wp-container-core-buttons-is-layout-1 wp-block-buttons-is-layout-flex\">\n<div class=\"wp-block-button\"><a class=\"wp-block-button__link wp-element-button\">Inscripci\u00f3 tancada<\/a><\/div>\n<\/div>\n<\/div>\n\n\n\n<div class=\"wp-block-column caixa is-layout-flow wp-block-column-is-layout-flow\">\n<h4 class=\"wp-block-heading\"><strong>Cocreaci\u00f3 de situacions d&#8217;aprenentatge amb IAG i que explorin la IAG<\/strong><\/h4>\n\n\n\n<figure class=\"wp-block-image aligncenter size-large is-resized\"><a href=\"https:\/\/projectes.xtec.cat\/ia\/wp-content\/uploads\/usu2387\/2023\/05\/model-suport-infantil.jpeg\"><img loading=\"lazy\" decoding=\"async\" width=\"1024\" height=\"696\" src=\"https:\/\/projectes.xtec.cat\/ia\/wp-content\/uploads\/usu2387\/2023\/05\/model-suport-infantil-1024x696.jpeg\" alt=\"situaci\u00f3 d'aprenentatge\" class=\"wp-image-8971\" style=\"width:293px;height:auto\" srcset=\"https:\/\/projectes.xtec.cat\/ia\/wp-content\/uploads\/usu2387\/2023\/05\/model-suport-infantil-1024x696.jpeg 1024w, https:\/\/projectes.xtec.cat\/ia\/wp-content\/uploads\/usu2387\/2023\/05\/model-suport-infantil-300x204.jpeg 300w, https:\/\/projectes.xtec.cat\/ia\/wp-content\/uploads\/usu2387\/2023\/05\/model-suport-infantil-768x522.jpeg 768w, https:\/\/projectes.xtec.cat\/ia\/wp-content\/uploads\/usu2387\/2023\/05\/model-suport-infantil.jpeg 1356w\" sizes=\"auto, (max-width: 1024px) 100vw, 1024px\" \/><\/a><\/figure>\n\n\n\n<p><strong>Durada<\/strong>: 30 hores. <\/p>\n\n\n\n<div class=\"wp-block-getwid-counter\"><div class=\"wp-block-getwid-counter__wrapper\" data-start=\"0\" data-end=\"1057\" data-decimal-places=\"0\" data-duration=\"1\" data-use-easing=\"true\" data-use-grouping=\"true\" data-separator=\".\" data-decimal=\",\" data-easing-fn=\"outExpo\" data-numerals=\"default\"><span class=\"wp-block-getwid-counter__number\">0<\/span><p class=\"wp-block-getwid-counter__suffix\">Participants certificats<\/p><\/div><\/div>\n\n\n\n<p>En aquest curs es dissenya la programaci\u00f3 d\u2019una situaci\u00f3 d\u2019aprenentatge completa amb el suport d\u2019eines d\u2019<em>intel\u00b7lig\u00e8ncia artificial generativa<\/em>&nbsp;(IAG). Tamb\u00e9 es&nbsp;promou&nbsp;una reflexi\u00f3 cr\u00edtica sobre el proc\u00e9s de cocreaci\u00f3 i les q\u00fcestions \u00e8tiques relacionades amb l\u2019\u00fas de la IAG en l\u2019educaci\u00f3.<\/p>\n\n\n\n<p>Aquest curs s&#8217;ofereix en el primer torn, segon torn i torn d&#8217;estiu&nbsp;dins de l&#8217;oferta formativa del Departament.<\/p>\n\n\n\n<div class=\"wp-block-buttons is-content-justification-center is-layout-flex wp-container-core-buttons-is-layout-2 wp-block-buttons-is-layout-flex\">\n<div class=\"wp-block-button\"><a class=\"wp-block-button__link wp-element-button\">Inscripci\u00f3 tancada<\/a><\/div>\n<\/div>\n<\/div>\n<\/div>\n\n\n\n<div style=\"height:30px\" aria-hidden=\"true\" class=\"wp-block-spacer\"><\/div>\n\n\n\n<h3 class=\"wp-block-heading has-vivid-red-color has-text-color has-link-color wp-elements-80a9394f4ff5e13c512601192bb1f6a8\">Formaci\u00f3 oberta (no certifica)<\/h3>\n\n\n\n<div class=\"wp-block-columns is-layout-flex wp-container-core-columns-is-layout-2 wp-block-columns-is-layout-flex\">\n<div class=\"wp-block-column caixa is-layout-flow wp-block-column-is-layout-flow\">\n<h2 class=\"wp-block-heading\" style=\"font-size:24px\">La intel\u00b7lig\u00e8ncia artificial i l&#8217;educaci\u00f3: un binomi de futur<\/h2>\n\n\n\n<figure class=\"wp-block-image size-large\"><img loading=\"lazy\" decoding=\"async\" width=\"1024\" height=\"512\" src=\"https:\/\/projectes.xtec.cat\/ia\/wp-content\/uploads\/usu2387\/2023\/04\/AI_image_generators-1024x512.jpeg\" alt=\"\" class=\"wp-image-8490\" srcset=\"https:\/\/projectes.xtec.cat\/ia\/wp-content\/uploads\/usu2387\/2023\/04\/AI_image_generators-1024x512.jpeg 1024w, https:\/\/projectes.xtec.cat\/ia\/wp-content\/uploads\/usu2387\/2023\/04\/AI_image_generators-300x150.jpeg 300w, https:\/\/projectes.xtec.cat\/ia\/wp-content\/uploads\/usu2387\/2023\/04\/AI_image_generators-768x384.jpeg 768w, https:\/\/projectes.xtec.cat\/ia\/wp-content\/uploads\/usu2387\/2023\/04\/AI_image_generators.jpeg 1520w\" sizes=\"auto, (max-width: 1024px) 100vw, 1024px\" \/><\/figure>\n\n\n\n<p><strong>Durada: 15 hores<\/strong>. Sense certificaci\u00f3. <\/p>\n\n\n\n<div class=\"wp-block-getwid-counter\"><div class=\"wp-block-getwid-counter__wrapper\" data-start=\"0\" data-end=\"1644\" data-decimal-places=\"0\" data-duration=\"1\" data-use-easing=\"true\" data-use-grouping=\"true\" data-separator=\".\" data-decimal=\",\" data-easing-fn=\"outExpo\" data-numerals=\"default\"><span class=\"wp-block-getwid-counter__number\">0<\/span><p class=\"wp-block-getwid-counter__suffix\">Participants<\/p><\/div><\/div>\n\n\n\n<p>En aquesta formaci\u00f3 aprendrem qu\u00e8 s\u00f3n les IAs, els tipus que existeixen i com interactuar amb elles. Es realitzaran algunes pr\u00e0ctiques per aprendre a treure el m\u00e0xim profit de cadascuna d&#8217;elles.<\/p>\n\n\n\n<div class=\"wp-block-buttons is-content-justification-center is-layout-flex wp-container-core-buttons-is-layout-3 wp-block-buttons-is-layout-flex\">\n<div class=\"wp-block-button\"><a class=\"wp-block-button__link wp-element-button\" href=\"https:\/\/odissea.xtec.cat\/course\/view.php?id=213441\">Formaci\u00f3 oberta<\/a><\/div>\n<\/div>\n<\/div>\n\n\n\n<div class=\"wp-block-column caixa is-layout-flow wp-block-column-is-layout-flow\">\n<h2 class=\"wp-block-heading\" style=\"font-size:24px\">La intel\u00b7lig\u00e8ncia artificial a l&#8217;aula: millora del proc\u00e9s d&#8217;ensenyament-aprenentatge<\/h2>\n\n\n\n<figure class=\"wp-block-image size-full\"><img loading=\"lazy\" decoding=\"async\" width=\"579\" height=\"373\" src=\"https:\/\/projectes.xtec.cat\/ia\/wp-content\/uploads\/usu2387\/2026\/02\/Captura-de-pantalla-2026-02-06-a-les-15.20.02.png\" alt=\"\" class=\"wp-image-12840\" srcset=\"https:\/\/projectes.xtec.cat\/ia\/wp-content\/uploads\/usu2387\/2026\/02\/Captura-de-pantalla-2026-02-06-a-les-15.20.02.png 579w, https:\/\/projectes.xtec.cat\/ia\/wp-content\/uploads\/usu2387\/2026\/02\/Captura-de-pantalla-2026-02-06-a-les-15.20.02-300x193.png 300w\" sizes=\"auto, (max-width: 579px) 100vw, 579px\" \/><\/figure>\n\n\n\n<p><strong>Durada: 30 hores<\/strong>. Sense certificaci\u00f3.<\/p>\n\n\n\n<div class=\"wp-block-getwid-counter\"><div class=\"wp-block-getwid-counter__wrapper\" data-start=\"0\" data-end=\"2309\" data-decimal-places=\"0\" data-duration=\"1\" data-use-easing=\"true\" data-use-grouping=\"true\" data-separator=\".\" data-decimal=\",\" data-easing-fn=\"outExpo\" data-numerals=\"default\"><span class=\"wp-block-getwid-counter__number\">0<\/span><p class=\"wp-block-getwid-counter__suffix\">Participants<\/p><\/div><\/div>\n\n\n\n<p>Es donen estrat\u00e8gies i recursos per integrar les IAs a la pr\u00e0ctica docent. Com dissenyar activitats, com avaluar i com ensenyar a utilitzar les IAs a l&#8217;alumnat. <\/p>\n\n\n\n<p>\ud83d\udc49 Es recomanable haver realitzat la formaci\u00f3 &#8220;La intel\u00b7lig\u00e8ncia artificial i l&#8217;educaci\u00f3: un binomi de futur&#8221;.<\/p>\n\n\n\n<div class=\"wp-block-buttons is-content-justification-center is-layout-flex wp-container-core-buttons-is-layout-4 wp-block-buttons-is-layout-flex\">\n<div class=\"wp-block-button\"><a class=\"wp-block-button__link wp-element-button\" href=\"https:\/\/odissea.xtec.cat\/course\/view.php?id=214781\" target=\"_blank\" rel=\"noreferrer noopener\">Formaci\u00f3 oberta<\/a><\/div>\n<\/div>\n<\/div>\n<\/div>\n<\/div><\/div><\/div><\/div><\/div>\n\n\n\n<div style=\"height:40px\" aria-hidden=\"true\" class=\"wp-block-spacer\"><\/div>\n\n\n\n<div class=\"wp-block-getwid-section alignfull alignfull\"><div class=\"wp-block-getwid-section__wrapper\"><div class=\"wp-block-getwid-section__inner-wrapper\"><div class=\"wp-block-getwid-section__background-holder\"><div class=\"wp-block-getwid-section__background has-background has-ast-global-color-4-background-color\"><\/div><div class=\"wp-block-getwid-section__foreground\"><\/div><\/div><div class=\"wp-block-getwid-section__content\"><div class=\"wp-block-getwid-section__inner-content\">\n<div style=\"height:40px\" aria-hidden=\"true\" class=\"wp-block-spacer\"><\/div>\n\n\n\n<h2 class=\"wp-block-heading\">Altres formacions recomanades<\/h2>\n\n\n\n<div class=\"wp-block-columns is-layout-flex wp-container-core-columns-is-layout-3 wp-block-columns-is-layout-flex\">\n<div class=\"wp-block-column caixa-link is-layout-flow wp-block-column-is-layout-flow\" id=\"https:\/\/ciutadania.cat\/\">\n<figure class=\"wp-block-image size-large\"><a href=\"https:\/\/projectes.xtec.cat\/ia\/wp-content\/uploads\/usu2387\/2023\/04\/Captura-de-Pantalla-2023-04-09-a-les-23.37.23.png\"><img loading=\"lazy\" decoding=\"async\" width=\"445\" height=\"142\" src=\"https:\/\/projectes.xtec.cat\/ia\/wp-content\/uploads\/usu2387\/2023\/04\/Captura-de-Pantalla-2023-04-09-a-les-23.37.23.png\" alt=\"\" class=\"wp-image-8413\" srcset=\"https:\/\/projectes.xtec.cat\/ia\/wp-content\/uploads\/usu2387\/2023\/04\/Captura-de-Pantalla-2023-04-09-a-les-23.37.23.png 445w, https:\/\/projectes.xtec.cat\/ia\/wp-content\/uploads\/usu2387\/2023\/04\/Captura-de-Pantalla-2023-04-09-a-les-23.37.23-300x96.png 300w\" sizes=\"auto, (max-width: 445px) 100vw, 445px\" \/><\/a><\/figure>\n\n\n\n<h2 class=\"wp-block-heading\" style=\"font-size:26px\">CiutadanIA<\/h2>\n\n\n\n<p><em>UPC &#8211; IDEIA &#8211; Generalitat de Catalunya<\/em><\/p>\n\n\n\n<p>Conceptes b\u00e0sics i cultura general necess\u00e0ria per recon\u00e8ixer on hi ha IA en el m\u00f3n que t\u2019envolta, com t\u2019hi pots relacionar de forma segura i com la IA et pot donar suport per millorar certes tasques de la teva vida quotidiana, sempre dins els marcs \u00e8tics que et protegeixen com a <strong>ciutad\u00e0<\/strong>.<\/p>\n\n\n\n<p><strong>Catal\u00e0<\/strong><\/p>\n<\/div>\n\n\n\n<div class=\"wp-block-column caixa-link is-layout-flow wp-block-column-is-layout-flow\" id=\"https:\/\/course.elementsofai.com\/es\">\n<figure class=\"wp-block-image aligncenter size-large is-resized\"><a href=\"https:\/\/projectes.xtec.cat\/ia\/wp-content\/uploads\/usu2387\/2023\/04\/Captura-de-Pantalla-2023-04-09-a-les-23.49.05.png\"><img loading=\"lazy\" decoding=\"async\" width=\"598\" height=\"361\" src=\"https:\/\/projectes.xtec.cat\/ia\/wp-content\/uploads\/usu2387\/2023\/04\/Captura-de-Pantalla-2023-04-09-a-les-23.49.05.png\" alt=\"\" class=\"wp-image-8415\" style=\"width:263px;height:159px\" srcset=\"https:\/\/projectes.xtec.cat\/ia\/wp-content\/uploads\/usu2387\/2023\/04\/Captura-de-Pantalla-2023-04-09-a-les-23.49.05.png 598w, https:\/\/projectes.xtec.cat\/ia\/wp-content\/uploads\/usu2387\/2023\/04\/Captura-de-Pantalla-2023-04-09-a-les-23.49.05-300x181.png 300w\" sizes=\"auto, (max-width: 598px) 100vw, 598px\" \/><\/a><\/figure>\n\n\n\n<h2 class=\"wp-block-heading\" style=\"font-size:26px\">Elementos de IA<\/h2>\n\n\n\n<p><em>Universitat de Helsinki<\/em><\/p>\n\n\n\n<p>Para prender qu\u00e9 es la IA, qu\u00e9 se puede (y no se puede) hacer con la IA, y c\u00f3mo empezar a crear m\u00e9todos de IA. Los cursos combinan la teor\u00eda con ejercicios pr\u00e1cticos y pueden completarse a tu propio ritmo.<\/p>\n\n\n\n<p><strong>Angl\u00e8s, Castell\u00e0<\/strong><\/p>\n<\/div>\n\n\n\n<div class=\"wp-block-column caixa-link is-layout-flow wp-block-column-is-layout-flow\" id=\"https:\/\/www.youtube.com\/playlist?list=PLjRDvpoYVcO1HAM9_Q68g5vyKZIckikO-\">\n<figure class=\"wp-block-image size-large\"><a href=\"https:\/\/projectes.xtec.cat\/ia\/wp-content\/uploads\/usu2387\/2023\/04\/hqdefault.jpeg\"><img loading=\"lazy\" decoding=\"async\" width=\"336\" height=\"188\" src=\"https:\/\/projectes.xtec.cat\/ia\/wp-content\/uploads\/usu2387\/2023\/04\/hqdefault.jpeg\" alt=\"captura del curs\" class=\"wp-image-8548\" srcset=\"https:\/\/projectes.xtec.cat\/ia\/wp-content\/uploads\/usu2387\/2023\/04\/hqdefault.jpeg 336w, https:\/\/projectes.xtec.cat\/ia\/wp-content\/uploads\/usu2387\/2023\/04\/hqdefault-300x168.jpeg 300w\" sizes=\"auto, (max-width: 336px) 100vw, 336px\" \/><\/a><\/figure>\n\n\n\n<h2 class=\"wp-block-heading\" style=\"font-size:26px\"><strong>Curs ChatGPT, Oportunitat i repte per a la doc\u00e8ncia. I ara qu\u00e8 fem?<\/strong><\/h2>\n\n\n\n<p><em>Marc Alier<\/em> (ICE-UPC)<\/p>\n\n\n\n<p>Col\u00b7lecci\u00f3 de 10 v\u00eddeos sobre l&#8217;\u00fas del ChatGPT i la seva utilitzaci\u00f3 a l&#8217;aula. <\/p>\n\n\n\n<p><strong>Catal\u00e0<\/strong><\/p>\n<\/div>\n<\/div>\n\n\n\n<div style=\"height:30px\" aria-hidden=\"true\" class=\"wp-block-spacer\"><\/div>\n\n\n\n<div class=\"wp-block-columns is-layout-flex wp-container-core-columns-is-layout-4 wp-block-columns-is-layout-flex\">\n<div class=\"wp-block-column caixa-link is-layout-flow wp-block-column-is-layout-flow\" id=\"https:\/\/www.coursera.org\/learn\/ai-for-everyone-es\">\n<figure class=\"wp-block-image size-large\"><a href=\"https:\/\/projectes.xtec.cat\/ia\/wp-content\/uploads\/usu2387\/2023\/06\/ai-for-everyone-es.jpeg\"><img loading=\"lazy\" decoding=\"async\" width=\"1024\" height=\"536\" src=\"https:\/\/projectes.xtec.cat\/ia\/wp-content\/uploads\/usu2387\/2023\/06\/ai-for-everyone-es-1024x536.jpeg\" alt=\"cover del curs\" class=\"wp-image-8983\" srcset=\"https:\/\/projectes.xtec.cat\/ia\/wp-content\/uploads\/usu2387\/2023\/06\/ai-for-everyone-es-1024x536.jpeg 1024w, https:\/\/projectes.xtec.cat\/ia\/wp-content\/uploads\/usu2387\/2023\/06\/ai-for-everyone-es-300x157.jpeg 300w, https:\/\/projectes.xtec.cat\/ia\/wp-content\/uploads\/usu2387\/2023\/06\/ai-for-everyone-es-768x402.jpeg 768w, https:\/\/projectes.xtec.cat\/ia\/wp-content\/uploads\/usu2387\/2023\/06\/ai-for-everyone-es-1536x804.jpeg 1536w, https:\/\/projectes.xtec.cat\/ia\/wp-content\/uploads\/usu2387\/2023\/06\/ai-for-everyone-es.jpeg 1772w\" sizes=\"auto, (max-width: 1024px) 100vw, 1024px\" \/><\/a><\/figure>\n\n\n\n<h2 class=\"wp-block-heading\" style=\"font-size:26px\">IA para todos<\/h2>\n\n\n\n<p><em>Coursera<\/em><\/p>\n\n\n\n<p>Curs d&#8217;introducci\u00f3 general de com funcionen les IA. Per a tots els nivells. Curs popular i amb bones valoracions.<\/p>\n\n\n\n<p><strong>Castell\u00e0<\/strong><\/p>\n<\/div>\n\n\n\n<div class=\"wp-block-column caixa-link is-layout-flow wp-block-column-is-layout-flow\" id=\"https:\/\/www.coursera.org\/learn\/ai-for-everyone-es\">\n<figure class=\"wp-block-image size-large\"><a href=\"https:\/\/projectes.xtec.cat\/ia\/wp-content\/uploads\/usu2387\/2023\/06\/coursera-ia-for-teachers.png\"><img loading=\"lazy\" decoding=\"async\" width=\"908\" height=\"434\" src=\"https:\/\/projectes.xtec.cat\/ia\/wp-content\/uploads\/usu2387\/2023\/06\/coursera-ia-for-teachers.png\" alt=\"\" class=\"wp-image-8992\" srcset=\"https:\/\/projectes.xtec.cat\/ia\/wp-content\/uploads\/usu2387\/2023\/06\/coursera-ia-for-teachers.png 908w, https:\/\/projectes.xtec.cat\/ia\/wp-content\/uploads\/usu2387\/2023\/06\/coursera-ia-for-teachers-300x143.png 300w, https:\/\/projectes.xtec.cat\/ia\/wp-content\/uploads\/usu2387\/2023\/06\/coursera-ia-for-teachers-768x367.png 768w\" sizes=\"auto, (max-width: 908px) 100vw, 908px\" \/><\/a><\/figure>\n\n\n\n<h2 class=\"wp-block-heading\" style=\"font-size:26px\">Artificial Intelligence (AI) Education for Teachers<\/h2>\n\n\n\n<p><em>Coursera<\/em><\/p>\n\n\n\n<p>Curs d&#8217;introducci\u00f3 que mostra com introduir la IA a l&#8217;aula i acompanyar als estudiants en el seu \u00fas.<\/p>\n\n\n\n<p><strong>Angl\u00e8s<\/strong><\/p>\n<\/div>\n\n\n\n<div class=\"wp-block-column caixa-link is-layout-flow wp-block-column-is-layout-flow\" id=\"https:\/\/www.youtube.com\/playlist?list=PL-Ogd76BhmcC_E2RjgIIJZd1DQdYHcVf0\">\n<figure class=\"wp-block-image size-large\"><a href=\"https:\/\/projectes.xtec.cat\/ia\/wp-content\/uploads\/usu2387\/2023\/04\/carlossantana-U37710434508RKG-1200x630@abc.jpeg\"><img loading=\"lazy\" decoding=\"async\" width=\"1024\" height=\"538\" src=\"https:\/\/projectes.xtec.cat\/ia\/wp-content\/uploads\/usu2387\/2023\/04\/carlossantana-U37710434508RKG-1200x630@abc-1024x538.jpeg\" alt=\"\" class=\"wp-image-8463\" srcset=\"https:\/\/projectes.xtec.cat\/ia\/wp-content\/uploads\/usu2387\/2023\/04\/carlossantana-U37710434508RKG-1200x630@abc-1024x538.jpeg 1024w, https:\/\/projectes.xtec.cat\/ia\/wp-content\/uploads\/usu2387\/2023\/04\/carlossantana-U37710434508RKG-1200x630@abc-300x158.jpeg 300w, https:\/\/projectes.xtec.cat\/ia\/wp-content\/uploads\/usu2387\/2023\/04\/carlossantana-U37710434508RKG-1200x630@abc-768x403.jpeg 768w, https:\/\/projectes.xtec.cat\/ia\/wp-content\/uploads\/usu2387\/2023\/04\/carlossantana-U37710434508RKG-1200x630@abc.jpeg 1200w\" sizes=\"auto, (max-width: 1024px) 100vw, 1024px\" \/><\/a><\/figure>\n\n\n\n<h2 class=\"wp-block-heading\" style=\"font-size:26px\">Aprende Inteligencia artificial<\/h2>\n\n\n\n<p><em>Carlos Santana (DotCSV)<\/em><\/p>\n\n\n\n<p>Popular Youtuber que comparteix una llista de reproducci\u00f3 amb diferents v\u00eddeos que expliquen de manera molt did\u00e0ctica conceptes avan\u00e7ats de les IA. <\/p>\n\n\n\n<p><strong>Castell\u00e0<\/strong><\/p>\n<\/div>\n<\/div>\n\n\n\n<div style=\"height:60px\" aria-hidden=\"true\" class=\"wp-block-spacer\"><\/div>\n<\/div><\/div><\/div><\/div><\/div>\n\n\n\n<div style=\"height:30px\" aria-hidden=\"true\" class=\"wp-block-spacer\"><\/div>\n\n\n\n<p class=\"has-text-align-center has-medium-font-size\">\ud83d\udc49 Podeu trobar recursos per a l&#8217;autoformaci\u00f3 a l&#8217;apartat de <a href=\"https:\/\/projectes.xtec.cat\/ia\/recursos\/\" data-type=\"URL\" data-id=\"https:\/\/projectes.xtec.cat\/ia\/recursos\/\">Recursos<\/a>.<\/p>\n\n\n\n<div style=\"height:10px\" aria-hidden=\"true\" class=\"wp-block-spacer\"><\/div>\n","protected":false},"excerpt":{"rendered":"<p>\ud83d\udc49 Podeu trobar recursos per a l&#8217;autoformaci\u00f3 a l&#8217;apartat de Recursos.<\/p>\n","protected":false},"author":1,"featured_media":0,"parent":0,"menu_order":0,"comment_status":"closed","ping_status":"close","template":"","meta":{"site-sidebar-layout":"default","site-content-layout":"","ast-site-content-layout":"default","site-content-style":"default","site-sidebar-style":"default","ast-global-header-display":"","ast-banner-title-visibility":"","ast-main-header-display":"","ast-hfb-above-header-display":"","ast-hfb-below-header-display":"","ast-hfb-mobile-header-display":"","site-post-title":"disabled","ast-breadcrumbs-content":"","ast-featured-img":"","footer-sml-layout":"","theme-transparent-header-meta":"","adv-header-id-meta":"","stick-header-meta":"","header-above-stick-meta":"","header-main-stick-meta":"","header-below-stick-meta":"","astra-migrate-meta-layouts":"set","ast-page-background-enabled":"default","ast-page-background-meta":{"desktop":{"background-color":"var(--ast-global-color-4)","background-image":"","background-repeat":"repeat","background-position":"center center","background-size":"auto","background-attachment":"scroll","background-type":"","background-media":"","overlay-type":"","overlay-color":"","overlay-opacity":"","overlay-gradient":""},"tablet":{"background-color":"","background-image":"","background-repeat":"repeat","background-position":"center center","background-size":"auto","background-attachment":"scroll","background-type":"","background-media":"","overlay-type":"","overlay-color":"","overlay-opacity":"","overlay-gradient":""},"mobile":{"background-color":"","background-image":"","background-repeat":"repeat","background-position":"center center","background-size":"auto","background-attachment":"scroll","background-type":"","background-media":"","overlay-type":"","overlay-color":"","overlay-opacity":"","overlay-gradient":""}},"ast-content-background-meta":{"desktop":{"background-color":"var(--ast-global-color-5)","background-image":"","background-repeat":"repeat","background-position":"center center","background-size":"auto","background-attachment":"scroll","background-type":"","background-media":"","overlay-type":"","overlay-color":"","overlay-opacity":"","overlay-gradient":""},"tablet":{"background-color":"var(--ast-global-color-5)","background-image":"","background-repeat":"repeat","background-position":"center center","background-size":"auto","background-attachment":"scroll","background-type":"","background-media":"","overlay-type":"","overlay-color":"","overlay-opacity":"","overlay-gradient":""},"mobile":{"background-color":"var(--ast-global-color-5)","background-image":"","background-repeat":"repeat","background-position":"center center","background-size":"auto","background-attachment":"scroll","background-type":"","background-media":"","overlay-type":"","overlay-color":"","overlay-opacity":"","overlay-gradient":""}},"footnotes":""},"class_list":["post-8258","page","type-page","status-publish","hentry"],"post_mailing_queue_ids":[],"_links":{"self":[{"href":"https:\/\/projectes.xtec.cat\/ia\/wp-json\/wp\/v2\/pages\/8258","targetHints":{"allow":["GET"]}}],"collection":[{"href":"https:\/\/projectes.xtec.cat\/ia\/wp-json\/wp\/v2\/pages"}],"about":[{"href":"https:\/\/projectes.xtec.cat\/ia\/wp-json\/wp\/v2\/types\/page"}],"author":[{"embeddable":true,"href":"https:\/\/projectes.xtec.cat\/ia\/wp-json\/wp\/v2\/users\/1"}],"replies":[{"embeddable":true,"href":"https:\/\/projectes.xtec.cat\/ia\/wp-json\/wp\/v2\/comments?post=8258"}],"version-history":[{"count":6,"href":"https:\/\/projectes.xtec.cat\/ia\/wp-json\/wp\/v2\/pages\/8258\/revisions"}],"predecessor-version":[{"id":13111,"href":"https:\/\/projectes.xtec.cat\/ia\/wp-json\/wp\/v2\/pages\/8258\/revisions\/13111"}],"wp:attachment":[{"href":"https:\/\/projectes.xtec.cat\/ia\/wp-json\/wp\/v2\/media?parent=8258"}],"curies":[{"name":"wp","href":"https:\/\/api.w.org\/{rel}","templated":true}]}}