{"id":10155,"date":"2020-11-09T11:03:58","date_gmt":"2020-11-09T10:03:58","guid":{"rendered":"https:\/\/projectes.xtec.cat\/impulsfp\/?page_id=10155"},"modified":"2022-10-09T16:59:42","modified_gmt":"2022-10-09T14:59:42","slug":"missio-i-visio","status":"publish","type":"page","link":"https:\/\/projectes.xtec.cat\/impulsfp\/futurafp\/missio-i-visio\/","title":{"rendered":"Missi\u00f3 i visi\u00f3"},"content":{"rendered":"<h3><b><a href=\"https:\/\/projectes.xtec.cat\/impulsfp\/wp-content\/uploads\/usu2078\/2022\/10\/Visio.png\"><img loading=\"lazy\" decoding=\"async\" class=\"alignnone wp-image-11150\" src=\"https:\/\/projectes.xtec.cat\/impulsfp\/wp-content\/uploads\/usu2078\/2022\/10\/Visio.png\" alt=\"\" width=\"29\" height=\"29\" \/><\/a>Missi\u00f3:<\/b><\/h3>\n<p><span style=\"font-weight: 400;\">La missi\u00f3 del Programa FuturaFP \u00e9s acompanyar i donar suport als centres que imparteixen ensenyaments professionals en l\u2019adopci\u00f3 i el desenvolupament d\u2019estrat\u00e8gies metodol\u00f2giques que promoguin l\u2019intercanvi de coneixements, bones pr\u00e0ctiques i recursos entre centres i entre centres i empreses, tot avan\u00e7ant cap a la modernitzaci\u00f3 i excel\u00b7l\u00e8ncia professional.<\/span><\/p>\n<p>&nbsp;<\/p>\n<h3><b><a href=\"https:\/\/projectes.xtec.cat\/impulsfp\/wp-content\/uploads\/usu2078\/2022\/10\/vision-1.png\"><img loading=\"lazy\" decoding=\"async\" class=\"alignnone wp-image-11151\" src=\"https:\/\/projectes.xtec.cat\/impulsfp\/wp-content\/uploads\/usu2078\/2022\/10\/vision-1.png\" alt=\"\" width=\"30\" height=\"21\" \/><\/a>Visi\u00f3:<\/b><\/h3>\n<p><span style=\"font-weight: 400;\">FuturaFP vol que els centres d\u2019FP de Catalunya esdevinguin pioners en els seus sectors professionals aix\u00ed com en la transformaci\u00f3 cap a la FP del Futur, essent referents pel teixit professional.<\/span><\/p>\n<p>&nbsp;<\/p>\n","protected":false},"excerpt":{"rendered":"<p><a href=\"https:\/\/projectes.xtec.cat\/impulsfp\/wp-content\/uploads\/usu2078\/2022\/10\/Visio.png\"><\/a>Missi\u00f3:<br \/>\nLa missi\u00f3 del Programa FuturaFP \u00e9s acompanyar i donar suport als centres que imparteixen ensenyaments professionals en l\u2019adopci\u00f3 i el desenvolupament d\u2019estrat\u00e8gies metodol\u00f2giques que promoguin l\u2019intercanvi de coneixements, bones pr\u00e0ctiques i recursos entre centres i entre centres i empreses, tot avan\u00e7ant cap a la&hellip;  <a href=\"https:\/\/projectes.xtec.cat\/impulsfp\/futurafp\/missio-i-visio\/\" title=\"Read Missi\u00f3 i visi\u00f3\">Llegeix m\u00e9s\u00bb<\/a><\/p>\n","protected":false},"author":1,"featured_media":0,"parent":10112,"menu_order":20,"comment_status":"closed","ping_status":"closed","template":"page-templates\/side-menu.php","meta":{"_bbp_topic_count":0,"_bbp_reply_count":0,"_bbp_total_topic_count":0,"_bbp_total_reply_count":0,"_bbp_voice_count":0,"_bbp_anonymous_reply_count":0,"_bbp_topic_count_hidden":0,"_bbp_reply_count_hidden":0,"_bbp_forum_subforum_count":0,"footnotes":""},"class_list":["post-10155","page","type-page","status-publish","hentry"],"post_mailing_queue_ids":[],"_links":{"self":[{"href":"https:\/\/projectes.xtec.cat\/impulsfp\/wp-json\/wp\/v2\/pages\/10155","targetHints":{"allow":["GET"]}}],"collection":[{"href":"https:\/\/projectes.xtec.cat\/impulsfp\/wp-json\/wp\/v2\/pages"}],"about":[{"href":"https:\/\/projectes.xtec.cat\/impulsfp\/wp-json\/wp\/v2\/types\/page"}],"author":[{"embeddable":true,"href":"https:\/\/projectes.xtec.cat\/impulsfp\/wp-json\/wp\/v2\/users\/1"}],"replies":[{"embeddable":true,"href":"https:\/\/projectes.xtec.cat\/impulsfp\/wp-json\/wp\/v2\/comments?post=10155"}],"version-history":[{"count":3,"href":"https:\/\/projectes.xtec.cat\/impulsfp\/wp-json\/wp\/v2\/pages\/10155\/revisions"}],"predecessor-version":[{"id":11157,"href":"https:\/\/projectes.xtec.cat\/impulsfp\/wp-json\/wp\/v2\/pages\/10155\/revisions\/11157"}],"up":[{"embeddable":true,"href":"https:\/\/projectes.xtec.cat\/impulsfp\/wp-json\/wp\/v2\/pages\/10112"}],"wp:attachment":[{"href":"https:\/\/projectes.xtec.cat\/impulsfp\/wp-json\/wp\/v2\/media?parent=10155"}],"curies":[{"name":"wp","href":"https:\/\/api.w.org\/{rel}","templated":true}]}}