{"id":11460,"date":"2022-11-11T00:40:19","date_gmt":"2022-11-10T23:40:19","guid":{"rendered":"https:\/\/projectes.xtec.cat\/impulsfp\/?page_id=11460"},"modified":"2024-06-14T12:06:22","modified_gmt":"2024-06-14T10:06:22","slug":"alumnifp","status":"publish","type":"page","link":"https:\/\/projectes.xtec.cat\/impulsfp\/alumnifp\/","title":{"rendered":"AlumniFP"},"content":{"rendered":"<p><a href=\"https:\/\/view.genial.ly\/63d8efe6ae1b2b0018ef82ff\/presentation-alumnifp\"><img loading=\"lazy\" decoding=\"async\" class=\"alignnone wp-image-11929\" src=\"https:\/\/projectes.xtec.cat\/impulsfp\/wp-content\/uploads\/usu2078\/2023\/01\/LOGO-ALUMNIFP-1024x273.png\" alt=\"\" width=\"206\" height=\"55\" srcset=\"https:\/\/projectes.xtec.cat\/impulsfp\/wp-content\/uploads\/usu2078\/2023\/01\/LOGO-ALUMNIFP-1024x273.png 1024w, https:\/\/projectes.xtec.cat\/impulsfp\/wp-content\/uploads\/usu2078\/2023\/01\/LOGO-ALUMNIFP-300x80.png 300w, https:\/\/projectes.xtec.cat\/impulsfp\/wp-content\/uploads\/usu2078\/2023\/01\/LOGO-ALUMNIFP-768x205.png 768w, https:\/\/projectes.xtec.cat\/impulsfp\/wp-content\/uploads\/usu2078\/2023\/01\/LOGO-ALUMNIFP.png 1059w\" sizes=\"auto, (max-width: 206px) 100vw, 206px\" \/><\/a><\/p>\n<p><span style=\"font-size: 10pt;\">\u00c9s un projecte impulsat per la Direcci\u00f3 General de Formaci\u00f3 Professional per ajudar als centres a crear comunitats d&#8217;Alumni amb l<span style=\"font-weight: 400;\">a finalitat de mantenir els lligams entre el centre educatiu i l\u2019exalumnat, garantint la cobertura de les necessitats del col\u00b7lectiu i la millora de la seva compet\u00e8ncia professional. Aix\u00ed mateix, la\u00a0<\/span><i><span style=\"font-weight: 400;\">Comunitat AlumniFP<\/span><\/i><span style=\"font-weight: 400;\"> pret\u00e9n ser el referent de l\u2019exalumnat quant a la formaci\u00f3 continuada i a la obtenci\u00f3 d\u2019eines i recursos per afrontar les seves transicions professionals.<\/span><\/span><\/p>\n<p><span style=\"font-size: 10pt;\">En aquesta p\u00e0gina trobareu diversos serveis com s\u00f3n el d&#8217;assessorament als centres, guia per crear una associaci\u00f3, formaci\u00f3, esdeveniments,\u00a0 recull de totes les comunitats d&#8217;AlumniFP creades als centres d&#8217;FP Catalunya i altres serveis que poden ajudin els centres a generar entorns de desenvolupament i creixement professional, i de connexi\u00f3 amb la seva comunitat AlumniFP.<\/span><\/p>\n<p><span style=\"font-size: 10pt;\">Si vols saber m\u00e9s del projecte o realitzar alguna consulta pots adre\u00e7ar-te al correu alumnifp@xtec.cat<\/span><\/p>\n<p><a href=\"https:\/\/projectes.xtec.cat\/impulsfp\/alumnifp\/lassociacio-3\/\"><img loading=\"lazy\" decoding=\"async\" class=\"alignnone wp-image-11540\" src=\"https:\/\/projectes.xtec.cat\/impulsfp\/wp-content\/uploads\/usu2078\/2022\/12\/Lassociacio-1.png\" alt=\"\" width=\"255\" height=\"242\" srcset=\"https:\/\/projectes.xtec.cat\/impulsfp\/wp-content\/uploads\/usu2078\/2022\/12\/Lassociacio-1.png 385w, https:\/\/projectes.xtec.cat\/impulsfp\/wp-content\/uploads\/usu2078\/2022\/12\/Lassociacio-1-300x284.png 300w\" sizes=\"auto, (max-width: 255px) 100vw, 255px\" \/><\/a><a href=\"https:\/\/projectes.xtec.cat\/impulsfp\/alumnifp\/els-alumnifp-de-catalunya\/\"><img loading=\"lazy\" decoding=\"async\" class=\"alignnone wp-image-11548\" src=\"https:\/\/projectes.xtec.cat\/impulsfp\/wp-content\/uploads\/usu2078\/2022\/12\/Els-alumni.png\" alt=\"\" width=\"246\" height=\"245\" srcset=\"https:\/\/projectes.xtec.cat\/impulsfp\/wp-content\/uploads\/usu2078\/2022\/12\/Els-alumni.png 373w, https:\/\/projectes.xtec.cat\/impulsfp\/wp-content\/uploads\/usu2078\/2022\/12\/Els-alumni-300x300.png 300w, https:\/\/projectes.xtec.cat\/impulsfp\/wp-content\/uploads\/usu2078\/2022\/12\/Els-alumni-150x150.png 150w\" sizes=\"auto, (max-width: 246px) 100vw, 246px\" \/><\/a><a href=\"https:\/\/projectes.xtec.cat\/impulsfp\/alumnifp\/lexalumnat-4\/\"><img loading=\"lazy\" decoding=\"async\" class=\"alignnone wp-image-11911 size-full\" src=\"https:\/\/projectes.xtec.cat\/impulsfp\/wp-content\/uploads\/usu2078\/2023\/01\/Alumni-0.png\" alt=\"\" width=\"257\" height=\"240\" \/><\/a><\/p>\n<p>&nbsp;<\/p>\n<p>&nbsp;<\/p>\n<p>&nbsp;<\/p>\n","protected":false},"excerpt":{"rendered":"<p><a href=\"https:\/\/view.genial.ly\/63d8efe6ae1b2b0018ef82ff\/presentation-alumnifp\"><\/a><br \/>\n\u00c9s un projecte impulsat per la Direcci\u00f3 General de Formaci\u00f3 Professional per ajudar als centres a crear comunitats d&#8217;Alumni amb la finalitat de mantenir els lligams entre el centre educatiu i l\u2019exalumnat, garantint la cobertura de les necessitats del col\u00b7lectiu i la millora de&hellip;  <a href=\"https:\/\/projectes.xtec.cat\/impulsfp\/alumnifp\/\" title=\"Read AlumniFP\">Llegeix m\u00e9s\u00bb<\/a><\/p>\n","protected":false},"author":1,"featured_media":0,"parent":0,"menu_order":0,"comment_status":"closed","ping_status":"closed","template":"page-templates\/side-menu.php","meta":{"_bbp_topic_count":0,"_bbp_reply_count":0,"_bbp_total_topic_count":0,"_bbp_total_reply_count":0,"_bbp_voice_count":0,"_bbp_anonymous_reply_count":0,"_bbp_topic_count_hidden":0,"_bbp_reply_count_hidden":0,"_bbp_forum_subforum_count":0,"footnotes":""},"class_list":["post-11460","page","type-page","status-publish","hentry"],"post_mailing_queue_ids":[],"_links":{"self":[{"href":"https:\/\/projectes.xtec.cat\/impulsfp\/wp-json\/wp\/v2\/pages\/11460","targetHints":{"allow":["GET"]}}],"collection":[{"href":"https:\/\/projectes.xtec.cat\/impulsfp\/wp-json\/wp\/v2\/pages"}],"about":[{"href":"https:\/\/projectes.xtec.cat\/impulsfp\/wp-json\/wp\/v2\/types\/page"}],"author":[{"embeddable":true,"href":"https:\/\/projectes.xtec.cat\/impulsfp\/wp-json\/wp\/v2\/users\/1"}],"replies":[{"embeddable":true,"href":"https:\/\/projectes.xtec.cat\/impulsfp\/wp-json\/wp\/v2\/comments?post=11460"}],"version-history":[{"count":5,"href":"https:\/\/projectes.xtec.cat\/impulsfp\/wp-json\/wp\/v2\/pages\/11460\/revisions"}],"predecessor-version":[{"id":13614,"href":"https:\/\/projectes.xtec.cat\/impulsfp\/wp-json\/wp\/v2\/pages\/11460\/revisions\/13614"}],"wp:attachment":[{"href":"https:\/\/projectes.xtec.cat\/impulsfp\/wp-json\/wp\/v2\/media?parent=11460"}],"curies":[{"name":"wp","href":"https:\/\/api.w.org\/{rel}","templated":true}]}}