{"id":11554,"date":"2022-12-30T20:24:37","date_gmt":"2022-12-30T19:24:37","guid":{"rendered":"https:\/\/projectes.xtec.cat\/impulsfp\/?page_id=11554"},"modified":"2023-05-18T13:41:31","modified_gmt":"2023-05-18T11:41:31","slug":"lassociacio-3","status":"publish","type":"page","link":"https:\/\/projectes.xtec.cat\/impulsfp\/alumnifp\/lassociacio-3\/","title":{"rendered":"L&#8217;associaci\u00f3"},"content":{"rendered":"<p><span style=\"font-size: 10pt;\">Com a centre educatiu pots formar part d&#8217;aquest projecte. Ets un element clau per fer cr\u00e9ixer la xarxa de centres que estan disposats anar un pas m\u00e9s enll\u00e0. \u00c9s per aix\u00f2 que des de\u00a0 l&#8217;AlumniFP volem donar-te el suport i l&#8217;assessorament que necessitis. Pots sol\u00b7licitar un assessorament o accedir a documentaci\u00f3 que t&#8217;ajudi a donar els passos necessaris per crear la teva comunitat AlumniFP.<\/span><\/p>\n<p><a href=\"mailto:alumnifp@xtec.cat\"><img loading=\"lazy\" decoding=\"async\" class=\"alignnone wp-image-11564\" src=\"https:\/\/projectes.xtec.cat\/impulsfp\/wp-content\/uploads\/usu2078\/2022\/12\/Assessorament-1.png\" alt=\"\" width=\"255\" height=\"246\" srcset=\"https:\/\/projectes.xtec.cat\/impulsfp\/wp-content\/uploads\/usu2078\/2022\/12\/Assessorament-1.png 381w, https:\/\/projectes.xtec.cat\/impulsfp\/wp-content\/uploads\/usu2078\/2022\/12\/Assessorament-1-300x290.png 300w\" sizes=\"auto, (max-width: 255px) 100vw, 255px\" \/><\/a><a href=\"https:\/\/projectes.xtec.cat\/impulsfp\/alumnifp\/lassociacio-3\/documentacio\/\"><img loading=\"lazy\" decoding=\"async\" class=\"alignnone wp-image-11568\" src=\"https:\/\/projectes.xtec.cat\/impulsfp\/wp-content\/uploads\/usu2078\/2022\/12\/Documentacio-alumni-1.png\" alt=\"\" width=\"247\" height=\"254\" srcset=\"https:\/\/projectes.xtec.cat\/impulsfp\/wp-content\/uploads\/usu2078\/2022\/12\/Documentacio-alumni-1.png 369w, https:\/\/projectes.xtec.cat\/impulsfp\/wp-content\/uploads\/usu2078\/2022\/12\/Documentacio-alumni-1-291x300.png 291w\" sizes=\"auto, (max-width: 247px) 100vw, 247px\" \/><\/a><a href=\"https:\/\/comunitat.edigital.cat\/\"><img loading=\"lazy\" decoding=\"async\" class=\"alignnone wp-image-11888\" src=\"https:\/\/projectes.xtec.cat\/impulsfp\/wp-content\/uploads\/usu2078\/2023\/01\/Forum-intercanvi.png\" alt=\"\" width=\"243\" height=\"247\" srcset=\"https:\/\/projectes.xtec.cat\/impulsfp\/wp-content\/uploads\/usu2078\/2023\/01\/Forum-intercanvi.png 297w, https:\/\/projectes.xtec.cat\/impulsfp\/wp-content\/uploads\/usu2078\/2023\/01\/Forum-intercanvi-295x300.png 295w\" sizes=\"auto, (max-width: 243px) 100vw, 243px\" \/><\/a><\/p>\n<p>&nbsp;<\/p>\n<p>&nbsp;<\/p>\n<p>&nbsp;<\/p>\n","protected":false},"excerpt":{"rendered":"<p>Com a centre educatiu pots formar part d&#8217;aquest projecte. Ets un element clau per fer cr\u00e9ixer la xarxa de centres que estan disposats anar un pas m\u00e9s enll\u00e0. \u00c9s per aix\u00f2 que des de\u00a0 l&#8217;AlumniFP volem donar-te el suport i l&#8217;assessorament que necessitis. Pots sol\u00b7licitar&hellip;  <a href=\"https:\/\/projectes.xtec.cat\/impulsfp\/alumnifp\/lassociacio-3\/\" title=\"Read L&#8217;associaci\u00f3\">Llegeix m\u00e9s\u00bb<\/a><\/p>\n","protected":false},"author":1,"featured_media":0,"parent":11460,"menu_order":0,"comment_status":"closed","ping_status":"closed","template":"page-templates\/side-menu.php","meta":{"_bbp_topic_count":0,"_bbp_reply_count":0,"_bbp_total_topic_count":0,"_bbp_total_reply_count":0,"_bbp_voice_count":0,"_bbp_anonymous_reply_count":0,"_bbp_topic_count_hidden":0,"_bbp_reply_count_hidden":0,"_bbp_forum_subforum_count":0,"footnotes":""},"class_list":["post-11554","page","type-page","status-publish","hentry"],"post_mailing_queue_ids":[],"_links":{"self":[{"href":"https:\/\/projectes.xtec.cat\/impulsfp\/wp-json\/wp\/v2\/pages\/11554","targetHints":{"allow":["GET"]}}],"collection":[{"href":"https:\/\/projectes.xtec.cat\/impulsfp\/wp-json\/wp\/v2\/pages"}],"about":[{"href":"https:\/\/projectes.xtec.cat\/impulsfp\/wp-json\/wp\/v2\/types\/page"}],"author":[{"embeddable":true,"href":"https:\/\/projectes.xtec.cat\/impulsfp\/wp-json\/wp\/v2\/users\/1"}],"replies":[{"embeddable":true,"href":"https:\/\/projectes.xtec.cat\/impulsfp\/wp-json\/wp\/v2\/comments?post=11554"}],"version-history":[{"count":4,"href":"https:\/\/projectes.xtec.cat\/impulsfp\/wp-json\/wp\/v2\/pages\/11554\/revisions"}],"predecessor-version":[{"id":12182,"href":"https:\/\/projectes.xtec.cat\/impulsfp\/wp-json\/wp\/v2\/pages\/11554\/revisions\/12182"}],"up":[{"embeddable":true,"href":"https:\/\/projectes.xtec.cat\/impulsfp\/wp-json\/wp\/v2\/pages\/11460"}],"wp:attachment":[{"href":"https:\/\/projectes.xtec.cat\/impulsfp\/wp-json\/wp\/v2\/media?parent=11554"}],"curies":[{"name":"wp","href":"https:\/\/api.w.org\/{rel}","templated":true}]}}