{"id":11617,"date":"2022-12-31T08:10:03","date_gmt":"2022-12-31T07:10:03","guid":{"rendered":"https:\/\/projectes.xtec.cat\/impulsfp\/?page_id=11617"},"modified":"2024-06-14T12:01:39","modified_gmt":"2024-06-14T10:01:39","slug":"formacio","status":"publish","type":"page","link":"https:\/\/projectes.xtec.cat\/impulsfp\/alumnifp\/lexalumnat-4\/formacio\/","title":{"rendered":"Formaci\u00f3"},"content":{"rendered":"<p><span style=\"font-weight: 400; font-size: 12pt;\">Has acabat els teus estudis en un centre de Formaci\u00f3 Professional de Catalunya? Vols<\/span><span style=\"font-weight: 400; font-size: 12pt;\"> seguir construint i ampliant el\u00a0 teu coneixement? <\/span><\/p>\n<p><span style=\"font-weight: 400; font-size: 12pt;\">La formaci\u00f3 \u00e9s un element clau en el desenvolupament de la carrera professional. Aquesta ens permet aprofundir en \u00e0rees que desconeixem o de les que ten\u00edem m\u00e9s necessitat de coneixement per poder desenvolupar noves habilitats.<\/span><\/p>\n<p><span style=\"font-weight: 400; font-size: 12pt;\"> En els seg\u00fcents apartat trobar\u00e0s oferta formativa tant vinculada a les fam\u00edlies professionals com transversal.\u00a0<\/span><\/p>\n<p>&nbsp;<\/p>\n<p><a href=\"alumnifp\/lexalumnat-4\/formacio\/formacio-continua\/\"><img loading=\"lazy\" decoding=\"async\" class=\"alignnone wp-image-11618\" src=\"https:\/\/projectes.xtec.cat\/impulsfp\/wp-content\/uploads\/usu2078\/2022\/12\/Formacio-continuada.png\" alt=\"\" width=\"235\" height=\"224\" srcset=\"https:\/\/projectes.xtec.cat\/impulsfp\/wp-content\/uploads\/usu2078\/2022\/12\/Formacio-continuada.png 392w, https:\/\/projectes.xtec.cat\/impulsfp\/wp-content\/uploads\/usu2078\/2022\/12\/Formacio-continuada-300x285.png 300w\" sizes=\"auto, (max-width: 235px) 100vw, 235px\" \/><\/a><a href=\"alumnifp\/lexalumnat-4\/formacio\/formacio-ocupacional-2\/\"><img loading=\"lazy\" decoding=\"async\" class=\"alignnone wp-image-11619\" src=\"https:\/\/projectes.xtec.cat\/impulsfp\/wp-content\/uploads\/usu2078\/2022\/12\/Formacio-ocupacional.png\" alt=\"\" width=\"237\" height=\"225\" srcset=\"https:\/\/projectes.xtec.cat\/impulsfp\/wp-content\/uploads\/usu2078\/2022\/12\/Formacio-ocupacional.png 390w, https:\/\/projectes.xtec.cat\/impulsfp\/wp-content\/uploads\/usu2078\/2022\/12\/Formacio-ocupacional-300x285.png 300w\" sizes=\"auto, (max-width: 237px) 100vw, 237px\" \/><\/a><\/p>\n","protected":false},"excerpt":{"rendered":"<p>Has acabat els teus estudis en un centre de Formaci\u00f3 Professional de Catalunya? Vols seguir construint i ampliant el\u00a0 teu coneixement?<br \/>\nLa formaci\u00f3 \u00e9s un element clau en el desenvolupament de la carrera professional. Aquesta ens permet aprofundir en \u00e0rees que desconeixem o de les&hellip;  <a href=\"https:\/\/projectes.xtec.cat\/impulsfp\/alumnifp\/lexalumnat-4\/formacio\/\" title=\"Read Formaci\u00f3\">Llegeix m\u00e9s\u00bb<\/a><\/p>\n","protected":false},"author":272,"featured_media":0,"parent":11572,"menu_order":0,"comment_status":"closed","ping_status":"closed","template":"page-templates\/side-menu.php","meta":{"_bbp_topic_count":0,"_bbp_reply_count":0,"_bbp_total_topic_count":0,"_bbp_total_reply_count":0,"_bbp_voice_count":0,"_bbp_anonymous_reply_count":0,"_bbp_topic_count_hidden":0,"_bbp_reply_count_hidden":0,"_bbp_forum_subforum_count":0,"footnotes":""},"class_list":["post-11617","page","type-page","status-publish","hentry"],"post_mailing_queue_ids":[],"_links":{"self":[{"href":"https:\/\/projectes.xtec.cat\/impulsfp\/wp-json\/wp\/v2\/pages\/11617","targetHints":{"allow":["GET"]}}],"collection":[{"href":"https:\/\/projectes.xtec.cat\/impulsfp\/wp-json\/wp\/v2\/pages"}],"about":[{"href":"https:\/\/projectes.xtec.cat\/impulsfp\/wp-json\/wp\/v2\/types\/page"}],"author":[{"embeddable":true,"href":"https:\/\/projectes.xtec.cat\/impulsfp\/wp-json\/wp\/v2\/users\/272"}],"replies":[{"embeddable":true,"href":"https:\/\/projectes.xtec.cat\/impulsfp\/wp-json\/wp\/v2\/comments?post=11617"}],"version-history":[{"count":6,"href":"https:\/\/projectes.xtec.cat\/impulsfp\/wp-json\/wp\/v2\/pages\/11617\/revisions"}],"predecessor-version":[{"id":13611,"href":"https:\/\/projectes.xtec.cat\/impulsfp\/wp-json\/wp\/v2\/pages\/11617\/revisions\/13611"}],"up":[{"embeddable":true,"href":"https:\/\/projectes.xtec.cat\/impulsfp\/wp-json\/wp\/v2\/pages\/11572"}],"wp:attachment":[{"href":"https:\/\/projectes.xtec.cat\/impulsfp\/wp-json\/wp\/v2\/media?parent=11617"}],"curies":[{"name":"wp","href":"https:\/\/api.w.org\/{rel}","templated":true}]}}