{"id":11644,"date":"2022-12-31T09:39:56","date_gmt":"2022-12-31T08:39:56","guid":{"rendered":"https:\/\/projectes.xtec.cat\/impulsfp\/?page_id=11644"},"modified":"2024-06-14T11:57:06","modified_gmt":"2024-06-14T09:57:06","slug":"alumnifp-emprenedor","status":"publish","type":"page","link":"https:\/\/projectes.xtec.cat\/impulsfp\/alumnifp\/lexalumnat-4\/alumnifp-emprenedor\/","title":{"rendered":"AlumniFP emprenedor"},"content":{"rendered":"<p>Un projecte emprenedor \u00e9s una llarga travessa que necessita suport i recursos\u00a0per convertir-se en un\u00a0\u00e8xit.<\/p>\n<p>En molts casos, la necessitat d&#8217;emprendre neix despr\u00e9s d&#8217;alguns anys en el m\u00f3n professional i de la voluntat d&#8217;anar m\u00e9s enll\u00e0.<\/p>\n<p>En aquesta secci\u00f3 volem oferir-te algunes eines i recursos que et poden ajudar en aquest cam\u00ed tan apassionant com \u00e9s el m\u00f3n emprenedor.<\/p>\n<p><a href=\"alumnifp\/lexalumnat-4\/alumnifp-emprenedor\/recursos-emprenedors-2\/\"><img loading=\"lazy\" decoding=\"async\" class=\"alignnone wp-image-11645\" src=\"https:\/\/projectes.xtec.cat\/impulsfp\/wp-content\/uploads\/usu2078\/2022\/12\/Recursos-emprenedors.png\" alt=\"\" width=\"227\" height=\"228\" srcset=\"https:\/\/projectes.xtec.cat\/impulsfp\/wp-content\/uploads\/usu2078\/2022\/12\/Recursos-emprenedors.png 334w, https:\/\/projectes.xtec.cat\/impulsfp\/wp-content\/uploads\/usu2078\/2022\/12\/Recursos-emprenedors-298x300.png 298w, https:\/\/projectes.xtec.cat\/impulsfp\/wp-content\/uploads\/usu2078\/2022\/12\/Recursos-emprenedors-150x150.png 150w\" sizes=\"auto, (max-width: 227px) 100vw, 227px\" \/><\/a> <a href=\"alumnifp\/lexalumnat-4\/alumnifp-emprenedor\/formacio-emprenedora-2\/\"><img loading=\"lazy\" decoding=\"async\" class=\"alignnone wp-image-11646\" src=\"https:\/\/projectes.xtec.cat\/impulsfp\/wp-content\/uploads\/usu2078\/2022\/12\/Formacio-emprenedora.png\" alt=\"\" width=\"241\" height=\"225\" srcset=\"https:\/\/projectes.xtec.cat\/impulsfp\/wp-content\/uploads\/usu2078\/2022\/12\/Formacio-emprenedora.png 358w, https:\/\/projectes.xtec.cat\/impulsfp\/wp-content\/uploads\/usu2078\/2022\/12\/Formacio-emprenedora-300x280.png 300w\" sizes=\"auto, (max-width: 241px) 100vw, 241px\" \/><\/a><\/p>\n<p>&nbsp;<\/p>\n","protected":false},"excerpt":{"rendered":"<p>Un projecte emprenedor \u00e9s una llarga travessa que necessita suport i recursos\u00a0per convertir-se en un\u00a0\u00e8xit.<br \/>\nEn molts casos, la necessitat d&#8217;emprendre neix despr\u00e9s d&#8217;alguns anys en el m\u00f3n professional i de la voluntat d&#8217;anar m\u00e9s enll\u00e0.<br \/>\nEn aquesta secci\u00f3 volem oferir-te algunes eines i recursos que et&hellip;  <a href=\"https:\/\/projectes.xtec.cat\/impulsfp\/alumnifp\/lexalumnat-4\/alumnifp-emprenedor\/\" title=\"Read AlumniFP emprenedor\">Llegeix m\u00e9s\u00bb<\/a><\/p>\n","protected":false},"author":272,"featured_media":0,"parent":11572,"menu_order":0,"comment_status":"closed","ping_status":"closed","template":"page-templates\/side-menu.php","meta":{"_bbp_topic_count":0,"_bbp_reply_count":0,"_bbp_total_topic_count":0,"_bbp_total_reply_count":0,"_bbp_voice_count":0,"_bbp_anonymous_reply_count":0,"_bbp_topic_count_hidden":0,"_bbp_reply_count_hidden":0,"_bbp_forum_subforum_count":0,"footnotes":""},"class_list":["post-11644","page","type-page","status-publish","hentry"],"post_mailing_queue_ids":[],"_links":{"self":[{"href":"https:\/\/projectes.xtec.cat\/impulsfp\/wp-json\/wp\/v2\/pages\/11644","targetHints":{"allow":["GET"]}}],"collection":[{"href":"https:\/\/projectes.xtec.cat\/impulsfp\/wp-json\/wp\/v2\/pages"}],"about":[{"href":"https:\/\/projectes.xtec.cat\/impulsfp\/wp-json\/wp\/v2\/types\/page"}],"author":[{"embeddable":true,"href":"https:\/\/projectes.xtec.cat\/impulsfp\/wp-json\/wp\/v2\/users\/272"}],"replies":[{"embeddable":true,"href":"https:\/\/projectes.xtec.cat\/impulsfp\/wp-json\/wp\/v2\/comments?post=11644"}],"version-history":[{"count":5,"href":"https:\/\/projectes.xtec.cat\/impulsfp\/wp-json\/wp\/v2\/pages\/11644\/revisions"}],"predecessor-version":[{"id":13607,"href":"https:\/\/projectes.xtec.cat\/impulsfp\/wp-json\/wp\/v2\/pages\/11644\/revisions\/13607"}],"up":[{"embeddable":true,"href":"https:\/\/projectes.xtec.cat\/impulsfp\/wp-json\/wp\/v2\/pages\/11572"}],"wp:attachment":[{"href":"https:\/\/projectes.xtec.cat\/impulsfp\/wp-json\/wp\/v2\/media?parent=11644"}],"curies":[{"name":"wp","href":"https:\/\/api.w.org\/{rel}","templated":true}]}}