{"id":11869,"date":"2023-01-11T10:22:17","date_gmt":"2023-01-11T09:22:17","guid":{"rendered":"https:\/\/projectes.xtec.cat\/impulsfp\/?page_id=11869"},"modified":"2026-04-17T13:00:32","modified_gmt":"2026-04-17T11:00:32","slug":"recursos-emprenedors-2","status":"publish","type":"page","link":"https:\/\/projectes.xtec.cat\/impulsfp\/emprenfp-2\/recursos-emprenedors-2\/","title":{"rendered":"Recursos emprenedors"},"content":{"rendered":"<p><span style=\"font-size: 10pt;\">Empendre \u00e9s un cam\u00ed que no resulta f\u00e0cil. Creure en un projecte propi i acabant donat-li forma per que sigui un projecte emprenedor que arribi al mercat es una aventura que necessita d&#8217;ajuda i suport. En aquest apartat et facilitem espais en els que poder trobar aquest recursos.<\/span><\/p>\n<p><strong><span style=\"font-size: 10pt;\">Recursos per emprendre centrals<\/span><\/strong><\/p>\n<p><a href=\"http:\/\/serveisperemprendre.gencat.cat\/serveis-per-emprendre\/\"><img loading=\"lazy\" decoding=\"async\" class=\"alignnone size-full wp-image-11974\" src=\"https:\/\/projectes.xtec.cat\/impulsfp\/wp-content\/uploads\/usu2078\/2023\/01\/Serveicentral-emprendre.png\" alt=\"\" width=\"287\" height=\"226\" \/><\/a><a href=\"https:\/\/www.autoocupacio.org\/nosaltres\/patronat\/\"><img loading=\"lazy\" decoding=\"async\" class=\"alignnone wp-image-12006\" src=\"https:\/\/projectes.xtec.cat\/impulsfp\/wp-content\/uploads\/usu2078\/2023\/01\/Autoocupacio.png\" alt=\"\" width=\"293\" height=\"225\" srcset=\"https:\/\/projectes.xtec.cat\/impulsfp\/wp-content\/uploads\/usu2078\/2023\/01\/Autoocupacio.png 339w, https:\/\/projectes.xtec.cat\/impulsfp\/wp-content\/uploads\/usu2078\/2023\/01\/Autoocupacio-300x231.png 300w\" sizes=\"auto, (max-width: 293px) 100vw, 293px\" \/><\/a> <a href=\"https:\/\/catempren.gencat.cat\/ca\/inici\"><img loading=\"lazy\" decoding=\"async\" class=\"alignnone size-full wp-image-12211\" src=\"https:\/\/projectes.xtec.cat\/impulsfp\/wp-content\/uploads\/usu2078\/2023\/02\/catalunya-empren.png\" alt=\"\" width=\"271\" height=\"226\" \/><\/a><\/p>\n<p><strong><span style=\"font-size: 10pt;\">Recursos per emprendre territorials:<\/span><\/strong><\/p>\n<p><strong>BARCELONA<\/strong><\/p>\n<p><a href=\"https:\/\/emprenedoria.barcelonactiva.cat\/\"><img loading=\"lazy\" decoding=\"async\" class=\"alignnone size-full wp-image-11970\" src=\"https:\/\/projectes.xtec.cat\/impulsfp\/wp-content\/uploads\/usu2078\/2023\/01\/BArcelona-activa-empren.png\" alt=\"\" width=\"282\" height=\"230\" \/><\/a><a href=\"https:\/\/www.creaccio.cat\/emprenedoria\/\"><img loading=\"lazy\" decoding=\"async\" class=\"alignnone size-full wp-image-12217\" src=\"https:\/\/projectes.xtec.cat\/impulsfp\/wp-content\/uploads\/usu2078\/2023\/02\/creacio.png\" alt=\"\" width=\"281\" height=\"237\" \/><\/a><a href=\"http:\/\/www.moliempresa.cat\/article\/3\/Club-Emprenedor.ca.html\"><img loading=\"lazy\" decoding=\"async\" class=\"alignnone size-full wp-image-12218\" src=\"https:\/\/projectes.xtec.cat\/impulsfp\/wp-content\/uploads\/usu2078\/2023\/02\/moli.png\" alt=\"\" width=\"272\" height=\"231\" \/><\/a><a href=\"https:\/\/www.igualada.cat\/ca\/regidories\/dinamitzacio-economica\/ig-nova-empreses\"><img loading=\"lazy\" decoding=\"async\" class=\"alignnone size-full wp-image-12220\" src=\"https:\/\/projectes.xtec.cat\/impulsfp\/wp-content\/uploads\/usu2078\/2023\/02\/igualada.png\" alt=\"\" width=\"261\" height=\"227\" \/><\/a><\/p>\n<p><strong>LLEIDA<\/strong><\/p>\n<p><a href=\"https:\/\/promocioeconomica.paeria.cat\/web\/\"><img loading=\"lazy\" decoding=\"async\" class=\"alignnone size-large wp-image-11971\" src=\"https:\/\/projectes.xtec.cat\/impulsfp\/wp-content\/uploads\/usu2078\/2023\/01\/LLEida-empren-1.png\" alt=\"\" width=\"282\" height=\"226\" \/><\/a><a href=\"https:\/\/ceeilleida.com\/empren\/\"><img loading=\"lazy\" decoding=\"async\" class=\"alignnone wp-image-11975\" src=\"https:\/\/projectes.xtec.cat\/impulsfp\/wp-content\/uploads\/usu2078\/2023\/01\/Ceei-lleida.png\" alt=\"\" width=\"268\" height=\"229\" \/><\/a><a href=\"https:\/\/www.alturgell.cat\/empresa-ocupacio-i-desenvolupament-local\"><img loading=\"lazy\" decoding=\"async\" class=\"alignnone size-full wp-image-12214\" src=\"https:\/\/projectes.xtec.cat\/impulsfp\/wp-content\/uploads\/usu2078\/2023\/02\/CAlt-urgell.png\" alt=\"\" width=\"281\" height=\"235\" \/><\/a><\/p>\n<p><strong>GIRONA<\/strong><\/p>\n<p><a href=\"https:\/\/web.girona.cat\/gironaempren\"><img loading=\"lazy\" decoding=\"async\" class=\"alignnone size-large wp-image-11973\" src=\"https:\/\/projectes.xtec.cat\/impulsfp\/wp-content\/uploads\/usu2078\/2023\/01\/Giroena-empren.png\" alt=\"\" width=\"265\" height=\"228\" \/><\/a><a href=\"https:\/\/forumimagina.com\/\"><img loading=\"lazy\" decoding=\"async\" class=\"alignnone size-full wp-image-12213\" src=\"https:\/\/projectes.xtec.cat\/impulsfp\/wp-content\/uploads\/usu2078\/2023\/02\/forum-imagina.png\" alt=\"\" width=\"274\" height=\"228\" \/><\/a><\/p>\n<p><strong>TARRAGONA<\/strong><\/p>\n<p><a href=\"https:\/\/www.tarragona.cat\/tarragonaimpulsa\/empresa\/programa-explorer\"><img loading=\"lazy\" decoding=\"async\" class=\"alignnone wp-image-11972\" src=\"https:\/\/projectes.xtec.cat\/impulsfp\/wp-content\/uploads\/usu2078\/2023\/01\/Tarragona-empren-1.png\" alt=\"\" width=\"282\" height=\"229\" \/><\/a><a href=\"https:\/\/www.baixebre.cat\/arees-dactuacio\/dinamitzacio-economica\/promocio-economica-empresa-i-ocupacio\/emprenedoria\"><img loading=\"lazy\" decoding=\"async\" class=\"alignnone size-full wp-image-12216\" src=\"https:\/\/projectes.xtec.cat\/impulsfp\/wp-content\/uploads\/usu2078\/2023\/02\/baix-ebre.png\" alt=\"\" width=\"269\" height=\"227\" \/><\/a><\/p>\n<p>&nbsp;<\/p>\n","protected":false},"excerpt":{"rendered":"<p>Empendre \u00e9s un cam\u00ed que no resulta f\u00e0cil. Creure en un projecte propi i acabant donat-li forma per que sigui un projecte emprenedor que arribi al mercat es una aventura que necessita d&#8217;ajuda i suport. En aquest apartat et facilitem espais en els que poder&hellip;  <a href=\"https:\/\/projectes.xtec.cat\/impulsfp\/emprenfp-2\/recursos-emprenedors-2\/\" title=\"Read Recursos emprenedors\">Llegeix m\u00e9s\u00bb<\/a><\/p>\n","protected":false},"author":1,"featured_media":0,"parent":12454,"menu_order":4,"comment_status":"closed","ping_status":"closed","template":"page-templates\/side-menu.php","meta":{"_bbp_topic_count":0,"_bbp_reply_count":0,"_bbp_total_topic_count":0,"_bbp_total_reply_count":0,"_bbp_voice_count":0,"_bbp_anonymous_reply_count":0,"_bbp_topic_count_hidden":0,"_bbp_reply_count_hidden":0,"_bbp_forum_subforum_count":0,"footnotes":""},"class_list":["post-11869","page","type-page","status-publish","hentry"],"post_mailing_queue_ids":[],"_links":{"self":[{"href":"https:\/\/projectes.xtec.cat\/impulsfp\/wp-json\/wp\/v2\/pages\/11869","targetHints":{"allow":["GET"]}}],"collection":[{"href":"https:\/\/projectes.xtec.cat\/impulsfp\/wp-json\/wp\/v2\/pages"}],"about":[{"href":"https:\/\/projectes.xtec.cat\/impulsfp\/wp-json\/wp\/v2\/types\/page"}],"author":[{"embeddable":true,"href":"https:\/\/projectes.xtec.cat\/impulsfp\/wp-json\/wp\/v2\/users\/1"}],"replies":[{"embeddable":true,"href":"https:\/\/projectes.xtec.cat\/impulsfp\/wp-json\/wp\/v2\/comments?post=11869"}],"version-history":[{"count":4,"href":"https:\/\/projectes.xtec.cat\/impulsfp\/wp-json\/wp\/v2\/pages\/11869\/revisions"}],"predecessor-version":[{"id":14110,"href":"https:\/\/projectes.xtec.cat\/impulsfp\/wp-json\/wp\/v2\/pages\/11869\/revisions\/14110"}],"up":[{"embeddable":true,"href":"https:\/\/projectes.xtec.cat\/impulsfp\/wp-json\/wp\/v2\/pages\/12454"}],"wp:attachment":[{"href":"https:\/\/projectes.xtec.cat\/impulsfp\/wp-json\/wp\/v2\/media?parent=11869"}],"curies":[{"name":"wp","href":"https:\/\/api.w.org\/{rel}","templated":true}]}}