{"id":12366,"date":"2023-02-27T11:09:02","date_gmt":"2023-02-27T10:09:02","guid":{"rendered":"https:\/\/projectes.xtec.cat\/impulsfp\/?page_id=12366"},"modified":"2024-03-18T21:24:00","modified_gmt":"2024-03-18T20:24:00","slug":"orientafp-2","status":"publish","type":"page","link":"https:\/\/projectes.xtec.cat\/impulsfp\/orientafp-2\/","title":{"rendered":"OrientaFP"},"content":{"rendered":"<p><span class=\"WdYUQQ text-decoration-none text-strikethrough-none\" style=\"font-size: 12pt;\"><a href=\"https:\/\/projectes.xtec.cat\/impulsfp\/wp-content\/uploads\/usu2078\/2023\/01\/Orienta.png\"><img loading=\"lazy\" decoding=\"async\" class=\"alignnone wp-image-11777\" src=\"https:\/\/projectes.xtec.cat\/impulsfp\/wp-content\/uploads\/usu2078\/2023\/01\/Orienta.png\" alt=\"\" width=\"255\" height=\"75\" srcset=\"https:\/\/projectes.xtec.cat\/impulsfp\/wp-content\/uploads\/usu2078\/2023\/01\/Orienta.png 694w, https:\/\/projectes.xtec.cat\/impulsfp\/wp-content\/uploads\/usu2078\/2023\/01\/Orienta-300x88.png 300w\" sizes=\"auto, (max-width: 255px) 100vw, 255px\" \/><\/a><a href=\"https:\/\/impulsfp.cat\/escriptoriorientafp\/\"><img loading=\"lazy\" decoding=\"async\" class=\"alignnone wp-image-11181\" src=\"https:\/\/projectes.xtec.cat\/impulsfp\/wp-content\/uploads\/usu2078\/2022\/10\/Captura-2.png\" alt=\"\" width=\"69\" height=\"70\" srcset=\"https:\/\/projectes.xtec.cat\/impulsfp\/wp-content\/uploads\/usu2078\/2022\/10\/Captura-2.png 232w, https:\/\/projectes.xtec.cat\/impulsfp\/wp-content\/uploads\/usu2078\/2022\/10\/Captura-2-150x150.png 150w\" sizes=\"auto, (max-width: 69px) 100vw, 69px\" \/><\/a><\/span><\/p>\n<p><span style=\"color: #ff0000;\"><i class=\"dashicons dashicons-info\" style=\"font-size: xx-large !important; width: 48px;\">\u00a0<\/i><span style=\"font-size: 18pt;\">Qu\u00e8 \u00e9s orientaFP?<\/span><\/span><\/p>\n<p><span class=\"WdYUQQ text-decoration-none text-strikethrough-none\" style=\"font-size: 12pt;\">OrientaFP \u00e9s un espai de recerca i pilotatge d&#8217;iniciatives al servei dels centres i dels agents del sistema, implicats en l&#8217;acci\u00f3 tutorial i l&#8217;orientaci\u00f3 a FP.<\/span><\/p>\n<p><iframe loading=\"lazy\" title=\"OrientaFP \u00b7 Programa d&#039;impulsFP\" width=\"500\" height=\"281\" src=\"https:\/\/www.youtube.com\/embed\/O_KOKHw3FZI?feature=oembed\" frameborder=\"0\" allow=\"accelerometer; autoplay; clipboard-write; encrypted-media; gyroscope; picture-in-picture; web-share\" referrerpolicy=\"strict-origin-when-cross-origin\" allowfullscreen><\/iframe><\/p>\n<p><em><strong><span style=\"font-size: 12pt; color: #ff0000;\">Pel que fa als centres:<\/span><\/strong><\/em><\/p>\n<div>\n<ul>\n<li><span style=\"font-size: 12pt;\">Espai d&#8217;aprofundiment i cerca de solucions a problemes o necessitats espec\u00edfiques relacionades amb els \u00e0mbits plantejats.<\/span><\/li>\n<li><span style=\"font-size: 12pt;\">Generaci\u00f3 de recursos \u00fatils i transferibles per a la millora. <\/span><\/li>\n<li><span style=\"font-size: 12pt;\">Espais de reflexi\u00f3 i intercanvi de coneixement intra i intercentres de forma estable.<\/span><\/li>\n<\/ul>\n<p><em><strong style=\"color: #ff0000; font-family: inherit; font-size: 1em;\"><span style=\"font-size: 12pt;\">Pel que fa al sistema:<\/span><\/strong><\/em><\/p>\n<div>\n<div>\n<ul>\n<li><span style=\"font-size: 12pt;\">Promoure la transfer\u00e8ncia de coneixement a la totalitat del sistema FP, des de centres i institucions diverses.<\/span><\/li>\n<li><span style=\"font-size: 12pt;\">Detectar q\u00fcestions potencialment cr\u00edtiques o millorables encara no contemplats pel sistema i fer propostes d&#8217;intervenci\u00f3.\u00a0<\/span><\/li>\n<li><span style=\"font-size: 12pt;\">Promoure el coneixement docent i la seva capacitat d&#8217;investigaci\u00f3.<\/span><\/li>\n<li><span style=\"font-size: 12pt;\">Servir de plataforma de pilotatge i investigaci\u00f3 de propostes o necessitats de coneixement en el nostre camp.<\/span><\/li>\n<\/ul>\n<p>&nbsp;<\/p>\n<\/div>\n<\/div>\n<\/div>\n<p><span style=\"color: #ff0000;\"><i class=\"dashicons dashicons-groups\" style=\"font-size: xx-large !important; width: 48px;\">\u00a0<\/i><span style=\"font-size: 18pt;\">Qui hi t\u00e9 acc\u00e9s?<\/span><\/span><\/p>\n<ul>\n<li>Qualsevol centre amb estudis de Formaci\u00f3 Professional sostinguts amb fons p\u00fablics.<\/li>\n<\/ul>\n","protected":false},"excerpt":{"rendered":"<p><a href=\"https:\/\/projectes.xtec.cat\/impulsfp\/wp-content\/uploads\/usu2078\/2023\/01\/Orienta.png\"><\/a><a href=\"https:\/\/impulsfp.cat\/escriptoriorientafp\/\"><\/a><br \/>\n\u00a0Qu\u00e8 \u00e9s orientaFP?<br \/>\nOrientaFP \u00e9s un espai de recerca i pilotatge d&#8217;iniciatives al servei dels centres i dels agents del sistema, implicats en l&#8217;acci\u00f3 tutorial i l&#8217;orientaci\u00f3 a FP.<\/p>\n<p>Pel que fa als centres:<\/p>\n<ul>\n<li>Espai d&#8217;aprofundiment i cerca de solucions a problemes o necessitats espec\u00edfiques relacionades&hellip;  <a href=\"https:\/\/projectes.xtec.cat\/impulsfp\/orientafp-2\/\" title=\"Read OrientaFP\">Llegeix m\u00e9s\u00bb<\/a><br \/>\n","protected":false},"author":1,"featured_media":0,"parent":0,"menu_order":0,"comment_status":"closed","ping_status":"closed","template":"page-templates\/side-menu.php","meta":{"_bbp_topic_count":0,"_bbp_reply_count":0,"_bbp_total_topic_count":0,"_bbp_total_reply_count":0,"_bbp_voice_count":0,"_bbp_anonymous_reply_count":0,"_bbp_topic_count_hidden":0,"_bbp_reply_count_hidden":0,"_bbp_forum_subforum_count":0,"footnotes":""},"class_list":["post-12366","page","type-page","status-publish","hentry"],"post_mailing_queue_ids":[],"_links":{"self":[{"href":"https:\/\/projectes.xtec.cat\/impulsfp\/wp-json\/wp\/v2\/pages\/12366","targetHints":{"allow":["GET"]}}],"collection":[{"href":"https:\/\/projectes.xtec.cat\/impulsfp\/wp-json\/wp\/v2\/pages"}],"about":[{"href":"https:\/\/projectes.xtec.cat\/impulsfp\/wp-json\/wp\/v2\/types\/page"}],"author":[{"embeddable":true,"href":"https:\/\/projectes.xtec.cat\/impulsfp\/wp-json\/wp\/v2\/users\/1"}],"replies":[{"embeddable":true,"href":"https:\/\/projectes.xtec.cat\/impulsfp\/wp-json\/wp\/v2\/comments?post=12366"}],"version-history":[{"count":6,"href":"https:\/\/projectes.xtec.cat\/impulsfp\/wp-json\/wp\/v2\/pages\/12366\/revisions"}],"predecessor-version":[{"id":13463,"href":"https:\/\/projectes.xtec.cat\/impulsfp\/wp-json\/wp\/v2\/pages\/12366\/revisions\/13463"}],"wp:attachment":[{"href":"https:\/\/projectes.xtec.cat\/impulsfp\/wp-json\/wp\/v2\/media?parent=12366"}],"curies":[{"name":"wp","href":"https:\/\/api.w.org\/{rel}","templated":true}]}}