{"id":12454,"date":"2023-03-28T12:45:09","date_gmt":"2023-03-28T10:45:09","guid":{"rendered":"https:\/\/projectes.xtec.cat\/impulsfp\/?page_id=12454"},"modified":"2026-04-17T12:31:53","modified_gmt":"2026-04-17T10:31:53","slug":"emprenfp-2","status":"publish","type":"page","link":"https:\/\/projectes.xtec.cat\/impulsfp\/emprenfp-2\/","title":{"rendered":"Empr\u00e8nFP"},"content":{"rendered":"<h4>Qu\u00e8 \u00e9s empr\u00e8nFP?<\/h4>\n<p style=\"font-size: 14px;\"><span style=\"font-size: 10pt;\">Un programa de la Direcci\u00f3 General d&#8217;Ordenaci\u00f3 i Integraci\u00f3 de la Formaci\u00f3 Professional, que des de 2012 ve donant suport i impulsant l&#8217;emprenedoria i els seus valors en els centres educatius d&#8217;FP d&#8217;arreu de Catalunya.<\/span><\/p>\n<p><span style=\"font-size: 10pt;\" data-teams=\"true\">Aquest programa vol impulsar i desenvolupar en l&#8217;alumnat d&#8217;ensenyaments professionals capacitats emprenedores i la possibilitat de creaci\u00f3 efectiva d&#8217;empreses, mitjan\u00e7ant la sensibilitzaci\u00f3 per la cultura emprenedora en els centres que imparteixen la formaci\u00f3 professional inicial.<\/span><\/p>\n<p>&nbsp;<\/p>\n<p>&nbsp;<\/p>\n","protected":false},"excerpt":{"rendered":"<p>Qu\u00e8 \u00e9s empr\u00e8nFP? Un programa de la Direcci\u00f3 General d&#8217;Ordenaci\u00f3 i Integraci\u00f3 de la Formaci\u00f3 Professional, que des de 2012 ve donant suport i impulsant l&#8217;emprenedoria i els seus valors en els centres educatius d&#8217;FP d&#8217;arreu de Catalunya. Aquest programa vol impulsar i desenvolupar en l&#8217;alumnat d&#8217;ensenyaments professionals capacitats emprenedores i la possibilitat de creaci\u00f3 [&hellip;]<\/p>\n","protected":false},"author":1,"featured_media":0,"parent":0,"menu_order":0,"comment_status":"closed","ping_status":"closed","template":"page-templates\/side-menu.php","meta":{"site-sidebar-layout":"default","site-content-layout":"","ast-site-content-layout":"","site-content-style":"default","site-sidebar-style":"default","ast-global-header-display":"","ast-banner-title-visibility":"","ast-main-header-display":"","ast-hfb-above-header-display":"","ast-hfb-below-header-display":"","ast-hfb-mobile-header-display":"","site-post-title":"","ast-breadcrumbs-content":"","ast-featured-img":"","footer-sml-layout":"","theme-transparent-header-meta":"","adv-header-id-meta":"","stick-header-meta":"","header-above-stick-meta":"","header-main-stick-meta":"","header-below-stick-meta":"","astra-migrate-meta-layouts":"default","ast-page-background-enabled":"default","ast-page-background-meta":{"desktop":{"background-color":"var(--ast-global-color-4)","background-image":"","background-repeat":"repeat","background-position":"center center","background-size":"auto","background-attachment":"scroll","background-type":"","background-media":"","overlay-type":"","overlay-color":"","overlay-opacity":"","overlay-gradient":""},"tablet":{"background-color":"","background-image":"","background-repeat":"repeat","background-position":"center center","background-size":"auto","background-attachment":"scroll","background-type":"","background-media":"","overlay-type":"","overlay-color":"","overlay-opacity":"","overlay-gradient":""},"mobile":{"background-color":"","background-image":"","background-repeat":"repeat","background-position":"center center","background-size":"auto","background-attachment":"scroll","background-type":"","background-media":"","overlay-type":"","overlay-color":"","overlay-opacity":"","overlay-gradient":""}},"ast-content-background-meta":{"desktop":{"background-color":"var(--ast-global-color-5)","background-image":"","background-repeat":"repeat","background-position":"center center","background-size":"auto","background-attachment":"scroll","background-type":"","background-media":"","overlay-type":"","overlay-color":"","overlay-opacity":"","overlay-gradient":""},"tablet":{"background-color":"var(--ast-global-color-5)","background-image":"","background-repeat":"repeat","background-position":"center center","background-size":"auto","background-attachment":"scroll","background-type":"","background-media":"","overlay-type":"","overlay-color":"","overlay-opacity":"","overlay-gradient":""},"mobile":{"background-color":"var(--ast-global-color-5)","background-image":"","background-repeat":"repeat","background-position":"center center","background-size":"auto","background-attachment":"scroll","background-type":"","background-media":"","overlay-type":"","overlay-color":"","overlay-opacity":"","overlay-gradient":""}},"footnotes":""},"class_list":["post-12454","page","type-page","status-publish","hentry"],"post_mailing_queue_ids":[],"_links":{"self":[{"href":"https:\/\/projectes.xtec.cat\/impulsfp\/wp-json\/wp\/v2\/pages\/12454","targetHints":{"allow":["GET"]}}],"collection":[{"href":"https:\/\/projectes.xtec.cat\/impulsfp\/wp-json\/wp\/v2\/pages"}],"about":[{"href":"https:\/\/projectes.xtec.cat\/impulsfp\/wp-json\/wp\/v2\/types\/page"}],"author":[{"embeddable":true,"href":"https:\/\/projectes.xtec.cat\/impulsfp\/wp-json\/wp\/v2\/users\/1"}],"replies":[{"embeddable":true,"href":"https:\/\/projectes.xtec.cat\/impulsfp\/wp-json\/wp\/v2\/comments?post=12454"}],"version-history":[{"count":4,"href":"https:\/\/projectes.xtec.cat\/impulsfp\/wp-json\/wp\/v2\/pages\/12454\/revisions"}],"predecessor-version":[{"id":14091,"href":"https:\/\/projectes.xtec.cat\/impulsfp\/wp-json\/wp\/v2\/pages\/12454\/revisions\/14091"}],"wp:attachment":[{"href":"https:\/\/projectes.xtec.cat\/impulsfp\/wp-json\/wp\/v2\/media?parent=12454"}],"curies":[{"name":"wp","href":"https:\/\/api.w.org\/{rel}","templated":true}]}}