{"id":12511,"date":"2023-03-28T23:44:37","date_gmt":"2023-03-28T21:44:37","guid":{"rendered":"https:\/\/projectes.xtec.cat\/impulsfp\/?page_id=12511"},"modified":"2023-11-10T14:54:45","modified_gmt":"2023-11-10T13:54:45","slug":"objectius-2","status":"publish","type":"page","link":"https:\/\/projectes.xtec.cat\/impulsfp\/innovafp\/objectius-2\/","title":{"rendered":"Objectius"},"content":{"rendered":"<p>&nbsp;<\/p>\n<ul>\n<li style=\"font-weight: 400;\" aria-level=\"1\"><b>Enriquir la Formaci\u00f3 dels Estudiants<\/b><span style=\"font-weight: 400;\">: Millorar la formaci\u00f3 dels estudiants dotant-los de compet\u00e8ncies clau per al seu futur professional i infonent-los amb una mentalitat proactiva i innovadora.<\/span><\/li>\n<li style=\"font-weight: 400;\" aria-level=\"1\"><b>Actualitzaci\u00f3 del Professorat<\/b><span style=\"font-weight: 400;\">: Proporcionar al professorat de formaci\u00f3 professional eines i recursos per actualitzar els seus coneixements, garantint que aquests nous m\u00e8todes i t\u00e8cniques reverteixin directament en una formaci\u00f3 m\u00e9s rica i motivadora per als estudiants.<\/span><\/li>\n<li style=\"font-weight: 400;\" aria-level=\"1\"><b>Desenvolupament d&#8217;Eines Innovadores<\/b><span style=\"font-weight: 400;\">: Elaborar i implementar eines i metodologies innovadores que facilitin la creaci\u00f3 i execuci\u00f3 de projectes d&#8217;avantguarda en els centres de formaci\u00f3 professional.<\/span><\/li>\n<li style=\"font-weight: 400;\" aria-level=\"1\"><b>Establir Vincles Forts amb el M\u00f3n Empresarial<\/b><span style=\"font-weight: 400;\">: Refor\u00e7ar la col\u00b7laboraci\u00f3 entre centres educatius i el teixit empresarial local, assegurant que els centres no nom\u00e9s s&#8217;adapten al canvi, sin\u00f3 que tamb\u00e9 actuen com a guies en la promoci\u00f3 de la innovaci\u00f3 dins les empreses i organitzacions.<\/span><\/li>\n<li style=\"font-weight: 400;\" aria-level=\"1\"><b style=\"font-family: inherit; font-size: 1em;\">Convertir Centres en Pols d&#8217;Innovaci\u00f3<\/b><span style=\"font-weight: 400;\">: Assegurar que els centres educatius no nom\u00e9s utilitzin metodologies innovadores, sin\u00f3 que tamb\u00e9 es converteixin en referents d&#8217;innovaci\u00f3 en els seus respectius territoris<\/span><\/li>\n<\/ul>\n","protected":false},"excerpt":{"rendered":"<p>&nbsp;<\/p>\n<ul>\n<li style=\"font-weight: 400;\" aria-level=\"1\">Enriquir la Formaci\u00f3 dels Estudiants: Millorar la formaci\u00f3 dels estudiants dotant-los de compet\u00e8ncies clau per al seu futur professional i infonent-los amb una mentalitat proactiva i innovadora.<\/li>\n<li style=\"font-weight: 400;\" aria-level=\"1\">Actualitzaci\u00f3 del Professorat: Proporcionar al professorat de formaci\u00f3 professional eines i recursos per&hellip;  <a href=\"https:\/\/projectes.xtec.cat\/impulsfp\/innovafp\/objectius-2\/\" title=\"Read Objectius\">Llegeix m\u00e9s\u00bb<\/a><br \/>\n","protected":false},"author":1,"featured_media":0,"parent":8386,"menu_order":2,"comment_status":"closed","ping_status":"closed","template":"","meta":{"_bbp_topic_count":0,"_bbp_reply_count":0,"_bbp_total_topic_count":0,"_bbp_total_reply_count":0,"_bbp_voice_count":0,"_bbp_anonymous_reply_count":0,"_bbp_topic_count_hidden":0,"_bbp_reply_count_hidden":0,"_bbp_forum_subforum_count":0,"footnotes":""},"class_list":["post-12511","page","type-page","status-publish","hentry"],"post_mailing_queue_ids":[],"_links":{"self":[{"href":"https:\/\/projectes.xtec.cat\/impulsfp\/wp-json\/wp\/v2\/pages\/12511","targetHints":{"allow":["GET"]}}],"collection":[{"href":"https:\/\/projectes.xtec.cat\/impulsfp\/wp-json\/wp\/v2\/pages"}],"about":[{"href":"https:\/\/projectes.xtec.cat\/impulsfp\/wp-json\/wp\/v2\/types\/page"}],"author":[{"embeddable":true,"href":"https:\/\/projectes.xtec.cat\/impulsfp\/wp-json\/wp\/v2\/users\/1"}],"replies":[{"embeddable":true,"href":"https:\/\/projectes.xtec.cat\/impulsfp\/wp-json\/wp\/v2\/comments?post=12511"}],"version-history":[{"count":3,"href":"https:\/\/projectes.xtec.cat\/impulsfp\/wp-json\/wp\/v2\/pages\/12511\/revisions"}],"predecessor-version":[{"id":13008,"href":"https:\/\/projectes.xtec.cat\/impulsfp\/wp-json\/wp\/v2\/pages\/12511\/revisions\/13008"}],"up":[{"embeddable":true,"href":"https:\/\/projectes.xtec.cat\/impulsfp\/wp-json\/wp\/v2\/pages\/8386"}],"wp:attachment":[{"href":"https:\/\/projectes.xtec.cat\/impulsfp\/wp-json\/wp\/v2\/media?parent=12511"}],"curies":[{"name":"wp","href":"https:\/\/api.w.org\/{rel}","templated":true}]}}