{"id":12871,"date":"2023-10-08T12:41:25","date_gmt":"2023-10-08T10:41:25","guid":{"rendered":"https:\/\/projectes.xtec.cat\/impulsfp\/?page_id=12871"},"modified":"2023-10-11T11:45:28","modified_gmt":"2023-10-11T09:45:28","slug":"plataforma-de-gestio-de-programes","status":"publish","type":"page","link":"https:\/\/projectes.xtec.cat\/impulsfp\/plataforma-de-gestio-de-programes\/","title":{"rendered":"Plataforma de gesti\u00f3 de programes"},"content":{"rendered":"<p>Aquesta plataforma es una aplicaci\u00f3 exclusiva per que els coordinadors de programes en els centres i els equips directius puguin fer el seguiment i gesti\u00f3 de la implementaci\u00f3 dels diferents programes d&#8217;innovaci\u00f3 de la subdirecci\u00f3 general de programes i projectes. Aqu\u00ed trobar\u00e0s <strong>tres botons<\/strong>. Un<strong> bot\u00f3 d&#8217;acc\u00e9s<\/strong> a l&#8217;apliaci\u00f3 i un <strong>segon bot\u00f3<\/strong> per que puguis <strong>contactar amb el gestor<\/strong> de la plataforma i que pugui resoldre els teus dubtes, incid\u00e8ncies i assessorar-te (Suport). Un<strong> tercer bot\u00f3 amb tutorials<\/strong> i consells per que facis m\u00e9s eficient el seu us.<\/p>\n<p><span style=\"font-size: 10pt;\"><strong><span style=\"color: #ff0000;\">\u00a0 \u00a0 \u00a0 \u00a0 \u00a0 \u00a0 \u00a0 \u00a0 \u00a0 \u00a0 \u00a0 \u00a0 \u00a0 \u00a0 \u00a0 \u00a0 \u00a0 \u00a0 \u00a0 \u00a0 \u00a0 \u00a0 \u00a0 \u00a0 \u00a0 \u00a0 \u00a0 \u00a0 \u00a0 \u00a0 \u00a0 \u00a0 \u00a0 \u00a0 \u00a0 \u00a0 \u00a0 \u00a0 \u00a0 \u00a0 \u00a0 \u00a0 \u00a0 \u00a0 \u00a0 \u00a0 \u00a0 \u00a0 \u00a0 \u00a0 \u00a0 \u00a0 \u00a0\u00a0<\/span><\/strong><\/span><\/p>\n<p style=\"text-align: left;\"><a href=\"https:\/\/www.impulsfp.cat\/catfp\/#\/\"><img loading=\"lazy\" decoding=\"async\" class=\"alignnone size-full wp-image-12873\" src=\"https:\/\/projectes.xtec.cat\/impulsfp\/wp-content\/uploads\/usu2078\/2023\/10\/Acces.png\" alt=\"\" width=\"197\" height=\"195\" \/><\/a><a href=\"mailto:gestioprogramesfp@xtec.cat\"><img loading=\"lazy\" decoding=\"async\" class=\"alignnone size-full wp-image-12872\" src=\"https:\/\/projectes.xtec.cat\/impulsfp\/wp-content\/uploads\/usu2078\/2023\/10\/Suport.png\" alt=\"\" width=\"184\" height=\"192\" \/><\/a><a href=\"https:\/\/sites.google.com\/xtec.cat\/guia-plataforma-programes-dg-d\/home\"><img loading=\"lazy\" decoding=\"async\" class=\"alignnone size-full wp-image-12881\" src=\"https:\/\/projectes.xtec.cat\/impulsfp\/wp-content\/uploads\/usu2078\/2023\/10\/tuto.png\" alt=\"\" width=\"185\" height=\"191\" \/><\/a><\/p>\n","protected":false},"excerpt":{"rendered":"<p>Aquesta plataforma es una aplicaci\u00f3 exclusiva per que els coordinadors de programes en els centres i els equips directius puguin fer el seguiment i gesti\u00f3 de la implementaci\u00f3 dels diferents programes d&#8217;innovaci\u00f3 de la subdirecci\u00f3 general de programes i projectes. Aqu\u00ed trobar\u00e0s tres botons. Un&hellip;  <a href=\"https:\/\/projectes.xtec.cat\/impulsfp\/plataforma-de-gestio-de-programes\/\" title=\"Read Plataforma de gesti\u00f3 de programes\">Llegeix m\u00e9s\u00bb<\/a><\/p>\n","protected":false},"author":1,"featured_media":0,"parent":0,"menu_order":0,"comment_status":"closed","ping_status":"closed","template":"","meta":{"_bbp_topic_count":0,"_bbp_reply_count":0,"_bbp_total_topic_count":0,"_bbp_total_reply_count":0,"_bbp_voice_count":0,"_bbp_anonymous_reply_count":0,"_bbp_topic_count_hidden":0,"_bbp_reply_count_hidden":0,"_bbp_forum_subforum_count":0,"footnotes":""},"class_list":["post-12871","page","type-page","status-publish","hentry"],"post_mailing_queue_ids":[],"_links":{"self":[{"href":"https:\/\/projectes.xtec.cat\/impulsfp\/wp-json\/wp\/v2\/pages\/12871","targetHints":{"allow":["GET"]}}],"collection":[{"href":"https:\/\/projectes.xtec.cat\/impulsfp\/wp-json\/wp\/v2\/pages"}],"about":[{"href":"https:\/\/projectes.xtec.cat\/impulsfp\/wp-json\/wp\/v2\/types\/page"}],"author":[{"embeddable":true,"href":"https:\/\/projectes.xtec.cat\/impulsfp\/wp-json\/wp\/v2\/users\/1"}],"replies":[{"embeddable":true,"href":"https:\/\/projectes.xtec.cat\/impulsfp\/wp-json\/wp\/v2\/comments?post=12871"}],"version-history":[{"count":6,"href":"https:\/\/projectes.xtec.cat\/impulsfp\/wp-json\/wp\/v2\/pages\/12871\/revisions"}],"predecessor-version":[{"id":12897,"href":"https:\/\/projectes.xtec.cat\/impulsfp\/wp-json\/wp\/v2\/pages\/12871\/revisions\/12897"}],"wp:attachment":[{"href":"https:\/\/projectes.xtec.cat\/impulsfp\/wp-json\/wp\/v2\/media?parent=12871"}],"curies":[{"name":"wp","href":"https:\/\/api.w.org\/{rel}","templated":true}]}}