{"id":13086,"date":"2023-11-23T12:38:37","date_gmt":"2023-11-23T11:38:37","guid":{"rendered":"https:\/\/projectes.xtec.cat\/impulsfp\/?page_id=13086"},"modified":"2023-12-06T10:24:03","modified_gmt":"2023-12-06T09:24:03","slug":"tecnics","status":"publish","type":"page","link":"https:\/\/projectes.xtec.cat\/impulsfp\/tecnics\/","title":{"rendered":"T\u00e8cnics"},"content":{"rendered":"<p>Aquesta secci\u00f3 es un punt de trobada per t\u00e8cnics\u00a0 docents responsables de programes i projectes a la direcci\u00f3 general de formaci\u00f3 professional. Per poder trobar informaci\u00f3 necess\u00e0ria per la gesti\u00f3 i altres recursos que facilitin la seva tasca a la direcci\u00f3 general.<\/p>\n<p>&nbsp;<\/p>\n<p><a href=\"https:\/\/sites.google.com\/xtec.cat\/dreceresatri\/drecres-atri\"><img loading=\"lazy\" decoding=\"async\" class=\" wp-image-13103 alignleft\" src=\"https:\/\/projectes.xtec.cat\/impulsfp\/wp-content\/uploads\/usu2078\/2023\/11\/Atri1.png\" alt=\"\" width=\"235\" height=\"208\" \/><\/a><\/p>\n<p><a href=\"https:\/\/sites.google.com\/xtec.cat\/dreceresatri\/expedients\"><img loading=\"lazy\" decoding=\"async\" class=\"alignnone wp-image-13106\" src=\"https:\/\/projectes.xtec.cat\/impulsfp\/wp-content\/uploads\/usu2078\/2023\/11\/Expedients.png\" alt=\"\" width=\"237\" height=\"214\" \/><\/a><a href=\"https:\/\/sites.google.com\/xtec.cat\/dreceresatri\/formaci%C3%B3\"><img loading=\"lazy\" decoding=\"async\" class=\"alignnone wp-image-13107\" src=\"https:\/\/projectes.xtec.cat\/impulsfp\/wp-content\/uploads\/usu2078\/2023\/11\/forma.png\" alt=\"\" width=\"243\" height=\"210\" \/><\/a><\/p>\n","protected":false},"excerpt":{"rendered":"<p>Aquesta secci\u00f3 es un punt de trobada per t\u00e8cnics\u00a0 docents responsables de programes i projectes a la direcci\u00f3 general de formaci\u00f3 professional. Per poder trobar informaci\u00f3 necess\u00e0ria per la gesti\u00f3 i altres recursos que facilitin la seva tasca a la direcci\u00f3 general.<br \/>\n&nbsp;<br \/>\n<a href=\"https:\/\/sites.google.com\/xtec.cat\/dreceresatri\/drecres-atri\"><\/a><br \/>\n<a href=\"https:\/\/sites.google.com\/xtec.cat\/dreceresatri\/expedients\"><\/a><a href=\"https:\/\/sites.google.com\/xtec.cat\/dreceresatri\/formaci%C3%B3\"><\/a><\/p>\n","protected":false},"author":1,"featured_media":0,"parent":0,"menu_order":0,"comment_status":"closed","ping_status":"closed","template":"","meta":{"_bbp_topic_count":0,"_bbp_reply_count":0,"_bbp_total_topic_count":0,"_bbp_total_reply_count":0,"_bbp_voice_count":0,"_bbp_anonymous_reply_count":0,"_bbp_topic_count_hidden":0,"_bbp_reply_count_hidden":0,"_bbp_forum_subforum_count":0,"footnotes":""},"class_list":["post-13086","page","type-page","status-publish","hentry"],"post_mailing_queue_ids":[],"_links":{"self":[{"href":"https:\/\/projectes.xtec.cat\/impulsfp\/wp-json\/wp\/v2\/pages\/13086","targetHints":{"allow":["GET"]}}],"collection":[{"href":"https:\/\/projectes.xtec.cat\/impulsfp\/wp-json\/wp\/v2\/pages"}],"about":[{"href":"https:\/\/projectes.xtec.cat\/impulsfp\/wp-json\/wp\/v2\/types\/page"}],"author":[{"embeddable":true,"href":"https:\/\/projectes.xtec.cat\/impulsfp\/wp-json\/wp\/v2\/users\/1"}],"replies":[{"embeddable":true,"href":"https:\/\/projectes.xtec.cat\/impulsfp\/wp-json\/wp\/v2\/comments?post=13086"}],"version-history":[{"count":6,"href":"https:\/\/projectes.xtec.cat\/impulsfp\/wp-json\/wp\/v2\/pages\/13086\/revisions"}],"predecessor-version":[{"id":13145,"href":"https:\/\/projectes.xtec.cat\/impulsfp\/wp-json\/wp\/v2\/pages\/13086\/revisions\/13145"}],"wp:attachment":[{"href":"https:\/\/projectes.xtec.cat\/impulsfp\/wp-json\/wp\/v2\/media?parent=13086"}],"curies":[{"name":"wp","href":"https:\/\/api.w.org\/{rel}","templated":true}]}}