{"id":13753,"date":"2025-03-04T08:31:00","date_gmt":"2025-03-04T07:31:00","guid":{"rendered":"https:\/\/projectes.xtec.cat\/impulsfp\/?page_id=13753"},"modified":"2026-03-27T12:57:20","modified_gmt":"2026-03-27T11:57:20","slug":"aules-de-capacitacio-digital","status":"publish","type":"page","link":"https:\/\/projectes.xtec.cat\/impulsfp\/aules-de-capacitacio-digital\/","title":{"rendered":"Aules de capacitaci\u00f3 digital"},"content":{"rendered":"<h2><span style=\"color: #000000;\"><strong>Aules de Capacitaci\u00f3 Digital: Qui som, qu\u00e8 fem i per qu\u00e8 ho fem<\/strong><\/span><\/h2>\n<h3><span style=\"color: #000000;\"><strong>Qui som<\/strong><\/span><\/h3>\n<p>Som un equip multidisciplinari del Departament d\u2019Educaci\u00f3 i Formaci\u00f3 Professional, format per professionals especialitzats en l\u2019\u00e0mbit de la formaci\u00f3, la dinamitzaci\u00f3 digital i la gesti\u00f3 de projectes p\u00fablics. Treballem coordinadament amb els dotze Serveis Territorials, centres educatius i administracions locals per acostar la compet\u00e8ncia digital a tota la ciutadania de Catalunya.<br \/>\nEl nostre equip, format per 27 formadors\/es i personal t\u00e8cnic de suport, actua com una xarxa cohesionada, flexible i orientada al servei p\u00fablic.<\/p>\n<h3><span style=\"color: #000000;\"><strong>Qu\u00e8 fem<\/strong><\/span><\/h3>\n<p>Despleguem i gestionem el projecte <strong>Aules de Capacitaci\u00f3 Digital<\/strong>, una iniciativa finan\u00e7ada pel Mecanisme de Recuperaci\u00f3 i Resili\u00e8ncia i impulsada pel Ministeri i la Generalitat. El projecte t\u00e9 per objectiu facilitar la formaci\u00f3 en <strong>compet\u00e8ncies digitals b\u00e0siques<\/strong> a persones adultes, especialment aquelles que tenen major risc de quedar excloses dels entorns digitals.<\/p>\n<p>Les nostres actuacions inclouen:<\/p>\n<ul>\n<li>Organitzar cursos de 15 hores en compet\u00e8ncia digital b\u00e0sica en centres educatius i espais formatius del territori.<\/li>\n<li>Acompanyar i dinamitzar processos d\u2019aprenentatge pr\u00e0ctic per a persones de totes les edats.<\/li>\n<li>Enfortir l\u2019accessibilitat digital, fomentant la participaci\u00f3 de col\u00b7lectius vulnerables.<\/li>\n<li>Coordinar la gesti\u00f3 administrativa, certificaci\u00f3, seguiment i auditoria del projecte.<\/li>\n<li>Impulsar accions comunicatives, comunit\u00e0ries i col\u00b7laboratives amb altres iniciatives.<\/li>\n<\/ul>\n<h3><span style=\"color: #000000;\"><strong>Per qu\u00e8 ho fem<\/strong><\/span><\/h3>\n<p>Ho fem perqu\u00e8 la <strong>compet\u00e8ncia digital \u00e9s essencial<\/strong> per a la vida quotidiana, la inclusi\u00f3 social i les oportunitats laborals. El projecte contribueix directament a reduir la bretxa digital i a garantir que ning\u00fa quedi enrere en un m\u00f3n cada vegada m\u00e9s tecnol\u00f2gic.<\/p>\n<p>Creiem en un model de pa\u00eds on:<\/p>\n<ul>\n<li>La ciutadania pot accedir, entendre i utilitzar la tecnologia de manera segura i cr\u00edtica.<\/li>\n<li>Les persones adultes tenen eines per gestionar tr\u00e0mits, comunicar-se, aprendre i millorar la seva ocupabilitat.<\/li>\n<li>L\u2019administraci\u00f3 p\u00fablica ofereix recursos que reforcen l\u2019autonomia i la cohesi\u00f3 social.<\/li>\n<\/ul>\n<p>Aules de Capacitaci\u00f3 Digital no \u00e9s nom\u00e9s un projecte de formaci\u00f3: \u00e9s un <strong>projecte de transformaci\u00f3<\/strong>, de territori i de persones. Fem cr\u00e9ixer oportunitats, connectem recursos i generem comunitat.<\/p>\n<p><span style=\"font-size: 18pt;\"><strong>Formaci\u00f3 de l&#8217;\u00e0mbit digital per a adults i joves<\/strong><\/span><\/p>\n<p><a href=\"https:\/\/projectes.xtec.cat\/impulsfp\/wp-content\/uploads\/usu2078\/2025\/03\/cartell-web-A5_page-0001.jpg\"><img loading=\"lazy\" decoding=\"async\" class=\"wp-image-13843 aligncenter\" src=\"https:\/\/projectes.xtec.cat\/impulsfp\/wp-content\/uploads\/usu2078\/2025\/03\/cartell-web-A5_page-0001-722x1024.jpg\" alt=\"\" width=\"423\" height=\"600\" srcset=\"https:\/\/projectes.xtec.cat\/impulsfp\/wp-content\/uploads\/usu2078\/2025\/03\/cartell-web-A5_page-0001-722x1024.jpg 722w, https:\/\/projectes.xtec.cat\/impulsfp\/wp-content\/uploads\/usu2078\/2025\/03\/cartell-web-A5_page-0001-212x300.jpg 212w, https:\/\/projectes.xtec.cat\/impulsfp\/wp-content\/uploads\/usu2078\/2025\/03\/cartell-web-A5_page-0001-768x1089.jpg 768w, https:\/\/projectes.xtec.cat\/impulsfp\/wp-content\/uploads\/usu2078\/2025\/03\/cartell-web-A5_page-0001.jpg 875w\" sizes=\"auto, (max-width: 423px) 100vw, 423px\" \/><\/a><\/p>\n<p>La r\u00e0pida transformaci\u00f3 digital de l&#8217;economia i la societat ha convertit les compet\u00e8ncies digitals en eines b\u00e0siques per poder aprofitar les oportunitats que ofereixen des del punt de vista econ\u00f2mic, social i ambiental.<\/p>\n<p>Per donar resposta a aquesta necessitat de formaci\u00f3 en compet\u00e8ncies digitals, el Departament d&#8217;Educaci\u00f3 i Formaci\u00f3 Professional ha creat una\u00a0xarxa de centres de capacitaci\u00f3 digital, formada per instituts de formaci\u00f3 professional i escoles d&#8217;adults d&#8217;arreu de Catalunya que ofereixen un total de cinc cursos, des del nivell m\u00e9s b\u00e0sic fins a l&#8217;\u00e0mbit professional.<\/p>\n<p>&nbsp;<\/p>\n<h3><span style=\"color: #000000;\"><strong>Dades estad\u00edstiques de les aules de capacitaci\u00f3 digital<\/strong><\/span><\/h3>\n<p><strong><span style=\"font-size: 14pt;\"><a href=\"https:\/\/app.powerbi.com\/view?r=eyJrIjoiNDc2YTNkZDQtNGNmMC00OWM1LWIyMTctNTY5N2Y4ZDBiOGMwIiwidCI6IjNiOTQyN2RjLWQzMGUtNDNiYy04YzA2LWZmNzI1MzY3NmZlYyIsImMiOjh9&amp;pageName=0465c2701dc0cb3b1906\">Aquest enlla\u00e7<\/a> <\/span><\/strong>et porta a veure les <strong>dades i estad\u00edstiques<\/strong> referents a les <strong>aules de capacitaci\u00f3 digital<\/strong> de\u00a0 Catalunya.<\/p>\n<p>&nbsp;<\/p>\n<h3><span style=\"color: #339966;\"><strong>Espai per centres<\/strong><\/span><\/h3>\n<p><a href=\"https:\/\/projectes.xtec.cat\/impulsfp\/wp-content\/uploads\/usu2078\/2026\/03\/pngtree-school-building-cartoon-school-building-campus-png-image_5689019.jpg\"><img loading=\"lazy\" decoding=\"async\" class=\"alignnone wp-image-14014\" src=\"https:\/\/projectes.xtec.cat\/impulsfp\/wp-content\/uploads\/usu2078\/2026\/03\/pngtree-school-building-cartoon-school-building-campus-png-image_5689019-1024x1024.jpg\" alt=\"\" width=\"266\" height=\"266\" srcset=\"https:\/\/projectes.xtec.cat\/impulsfp\/wp-content\/uploads\/usu2078\/2026\/03\/pngtree-school-building-cartoon-school-building-campus-png-image_5689019-1024x1024.jpg 1024w, https:\/\/projectes.xtec.cat\/impulsfp\/wp-content\/uploads\/usu2078\/2026\/03\/pngtree-school-building-cartoon-school-building-campus-png-image_5689019-300x300.jpg 300w, https:\/\/projectes.xtec.cat\/impulsfp\/wp-content\/uploads\/usu2078\/2026\/03\/pngtree-school-building-cartoon-school-building-campus-png-image_5689019-150x150.jpg 150w, https:\/\/projectes.xtec.cat\/impulsfp\/wp-content\/uploads\/usu2078\/2026\/03\/pngtree-school-building-cartoon-school-building-campus-png-image_5689019-768x768.jpg 768w, https:\/\/projectes.xtec.cat\/impulsfp\/wp-content\/uploads\/usu2078\/2026\/03\/pngtree-school-building-cartoon-school-building-campus-png-image_5689019.jpg 1200w\" sizes=\"auto, (max-width: 266px) 100vw, 266px\" \/><\/a><\/p>\n<p>Hi ha cinc cursos de formaci\u00f3 en l&#8217;\u00e0mbit digital, que van des del nivell m\u00e9s b\u00e0sic fins a l&#8217;\u00e0mbit professional.\u00a0Aquests cursos s\u00f3n gratu\u00efts.<\/p>\n<p>La formaci\u00f3 s&#8217;adre\u00e7a a adults i joves en risc d&#8217;exclusi\u00f3 digital que no estiguin al sistema educatiu ni formatiu i es pot estudiar a diferents\u00a0instituts de formaci\u00f3 professional i escoles d&#8217;adults\u00a0d&#8217;arreu de Catalunya. En finalitzar-la, s&#8217;obt\u00e9 una acreditaci\u00f3 del curs realitzat.<\/p>\n<p><strong>A cadascuna de les seg\u00fcents caselles tens enlla\u00e7at material del curs corresponent, prem a sobre de cada curs per a descobrir-ho!<\/strong><\/p>\n<table style=\"width: 100%; border-collapse: collapse; border-style: solid; border-color: #de1d1d; background-color: #e8d1d1;\">\n<tbody>\n<tr>\n<td style=\"width: 20%; border-style: solid; border-color: #d90f0f;\"><a href=\"https:\/\/drive.google.com\/file\/d\/1tKyWEWAWV8RnL7h_2xLT9Sz8p0a3OPJz\/view?usp=sharing\"><strong>Curs 1: Descobrim el m\u00f3n digital<\/strong><\/a><\/td>\n<td style=\"width: 20%; border-style: solid; border-color: #d90f0f;\"><a href=\"https:\/\/drive.google.com\/file\/d\/1juULYWDOFE32xos6Kyg2FtxapzQVl6JT\/view?usp=sharing\"><strong>Curs 2: Ens movem pel m\u00f3n digital<\/strong><\/a><\/td>\n<td style=\"width: 20%; border-style: solid; border-color: #d90f0f;\"><a href=\"https:\/\/drive.google.com\/file\/d\/1T1XE1rIUv_ouorpaUciywbV7xDEs54nq\/view?usp=sharing\"><strong>Curs 3: Ens endinsem en el m\u00f3n digital<\/strong><\/a><\/td>\n<td style=\"width: 20%; border-style: solid; border-color: #d90f0f;\"><a href=\"https:\/\/projectes.xtec.cat\/impulsfp\/curs-4-digitalitzacio-aplicada-a-lentorn-professional-30-hores-dos-moduls-de-15h\/\"><strong>Curs 4: Digitalitzaci\u00f3 aplicada l&#8217;entorn professional<\/strong><\/a><\/td>\n<td style=\"width: 20%; border-style: solid; border-color: #e61212;\"><a href=\"https:\/\/projectes.xtec.cat\/impulsfp\/aules-de-capacitacio-digital\/material-de-suport-pel-curs-5-de-les-aules-de-capacitacio-digital\/\"><strong>Curs 5: Digitalitzaci\u00f3 en la ind\u00fastria, els serveis i la comunicaci\u00f3<\/strong><\/a><\/td>\n<\/tr>\n<\/tbody>\n<\/table>\n<p><strong><a href=\"https:\/\/drive.google.com\/file\/d\/1rueEVVvvKkJ-OqdhUTRNmfZU_3rj0hfL\/view?usp=sharing\">Infografia del curs 1, 2 i 3<\/a><\/strong><\/p>\n<p><a href=\"https:\/\/drive.google.com\/file\/d\/1xyiLRZ4okFSjUZCZUDALdXVfbDgFCun1\/view?usp=sharing\"><strong>Si fas click en aquest enlla\u00e7 veur\u00e0s la guia resum dels 5 cursos<\/strong><\/a><\/p>\n<h3><\/h3>\n<h3><span style=\"color: #339966;\"><strong>Espai per la Ciutadania<\/strong><\/span><\/h3>\n<p><a href=\"https:\/\/projectes.xtec.cat\/impulsfp\/wp-content\/uploads\/usu2078\/2026\/03\/40265-scaled.jpg\"><img loading=\"lazy\" decoding=\"async\" class=\" wp-image-14007\" src=\"https:\/\/projectes.xtec.cat\/impulsfp\/wp-content\/uploads\/usu2078\/2026\/03\/40265-1024x922.jpg\" alt=\"\" width=\"281\" height=\"253\" srcset=\"https:\/\/projectes.xtec.cat\/impulsfp\/wp-content\/uploads\/usu2078\/2026\/03\/40265-1024x922.jpg 1024w, https:\/\/projectes.xtec.cat\/impulsfp\/wp-content\/uploads\/usu2078\/2026\/03\/40265-300x270.jpg 300w, https:\/\/projectes.xtec.cat\/impulsfp\/wp-content\/uploads\/usu2078\/2026\/03\/40265-768x691.jpg 768w, https:\/\/projectes.xtec.cat\/impulsfp\/wp-content\/uploads\/usu2078\/2026\/03\/40265-1536x1383.jpg 1536w, https:\/\/projectes.xtec.cat\/impulsfp\/wp-content\/uploads\/usu2078\/2026\/03\/40265-2048x1844.jpg 2048w\" sizes=\"auto, (max-width: 281px) 100vw, 281px\" \/><\/a><\/p>\n<p><img decoding=\"async\" src=\"https:\/\/www.freepik.es\/vector-gratis\/personas-preocupadas-mundo-medio-ambiente_3198220.htm#fromView=keyword&amp;page=1&amp;position=0&amp;uuid=75a23b12-7bdc-4b6b-8574-ec4177f40962&amp;query=Ciudadania+global\" alt=\"\" \/><a href=\"https:\/\/drive.google.com\/file\/d\/14OXY7jxLM3wrA4oA0qMfwtOA0xDDNLXP\/view?usp=sharing\">Q\u00fcestionari des satisfacci\u00f3 de la ciutadania<\/a><\/p>\n<p><span style=\"font-size: 14pt; color: #000000;\"><strong>Entrevistes realitzades a participants majors de 75 anys del projecte:<\/strong><\/span><\/p>\n<p>Jos\u00e9 Cardero, <a href=\"https:\/\/epale.ec.europa.eu\/es\/blog\/jose-cardero-aprender-para-aprovechar-mejor-la-tecnologia\">enlla\u00e7 entrevista<\/a><\/p>\n<p>Joaquim La Piedra <a href=\"https:\/\/epale.ec.europa.eu\/es\/blog\/joaquim-la-piedra-aprender-y-mantenerse-activo-en-lo-digital\">enlla\u00e7 entrevista\u00a0<\/a><\/p>\n<p>Joaquim Blasco <a href=\"https:\/\/epale.ec.europa.eu\/es\/blog\/joaquim-blasco-curiosidad-y-practica-en-la-era-digital\">enlla\u00e7 entrevista<\/a><\/p>\n<p>Isabel Hern\u00e1ndez <a href=\"https:\/\/epale.ec.europa.eu\/es\/blog\/la-satisfaccion-de-aprender-cualquier-edad\">enlla\u00e7 entrevista<\/a><\/p>\n<p>Francisco Escamilla <a href=\"https:\/\/epale.ec.europa.eu\/es\/blog\/francisco-escamilla-aprender-los-92-anos-en-la-era-digital\">enlla\u00e7 entrevista<\/a><\/p>\n<p>Blanca Latorre Mateo <a href=\"https:\/\/epale.ec.europa.eu\/es\/blog\/aulas-de-capacitacion-digital-mayores-conectados\">enlla\u00e7 entrevista<\/a><\/p>\n<p>&nbsp;<\/p>\n<h3><span style=\"color: #339966;\"><strong>Espai per formadors<\/strong><\/span><\/h3>\n<p><a href=\"https:\/\/projectes.xtec.cat\/impulsfp\/wp-content\/uploads\/usu2078\/2026\/03\/Sandy_Edu-05_Single-03-scaled.jpg\"><img loading=\"lazy\" decoding=\"async\" class=\" wp-image-14008\" src=\"https:\/\/projectes.xtec.cat\/impulsfp\/wp-content\/uploads\/usu2078\/2026\/03\/Sandy_Edu-05_Single-03-1024x1024.jpg\" alt=\"\" width=\"253\" height=\"253\" srcset=\"https:\/\/projectes.xtec.cat\/impulsfp\/wp-content\/uploads\/usu2078\/2026\/03\/Sandy_Edu-05_Single-03-1024x1024.jpg 1024w, https:\/\/projectes.xtec.cat\/impulsfp\/wp-content\/uploads\/usu2078\/2026\/03\/Sandy_Edu-05_Single-03-300x300.jpg 300w, https:\/\/projectes.xtec.cat\/impulsfp\/wp-content\/uploads\/usu2078\/2026\/03\/Sandy_Edu-05_Single-03-150x150.jpg 150w, https:\/\/projectes.xtec.cat\/impulsfp\/wp-content\/uploads\/usu2078\/2026\/03\/Sandy_Edu-05_Single-03-768x768.jpg 768w, https:\/\/projectes.xtec.cat\/impulsfp\/wp-content\/uploads\/usu2078\/2026\/03\/Sandy_Edu-05_Single-03-1536x1536.jpg 1536w, https:\/\/projectes.xtec.cat\/impulsfp\/wp-content\/uploads\/usu2078\/2026\/03\/Sandy_Edu-05_Single-03-2048x2048.jpg 2048w\" sizes=\"auto, (max-width: 253px) 100vw, 253px\" \/><\/a><\/p>\n<p><span style=\"color: #000000;\"><strong><span style=\"font-size: 14pt;\" data-teams=\"true\">Consulta d&#8217;entrevistes qualitatives realitzades a l&#8217;equip de formadors\/es del projecte:<\/span><\/strong><\/span><\/p>\n<p><a href=\"https:\/\/epale.ec.europa.eu\/es\/blog\/555-oportunidades-digitales-que-transforman-vidas\"><span style=\"font-weight: 400;\">555 oportunidades digitales que transforman vidas | EPALE<\/span><\/a><\/p>\n<p><a href=\"https:\/\/drive.google.com\/file\/d\/11FEhepIP4RwPCmukw6uUtny8lU_8bTOz\/view?usp=drive_link\">Acompanyar en l\u2019aprenentatge de la inclusi\u00f3 sociodigital_Laila Arabou 1<\/a><\/p>\n<p><a href=\"https:\/\/drive.google.com\/file\/d\/1hyyw6u6Vtwg8b3pyNV78jK0ST35COl6v\/view?usp=drive_link\">Acompanyar en l\u2019aprenentatge digital_ experi\u00e8ncies des de l\u2019aula_Janira Lozano<\/a><\/p>\n<p><a href=\"https:\/\/drive.google.com\/file\/d\/1H8LsClTsM-qeqkn5R235QCAtEp2AHvF8\/view?usp=drive_link\">Adaptaci\u00f3 de nivells d\u2019aprenentatge a les Aules de capacitaci\u00f3 digital_Guillem Ortega<\/a><\/p>\n<p><a href=\"https:\/\/drive.google.com\/file\/d\/1ihoqb-vmogAXiKAF9athokpFZA6WbTMP\/view?usp=drive_link\">Connectant persones, reduint escletxes des de les Aules Digitals_Pilar Gal\u00ed 1<\/a><\/p>\n<p><a href=\"https:\/\/drive.google.com\/file\/d\/1YO4od6s8W7vGBJGBKnDYIkXk0Rhy9Wnm\/view?usp=drive_link\">Impacte educatiu i social de la capacitaci\u00f3 digital en entorns territorials_Vanessa Nieto_ST Barcelon\u00e8s<\/a><\/p>\n<p><a href=\"https:\/\/drive.google.com\/file\/d\/1HdTEKhx89QIEarN72aL-SNmnVFyfkZwf\/view?usp=drive_link\">Metodologies actives i inclusi\u00f3 digital evid\u00e8ncies qualitatives del projecte_Juanjo C\u00e1liz 1<\/a><\/p>\n<p><a href=\"https:\/\/drive.google.com\/file\/d\/12kVhgblrDbzVF5aYDB10G2CFksPp-wef\/view?usp=drive_link\">Connectant persones, reduint l\u2019escletxa sociodigital a les Aules de capacitaci\u00f3 digital_Marta Fern\u00e1ndez <\/a><\/p>\n<p><span style=\"color: #ff0000;\">Entrevista sobre les viol\u00e8ncies:<\/span> <span data-teams=\"true\"><a id=\"menur1e9\" class=\"fui-Link ___1q1shib f2hkw1w f3rmtva f1ewtqcl fyind8e f1k6fduh f1w7gpdv fk6fouc fjoy568 figsok6 f1s184ao f1mk8lai fnbmjn9 f1o700av f13mvf36 f1cmlufx f9n3di6 f1ids18y f1tx3yz7 f1deo86v f1eh06m1 f1iescvh fhgqx19 f1olyrje f1p93eir f1nev41a f1h8hb77 f1lqvz6u f10aw75t fsle3fq f17ae5zn\" title=\"https:\/\/epale.ec.europa.eu\/es\/blog\/pilar-gali-claves-para-prevenir-las-violencias-machistas-digitales\" href=\"https:\/\/epale.ec.europa.eu\/es\/blog\/pilar-gali-claves-para-prevenir-las-violencias-machistas-digitales\" target=\"_blank\" rel=\"noreferrer noopener\" aria-label=\"Enlla\u00e7 Pilar Gal\u00ed: claves para prevenir las violencias machistas digitales...\">Pilar Gal\u00ed: claves para prevenir las violencias machistas digitales&#8230;<\/a>\u00a0<\/span><\/p>\n<p><span style=\"color: #ff0000;\">Rosa Mor\u00f3n, <\/span>\u00a0<a href=\"https:\/\/radiofalset.cat\/index.php\/informatius\/15463-aules-de-capacitacio-digital-un-projecte-per-apropar-les-noves-tecnologies-a-tothom\"><span data-teams=\"true\">Aules de Capacitaci\u00f3 Digital, un projecte per apropar les noves tecnologies a tothom<\/span><\/a><\/p>\n","protected":false},"excerpt":{"rendered":"<p>Aules de Capacitaci\u00f3 Digital: Qui som, qu\u00e8 fem i per qu\u00e8 ho fem<br \/>\nQui som<br \/>\nSom un equip multidisciplinari del Departament d\u2019Educaci\u00f3 i Formaci\u00f3 Professional, format per professionals especialitzats en l\u2019\u00e0mbit de la formaci\u00f3, la dinamitzaci\u00f3 digital i la gesti\u00f3 de projectes p\u00fablics. Treballem coordinadament amb els&hellip;  <a href=\"https:\/\/projectes.xtec.cat\/impulsfp\/aules-de-capacitacio-digital\/\" title=\"Read Aules de capacitaci\u00f3 digital\">Llegeix m\u00e9s\u00bb<\/a><\/p>\n","protected":false},"author":1,"featured_media":0,"parent":0,"menu_order":0,"comment_status":"closed","ping_status":"closed","template":"","meta":{"_bbp_topic_count":0,"_bbp_reply_count":0,"_bbp_total_topic_count":0,"_bbp_total_reply_count":0,"_bbp_voice_count":0,"_bbp_anonymous_reply_count":0,"_bbp_topic_count_hidden":0,"_bbp_reply_count_hidden":0,"_bbp_forum_subforum_count":0,"footnotes":""},"class_list":["post-13753","page","type-page","status-publish","hentry"],"post_mailing_queue_ids":[],"_links":{"self":[{"href":"https:\/\/projectes.xtec.cat\/impulsfp\/wp-json\/wp\/v2\/pages\/13753","targetHints":{"allow":["GET"]}}],"collection":[{"href":"https:\/\/projectes.xtec.cat\/impulsfp\/wp-json\/wp\/v2\/pages"}],"about":[{"href":"https:\/\/projectes.xtec.cat\/impulsfp\/wp-json\/wp\/v2\/types\/page"}],"author":[{"embeddable":true,"href":"https:\/\/projectes.xtec.cat\/impulsfp\/wp-json\/wp\/v2\/users\/1"}],"replies":[{"embeddable":true,"href":"https:\/\/projectes.xtec.cat\/impulsfp\/wp-json\/wp\/v2\/comments?post=13753"}],"version-history":[{"count":6,"href":"https:\/\/projectes.xtec.cat\/impulsfp\/wp-json\/wp\/v2\/pages\/13753\/revisions"}],"predecessor-version":[{"id":14019,"href":"https:\/\/projectes.xtec.cat\/impulsfp\/wp-json\/wp\/v2\/pages\/13753\/revisions\/14019"}],"wp:attachment":[{"href":"https:\/\/projectes.xtec.cat\/impulsfp\/wp-json\/wp\/v2\/media?parent=13753"}],"curies":[{"name":"wp","href":"https:\/\/api.w.org\/{rel}","templated":true}]}}