{"id":13888,"date":"2025-03-12T17:46:23","date_gmt":"2025-03-12T16:46:23","guid":{"rendered":"https:\/\/projectes.xtec.cat\/impulsfp\/?page_id=13888"},"modified":"2025-03-12T18:05:29","modified_gmt":"2025-03-12T17:05:29","slug":"curs-4-digitalitzacio-aplicada-a-lentorn-professional-30-hores-dos-moduls-de-15h","status":"publish","type":"page","link":"https:\/\/projectes.xtec.cat\/impulsfp\/curs-4-digitalitzacio-aplicada-a-lentorn-professional-30-hores-dos-moduls-de-15h\/","title":{"rendered":"Curs 4 Digitalitzaci\u00f3 aplicada a l&#8217;entorn professional (30 hores, dos m\u00f2duls de 15h)"},"content":{"rendered":"<p>Adre\u00e7at a persones amb compet\u00e8ncies digitals en l&#8217;\u00e0mbit personal que vulguin ampliar-les a l&#8217;entorn professional.<br \/>\nAquest curs consta de dos m\u00f2duls:<\/p>\n<ul>\n<li>Gesti\u00f3 de dispositius i dades mitjan\u00e7ant tecnologies habilitadores digitals<\/li>\n<li>Gesti\u00f3 de continguts mitjan\u00e7ant tecnologies habilitadores digitals<\/li>\n<\/ul>\n<p>Durada: 30 hores (2 m\u00f2duls formatius de 15 hores)<\/p>\n<table style=\"border-collapse: collapse; width: 100%;\">\n<tbody>\n<tr>\n<td style=\"width: 17.4359%; border-style: solid; border-color: #f02424; background-color: #f2d5d5;\"><a href=\"https:\/\/drive.google.com\/file\/d\/1ZLNFvRrBJB_tXSfg22WTA3QMRci0tUlC\/view?usp=sharing\"><strong>00 Tecnologies habilitadores digitals<\/strong><\/a><\/td>\n<td style=\"width: 15.9514%; border-style: solid; border-color: #f02424; background-color: #f2d5d5;\"><a href=\"https:\/\/drive.google.com\/file\/d\/1OVhROhk0uKieBO89eqysnYkyRbPb-LzX\/view?usp=sharing\"><strong>01 Informaci\u00f3 i alfabetitzaci\u00f3 digital<\/strong><\/a><\/td>\n<td style=\"width: 17.7058%; border-style: solid; border-color: #f02424; background-color: #f2d5d5;\"><a href=\"https:\/\/drive.google.com\/file\/d\/1Db2cfiVrRFvjqd3Isl9OBw5DbeZpCNiT\/view?usp=sharing\"><strong>02 Comunicaci\u00f3 Col.laboraci\u00f3<\/strong><\/a><\/td>\n<td style=\"width: 17.9757%; border-style: solid; border-color: #f02424; background-color: #f2d5d5;\"><a href=\"https:\/\/drive.google.com\/file\/d\/1Z4MUF8BOEYdSmwqGGKVMjOMErcCQU13h\/view?usp=sharing\"><strong>03 Creaci\u00f3 de continguts digitals<\/strong><\/a><\/td>\n<td style=\"width: 16.4778%; border-style: solid; border-color: #f02424; background-color: #f2d5d5;\"><a href=\"https:\/\/drive.google.com\/file\/d\/1zyee4pLdvicSERA0G0pqFrXLmJbHv0sq\/view?usp=sharing\"><strong>04 Seguretat en la xarxa<\/strong><\/a><\/td>\n<td style=\"width: 14.4534%; border-style: solid; border-color: #f02424; background-color: #f2d5d5;\"><a href=\"https:\/\/drive.google.com\/file\/d\/10eFM19198A47zCTI2yO_AFNlqWSqJfVm\/view?usp=sharing\"><strong>05 Resoluci\u00f3 de problemes<\/strong><\/a><\/td>\n<\/tr>\n<tr>\n<td style=\"width: 17.4359%; border-style: solid; border-color: #f02424; background-color: #f2d5d5;\"><span style=\"font-size: 8pt;\">Els v\u00eddeos nom\u00e9s es poden descarregar i estan comprimits<\/span><\/p>\n<p><a href=\"https:\/\/drive.google.com\/file\/d\/11UIXbOkZ1VKTkFMk-bEuKqOp-UzmLAG3\/view?usp=sharing\"><strong>V\u00eddeos 00 Tecnologies habilitadores digitals<\/strong><\/a><\/td>\n<td style=\"width: 15.9514%; border-style: solid; border-color: #f02424; background-color: #f2d5d5;\"><span style=\"font-size: 8pt;\">Els v\u00eddeos nom\u00e9s es poden descarregar i estan comprimits<\/span><\/p>\n<p><a href=\"https:\/\/drive.google.com\/file\/d\/1BBGasKPR_-SVglyTsUmFsxCI4TUVEMwp\/view?usp=drive_link\"><strong>V\u00eddeos 01 Informaci\u00f3 i alfabetitzaci\u00f3 digital<\/strong><\/a><\/td>\n<td style=\"width: 17.7058%; border-style: solid; border-color: #f02424; background-color: #f2d5d5;\"><span style=\"font-size: 8pt;\">Els v\u00eddeos nom\u00e9s es poden descarregar i estan comprimits<\/span><\/p>\n<p><a href=\"https:\/\/drive.google.com\/file\/d\/1bv9l4-REPPxmkJ6XCvG6rA0SgRzF8o0I\/view?usp=sharing\"><strong>V\u00eddeos 02 Comunicaci\u00f3 Col.laboraci\u00f3<\/strong><\/a><\/td>\n<td style=\"width: 17.9757%; border-style: solid; border-color: #f02424; background-color: #f2d5d5;\"><span style=\"font-size: 8pt;\">Els v\u00eddeos nom\u00e9s es poden descarregar i estan comprimits<\/span><\/p>\n<p><a href=\"https:\/\/drive.google.com\/file\/d\/1WaLy7kNo7CKY_RjV0CrtUp_45533L7P5\/view?usp=sharing\"><strong>V\u00eddeos 03 Creaci\u00f3 de continguts digitals<\/strong><\/a><\/td>\n<td style=\"width: 16.4778%; border-style: solid; border-color: #f02424; background-color: #f2d5d5;\"><span style=\"font-size: 8pt;\">Els v\u00eddeos nom\u00e9s es poden descarregar i estan comprimits<\/span><\/p>\n<p><a href=\"https:\/\/drive.google.com\/file\/d\/1YxyCoeGNFqurvvXEAIJCShwFiv20TMW_\/view?usp=drive_link\"><strong>V\u00eddeo 04 Seguretat en la xarxa<\/strong><\/a><\/td>\n<td style=\"width: 14.4534%; border-style: solid; border-color: #f02424; background-color: #f2d5d5;\"><span style=\"font-size: 8pt;\">Els v\u00eddeos nom\u00e9s es poden descarregar i estan comprimits<\/span><\/p>\n<p><a href=\"https:\/\/drive.google.com\/file\/d\/1Qoyoqp0e5QpE-iHkvu9v0ERZMB4B9sJM\/view?usp=sharing\"><strong>V\u00eddeos 05 Resoluci\u00f3 de problemes<\/strong><\/a><\/td>\n<\/tr>\n<\/tbody>\n<\/table>\n<p>&nbsp;<\/p>\n","protected":false},"excerpt":{"rendered":"<p>Adre\u00e7at a persones amb compet\u00e8ncies digitals en l&#8217;\u00e0mbit personal que vulguin ampliar-les a l&#8217;entorn professional.<br \/>\nAquest curs consta de dos m\u00f2duls:<\/p>\n<ul>\n<li>Gesti\u00f3 de dispositius i dades mitjan\u00e7ant tecnologies habilitadores digitals<\/li>\n<li>Gesti\u00f3 de continguts mitjan\u00e7ant tecnologies habilitadores digitals<\/li>\n<\/ul>\n<p>Durada: 30 hores (2 m\u00f2duls formatius de 15 hores)<\/p>\n<p><a href=\"https:\/\/drive.google.com\/file\/d\/1ZLNFvRrBJB_tXSfg22WTA3QMRci0tUlC\/view?usp=sharing\">00 Tecnologies habilitadores&hellip;  <a href=\"https:\/\/projectes.xtec.cat\/impulsfp\/curs-4-digitalitzacio-aplicada-a-lentorn-professional-30-hores-dos-moduls-de-15h\/\" title=\"Read Curs 4 Digitalitzaci\u00f3 aplicada a l&#8217;entorn professional (30 hores, dos m\u00f2duls de 15h)\">Llegeix m\u00e9s\u00bb<\/a><\/p>\n","protected":false},"author":1,"featured_media":0,"parent":0,"menu_order":0,"comment_status":"closed","ping_status":"closed","template":"","meta":{"_bbp_topic_count":0,"_bbp_reply_count":0,"_bbp_total_topic_count":0,"_bbp_total_reply_count":0,"_bbp_voice_count":0,"_bbp_anonymous_reply_count":0,"_bbp_topic_count_hidden":0,"_bbp_reply_count_hidden":0,"_bbp_forum_subforum_count":0,"footnotes":""},"class_list":["post-13888","page","type-page","status-publish","hentry"],"post_mailing_queue_ids":[],"_links":{"self":[{"href":"https:\/\/projectes.xtec.cat\/impulsfp\/wp-json\/wp\/v2\/pages\/13888","targetHints":{"allow":["GET"]}}],"collection":[{"href":"https:\/\/projectes.xtec.cat\/impulsfp\/wp-json\/wp\/v2\/pages"}],"about":[{"href":"https:\/\/projectes.xtec.cat\/impulsfp\/wp-json\/wp\/v2\/types\/page"}],"author":[{"embeddable":true,"href":"https:\/\/projectes.xtec.cat\/impulsfp\/wp-json\/wp\/v2\/users\/1"}],"replies":[{"embeddable":true,"href":"https:\/\/projectes.xtec.cat\/impulsfp\/wp-json\/wp\/v2\/comments?post=13888"}],"version-history":[{"count":4,"href":"https:\/\/projectes.xtec.cat\/impulsfp\/wp-json\/wp\/v2\/pages\/13888\/revisions"}],"predecessor-version":[{"id":13892,"href":"https:\/\/projectes.xtec.cat\/impulsfp\/wp-json\/wp\/v2\/pages\/13888\/revisions\/13892"}],"wp:attachment":[{"href":"https:\/\/projectes.xtec.cat\/impulsfp\/wp-json\/wp\/v2\/media?parent=13888"}],"curies":[{"name":"wp","href":"https:\/\/api.w.org\/{rel}","templated":true}]}}