{"id":806,"date":"2015-11-28T21:29:55","date_gmt":"2015-11-28T20:29:55","guid":{"rendered":"http:\/\/projectes.xtec.cat\/impulsfp\/?page_id=806"},"modified":"2026-04-17T10:38:08","modified_gmt":"2026-04-17T08:38:08","slug":"que-es","status":"publish","type":"page","link":"https:\/\/projectes.xtec.cat\/impulsfp\/que-es\/","title":{"rendered":"Qu\u00e8 \u00e9s Programes i Projectes FP?"},"content":{"rendered":"<p>La unitat de Programes i Projectes \u00e9s la<strong> unitat d&#8217;innovaci\u00f3 de la Subdirecci\u00f3 General de Tecnologies i Impuls del Talent<\/strong>.<\/p>\n<p>Aquesta unitat <strong>cerca impulsar els estudis professionalitzadors<\/strong> a trav\u00e9s de<strong> cinc programes<\/strong> que cerquen la innovaci\u00f3 en diferents \u00e0mbits: <strong>el canvi metodol\u00f2gic, l&#8217;orientaci\u00f3, la transfer\u00e8ncia del coneixement dels centres a les empreses, l&#8217;emprenedoria i la cerca de l&#8217;excel\u00b7l\u00e8ncia en les compet\u00e8ncies professionals i les competicions<\/strong>. El ventall que abastim \u00e9s ampli i ambici\u00f3s i aix\u00f2 ens obliga a estar en constant canvi i reorganitzaci\u00f3.<\/p>\n<p>La ra\u00f3 del naixement de la unitat \u00e9s donar resposta a una realitat cada cop m\u00e9s complexa i canviant on l&#8217;FP, i la resta d&#8217;estudis professionalitzadors, tenen el repte dif\u00edcil de configurar el marc d&#8217;aprenentatge que proveeix a l&#8217;estudiant de les capacitats i eines necess\u00e0ries per poder fer front a aquest horitz\u00f3 laboral tan incert.<\/p>\n<p>Cada un dels <strong>programes<\/strong> inicia el recorregut al centre com una <strong>l\u00ednia estrat\u00e8gica<\/strong> al voltant de la qual poder desenvolupar el projecte de centre i aconseguir que el proc\u00e9s clau del centre arribi als nivells <strong>d&#8217;excel\u00b7l\u00e8ncia professional<\/strong> que requereixen els nostres temps.<\/p>\n<p>Esperem que aquest repte t&#8217;hagi engrescat i vulguis aprofundir en cada un dels aspectes d&#8217;aquesta missi\u00f3 tan gran com apassionat que \u00e9s la de la formaci\u00f3 professional.<\/p>\n","protected":false},"excerpt":{"rendered":"<p>La unitat de Programes i Projectes \u00e9s la unitat d&#8217;innovaci\u00f3 de la Subdirecci\u00f3 General de Tecnologies i Impuls del Talent. Aquesta unitat cerca impulsar els estudis professionalitzadors a trav\u00e9s de cinc programes que cerquen la innovaci\u00f3 en diferents \u00e0mbits: el canvi metodol\u00f2gic, l&#8217;orientaci\u00f3, la transfer\u00e8ncia del coneixement dels centres a les empreses, l&#8217;emprenedoria i la [&hellip;]<\/p>\n","protected":false},"author":1,"featured_media":0,"parent":0,"menu_order":0,"comment_status":"closed","ping_status":"closed","template":"page-templates\/side-menu.php","meta":{"site-sidebar-layout":"default","site-content-layout":"","ast-site-content-layout":"","site-content-style":"default","site-sidebar-style":"default","ast-global-header-display":"","ast-banner-title-visibility":"","ast-main-header-display":"","ast-hfb-above-header-display":"","ast-hfb-below-header-display":"","ast-hfb-mobile-header-display":"","site-post-title":"","ast-breadcrumbs-content":"","ast-featured-img":"","footer-sml-layout":"","theme-transparent-header-meta":"","adv-header-id-meta":"","stick-header-meta":"","header-above-stick-meta":"","header-main-stick-meta":"","header-below-stick-meta":"","astra-migrate-meta-layouts":"default","ast-page-background-enabled":"default","ast-page-background-meta":{"desktop":{"background-color":"var(--ast-global-color-4)","background-image":"","background-repeat":"repeat","background-position":"center center","background-size":"auto","background-attachment":"scroll","background-type":"","background-media":"","overlay-type":"","overlay-color":"","overlay-opacity":"","overlay-gradient":""},"tablet":{"background-color":"","background-image":"","background-repeat":"repeat","background-position":"center center","background-size":"auto","background-attachment":"scroll","background-type":"","background-media":"","overlay-type":"","overlay-color":"","overlay-opacity":"","overlay-gradient":""},"mobile":{"background-color":"","background-image":"","background-repeat":"repeat","background-position":"center center","background-size":"auto","background-attachment":"scroll","background-type":"","background-media":"","overlay-type":"","overlay-color":"","overlay-opacity":"","overlay-gradient":""}},"ast-content-background-meta":{"desktop":{"background-color":"var(--ast-global-color-5)","background-image":"","background-repeat":"repeat","background-position":"center center","background-size":"auto","background-attachment":"scroll","background-type":"","background-media":"","overlay-type":"","overlay-color":"","overlay-opacity":"","overlay-gradient":""},"tablet":{"background-color":"var(--ast-global-color-5)","background-image":"","background-repeat":"repeat","background-position":"center center","background-size":"auto","background-attachment":"scroll","background-type":"","background-media":"","overlay-type":"","overlay-color":"","overlay-opacity":"","overlay-gradient":""},"mobile":{"background-color":"var(--ast-global-color-5)","background-image":"","background-repeat":"repeat","background-position":"center center","background-size":"auto","background-attachment":"scroll","background-type":"","background-media":"","overlay-type":"","overlay-color":"","overlay-opacity":"","overlay-gradient":""}},"footnotes":""},"class_list":["post-806","page","type-page","status-publish","hentry"],"post_mailing_queue_ids":[],"_links":{"self":[{"href":"https:\/\/projectes.xtec.cat\/impulsfp\/wp-json\/wp\/v2\/pages\/806","targetHints":{"allow":["GET"]}}],"collection":[{"href":"https:\/\/projectes.xtec.cat\/impulsfp\/wp-json\/wp\/v2\/pages"}],"about":[{"href":"https:\/\/projectes.xtec.cat\/impulsfp\/wp-json\/wp\/v2\/types\/page"}],"author":[{"embeddable":true,"href":"https:\/\/projectes.xtec.cat\/impulsfp\/wp-json\/wp\/v2\/users\/1"}],"replies":[{"embeddable":true,"href":"https:\/\/projectes.xtec.cat\/impulsfp\/wp-json\/wp\/v2\/comments?post=806"}],"version-history":[{"count":6,"href":"https:\/\/projectes.xtec.cat\/impulsfp\/wp-json\/wp\/v2\/pages\/806\/revisions"}],"predecessor-version":[{"id":14066,"href":"https:\/\/projectes.xtec.cat\/impulsfp\/wp-json\/wp\/v2\/pages\/806\/revisions\/14066"}],"wp:attachment":[{"href":"https:\/\/projectes.xtec.cat\/impulsfp\/wp-json\/wp\/v2\/media?parent=806"}],"curies":[{"name":"wp","href":"https:\/\/api.w.org\/{rel}","templated":true}]}}