{"id":8319,"date":"2020-01-30T15:50:25","date_gmt":"2020-01-30T14:50:25","guid":{"rendered":"https:\/\/projectes.xtec.cat\/impulsfp\/?page_id=8319"},"modified":"2024-10-29T13:55:15","modified_gmt":"2024-10-29T12:55:15","slug":"organitzacio-i-metodologia-de-treball","status":"publish","type":"page","link":"https:\/\/projectes.xtec.cat\/impulsfp\/activa-fp\/organitzacio-i-metodologia-de-treball\/","title":{"rendered":"Organitzaci\u00f3"},"content":{"rendered":"<h3><a href=\"https:\/\/projectes.xtec.cat\/impulsfp\/wp-content\/uploads\/usu2078\/2022\/10\/organitzacio.png\"><img loading=\"lazy\" decoding=\"async\" class=\"alignnone wp-image-11158\" src=\"https:\/\/projectes.xtec.cat\/impulsfp\/wp-content\/uploads\/usu2078\/2022\/10\/organitzacio.png\" alt=\"\" width=\"37\" height=\"37\" \/> \u00a0<\/a><strong>El treball en xarxa:<\/strong><\/h3>\n<p>El programa <strong>ActivaFP <\/strong>s&#8217;organitza segons el nivell d&#8217;implantaci\u00f3 del l&#8217;aprenentatge basat en projectes (ABP) en els centres participants.<\/p>\n<p><span style=\"font-weight: 400;\">En termes espec\u00edfics, el programa s&#8217;organitza en xarxes de centres, agrupats per nivells i tem\u00e0tica. Comparteixen coneixement, es dona suport i assessorament mutu. A cada jornada es fan intercanvi d&#8217;experi\u00e8ncies. <\/span>L&#8217;equip de coordinaci\u00f3 dona suport a les persones assessores de xarxes, que acompanyen els centres en la implicaci\u00f3 de l&#8217;ABP i metodologies actives.<\/p>\n<p>Les xarxes tem\u00e0tiques que treballen aprenentatge basat en projectes (ABP) s&#8217;estructuren en tres nivells:<\/p>\n<ul>\n<li style=\"list-style-type: none;\">\n<ul style=\"list-style-type: disc;\">\n<li><span style=\"font-weight: 400;\">Xarxa 1A. Xarxa d&#8217;iniciaci\u00f3 i disseny. Pels centres que estan a un nivell inicial en relaci\u00f3 amb les metodologies actives a l&#8217;aula, en especial l&#8217;ABP.<\/span><\/li>\n<li><span style=\"font-weight: 400;\">Xarxa 2A. Xarxa d&#8217;implementaci\u00f3. Pels centres que ja estan treballant metodologies actives i les tenen implantades amb grau elevat, en especial l&#8217;ABP.<\/span><\/li>\n<li><span style=\"font-weight: 400;\">Xarxa 3A. Xarxa de consolidaci\u00f3 i extensi\u00f3. Pels centres que estan ampliant i consolidant les metodologies actives a l&#8217;aula.\u00a0<\/span><\/li>\n<\/ul>\n<\/li>\n<\/ul>\n<p>A banda tres xarxes tem\u00e0tiques treballen que son:<\/p>\n<ul>\n<li style=\"list-style-type: none;\">\n<ul>\n<li><span style=\"font-weight: 400;\">\u00a0Xarxa 1B i 2B.Turisme pedag\u00f2gic i observaci\u00f3 entre iguals.<\/span><\/li>\n<\/ul>\n<\/li>\n<\/ul>\n<div style=\"width: 100%;\">\n<div style=\"position: relative; padding-bottom: 56.25%; padding-top: 0; height: 0;\"><\/div>\n<\/div>\n","protected":false},"excerpt":{"rendered":"<p><a href=\"https:\/\/projectes.xtec.cat\/impulsfp\/wp-content\/uploads\/usu2078\/2022\/10\/organitzacio.png\"> \u00a0<\/a>El treball en xarxa:<br \/>\nEl programa ActivaFP s&#8217;organitza segons el nivell d&#8217;implantaci\u00f3 del l&#8217;aprenentatge basat en projectes (ABP) en els centres participants.<br \/>\nEn termes espec\u00edfics, el programa s&#8217;organitza en xarxes de centres, agrupats per nivells i tem\u00e0tica. Comparteixen coneixement, es dona suport i assessorament mutu.&hellip;  <a href=\"https:\/\/projectes.xtec.cat\/impulsfp\/activa-fp\/organitzacio-i-metodologia-de-treball\/\" title=\"Read Organitzaci\u00f3\">Llegeix m\u00e9s\u00bb<\/a><\/p>\n","protected":false},"author":3,"featured_media":0,"parent":8308,"menu_order":40,"comment_status":"closed","ping_status":"closed","template":"page-templates\/side-menu.php","meta":{"_bbp_topic_count":0,"_bbp_reply_count":0,"_bbp_total_topic_count":0,"_bbp_total_reply_count":0,"_bbp_voice_count":0,"_bbp_anonymous_reply_count":0,"_bbp_topic_count_hidden":0,"_bbp_reply_count_hidden":0,"_bbp_forum_subforum_count":0,"footnotes":""},"class_list":["post-8319","page","type-page","status-publish","hentry"],"post_mailing_queue_ids":[],"_links":{"self":[{"href":"https:\/\/projectes.xtec.cat\/impulsfp\/wp-json\/wp\/v2\/pages\/8319","targetHints":{"allow":["GET"]}}],"collection":[{"href":"https:\/\/projectes.xtec.cat\/impulsfp\/wp-json\/wp\/v2\/pages"}],"about":[{"href":"https:\/\/projectes.xtec.cat\/impulsfp\/wp-json\/wp\/v2\/types\/page"}],"author":[{"embeddable":true,"href":"https:\/\/projectes.xtec.cat\/impulsfp\/wp-json\/wp\/v2\/users\/3"}],"replies":[{"embeddable":true,"href":"https:\/\/projectes.xtec.cat\/impulsfp\/wp-json\/wp\/v2\/comments?post=8319"}],"version-history":[{"count":6,"href":"https:\/\/projectes.xtec.cat\/impulsfp\/wp-json\/wp\/v2\/pages\/8319\/revisions"}],"predecessor-version":[{"id":13714,"href":"https:\/\/projectes.xtec.cat\/impulsfp\/wp-json\/wp\/v2\/pages\/8319\/revisions\/13714"}],"up":[{"embeddable":true,"href":"https:\/\/projectes.xtec.cat\/impulsfp\/wp-json\/wp\/v2\/pages\/8308"}],"wp:attachment":[{"href":"https:\/\/projectes.xtec.cat\/impulsfp\/wp-json\/wp\/v2\/media?parent=8319"}],"curies":[{"name":"wp","href":"https:\/\/api.w.org\/{rel}","templated":true}]}}