{"id":8373,"date":"2020-02-04T15:36:23","date_gmt":"2020-02-04T14:36:23","guid":{"rendered":"https:\/\/projectes.xtec.cat\/impulsfp\/?page_id=8373"},"modified":"2026-04-17T12:52:39","modified_gmt":"2026-04-17T10:52:39","slug":"objectius-2","status":"publish","type":"page","link":"https:\/\/projectes.xtec.cat\/impulsfp\/emprenfp-2\/objectius-2\/","title":{"rendered":"Objectius"},"content":{"rendered":"<p><strong>Objectiu general<\/strong><\/p>\n<p>La finalitat del programa Empr\u00e8nFP \u00e9s acompanyar i donar suport als centres que imparteixen ensenyaments professionals en la implantaci\u00f3 i el desenvolupament d\u2019estrat\u00e8gies metodol\u00f2giques que promoguin capacitats d\u2019emprenedoria i de creaci\u00f3 d\u2019empreses o d\u2019autoocupaci\u00f3. En relaci\u00f3 amb els 3 grups d\u2019inter\u00e8s que participen activament en el programa es concreta en:<\/p>\n<ul>\n<li>Capacitar l&#8217;alumnat dels ensenyaments professionals en la cultura emprenedora per tal de poder crear la seva pr\u00f2pia empresa o aplicar-la a l&#8217;activitat laboral que realitzi en l&#8217;empresa on s&#8217;hi insereixi.<\/li>\n<li>Millorar la capacitat metodol\u00f2gica del professorat per a poder transmetre la cultura emprenedora al seu alumnat.<\/li>\n<li>Donar suport als centres perqu\u00e8 l&#8217;emprenedoria formi part del seu projecte educatiu i es cre\u00efn les condicions necess\u00e0ries perqu\u00e8 el centre fomenti la cultura emprenedora entre el seu alumnat i l&#8217;equip hum\u00e0, tot esdevenint un centre emprenedor.<\/li>\n<\/ul>\n<p>&nbsp;<\/p>\n<p><strong>Objectius espec\u00edfics<\/strong><\/p>\n<p><strong>OE 1<\/strong>. Impulsar l&#8217;emprenedoria en el centre educatiu.<\/p>\n<p><strong>OE\u00a02<\/strong>. Incrementar la participaci\u00f3 en concursos i\/o projectes d&#8217;emprenedoria.<\/p>\n<p><strong>OE\u00a03<\/strong>. Millorar la satisfacci\u00f3 i implicaci\u00f3 dels grups d&#8217;inter\u00e8s.<\/p>\n<p>&nbsp;<\/p>\n<p><strong>Amb quina finalitat?<\/strong><\/p>\n<ul>\n<li>Desenvolupar estrat\u00e8gies per a la creaci\u00f3 d&#8217;empreses i autoocupaci\u00f3.<\/li>\n<li>Establir xarxes de col\u00b7laboraci\u00f3 entre centres educatius, afavorir la cooperaci\u00f3 entre aquests centres.<\/li>\n<li>Consolidar una estructura organitzativa en el centre, implicar equips de professorat i alumnat en les estrat\u00e8gies d&#8217;iniciativa empresarial.<\/li>\n<li>Formar l&#8217;equip hum\u00e0 en capacitats emprenedores.<\/li>\n<li>Valorar els processos i resultats per a millorar les accions de creaci\u00f3 d&#8217;empreses.<\/li>\n<\/ul>\n","protected":false},"excerpt":{"rendered":"<p>Objectiu general La finalitat del programa Empr\u00e8nFP \u00e9s acompanyar i donar suport als centres que imparteixen ensenyaments professionals en la implantaci\u00f3 i el desenvolupament d\u2019estrat\u00e8gies metodol\u00f2giques que promoguin capacitats d\u2019emprenedoria i de creaci\u00f3 d\u2019empreses o d\u2019autoocupaci\u00f3. En relaci\u00f3 amb els 3 grups d\u2019inter\u00e8s que participen activament en el programa es concreta en: Capacitar l&#8217;alumnat dels [&hellip;]<\/p>\n","protected":false},"author":3,"featured_media":0,"parent":12454,"menu_order":2,"comment_status":"closed","ping_status":"closed","template":"page-templates\/side-menu.php","meta":{"site-sidebar-layout":"default","site-content-layout":"","ast-site-content-layout":"","site-content-style":"default","site-sidebar-style":"default","ast-global-header-display":"","ast-banner-title-visibility":"","ast-main-header-display":"","ast-hfb-above-header-display":"","ast-hfb-below-header-display":"","ast-hfb-mobile-header-display":"","site-post-title":"","ast-breadcrumbs-content":"","ast-featured-img":"","footer-sml-layout":"","theme-transparent-header-meta":"","adv-header-id-meta":"","stick-header-meta":"","header-above-stick-meta":"","header-main-stick-meta":"","header-below-stick-meta":"","astra-migrate-meta-layouts":"default","ast-page-background-enabled":"default","ast-page-background-meta":{"desktop":{"background-color":"var(--ast-global-color-4)","background-image":"","background-repeat":"repeat","background-position":"center center","background-size":"auto","background-attachment":"scroll","background-type":"","background-media":"","overlay-type":"","overlay-color":"","overlay-opacity":"","overlay-gradient":""},"tablet":{"background-color":"","background-image":"","background-repeat":"repeat","background-position":"center center","background-size":"auto","background-attachment":"scroll","background-type":"","background-media":"","overlay-type":"","overlay-color":"","overlay-opacity":"","overlay-gradient":""},"mobile":{"background-color":"","background-image":"","background-repeat":"repeat","background-position":"center center","background-size":"auto","background-attachment":"scroll","background-type":"","background-media":"","overlay-type":"","overlay-color":"","overlay-opacity":"","overlay-gradient":""}},"ast-content-background-meta":{"desktop":{"background-color":"var(--ast-global-color-5)","background-image":"","background-repeat":"repeat","background-position":"center center","background-size":"auto","background-attachment":"scroll","background-type":"","background-media":"","overlay-type":"","overlay-color":"","overlay-opacity":"","overlay-gradient":""},"tablet":{"background-color":"var(--ast-global-color-5)","background-image":"","background-repeat":"repeat","background-position":"center center","background-size":"auto","background-attachment":"scroll","background-type":"","background-media":"","overlay-type":"","overlay-color":"","overlay-opacity":"","overlay-gradient":""},"mobile":{"background-color":"var(--ast-global-color-5)","background-image":"","background-repeat":"repeat","background-position":"center center","background-size":"auto","background-attachment":"scroll","background-type":"","background-media":"","overlay-type":"","overlay-color":"","overlay-opacity":"","overlay-gradient":""}},"footnotes":""},"class_list":["post-8373","page","type-page","status-publish","hentry"],"post_mailing_queue_ids":[],"_links":{"self":[{"href":"https:\/\/projectes.xtec.cat\/impulsfp\/wp-json\/wp\/v2\/pages\/8373","targetHints":{"allow":["GET"]}}],"collection":[{"href":"https:\/\/projectes.xtec.cat\/impulsfp\/wp-json\/wp\/v2\/pages"}],"about":[{"href":"https:\/\/projectes.xtec.cat\/impulsfp\/wp-json\/wp\/v2\/types\/page"}],"author":[{"embeddable":true,"href":"https:\/\/projectes.xtec.cat\/impulsfp\/wp-json\/wp\/v2\/users\/3"}],"replies":[{"embeddable":true,"href":"https:\/\/projectes.xtec.cat\/impulsfp\/wp-json\/wp\/v2\/comments?post=8373"}],"version-history":[{"count":4,"href":"https:\/\/projectes.xtec.cat\/impulsfp\/wp-json\/wp\/v2\/pages\/8373\/revisions"}],"predecessor-version":[{"id":14101,"href":"https:\/\/projectes.xtec.cat\/impulsfp\/wp-json\/wp\/v2\/pages\/8373\/revisions\/14101"}],"up":[{"embeddable":true,"href":"https:\/\/projectes.xtec.cat\/impulsfp\/wp-json\/wp\/v2\/pages\/12454"}],"wp:attachment":[{"href":"https:\/\/projectes.xtec.cat\/impulsfp\/wp-json\/wp\/v2\/media?parent=8373"}],"curies":[{"name":"wp","href":"https:\/\/api.w.org\/{rel}","templated":true}]}}