{"id":8386,"date":"2020-02-04T15:44:19","date_gmt":"2020-02-04T14:44:19","guid":{"rendered":"https:\/\/projectes.xtec.cat\/impulsfp\/?page_id=8386"},"modified":"2026-04-16T13:07:41","modified_gmt":"2026-04-16T11:07:41","slug":"innovafp","status":"publish","type":"page","link":"https:\/\/projectes.xtec.cat\/impulsfp\/innovafp\/","title":{"rendered":"Innovafp"},"content":{"rendered":"<p><a href=\"https:\/\/projectes.xtec.cat\/impulsfp\/wp-content\/uploads\/usu2078\/2020\/04\/Innovafp.png\"><img loading=\"lazy\" decoding=\"async\" class=\"alignnone wp-image-9016 size-medium\" src=\"https:\/\/projectes.xtec.cat\/impulsfp\/wp-content\/uploads\/usu2078\/2020\/04\/Innovafp-300x85.png\" alt=\"\" width=\"300\" height=\"85\" srcset=\"https:\/\/projectes.xtec.cat\/impulsfp\/wp-content\/uploads\/usu2078\/2020\/04\/Innovafp-300x85.png 300w, https:\/\/projectes.xtec.cat\/impulsfp\/wp-content\/uploads\/usu2078\/2020\/04\/Innovafp.png 664w\" sizes=\"auto, (max-width: 300px) 100vw, 300px\" \/><\/a><\/p>\n<h3><i class=\"dashicons dashicons-info\" style=\"font-size: xx-large !important; width: 48px;\">\u00a0<\/i>Qu\u00e8 \u00e9s innovaFP?<\/h3>\n<p><strong>InnovaFP<\/strong> \u00e9s el programa de la Direcci\u00f3 General d&#8217;Ordenaci\u00f3 i Integraci\u00f3 de la Formaci\u00f3 Professional del Departament d\u2019Educaci\u00f3 i Formaci\u00f3 Professional de la Generalitat de Catalunya que promou <span class=\"NormalTextRun SCXW38871924 BCX8\">la transformaci\u00f3 pedag\u00f2gica<\/span><span class=\"NormalTextRun SCXW38871924 BCX8\">, tecnol\u00f2gica i de connexi\u00f3 amb el m\u00f3n productiu,\u00a0<\/span><span class=\"NormalTextRun SCXW38871924 BCX8\">mitjan\u00e7ant la innovaci\u00f3 metodol\u00f2gica, la formaci\u00f3 i l\u2019assessorament, promovent l\u2019intercanvi de coneixement i la col\u00b7laboraci\u00f3 entre centres i amb el teixit productiu<\/span><span class=\"NormalTextRun SCXW38871924 BCX8\">\u00a0<\/span><span class=\"NormalTextRun SCXW38871924 BCX8\">en el desenvolupament de<\/span><span class=\"NormalTextRun SCXW38871924 BCX8\">\u00a0projectes d\u2019innovaci\u00f3<\/span><span class=\"NormalTextRun SCXW38871924 BCX8\">, per millorar els aprenentatges de l\u2019alumnat, desenvolupar compet\u00e8ncies professionals i innovadores, i contribuir a la modernitzaci\u00f3 i competitivitat del sistema i de les empreses.<\/span><\/p>\n<p>El programa <strong>InnovaFP<\/strong> cerca l\u2019actualitzaci\u00f3 de coneixements a la formaci\u00f3 professional i la cooperaci\u00f3 amb les empreses i altres organitzacions de l\u2019entorn, mitjan\u00e7ant la col\u00b7laboraci\u00f3 en el desenvolupament de projectes d\u2019innovaci\u00f3 i transfer\u00e8ncia de coneixement.<\/p>\n<p>El programa, desenvolupat en el marc de la resoluci\u00f3 <a href=\"https:\/\/dogc.gencat.cat\/ca\/pdogc_canals_interns\/pdogc_resultats_fitxa\/?documentId=662477&amp;language=ca_ES&amp;action=fitxa\" target=\"_blank\" rel=\"noopener noreferrer\">ENS\/1080\/2014<\/a>, cerca desplegar actuacions relacionades als articles 2, 8, 10 i 17, aix\u00ed com la disposici\u00f3 addicional segona del decret 284\/2011 d\u2019ordenaci\u00f3 general de la FP inicial, al pre\u00e0mbul i els articles 62 i 107 de la Llei 12\/2009 d\u2019educaci\u00f3. Per altra banda, la decisi\u00f3 1639\/2006\/CE del parlament europeu i del consell de 24 d\u2019octubre de 2006 estableix un Programa Marc per a la innovaci\u00f3 i la competitivitat (2007-2013). M\u00e9s recentment, la llei 10\/2015 de formaci\u00f3 i qualificaci\u00f3 professionals es fa esment a l\u2019impuls de la innovaci\u00f3 a la formaci\u00f3 professional al punt III del pre\u00e0mbul, i als articles 5, 11, 16, 24, 47 i 52.<\/p>\n<p>&nbsp;<\/p>\n<h3><i class=\"dashicons dashicons-groups\" style=\"font-size: xx-large !important; width: 48px;\">\u00a0<\/i>Qui hi t\u00e9 acc\u00e9s?<\/h3>\n<p>El programa est\u00e0 obert a organitzacions de tot tipus, empreses privades, empreses p\u00fabliques, Organitzacions No Governamentals, administraci\u00f3 p\u00fablica, aut\u00f2noms, fundacions, associacions, i fins i tot emprenedors.<\/p>\n<p>Pel fet de tractar-se de projectes innovadors, sempre que s\u2019escau es garanteix la confidencialitat de les tasques dutes a terme i dels resultats obtinguts, durant el per\u00edode que s\u2019estimi oport\u00fa en cada cas. Aquesta confidencialitat afecta tant a professorat com a l&#8217;alumnat<\/p>\n<p>&nbsp;<\/p>\n<header class=\"entry-header\">\n<h3 class=\"entry-title\"><i class=\"dashicons dashicons-pressthis\" style=\"font-size: xx-large !important; width: 48px;\">\u00a0<\/i>Requisits dels centres participants<\/h3>\n<\/header>\n<div class=\"entry-content\">\n<p>Poden formar part del Programa InnovaFP els centres educatius de Catalunya sostinguts amb fons p\u00fablics que reuneixin els seg\u00fcents requisits:<\/p>\n<ul>\n<li>Impartir ensenyaments de formaci\u00f3 professional inicial.<\/li>\n<li>Incorporar en el projecte educatiu del centre els objectius i les estrat\u00e8gies d\u2019innovaci\u00f3 i transfer\u00e8ncia de coneixement amb les empreses i entitats del seu entorn de relaci\u00f3.<\/li>\n<\/ul>\n<\/div>\n","protected":false},"excerpt":{"rendered":"<p><a href=\"https:\/\/projectes.xtec.cat\/impulsfp\/wp-content\/uploads\/usu2078\/2020\/04\/Innovafp.png\"><\/a><br \/>\n\u00a0Qu\u00e8 \u00e9s innovaFP?<br \/>\nInnovaFP \u00e9s el programa de la Direcci\u00f3 General d&#8217;Ordenaci\u00f3 i Integraci\u00f3 de la Formaci\u00f3 Professional del Departament d\u2019Educaci\u00f3 i Formaci\u00f3 Professional de la Generalitat de Catalunya que promou la transformaci\u00f3 pedag\u00f2gica, tecnol\u00f2gica i de connexi\u00f3 amb el m\u00f3n productiu,\u00a0mitjan\u00e7ant la innovaci\u00f3 metodol\u00f2gica,&hellip;  <a href=\"https:\/\/projectes.xtec.cat\/impulsfp\/innovafp\/\" title=\"Read Innovafp\">Llegeix m\u00e9s\u00bb<\/a><\/p>\n","protected":false},"author":3,"featured_media":0,"parent":0,"menu_order":0,"comment_status":"closed","ping_status":"closed","template":"page-templates\/side-menu.php","meta":{"_bbp_topic_count":0,"_bbp_reply_count":0,"_bbp_total_topic_count":0,"_bbp_total_reply_count":0,"_bbp_voice_count":0,"_bbp_anonymous_reply_count":0,"_bbp_topic_count_hidden":0,"_bbp_reply_count_hidden":0,"_bbp_forum_subforum_count":0,"footnotes":""},"class_list":["post-8386","page","type-page","status-publish","hentry"],"post_mailing_queue_ids":[],"_links":{"self":[{"href":"https:\/\/projectes.xtec.cat\/impulsfp\/wp-json\/wp\/v2\/pages\/8386","targetHints":{"allow":["GET"]}}],"collection":[{"href":"https:\/\/projectes.xtec.cat\/impulsfp\/wp-json\/wp\/v2\/pages"}],"about":[{"href":"https:\/\/projectes.xtec.cat\/impulsfp\/wp-json\/wp\/v2\/types\/page"}],"author":[{"embeddable":true,"href":"https:\/\/projectes.xtec.cat\/impulsfp\/wp-json\/wp\/v2\/users\/3"}],"replies":[{"embeddable":true,"href":"https:\/\/projectes.xtec.cat\/impulsfp\/wp-json\/wp\/v2\/comments?post=8386"}],"version-history":[{"count":5,"href":"https:\/\/projectes.xtec.cat\/impulsfp\/wp-json\/wp\/v2\/pages\/8386\/revisions"}],"predecessor-version":[{"id":14051,"href":"https:\/\/projectes.xtec.cat\/impulsfp\/wp-json\/wp\/v2\/pages\/8386\/revisions\/14051"}],"wp:attachment":[{"href":"https:\/\/projectes.xtec.cat\/impulsfp\/wp-json\/wp\/v2\/media?parent=8386"}],"curies":[{"name":"wp","href":"https:\/\/api.w.org\/{rel}","templated":true}]}}