{"id":8480,"date":"2020-03-19T19:17:20","date_gmt":"2020-03-19T18:17:20","guid":{"rendered":"https:\/\/projectes.xtec.cat\/impulsfp\/?page_id=8480"},"modified":"2024-09-19T11:57:06","modified_gmt":"2024-09-19T09:57:06","slug":"recursos","status":"publish","type":"page","link":"https:\/\/projectes.xtec.cat\/impulsfp\/activa-fp__trashed\/recursos\/","title":{"rendered":"Objectius"},"content":{"rendered":"<h3><a href=\"https:\/\/projectes.xtec.cat\/impulsfp\/wp-content\/uploads\/usu2078\/2022\/10\/objective.png\"><img loading=\"lazy\" decoding=\"async\" class=\"alignnone wp-image-11161\" src=\"https:\/\/projectes.xtec.cat\/impulsfp\/wp-content\/uploads\/usu2078\/2022\/10\/objective.png\" alt=\"\" width=\"25\" height=\"30\" \/> <\/a><strong>Qu\u00e8 volem?<\/strong><\/h3>\n<p>Els objectius generals del programa ActivaFP es centren en la innovaci\u00f3 pedag\u00f2gica i en la incorporaci\u00f3 de metodologies docents contrastades en recerca cient\u00edfica per aconseguir l&#8217;excel\u00b7l\u00e8ncia i equitat en els estudis professionals dels ensenyaments de Formaci\u00f3 Professional.<\/p>\n<p>Els objectius espec\u00edfics pel curs 2024-25 s&#8217;organitzen en:<\/p>\n<p><strong>En relaci\u00f3 amb l&#8217;alumnat.<\/strong><\/p>\n<ol>\n<li>Oferir a l&#8217;alumnat models d&#8217;aprenentatge que li atorguin la responsabilitat de resoldre, de manera col\u00b7laborativa, reptes i projectes vinculats a situacions similars o iguals a les que es donen en l&#8217;\u00e0mbit professional del perfil del cicle.<\/li>\n<li>Resoldre reptes i projectes mitjan\u00e7ant la recerca i la producci\u00f3 del coneixement necessari; definir, organitzar i fer les actuacions necess\u00e0ries per assolir el resultat adequat. Validar-lo i extraure&#8217;n conclusions.<\/li>\n<\/ol>\n<p><strong>En relaci\u00f3 a l&#8217;equip docent.<\/strong><\/p>\n<ol>\n<li>Assessorar i formar el professorat dels equips docents en l&#8217;elaboraci\u00f3 de les programacions que integrin resultats d&#8217;aprenentatge de diverses unitats formatives i\/o m\u00f2duls professionals. Aquestes programacions han de potenciar les compet\u00e8ncies transversals dels alumnes i l&#8217;adquisici\u00f3 de les compet\u00e8ncies professionals, personals i socials establertes en el perfil professional, mitjan\u00e7ant l&#8217;\u00fas de metodologies d&#8217;aprenentatge basades en reptes i projectes.<\/li>\n<li>Assessorar i formar el professorat per dissenyar, programar, organitzar i guiar activitats basades en reptes i projectes, vinculades a situacions professionals o laborals.<\/li>\n<li>Assessorar i formar el professorat per dissenyar estrat\u00e8gies i activitats d&#8217;avaluaci\u00f3 dels resultats d&#8217;aprenentatge, desenvolupats mitjan\u00e7ant reptes i projectes, dels m\u00f2duls professionals, les seves unitats formatives, i dels objectius generals del cicle.<\/li>\n<li>Assessorar i formar el professorat per definir i experimentar itineraris d&#8217;evoluci\u00f3 progressiva, mitjan\u00e7ant:\u00a0reptes plantejats per l&#8217;equip docent,\u00a0reptes plantejats per empreses,\u00a0transfer\u00e8ncia de coneixement per respondre a necessitats concretes fixades per les empreses que aporten solucions innovadores, i\u00a0reptes que promoguin la creaci\u00f3 d&#8217;empreses entre l&#8217;alumnat.<\/li>\n<\/ol>\n<p><strong>En relaci\u00f3 amb els centres.<\/strong><\/p>\n<ol>\n<li>Assessorar i donar suport als centres en la planificaci\u00f3, l&#8217;organitzaci\u00f3, l&#8217;assignaci\u00f3 de recursos i la gesti\u00f3 dels cicles formatius per optimar la implantaci\u00f3 i el desplegament de metodologies d&#8217;aprenentatge competencial basades en reptes, projectes, objectius o situacions similars o properes a la realitat laboral.<\/li>\n<li>Assessorar en la recerca de projectes reals d&#8217;empreses i altres entitats i la relaci\u00f3 amb aquestes.<\/li>\n<li>Donar suport als centres per establir estrat\u00e8gies d&#8217;interrelaci\u00f3 i coordinaci\u00f3 entre els programes d&#8217;innovaci\u00f3 \u201cActivaFP&#8221;, \u201cInnovaFP&#8221; i Foment de l&#8217;emprenedoria.<\/li>\n<\/ol>\n<p><strong>En relaci\u00f3 amb les empreses i altres institucions.<\/strong><\/p>\n<ol>\n<li>Generar models de cooperaci\u00f3 entre els centres i les empreses i institucions per aportar escenaris, instruments, recursos i exemples reals, a trav\u00e9s, entre d&#8217;altres, de la Formaci\u00f3 Pr\u00e0ctica en Centres de Treball i la formaci\u00f3 dual, que contribueixen al desplegament de les metodologies actives competencials i l&#8217;avaluaci\u00f3 dels aprenentatges.<\/li>\n<li>Desenvolupar models de participaci\u00f3 de les empreses i entitats en l&#8217;organitzaci\u00f3, el desplegament i l&#8217;avaluaci\u00f3 de les compet\u00e8ncies desenvolupades mitjan\u00e7ant aquest model d&#8217;aprenentatge.\u200b<\/li>\n<\/ol>\n","protected":false},"excerpt":{"rendered":"<p><a href=\"https:\/\/projectes.xtec.cat\/impulsfp\/wp-content\/uploads\/usu2078\/2022\/10\/objective.png\"> <\/a>Qu\u00e8 volem?<br \/>\nEls objectius generals del programa ActivaFP es centren en la innovaci\u00f3 pedag\u00f2gica i en la incorporaci\u00f3 de metodologies docents contrastades en recerca cient\u00edfica per aconseguir l&#8217;excel\u00b7l\u00e8ncia i equitat en els estudis professionals dels ensenyaments de Formaci\u00f3 Professional.<br \/>\nEls objectius espec\u00edfics pel curs 2024-25&hellip;  <a href=\"https:\/\/projectes.xtec.cat\/impulsfp\/activa-fp__trashed\/recursos\/\" title=\"Read Objectius\">Llegeix m\u00e9s\u00bb<\/a><\/p>\n","protected":false},"author":4,"featured_media":0,"parent":8308,"menu_order":30,"comment_status":"closed","ping_status":"closed","template":"page-templates\/side-menu.php","meta":{"_bbp_topic_count":0,"_bbp_reply_count":0,"_bbp_total_topic_count":0,"_bbp_total_reply_count":0,"_bbp_voice_count":0,"_bbp_anonymous_reply_count":0,"_bbp_topic_count_hidden":0,"_bbp_reply_count_hidden":0,"_bbp_forum_subforum_count":0,"footnotes":""},"class_list":["post-8480","page","type-page","status-publish","hentry"],"post_mailing_queue_ids":[],"_links":{"self":[{"href":"https:\/\/projectes.xtec.cat\/impulsfp\/wp-json\/wp\/v2\/pages\/8480","targetHints":{"allow":["GET"]}}],"collection":[{"href":"https:\/\/projectes.xtec.cat\/impulsfp\/wp-json\/wp\/v2\/pages"}],"about":[{"href":"https:\/\/projectes.xtec.cat\/impulsfp\/wp-json\/wp\/v2\/types\/page"}],"author":[{"embeddable":true,"href":"https:\/\/projectes.xtec.cat\/impulsfp\/wp-json\/wp\/v2\/users\/4"}],"replies":[{"embeddable":true,"href":"https:\/\/projectes.xtec.cat\/impulsfp\/wp-json\/wp\/v2\/comments?post=8480"}],"version-history":[{"count":7,"href":"https:\/\/projectes.xtec.cat\/impulsfp\/wp-json\/wp\/v2\/pages\/8480\/revisions"}],"predecessor-version":[{"id":13681,"href":"https:\/\/projectes.xtec.cat\/impulsfp\/wp-json\/wp\/v2\/pages\/8480\/revisions\/13681"}],"up":[{"embeddable":true,"href":"https:\/\/projectes.xtec.cat\/impulsfp\/wp-json\/wp\/v2\/pages\/8308"}],"wp:attachment":[{"href":"https:\/\/projectes.xtec.cat\/impulsfp\/wp-json\/wp\/v2\/media?parent=8480"}],"curies":[{"name":"wp","href":"https:\/\/api.w.org\/{rel}","templated":true}]}}