{"id":8660,"date":"2020-04-03T11:53:05","date_gmt":"2020-04-03T09:53:05","guid":{"rendered":"https:\/\/projectes.xtec.cat\/impulsfp\/?page_id=8660"},"modified":"2023-11-10T14:52:34","modified_gmt":"2023-11-10T13:52:34","slug":"objectius","status":"publish","type":"page","link":"https:\/\/projectes.xtec.cat\/impulsfp\/innovafp\/objectius\/","title":{"rendered":"Missi\u00f3 i visi\u00f3"},"content":{"rendered":"<table>\n<tbody>\n<tr>\n<td><b>Missi\u00f3<\/b><\/td>\n<\/tr>\n<tr>\n<td>Ser un <strong>referent<\/strong> en la <strong>transformaci\u00f3<\/strong> i <strong>modernitzaci\u00f3<\/strong> de la <strong>formaci\u00f3 professional<\/strong>, on els <strong>estudiants<\/strong> estan preparats no nom\u00e9s amb <strong>compet\u00e8ncies t\u00e8cniques<\/strong>, sin\u00f3 tamb\u00e9 amb una <strong>mentalitat proactiva<\/strong> i <strong>innovadora<\/strong>. Els <strong>centres educatius<\/strong> no nom\u00e9s es converteixen en <strong>pols d&#8217;innovaci\u00f3<\/strong> en <strong>col\u00b7laboraci\u00f3 estreta<\/strong> amb <strong>empreses<\/strong>, <strong>administracions<\/strong> i <strong>organitzacions<\/strong>, sin\u00f3 que tamb\u00e9 guien aquestes entitats en l&#8217;<strong>adopci\u00f3 d&#8217;eines d&#8217;innovaci\u00f3<\/strong>, potenciant la seva <strong>competitivitat<\/strong> i <strong>preparaci\u00f3<\/strong> per al <strong>futur<\/strong><\/td>\n<\/tr>\n<\/tbody>\n<\/table>\n<p>&nbsp;<\/p>\n<table>\n<tbody>\n<tr>\n<td><b>Visi\u00f3\u00a0<\/b><\/td>\n<\/tr>\n<tr>\n<td><strong>Empoderar<\/strong> els <strong>centres de formaci\u00f3 professional<\/strong> mitjan\u00e7ant l&#8217;<strong>elaboraci\u00f3<\/strong> i <strong>prove\u00efment d&#8217;eines i metodologies innovadores<\/strong>, amb l&#8217;objectiu de <strong>facilitar la generaci\u00f3 de projectes d&#8217;avantguarda<\/strong>, <strong>enriquir la formaci\u00f3<\/strong> dels <strong>estudiants<\/strong> i <strong>refor\u00e7ar les col\u00b7laboracions<\/strong> amb el <strong>teixit empresarial local<\/strong>. A trav\u00e9s d&#8217;aquesta guia, aspirem a que els centres no nom\u00e9s s&#8217;<strong>adapten als canvis<\/strong>, sin\u00f3 que tamb\u00e9 es converteixin en <strong>agents actius de transformaci\u00f3<\/strong> per a les <strong>empreses<\/strong> i <strong>organitzacions<\/strong> amb les quals <strong>col\u00b7laboren<\/strong><\/td>\n<\/tr>\n<\/tbody>\n<\/table>\n<p>&nbsp;<\/p>\n","protected":false},"excerpt":{"rendered":"<p>Missi\u00f3<\/p>\n<p>Ser un referent en la transformaci\u00f3 i modernitzaci\u00f3 de la formaci\u00f3 professional, on els estudiants estan preparats no nom\u00e9s amb compet\u00e8ncies t\u00e8cniques, sin\u00f3 tamb\u00e9 amb una mentalitat proactiva i innovadora. Els centres educatius no nom\u00e9s es converteixen en pols d&#8217;innovaci\u00f3 en col\u00b7laboraci\u00f3 estreta amb empreses,&hellip;  <a href=\"https:\/\/projectes.xtec.cat\/impulsfp\/innovafp\/objectius\/\" title=\"Read Missi\u00f3 i visi\u00f3\">Llegeix m\u00e9s\u00bb<\/a><\/p>\n","protected":false},"author":1,"featured_media":0,"parent":8386,"menu_order":1,"comment_status":"closed","ping_status":"closed","template":"page-templates\/side-menu.php","meta":{"_bbp_topic_count":0,"_bbp_reply_count":0,"_bbp_total_topic_count":0,"_bbp_total_reply_count":0,"_bbp_voice_count":0,"_bbp_anonymous_reply_count":0,"_bbp_topic_count_hidden":0,"_bbp_reply_count_hidden":0,"_bbp_forum_subforum_count":0,"footnotes":""},"class_list":["post-8660","page","type-page","status-publish","hentry"],"post_mailing_queue_ids":[],"_links":{"self":[{"href":"https:\/\/projectes.xtec.cat\/impulsfp\/wp-json\/wp\/v2\/pages\/8660","targetHints":{"allow":["GET"]}}],"collection":[{"href":"https:\/\/projectes.xtec.cat\/impulsfp\/wp-json\/wp\/v2\/pages"}],"about":[{"href":"https:\/\/projectes.xtec.cat\/impulsfp\/wp-json\/wp\/v2\/types\/page"}],"author":[{"embeddable":true,"href":"https:\/\/projectes.xtec.cat\/impulsfp\/wp-json\/wp\/v2\/users\/1"}],"replies":[{"embeddable":true,"href":"https:\/\/projectes.xtec.cat\/impulsfp\/wp-json\/wp\/v2\/comments?post=8660"}],"version-history":[{"count":5,"href":"https:\/\/projectes.xtec.cat\/impulsfp\/wp-json\/wp\/v2\/pages\/8660\/revisions"}],"predecessor-version":[{"id":13007,"href":"https:\/\/projectes.xtec.cat\/impulsfp\/wp-json\/wp\/v2\/pages\/8660\/revisions\/13007"}],"up":[{"embeddable":true,"href":"https:\/\/projectes.xtec.cat\/impulsfp\/wp-json\/wp\/v2\/pages\/8386"}],"wp:attachment":[{"href":"https:\/\/projectes.xtec.cat\/impulsfp\/wp-json\/wp\/v2\/media?parent=8660"}],"curies":[{"name":"wp","href":"https:\/\/api.w.org\/{rel}","templated":true}]}}