{"id":8675,"date":"2020-04-03T12:33:07","date_gmt":"2020-04-03T10:33:07","guid":{"rendered":"https:\/\/projectes.xtec.cat\/impulsfp\/?page_id=8675"},"modified":"2023-11-10T14:46:25","modified_gmt":"2023-11-10T13:46:25","slug":"organitzacio-metodologia","status":"publish","type":"page","link":"https:\/\/projectes.xtec.cat\/impulsfp\/innovafp\/organitzacio-metodologia\/","title":{"rendered":"Organitzaci\u00f3"},"content":{"rendered":"<p>L&#8217;<strong>INNOVATION ENGINE<\/strong> \u00e9s una metodologia que hem desenvolupat per <strong>facilitar <\/strong>als centres educatius a seguir el seu <strong>cam\u00ed cap a la innovaci\u00f3<\/strong>. Es fonamenta en el concepte de &#8220;<strong>learning by doing<\/strong>&#8220;, on l&#8217;aprenentatge es produeix a trav\u00e9s de l&#8217;acci\u00f3. En el nostre cam\u00ed cap a la innovaci\u00f3, no nom\u00e9s hem de comprendre els <strong>elements claus<\/strong> que fan que una organitzaci\u00f3 sigui un referent innovador, sin\u00f3 que tamb\u00e9 hem de posar en <strong>pr\u00e0ctica <\/strong>aquesta innovaci\u00f3.<\/p>\n<p>Aix\u00f2 ens porta al s\u00edmil del <strong>motor<\/strong>: la <strong>velocitat<\/strong> representa els <strong>projectes d&#8217;innovaci\u00f3<\/strong> realitzats, mentre que les <strong>revolucions <\/strong>simbolitzen <strong>les compet\u00e8ncies en innovaci\u00f3<\/strong> adquirides, que actuen com els <strong>engranatges <\/strong>d&#8217;un motor. Aix\u00ed, com m\u00e9s compet\u00e8ncies tinguem, m\u00e9s capacitat tindrem per impulsar projectes innovadors.<\/p>\n<p><strong>L\u2019organitzaci\u00f3 <\/strong>dels centres en el programa InnovaFP es basa en l\u2019agrupaci\u00f3 d&#8217;aquests en <strong>diferents xarxes per estadis<\/strong>. Com que hi ha un nombre elevat de centres alguns dels estadis es divideixen territorialment. Cada xarxa tindr\u00e0 un assessor que l&#8217;acompanyar\u00e0 durant tot el curs per ajudar a desplegar el programa. .<\/p>\n<p>&nbsp;<\/p>\n<p>&nbsp;<\/p>\n","protected":false},"excerpt":{"rendered":"<p>L&#8217;INNOVATION ENGINE \u00e9s una metodologia que hem desenvolupat per facilitar als centres educatius a seguir el seu cam\u00ed cap a la innovaci\u00f3. Es fonamenta en el concepte de &#8220;learning by doing&#8220;, on l&#8217;aprenentatge es produeix a trav\u00e9s de l&#8217;acci\u00f3. En el nostre cam\u00ed cap a&hellip;  <a href=\"https:\/\/projectes.xtec.cat\/impulsfp\/innovafp\/organitzacio-metodologia\/\" title=\"Read Organitzaci\u00f3\">Llegeix m\u00e9s\u00bb<\/a><\/p>\n","protected":false},"author":1,"featured_media":0,"parent":8386,"menu_order":3,"comment_status":"closed","ping_status":"closed","template":"page-templates\/side-menu.php","meta":{"_bbp_topic_count":0,"_bbp_reply_count":0,"_bbp_total_topic_count":0,"_bbp_total_reply_count":0,"_bbp_voice_count":0,"_bbp_anonymous_reply_count":0,"_bbp_topic_count_hidden":0,"_bbp_reply_count_hidden":0,"_bbp_forum_subforum_count":0,"footnotes":""},"class_list":["post-8675","page","type-page","status-publish","hentry"],"post_mailing_queue_ids":[],"_links":{"self":[{"href":"https:\/\/projectes.xtec.cat\/impulsfp\/wp-json\/wp\/v2\/pages\/8675","targetHints":{"allow":["GET"]}}],"collection":[{"href":"https:\/\/projectes.xtec.cat\/impulsfp\/wp-json\/wp\/v2\/pages"}],"about":[{"href":"https:\/\/projectes.xtec.cat\/impulsfp\/wp-json\/wp\/v2\/types\/page"}],"author":[{"embeddable":true,"href":"https:\/\/projectes.xtec.cat\/impulsfp\/wp-json\/wp\/v2\/users\/1"}],"replies":[{"embeddable":true,"href":"https:\/\/projectes.xtec.cat\/impulsfp\/wp-json\/wp\/v2\/comments?post=8675"}],"version-history":[{"count":5,"href":"https:\/\/projectes.xtec.cat\/impulsfp\/wp-json\/wp\/v2\/pages\/8675\/revisions"}],"predecessor-version":[{"id":13006,"href":"https:\/\/projectes.xtec.cat\/impulsfp\/wp-json\/wp\/v2\/pages\/8675\/revisions\/13006"}],"up":[{"embeddable":true,"href":"https:\/\/projectes.xtec.cat\/impulsfp\/wp-json\/wp\/v2\/pages\/8386"}],"wp:attachment":[{"href":"https:\/\/projectes.xtec.cat\/impulsfp\/wp-json\/wp\/v2\/media?parent=8675"}],"curies":[{"name":"wp","href":"https:\/\/api.w.org\/{rel}","templated":true}]}}