{"id":8732,"date":"2020-04-03T19:01:55","date_gmt":"2020-04-03T17:01:55","guid":{"rendered":"https:\/\/projectes.xtec.cat\/impulsfp\/?page_id=8732"},"modified":"2023-11-10T15:48:16","modified_gmt":"2023-11-10T14:48:16","slug":"equip","status":"publish","type":"page","link":"https:\/\/projectes.xtec.cat\/impulsfp\/innovafp\/equip\/","title":{"rendered":"Equip"},"content":{"rendered":"<p>La coordinaci\u00f3 general de les xarxes es realitza des de la Direcci\u00f3 General de Formaci\u00f3 Professional Inicial i Ensenyaments de R\u00e8gim Especial.<\/p>\n<p><a href=\"https:\/\/projectes.xtec.cat\/impulsfp\/wp-content\/uploads\/usu2078\/2023\/11\/Responsables-i-asessors.png\"><img loading=\"lazy\" decoding=\"async\" class=\"size-full wp-image-13009 aligncenter\" src=\"https:\/\/projectes.xtec.cat\/impulsfp\/wp-content\/uploads\/usu2078\/2023\/11\/Responsables-i-asessors.png\" alt=\"\" width=\"862\" height=\"281\" srcset=\"https:\/\/projectes.xtec.cat\/impulsfp\/wp-content\/uploads\/usu2078\/2023\/11\/Responsables-i-asessors.png 862w, https:\/\/projectes.xtec.cat\/impulsfp\/wp-content\/uploads\/usu2078\/2023\/11\/Responsables-i-asessors-300x98.png 300w, https:\/\/projectes.xtec.cat\/impulsfp\/wp-content\/uploads\/usu2078\/2023\/11\/Responsables-i-asessors-768x250.png 768w\" sizes=\"auto, (max-width: 862px) 100vw, 862px\" \/><\/a><\/p>\n<p>El\/la assessor\/a de cada xarxa ser\u00e0 responsable de comunicar els recordatoris de cada reuni\u00f3 a les persones participants, d\u2019acord amb el calendari general previst, amb una setmana d\u2019antelaci\u00f3. Tamb\u00e9 ser\u00e0 responsable de dinamitzar les sessions i plantejar les propostes de treball. Tamb\u00e9 es realitzar\u00e0 un treball de camp de recerca de recursos, metodologies i experi\u00e8ncies d\u2019\u00e8xit que contribueixi a assolir els objectius marcats pel programa.<\/p>\n<p>L&#8217;equip assessor realitzar\u00e0 un control sobre l\u2019assist\u00e8ncia dels participants (coordinadors dels centres), que tindran dret a un certificat de formaci\u00f3, sempre que hagin assistit a un m\u00ednim del 80% de les hores de l\u2019activitat, i hagin realitzat els enc\u00e0rrecs de tasques previstos per a cada nivell de les xarxes.<\/p>\n<p>&nbsp;<\/p>\n","protected":false},"excerpt":{"rendered":"<p>La coordinaci\u00f3 general de les xarxes es realitza des de la Direcci\u00f3 General de Formaci\u00f3 Professional Inicial i Ensenyaments de R\u00e8gim Especial.<br \/>\n<a href=\"https:\/\/projectes.xtec.cat\/impulsfp\/wp-content\/uploads\/usu2078\/2023\/11\/Responsables-i-asessors.png\"><\/a><br \/>\nEl\/la assessor\/a de cada xarxa ser\u00e0 responsable de comunicar els recordatoris de cada reuni\u00f3 a les persones participants, d\u2019acord amb el calendari general&hellip;  <a href=\"https:\/\/projectes.xtec.cat\/impulsfp\/innovafp\/equip\/\" title=\"Read Equip\">Llegeix m\u00e9s\u00bb<\/a><\/p>\n","protected":false},"author":1,"featured_media":0,"parent":8386,"menu_order":4,"comment_status":"closed","ping_status":"closed","template":"page-templates\/side-menu.php","meta":{"_bbp_topic_count":0,"_bbp_reply_count":0,"_bbp_total_topic_count":0,"_bbp_total_reply_count":0,"_bbp_voice_count":0,"_bbp_anonymous_reply_count":0,"_bbp_topic_count_hidden":0,"_bbp_reply_count_hidden":0,"_bbp_forum_subforum_count":0,"footnotes":""},"class_list":["post-8732","page","type-page","status-publish","hentry"],"post_mailing_queue_ids":[],"_links":{"self":[{"href":"https:\/\/projectes.xtec.cat\/impulsfp\/wp-json\/wp\/v2\/pages\/8732","targetHints":{"allow":["GET"]}}],"collection":[{"href":"https:\/\/projectes.xtec.cat\/impulsfp\/wp-json\/wp\/v2\/pages"}],"about":[{"href":"https:\/\/projectes.xtec.cat\/impulsfp\/wp-json\/wp\/v2\/types\/page"}],"author":[{"embeddable":true,"href":"https:\/\/projectes.xtec.cat\/impulsfp\/wp-json\/wp\/v2\/users\/1"}],"replies":[{"embeddable":true,"href":"https:\/\/projectes.xtec.cat\/impulsfp\/wp-json\/wp\/v2\/comments?post=8732"}],"version-history":[{"count":5,"href":"https:\/\/projectes.xtec.cat\/impulsfp\/wp-json\/wp\/v2\/pages\/8732\/revisions"}],"predecessor-version":[{"id":13011,"href":"https:\/\/projectes.xtec.cat\/impulsfp\/wp-json\/wp\/v2\/pages\/8732\/revisions\/13011"}],"up":[{"embeddable":true,"href":"https:\/\/projectes.xtec.cat\/impulsfp\/wp-json\/wp\/v2\/pages\/8386"}],"wp:attachment":[{"href":"https:\/\/projectes.xtec.cat\/impulsfp\/wp-json\/wp\/v2\/media?parent=8732"}],"curies":[{"name":"wp","href":"https:\/\/api.w.org\/{rel}","templated":true}]}}