{"id":10149,"date":"2023-01-27T09:28:04","date_gmt":"2023-01-27T08:28:04","guid":{"rendered":"https:\/\/projectes.xtec.cat\/integrafp\/?page_id=10149"},"modified":"2023-09-04T11:57:35","modified_gmt":"2023-09-04T09:57:35","slug":"projecte-soc2-4o-planificacio-2o-programacio","status":"publish","type":"page","link":"https:\/\/projectes.xtec.cat\/integrafp\/el-projecte\/projecte-soc2-4o-planificacio-2o-programacio\/","title":{"rendered":"Centres SOC 2-4 segona Programaci\u00f3 (curs 2022-2023)"},"content":{"rendered":"<p>En aquesta segona planificaci\u00f3 de la quarta planificaci\u00f3, de tots els certificats de professionalitat planificats, s&#8217;estan executat un total de 5CPs, duts a terme en 4 centres educatius.<\/p>\n<p>Aquestes accions formatives es produiran al llarg del 2022\/2023.<\/p>\n<div style=\"height: 75vh; width: 90%; margin: auto;\"><iframe loading=\"lazy\" src=\"https:\/\/www.instamaps.cat\/visor.html?businessid=05817eb96fb16eb6184930a8ae688451&amp;3D=false&amp;embed=1\" width=\"100%\" height=\"100%\" frameborder=\"0\" marginwidth=\"0\" marginheight=\"0\" scrolling=\"no\"><\/iframe><\/div>\n<table style=\"width: 70.8714%; height: 368px;\" width=\"100\">\n<tbody>\n<tr style=\"height: 34px;\">\n<td style=\"width: 26.5144%; height: 34px;\"><span style=\"font-size: 16px;\">Centre<\/span><\/td>\n<td style=\"width: 12.2145%; height: 34px;\"><span style=\"font-size: 16px;\">Municipi<\/span><\/td>\n<td style=\"width: 9.23535%; height: 34px;\"><span style=\"font-size: 16px;\">Codi<\/span><\/td>\n<td style=\"width: 37.5372%; height: 34px;\"><span style=\"font-size: 16px;\">Certificat de professionalitat<\/span><\/td>\n<td style=\"width: 5.36246%; height: 34px;\"><span style=\"font-size: 16px;\">Nivell<\/span><\/td>\n<td style=\"width: 7.54717%; height: 34px;\"><span style=\"font-size: 16px;\">Estat<\/span><\/td>\n<\/tr>\n<tr>\n<td style=\"width: 26.5144%;\" data-sheets-value=\"{&quot;1&quot;:2,&quot;2&quot;:&quot;8044624- Institut Sabadell&quot;}\">8044624- <a href=\"https:\/\/agora.xtec.cat\/ies-sabadell\/cicles-formatius\/cursos-subvencionats-soc\/\">Institut Sabadell<\/a><\/td>\n<td style=\"width: 12.2145%;\" data-sheets-value=\"{&quot;1&quot;:2,&quot;2&quot;:&quot;Sabadell&quot;}\">Sabadell<\/td>\n<td style=\"width: 9.23535%;\" data-sheets-value=\"{&quot;1&quot;:2,&quot;2&quot;:&quot;IFCT0609&quot;}\">IFCT0609<\/td>\n<td style=\"width: 37.5372%;\" data-sheets-value=\"{&quot;1&quot;:2,&quot;2&quot;:&quot;Programaci\u00f3 de sistemes inform\u00e0tics&quot;}\">Programaci\u00f3 de sistemes inform\u00e0tics<\/td>\n<td style=\"width: 5.36246%;\" data-sheets-value=\"{&quot;1&quot;:3,&quot;3&quot;:3}\">3<\/td>\n<td style=\"width: 7.54717%; height: 28px;\">Finalitzat<\/td>\n<\/tr>\n<tr>\n<td style=\"width: 26.5144%;\" data-sheets-value=\"{&quot;1&quot;:2,&quot;2&quot;:&quot;8044624- Institut Sabadell&quot;}\">8044624- <a href=\"https:\/\/agora.xtec.cat\/ies-sabadell\/cicles-formatius\/cursos-subvencionats-soc\/\">Institut Sabadell<\/a><\/td>\n<td style=\"width: 12.2145%;\" data-sheets-value=\"{&quot;1&quot;:2,&quot;2&quot;:&quot;Sabadell&quot;}\">Sabadell<\/td>\n<td style=\"width: 9.23535%;\" data-sheets-value=\"{&quot;1&quot;:2,&quot;2&quot;:&quot;IFCT0309&quot;}\">IFCT0309<\/td>\n<td style=\"width: 37.5372%;\" data-sheets-value=\"{&quot;1&quot;:2,&quot;2&quot;:&quot;Muntatge i reparaci\u00f3 de sistemes microinform\u00e0tics &quot;}\">Muntatge i reparaci\u00f3 de sistemes microinform\u00e0tics<\/td>\n<td style=\"width: 5.36246%;\" data-sheets-value=\"{&quot;1&quot;:3,&quot;3&quot;:2}\">2<\/td>\n<td style=\"width: 7.54717%; height: 33px;\">Finalitzat<\/td>\n<\/tr>\n<tr>\n<td style=\"width: 26.5144%;\" data-sheets-value=\"{&quot;1&quot;:2,&quot;2&quot;:&quot;43009722- Institut Cal\u00b7l\u00edpolis&quot;}\">43009722- <a href=\"https:\/\/www.institutcallipolis.cat\/serveis-fp\/formacion-ocupacional\/\">Institut Cal\u00b7l\u00edpolis<\/a><\/td>\n<td style=\"width: 12.2145%;\" data-sheets-value=\"{&quot;1&quot;:2,&quot;2&quot;:&quot;Tarragona&quot;}\">Tarragona<\/td>\n<td style=\"width: 9.23535%;\" data-sheets-value=\"{&quot;1&quot;:2,&quot;2&quot;:&quot;IMPQ0108&quot;}\">IMPQ0108<\/td>\n<td style=\"width: 37.5372%;\" data-sheets-value=\"{&quot;1&quot;:2,&quot;2&quot;:&quot;Serveis auxiliars de perruqueria&quot;}\">Serveis auxiliars de perruqueria<\/td>\n<td style=\"width: 5.36246%;\" data-sheets-value=\"{&quot;1&quot;:3,&quot;3&quot;:1}\">1<\/td>\n<td style=\"width: 7.54717%; height: 33px;\">Finalitzat<\/td>\n<\/tr>\n<tr>\n<td style=\"width: 26.5144%;\" data-sheets-value=\"{&quot;1&quot;:2,&quot;2&quot;:&quot;17005662- Institut Serrallarga&quot;}\">17005662- <a href=\"https:\/\/agora.xtec.cat\/iesserrallarga\/\">Institut Serrallarga<\/a><\/td>\n<td style=\"width: 12.2145%;\" data-sheets-value=\"{&quot;1&quot;:2,&quot;2&quot;:&quot;Blanes&quot;}\">Blanes<\/td>\n<td style=\"width: 9.23535%;\" data-sheets-value=\"{&quot;1&quot;:2,&quot;2&quot;:&quot;ADGG0508&quot;}\">ADGG0508<\/td>\n<td style=\"width: 37.5372%;\" data-sheets-value=\"{&quot;1&quot;:2,&quot;2&quot;:&quot;Operacions auxiliars d'enregistrament i tractament de dades i documents&quot;}\">Operacions auxiliars d&#8217;enregistrament i tractament de dades i documents<\/td>\n<td style=\"width: 5.36246%;\" data-sheets-value=\"{&quot;1&quot;:3,&quot;3&quot;:1}\">1<\/td>\n<td style=\"width: 7.54717%; height: 33px;\">Finalitzat<\/td>\n<\/tr>\n<tr>\n<td style=\"width: 26.5144%;\" data-sheets-value=\"{&quot;1&quot;:2,&quot;2&quot;:&quot;8054277- Institut de Tona&quot;}\">8054277- <a href=\"https:\/\/agora.xtec.cat\/iestona\/\">Institut de Tona<\/a><\/td>\n<td style=\"width: 12.2145%;\" data-sheets-value=\"{&quot;1&quot;:2,&quot;2&quot;:&quot;Tona&quot;}\">Tona<\/td>\n<td style=\"width: 9.23535%;\" data-sheets-value=\"{&quot;1&quot;:2,&quot;2&quot;:&quot;HOTR0108&quot;}\">HOTR0108<\/td>\n<td style=\"width: 37.5372%;\" data-sheets-value=\"{&quot;1&quot;:2,&quot;2&quot;:&quot;Operacions b\u00e0siques de cuina&quot;}\">Operacions b\u00e0siques de cuina<\/td>\n<td style=\"width: 5.36246%;\" data-sheets-value=\"{&quot;1&quot;:3,&quot;3&quot;:1}\">1<\/td>\n<td style=\"width: 7.54717%; height: 49px;\">Finalitzat<\/td>\n<\/tr>\n<\/tbody>\n<\/table>\n<p>Informaci\u00f3 actualitzada 04\/09\/2023<\/p>\n","protected":false},"excerpt":{"rendered":"<p>En aquesta segona planificaci\u00f3 de la quarta planificaci\u00f3, de tots els certificats de professionalitat planificats, s&#8217;estan executat un total de 5CPs, duts a terme en 4 centres educatius.<br \/>\nAquestes accions formatives es produiran al llarg del 2022\/2023.<\/p>\n<p>Centre<br \/>\nMunicipi<br \/>\nCodi<br \/>\nCertificat de professionalitat<br \/>\nNivell<br \/>\nEstat<\/p>\n<p>8044624- <a href=\"https:\/\/agora.xtec.cat\/ies-sabadell\/cicles-formatius\/cursos-subvencionats-soc\/\">Institut Sabadell<\/a><br \/>\nSabadell<br \/>\nIFCT0609<br \/>\nProgramaci\u00f3 de sistemes inform\u00e0tics<br \/>\n3<br \/>\nFinalitzat<\/p>\n<p>8044624- <a&hellip;  <a href=\"https:\/\/projectes.xtec.cat\/integrafp\/el-projecte\/projecte-soc2-4o-planificacio-2o-programacio\/\" title=\"Read Centres SOC 2-4 segona Programaci\u00f3 (curs 2022-2023)\">Llegeix m\u00e9s\u00bb<\/a><\/p>\n","protected":false},"author":1,"featured_media":0,"parent":806,"menu_order":0,"comment_status":"closed","ping_status":"closed","template":"","meta":{"_bbp_topic_count":0,"_bbp_reply_count":0,"_bbp_total_topic_count":0,"_bbp_total_reply_count":0,"_bbp_voice_count":0,"_bbp_anonymous_reply_count":0,"_bbp_topic_count_hidden":0,"_bbp_reply_count_hidden":0,"_bbp_forum_subforum_count":0,"footnotes":""},"class_list":["post-10149","page","type-page","status-publish","hentry"],"post_mailing_queue_ids":[],"_links":{"self":[{"href":"https:\/\/projectes.xtec.cat\/integrafp\/wp-json\/wp\/v2\/pages\/10149","targetHints":{"allow":["GET"]}}],"collection":[{"href":"https:\/\/projectes.xtec.cat\/integrafp\/wp-json\/wp\/v2\/pages"}],"about":[{"href":"https:\/\/projectes.xtec.cat\/integrafp\/wp-json\/wp\/v2\/types\/page"}],"author":[{"embeddable":true,"href":"https:\/\/projectes.xtec.cat\/integrafp\/wp-json\/wp\/v2\/users\/1"}],"replies":[{"embeddable":true,"href":"https:\/\/projectes.xtec.cat\/integrafp\/wp-json\/wp\/v2\/comments?post=10149"}],"version-history":[{"count":5,"href":"https:\/\/projectes.xtec.cat\/integrafp\/wp-json\/wp\/v2\/pages\/10149\/revisions"}],"predecessor-version":[{"id":10964,"href":"https:\/\/projectes.xtec.cat\/integrafp\/wp-json\/wp\/v2\/pages\/10149\/revisions\/10964"}],"up":[{"embeddable":true,"href":"https:\/\/projectes.xtec.cat\/integrafp\/wp-json\/wp\/v2\/pages\/806"}],"wp:attachment":[{"href":"https:\/\/projectes.xtec.cat\/integrafp\/wp-json\/wp\/v2\/media?parent=10149"}],"curies":[{"name":"wp","href":"https:\/\/api.w.org\/{rel}","templated":true}]}}