{"id":10193,"date":"2023-02-23T10:35:33","date_gmt":"2023-02-23T09:35:33","guid":{"rendered":"https:\/\/projectes.xtec.cat\/integrafp\/?page_id=10193"},"modified":"2024-10-23T11:10:36","modified_gmt":"2024-10-23T09:10:36","slug":"conveni-2","status":"publish","type":"page","link":"https:\/\/projectes.xtec.cat\/integrafp\/el-projecte\/conveni-2\/","title":{"rendered":"Projecte 2 Conveni 2"},"content":{"rendered":"<p>El Projecte, \u00e9s el resultat de la signatura d\u2019un conveni de col\u00b7laboraci\u00f3 entre els Departaments d\u2019Educaci\u00f3 i el de Treball, Afers Socials i Fam\u00edlies (a trav\u00e9s del SOC) de la Generalitat de Catalunya, per tal de incrementar l\u2019oferta de formaci\u00f3 per a l\u2019ocupaci\u00f3 en aquelles comarques on hi ha mancan\u00e7a de centres formatius per impartir-la.<\/p>\n<p>Una de les finalitats del Projecte \u00e9s aconseguir un reequilibri territorial, respecte al desenvolupament socioecon\u00f2mic, apropant la Formaci\u00f3 Professional Ocupacional laboral a\u00a0 territoris que eren deficitaris.<\/p>\n","protected":false},"excerpt":{"rendered":"<p>El Projecte, \u00e9s el resultat de la signatura d\u2019un conveni de col\u00b7laboraci\u00f3 entre els Departaments d\u2019Educaci\u00f3 i el de Treball, Afers Socials i Fam\u00edlies (a trav\u00e9s del SOC) de la Generalitat de Catalunya, per tal de incrementar l\u2019oferta de formaci\u00f3 per a l\u2019ocupaci\u00f3 en aquelles&hellip;  <a href=\"https:\/\/projectes.xtec.cat\/integrafp\/el-projecte\/conveni-2\/\" title=\"Read Projecte 2 Conveni 2\">Llegeix m\u00e9s\u00bb<\/a><\/p>\n","protected":false},"author":1,"featured_media":0,"parent":806,"menu_order":0,"comment_status":"closed","ping_status":"closed","template":"","meta":{"_bbp_topic_count":0,"_bbp_reply_count":0,"_bbp_total_topic_count":0,"_bbp_total_reply_count":0,"_bbp_voice_count":0,"_bbp_anonymous_reply_count":0,"_bbp_topic_count_hidden":0,"_bbp_reply_count_hidden":0,"_bbp_forum_subforum_count":0,"footnotes":""},"class_list":["post-10193","page","type-page","status-publish","hentry"],"post_mailing_queue_ids":[],"_links":{"self":[{"href":"https:\/\/projectes.xtec.cat\/integrafp\/wp-json\/wp\/v2\/pages\/10193","targetHints":{"allow":["GET"]}}],"collection":[{"href":"https:\/\/projectes.xtec.cat\/integrafp\/wp-json\/wp\/v2\/pages"}],"about":[{"href":"https:\/\/projectes.xtec.cat\/integrafp\/wp-json\/wp\/v2\/types\/page"}],"author":[{"embeddable":true,"href":"https:\/\/projectes.xtec.cat\/integrafp\/wp-json\/wp\/v2\/users\/1"}],"replies":[{"embeddable":true,"href":"https:\/\/projectes.xtec.cat\/integrafp\/wp-json\/wp\/v2\/comments?post=10193"}],"version-history":[{"count":3,"href":"https:\/\/projectes.xtec.cat\/integrafp\/wp-json\/wp\/v2\/pages\/10193\/revisions"}],"predecessor-version":[{"id":11817,"href":"https:\/\/projectes.xtec.cat\/integrafp\/wp-json\/wp\/v2\/pages\/10193\/revisions\/11817"}],"up":[{"embeddable":true,"href":"https:\/\/projectes.xtec.cat\/integrafp\/wp-json\/wp\/v2\/pages\/806"}],"wp:attachment":[{"href":"https:\/\/projectes.xtec.cat\/integrafp\/wp-json\/wp\/v2\/media?parent=10193"}],"curies":[{"name":"wp","href":"https:\/\/api.w.org\/{rel}","templated":true}]}}