{"id":10505,"date":"2023-03-14T08:57:04","date_gmt":"2023-03-14T07:57:04","guid":{"rendered":"https:\/\/projectes.xtec.cat\/integrafp\/?page_id=10505"},"modified":"2023-06-06T11:16:11","modified_gmt":"2023-06-06T09:16:11","slug":"familia-professional-comerc-i-marqueting","status":"publish","type":"page","link":"https:\/\/projectes.xtec.cat\/integrafp\/familia-professional-comerc-i-marqueting\/","title":{"rendered":"Fam\u00edlia professional Comer\u00e7 i m\u00e0rqueting"},"content":{"rendered":"<table width=\"0\">\n<tbody>\n<tr>\n<td width=\"142\"><strong>Comarca<\/strong><\/td>\n<td width=\"93\"><strong>Municipi<\/strong><\/td>\n<td width=\"246\"><strong>Nom del Centre<\/strong><\/td>\n<td width=\"88\"><strong>Codi<\/strong><\/td>\n<td width=\"331\"><strong>Certificat professional<\/strong><\/td>\n<td width=\"56\"><strong>Nivell<\/strong><\/td>\n<td width=\"56\"><strong>Hores<\/strong><\/td>\n<\/tr>\n<tr>\n<td width=\"142\">Lleida<\/td>\n<td width=\"93\">Cervera<\/td>\n<td width=\"246\"><a href=\"https:\/\/www.inslasegarra.cat\/\">Institut La Segarra<\/a><\/td>\n<td width=\"88\">COMT0112<\/td>\n<td width=\"331\"><a href=\"https:\/\/sede.sepe.gob.es\/especialidadesformativas\/RXBuscadorEFRED\/DetalleEspecialidadFormativa.do?codEspecialidad=COMT0112\">Activitats de gesti\u00f3 del petit comer\u00e7<\/a><\/td>\n<td width=\"56\">2<\/td>\n<td width=\"56\">530<\/td>\n<\/tr>\n<tr>\n<td width=\"142\">Catalunya Central<\/td>\n<td width=\"93\">Vic<\/td>\n<td width=\"246\"><a href=\"https:\/\/www.ivic.cat\/portal\/index.php\">Institut de Vic<\/a><\/td>\n<td width=\"88\">COML0110<\/td>\n<td width=\"331\"><a href=\"https:\/\/serveiocupacio.gencat.cat\/ca\/persones\/vull-formar-me\/cercadors-formacio-especialitats\/cercador-integrat\/fitxa-especialitat.html?certificats=&amp;codi_especialitat=&amp;denominacio=&amp;certificatSelecionat=&amp;codi_especialitat_seleccionada=COML0110&amp;historicFiltersf=%255B%257B%2522name%2522%253A%2522cursos%2522%252C%2522filter%2522%253A%255B%2522%2522%252C%2522COML0110%2522%255D%252C%2522filtrosArray%2522%253A%257B%257D%252C%2522replica%2522%253A%2522%2522%252C%2522reescribir%2522%253A%2522false%2522%257D%255D\">Activitats auxiliars de magatzem<\/a><\/td>\n<td width=\"56\">1<\/td>\n<td width=\"56\">210<\/td>\n<\/tr>\n<tr>\n<td rowspan=\"4\" width=\"142\">&nbsp;<\/p>\n<p>Vall\u00e8s Occidental<\/td>\n<td rowspan=\"2\" width=\"93\">Castellbisbal<\/td>\n<td rowspan=\"2\" width=\"246\"><a href=\"https:\/\/agora.xtec.cat\/iescastellbisbal\/\">Institut Castellbisbal<\/a><\/td>\n<td width=\"88\">COML0110<\/td>\n<td width=\"331\"><a href=\"https:\/\/serveiocupacio.gencat.cat\/ca\/persones\/vull-formar-me\/cercadors-formacio-especialitats\/cercador-integrat\/fitxa-especialitat.html?certificats=&amp;codi_especialitat=&amp;denominacio=&amp;certificatSelecionat=&amp;codi_especialitat_seleccionada=COML0110&amp;historicFiltersf=%255B%257B%2522name%2522%253A%2522cursos%2522%252C%2522filter%2522%253A%255B%2522%2522%252C%2522COML0110%2522%255D%252C%2522filtrosArray%2522%253A%257B%257D%252C%2522replica%2522%253A%2522%2522%252C%2522reescribir%2522%253A%2522false%2522%257D%255D\">Activitats auxiliars de magatzem<\/a><\/td>\n<td width=\"56\">1<\/td>\n<td width=\"56\">210<\/td>\n<\/tr>\n<tr>\n<td width=\"88\">COMT0110<\/td>\n<td width=\"331\"><a href=\"https:\/\/serveiocupacio.gencat.cat\/ca\/persones\/vull-formar-me\/cercadors-formacio-especialitats\/cercador-integrat\/fitxa-especialitat.html?certificats=&amp;codi_especialitat=&amp;denominacio=&amp;certificatSelecionat=&amp;codi_especialitat_seleccionada=COMT0110&amp;historicFiltersf=%255B%257B%2522name%2522%253A%2522cursos%2522%252C%2522filter%2522%253A%255B%2522%2522%252C%2522COMT0110%2522%255D%252C%2522filtrosArray%2522%253A%257B%257D%252C%2522replica%2522%253A%2522%2522%252C%2522reescribir%2522%253A%2522false%2522%257D%255D\">Atenci\u00f3 al client, consumidor i usuari<\/a><\/td>\n<td width=\"56\">3<\/td>\n<td width=\"56\">460<\/td>\n<\/tr>\n<tr>\n<td rowspan=\"2\" width=\"93\">Rub\u00ed<\/td>\n<td rowspan=\"2\" width=\"246\"><a href=\"https:\/\/www.insfpsantcugat.cat\/\">Institut FP Sant Cugat del Vall\u00e8s<\/a><\/td>\n<td width=\"88\">COMV0108<\/td>\n<td width=\"331\"><a href=\"https:\/\/serveiocupacio.gencat.cat\/ca\/persones\/vull-formar-me\/cercadors-formacio-especialitats\/cercador-integrat\/fitxa-especialitat.html?certificats=&amp;codi_especialitat=&amp;denominacio=&amp;certificatSelecionat=&amp;codi_especialitat_seleccionada=COMV0108&amp;historicFiltersf=%255B%257B%2522name%2522%253A%2522cursos%2522%252C%2522filter%2522%253A%255B%2522%2522%252C%2522COMV0108%2522%255D%252C%2522filtrosArray%2522%253A%257B%257D%252C%2522replica%2522%253A%2522%2522%252C%2522reescribir%2522%253A%2522false%2522%257D%255D\">Activitats de venda<\/a><\/td>\n<td width=\"56\">2<\/td>\n<td width=\"56\">590<\/td>\n<\/tr>\n<tr>\n<td width=\"88\">COMT0110<\/td>\n<td width=\"331\"><a href=\"https:\/\/serveiocupacio.gencat.cat\/ca\/persones\/vull-formar-me\/cercadors-formacio-especialitats\/cercador-integrat\/fitxa-especialitat.html?certificats=&amp;codi_especialitat=&amp;denominacio=&amp;certificatSelecionat=&amp;codi_especialitat_seleccionada=COMT0110&amp;historicFiltersf=%255B%257B%2522name%2522%253A%2522cursos%2522%252C%2522filter%2522%253A%255B%2522%2522%252C%2522COMT0110%2522%255D%252C%2522filtrosArray%2522%253A%257B%257D%252C%2522replica%2522%253A%2522%2522%252C%2522reescribir%2522%253A%2522false%2522%257D%255D\">Atenci\u00f3 al client, consumidor i usuari<\/a><\/td>\n<td width=\"56\">3<\/td>\n<td width=\"56\">460<\/td>\n<\/tr>\n<tr>\n<td rowspan=\"2\" width=\"142\">Baix Llobregat<\/p>\n<p>&nbsp;<\/td>\n<td width=\"93\">El Prat de Llobregat<\/td>\n<td width=\"246\"><a href=\"https:\/\/www.inslessalines.cat\/index.php\/ca\/\">Institut Les Salines<\/a><\/td>\n<td width=\"88\">COML0109<\/td>\n<td width=\"331\"><a href=\"https:\/\/sede.sepe.gob.es\/especialidadesformativas\/RXBuscadorEFRED\/DetalleEspecialidadFormativa.do?codEspecialidad=COML0109\">Tr\u00e0nsit de mercaderies per carretera<\/a><\/td>\n<td width=\"56\">3<\/td>\n<td width=\"56\">520<\/td>\n<\/tr>\n<tr>\n<td width=\"93\">Gav\u00e0<\/td>\n<td width=\"246\"><a href=\"https:\/\/elcalamot.com\/\">Institut El Calamot<\/a><\/td>\n<td width=\"88\">COML0110<\/td>\n<td width=\"331\"><a href=\"https:\/\/serveiocupacio.gencat.cat\/ca\/persones\/vull-formar-me\/cercadors-formacio-especialitats\/cercador-integrat\/fitxa-especialitat.html?certificats=&amp;codi_especialitat=&amp;denominacio=&amp;certificatSelecionat=&amp;codi_especialitat_seleccionada=COML0110&amp;historicFiltersf=%255B%257B%2522name%2522%253A%2522cursos%2522%252C%2522filter%2522%253A%255B%2522%2522%252C%2522COML0110%2522%255D%252C%2522filtrosArray%2522%253A%257B%257D%252C%2522replica%2522%253A%2522%2522%252C%2522reescribir%2522%253A%2522false%2522%257D%255D\">Activitats auxiliars de magatzem<\/a><\/p>\n<p>&nbsp;<\/td>\n<td width=\"56\">1<\/td>\n<td width=\"56\">210<\/td>\n<\/tr>\n<tr>\n<td width=\"142\">Maresme \u2013 Vall\u00e8s Oriental<\/td>\n<td width=\"93\">Granollers<\/td>\n<td width=\"246\"><a href=\"https:\/\/agora.xtec.cat\/ies-carles-vallbona\/\">Institut Carles Vallbona<\/a><\/td>\n<td width=\"88\">COMT0110<\/td>\n<td width=\"331\"><a href=\"https:\/\/serveiocupacio.gencat.cat\/ca\/persones\/vull-formar-me\/cercadors-formacio-especialitats\/cercador-integrat\/fitxa-especialitat.html?certificats=&amp;codi_especialitat=&amp;denominacio=&amp;certificatSelecionat=&amp;codi_especialitat_seleccionada=COMT0110&amp;historicFiltersf=%255B%257B%2522name%2522%253A%2522cursos%2522%252C%2522filter%2522%253A%255B%2522%2522%252C%2522COMT0110%2522%255D%252C%2522filtrosArray%2522%253A%257B%257D%252C%2522replica%2522%253A%2522%2522%252C%2522reescribir%2522%253A%2522false%2522%257D%255D\">Atenci\u00f3 al client, consumidor i usuari<\/a><\/td>\n<td width=\"56\">3<\/td>\n<td width=\"56\">460<\/td>\n<\/tr>\n<\/tbody>\n<\/table>\n","protected":false},"excerpt":{"rendered":"<p>Comarca<br \/>\nMunicipi<br \/>\nNom del Centre<br \/>\nCodi<br \/>\nCertificat professional<br \/>\nNivell<br \/>\nHores<\/p>\n<p>Lleida<br \/>\nCervera<br \/>\n<a href=\"https:\/\/www.inslasegarra.cat\/\">Institut La Segarra<\/a><br \/>\nCOMT0112<br \/>\n<a href=\"https:\/\/sede.sepe.gob.es\/especialidadesformativas\/RXBuscadorEFRED\/DetalleEspecialidadFormativa.do?codEspecialidad=COMT0112\">Activitats de gesti\u00f3 del petit comer\u00e7<\/a><br \/>\n2<br \/>\n530<\/p>\n<p>Catalunya Central<br \/>\nVic<br \/>\n<a href=\"https:\/\/www.ivic.cat\/portal\/index.php\">Institut de Vic<\/a><br \/>\nCOML0110<br \/>\n<a href=\"https:\/\/serveiocupacio.gencat.cat\/ca\/persones\/vull-formar-me\/cercadors-formacio-especialitats\/cercador-integrat\/fitxa-especialitat.html?certificats=&amp;codi_especialitat=&amp;denominacio=&amp;certificatSelecionat=&amp;codi_especialitat_seleccionada=COML0110&amp;historicFiltersf=%255B%257B%2522name%2522%253A%2522cursos%2522%252C%2522filter%2522%253A%255B%2522%2522%252C%2522COML0110%2522%255D%252C%2522filtrosArray%2522%253A%257B%257D%252C%2522replica%2522%253A%2522%2522%252C%2522reescribir%2522%253A%2522false%2522%257D%255D\">Activitats auxiliars de magatzem<\/a><br \/>\n1<br \/>\n210<\/p>\n<p>&nbsp;<br \/>\nVall\u00e8s Occidental<br \/>\nCastellbisbal<br \/>\n<a href=\"https:\/\/agora.xtec.cat\/iescastellbisbal\/\">Institut Castellbisbal<\/a><br \/>\nCOML0110<br \/>\n<a href=\"https:\/\/serveiocupacio.gencat.cat\/ca\/persones\/vull-formar-me\/cercadors-formacio-especialitats\/cercador-integrat\/fitxa-especialitat.html?certificats=&amp;codi_especialitat=&amp;denominacio=&amp;certificatSelecionat=&amp;codi_especialitat_seleccionada=COML0110&amp;historicFiltersf=%255B%257B%2522name%2522%253A%2522cursos%2522%252C%2522filter%2522%253A%255B%2522%2522%252C%2522COML0110%2522%255D%252C%2522filtrosArray%2522%253A%257B%257D%252C%2522replica%2522%253A%2522%2522%252C%2522reescribir%2522%253A%2522false%2522%257D%255D\">Activitats auxiliars de magatzem<\/a><br \/>\n1<br \/>\n210<\/p>\n<p>COMT0110<br \/>\n<a href=\"https:\/\/serveiocupacio.gencat.cat\/ca\/persones\/vull-formar-me\/cercadors-formacio-especialitats\/cercador-integrat\/fitxa-especialitat.html?certificats=&amp;codi_especialitat=&amp;denominacio=&amp;certificatSelecionat=&amp;codi_especialitat_seleccionada=COMT0110&amp;historicFiltersf=%255B%257B%2522name%2522%253A%2522cursos%2522%252C%2522filter%2522%253A%255B%2522%2522%252C%2522COMT0110%2522%255D%252C%2522filtrosArray%2522%253A%257B%257D%252C%2522replica%2522%253A%2522%2522%252C%2522reescribir%2522%253A%2522false%2522%257D%255D\">Atenci\u00f3 al client, consumidor i usuari<\/a><br \/>\n3<br \/>\n460<\/p>\n<p>Rub\u00ed<br \/>\n<a href=\"https:\/\/www.insfpsantcugat.cat\/\">Institut FP Sant Cugat del Vall\u00e8s<\/a><br \/>\nCOMV0108<br \/>\n<a href=\"https:\/\/serveiocupacio.gencat.cat\/ca\/persones\/vull-formar-me\/cercadors-formacio-especialitats\/cercador-integrat\/fitxa-especialitat.html?certificats=&amp;codi_especialitat=&amp;denominacio=&amp;certificatSelecionat=&amp;codi_especialitat_seleccionada=COMV0108&amp;historicFiltersf=%255B%257B%2522name%2522%253A%2522cursos%2522%252C%2522filter%2522%253A%255B%2522%2522%252C%2522COMV0108%2522%255D%252C%2522filtrosArray%2522%253A%257B%257D%252C%2522replica%2522%253A%2522%2522%252C%2522reescribir%2522%253A%2522false%2522%257D%255D\">Activitats de venda<\/a><br \/>\n2<br \/>\n590<\/p>\n<p>COMT0110<br \/>\n<a href=\"https:\/\/serveiocupacio.gencat.cat\/ca\/persones\/vull-formar-me\/cercadors-formacio-especialitats\/cercador-integrat\/fitxa-especialitat.html?certificats=&amp;codi_especialitat=&amp;denominacio=&amp;certificatSelecionat=&amp;codi_especialitat_seleccionada=COMT0110&amp;historicFiltersf=%255B%257B%2522name%2522%253A%2522cursos%2522%252C%2522filter%2522%253A%255B%2522%2522%252C%2522COMT0110%2522%255D%252C%2522filtrosArray%2522%253A%257B%257D%252C%2522replica%2522%253A%2522%2522%252C%2522reescribir%2522%253A%2522false%2522%257D%255D\">Atenci\u00f3 al&hellip;  <a href=\"https:\/\/projectes.xtec.cat\/integrafp\/familia-professional-comerc-i-marqueting\/\" title=\"Read Fam\u00edlia professional Comer\u00e7 i m\u00e0rqueting\">Llegeix m\u00e9s\u00bb<\/a><\/p>\n","protected":false},"author":67,"featured_media":0,"parent":0,"menu_order":0,"comment_status":"closed","ping_status":"closed","template":"","meta":{"_bbp_topic_count":0,"_bbp_reply_count":0,"_bbp_total_topic_count":0,"_bbp_total_reply_count":0,"_bbp_voice_count":0,"_bbp_anonymous_reply_count":0,"_bbp_topic_count_hidden":0,"_bbp_reply_count_hidden":0,"_bbp_forum_subforum_count":0,"footnotes":""},"class_list":["post-10505","page","type-page","status-publish","hentry"],"post_mailing_queue_ids":[],"_links":{"self":[{"href":"https:\/\/projectes.xtec.cat\/integrafp\/wp-json\/wp\/v2\/pages\/10505","targetHints":{"allow":["GET"]}}],"collection":[{"href":"https:\/\/projectes.xtec.cat\/integrafp\/wp-json\/wp\/v2\/pages"}],"about":[{"href":"https:\/\/projectes.xtec.cat\/integrafp\/wp-json\/wp\/v2\/types\/page"}],"author":[{"embeddable":true,"href":"https:\/\/projectes.xtec.cat\/integrafp\/wp-json\/wp\/v2\/users\/67"}],"replies":[{"embeddable":true,"href":"https:\/\/projectes.xtec.cat\/integrafp\/wp-json\/wp\/v2\/comments?post=10505"}],"version-history":[{"count":3,"href":"https:\/\/projectes.xtec.cat\/integrafp\/wp-json\/wp\/v2\/pages\/10505\/revisions"}],"predecessor-version":[{"id":10831,"href":"https:\/\/projectes.xtec.cat\/integrafp\/wp-json\/wp\/v2\/pages\/10505\/revisions\/10831"}],"wp:attachment":[{"href":"https:\/\/projectes.xtec.cat\/integrafp\/wp-json\/wp\/v2\/media?parent=10505"}],"curies":[{"name":"wp","href":"https:\/\/api.w.org\/{rel}","templated":true}]}}