{"id":10521,"date":"2023-03-14T08:58:26","date_gmt":"2023-03-14T07:58:26","guid":{"rendered":"https:\/\/projectes.xtec.cat\/integrafp\/?page_id=10521"},"modified":"2023-05-25T13:25:24","modified_gmt":"2023-05-25T11:25:24","slug":"familia-professional-de-fabricacio-mecanica","status":"publish","type":"page","link":"https:\/\/projectes.xtec.cat\/integrafp\/familia-professional-de-fabricacio-mecanica\/","title":{"rendered":"Fam\u00edlia professional de Fabricaci\u00f3 mec\u00e0nica"},"content":{"rendered":"<table width=\"0\">\n<tbody>\n<tr>\n<td width=\"168\"><strong>Comarca<\/strong><\/td>\n<td width=\"159\"><strong>Municipi<\/strong><\/td>\n<td width=\"180\"><strong>Nom del Centre<\/strong><\/td>\n<td width=\"88\"><strong>Codi <\/strong><\/td>\n<td width=\"331\"><strong>Certificat professional<\/strong><\/td>\n<td width=\"57\"><strong>Nivell<\/strong><\/td>\n<td width=\"57\"><strong>Hores<\/strong><\/td>\n<\/tr>\n<tr>\n<td width=\"168\">Catalunya Central<\/td>\n<td width=\"159\">Manresa<\/td>\n<td width=\"180\"><a href=\"https:\/\/agora.xtec.cat\/inslacetania\/\">Institut Lacet\u00e0nia<\/a><\/td>\n<td width=\"88\">FMEC0210<\/td>\n<td width=\"331\"><a href=\"https:\/\/serveiocupacio.gencat.cat\/ca\/persones\/vull-formar-me\/cercadors-formacio-especialitats\/cercador-integrat\/fitxa-especialitat.html?certificats=&amp;codi_especialitat=&amp;denominacio=&amp;certificatSelecionat=&amp;codi_especialitat_seleccionada=FMEC0210&amp;historicFiltersf=%255B%257B%2522name%2522%253A%2522cursos%2522%252C%2522filter%2522%253A%255B%2522%2522%252C%2522FMEC0210%2522%255D%252C%2522filtrosArray%2522%253A%257B%257D%252C%2522replica%2522%253A%2522%2522%252C%2522reescribir%2522%253A%2522false%2522%257D%255D\">Soldadura oxig\u00e0s i soldadura mig\/mag<\/a><\/td>\n<td width=\"57\">2<\/td>\n<td width=\"57\">600<\/td>\n<\/tr>\n<tr>\n<td rowspan=\"2\" width=\"168\">Baix Llobregat<\/td>\n<td rowspan=\"2\" width=\"159\">Sant Boi del Llobregat<\/td>\n<td rowspan=\"2\" width=\"180\"><a href=\"https:\/\/www.institutmarianao.cat\/ca\/\">Institut Marianao<\/a><\/td>\n<td width=\"88\">FMEE0308<\/td>\n<td width=\"331\"><a href=\"https:\/\/serveiocupacio.gencat.cat\/ca\/persones\/vull-formar-me\/cercadors-formacio-especialitats\/cercador-integrat\/fitxa-especialitat.html?certificats=&amp;codi_especialitat=&amp;denominacio=&amp;certificatSelecionat=&amp;codi_especialitat_seleccionada=FMEE0308&amp;historicFiltersf=%255B%257B%2522name%2522%253A%2522cursos%2522%252C%2522filter%2522%253A%255B%2522%2522%252C%2522FMEE0308%2522%255D%252C%2522filtrosArray%2522%253A%257B%257D%252C%2522replica%2522%253A%2522%2522%252C%2522reescribir%2522%253A%2522false%2522%257D%255D\">Disseny de productes de fabricaci\u00f3 mec\u00e0nica<\/a><\/td>\n<td width=\"57\">3<\/td>\n<td width=\"57\">680<\/td>\n<\/tr>\n<tr>\n<td width=\"88\">FMEH0109<\/td>\n<td width=\"331\"><a href=\"https:\/\/serveiocupacio.gencat.cat\/ca\/persones\/vull-formar-me\/cercadors-formacio-especialitats\/cercador-integrat\/fitxa-especialitat.html?certificats=&amp;codi_especialitat=&amp;denominacio=&amp;certificatSelecionat=&amp;codi_especialitat_seleccionada=FMEH0109&amp;historicFiltersf=%255B%257B%2522name%2522%253A%2522cursos%2522%252C%2522filter%2522%253A%255B%2522%2522%252C%2522FMEH0109%2522%255D%252C%2522filtrosArray%2522%253A%257B%257D%252C%2522replica%2522%253A%2522%2522%252C%2522reescribir%2522%253A%2522false%2522%257D%255D\">Mecanitzaci\u00f3 per arrencament de ferritja<\/a><\/td>\n<td width=\"57\">2<\/td>\n<td width=\"57\">620<\/td>\n<\/tr>\n<tr>\n<td width=\"168\">Catalunya Central<\/td>\n<td width=\"159\">Vic<\/td>\n<td width=\"180\"><a href=\"https:\/\/www.ivic.cat\/portal\/index.php\">Institut de Vic<\/a><\/td>\n<td width=\"88\">FMEH0109<\/td>\n<td width=\"331\"><a href=\"https:\/\/serveiocupacio.gencat.cat\/ca\/persones\/vull-formar-me\/cercadors-formacio-especialitats\/cercador-integrat\/fitxa-especialitat.html?certificats=&amp;codi_especialitat=&amp;denominacio=&amp;certificatSelecionat=&amp;codi_especialitat_seleccionada=FMEH0109&amp;historicFiltersf=%255B%257B%2522name%2522%253A%2522cursos%2522%252C%2522filter%2522%253A%255B%2522%2522%252C%2522FMEH0109%2522%255D%252C%2522filtrosArray%2522%253A%257B%257D%252C%2522replica%2522%253A%2522%2522%252C%2522reescribir%2522%253A%2522false%2522%257D%255D\">Mecanitzaci\u00f3 per arrencament de ferritja<\/a><\/td>\n<td width=\"57\">2<\/td>\n<td width=\"57\">620<\/td>\n<\/tr>\n<tr>\n<td width=\"168\">Girona<\/td>\n<td width=\"159\">Olot<\/td>\n<td width=\"180\"><a href=\"https:\/\/inslagarrotxa.cat\/\">Institut La Garrotxa<\/a><\/td>\n<td width=\"88\">FMEE0108<\/td>\n<td width=\"331\"><a href=\"https:\/\/serveiocupacio.gencat.cat\/ca\/persones\/vull-formar-me\/cercadors-formacio-especialitats\/cercador-integrat\/fitxa-especialitat.html?certificats=&amp;codi_especialitat=&amp;denominacio=&amp;certificatSelecionat=&amp;codi_especialitat_seleccionada=FMEE0108&amp;historicFiltersf=%255B%257B%2522name%2522%253A%2522cursos%2522%252C%2522filter%2522%253A%255B%2522%2522%252C%2522FMEE0108%2522%255D%252C%2522filtrosArray%2522%253A%257B%257D%252C%2522replica%2522%253A%2522%2522%252C%2522reescribir%2522%253A%2522false%2522%257D%255D\">Operacions auxiliars de fabricaci\u00f3 mec\u00e0nica<\/a><\/td>\n<td width=\"57\">1<\/td>\n<td width=\"57\">440<\/td>\n<\/tr>\n<tr>\n<td width=\"168\">Consorci d\u2019Educaci\u00f3 de Barcelona<\/td>\n<td width=\"159\">Barcelona<\/td>\n<td width=\"180\"><a href=\"http:\/\/www.escoladeltreball.org\/ca\">Institut Escola del Treball<\/a><\/td>\n<td width=\"88\">FMEE0108<\/td>\n<td width=\"331\"><a href=\"https:\/\/serveiocupacio.gencat.cat\/ca\/persones\/vull-formar-me\/cercadors-formacio-especialitats\/cercador-integrat\/fitxa-especialitat.html?certificats=&amp;codi_especialitat=&amp;denominacio=&amp;certificatSelecionat=&amp;codi_especialitat_seleccionada=FMEE0108&amp;historicFiltersf=%255B%257B%2522name%2522%253A%2522cursos%2522%252C%2522filter%2522%253A%255B%2522%2522%252C%2522FMEE0108%2522%255D%252C%2522filtrosArray%2522%253A%257B%257D%252C%2522replica%2522%253A%2522%2522%252C%2522reescribir%2522%253A%2522false%2522%257D%255D\">Operacions auxiliars de fabricaci\u00f3 mec\u00e0nica<\/a><\/td>\n<td width=\"57\">1<\/td>\n<td width=\"57\">440<\/td>\n<\/tr>\n<tr>\n<td rowspan=\"3\" width=\"168\">Terres de l\u2019Ebre<\/td>\n<td rowspan=\"3\" width=\"159\">Tortosa<\/td>\n<td rowspan=\"3\" width=\"180\"><a href=\"https:\/\/insebre.cat\/\">Institut de l&#8217;Ebre<\/a><\/p>\n<p>&nbsp;<\/td>\n<td width=\"88\">FMEH0109<\/td>\n<td width=\"331\"><a href=\"https:\/\/serveiocupacio.gencat.cat\/ca\/persones\/vull-formar-me\/cercadors-formacio-especialitats\/cercador-integrat\/fitxa-especialitat.html?certificats=&amp;codi_especialitat=&amp;denominacio=&amp;certificatSelecionat=&amp;codi_especialitat_seleccionada=FMEH0109&amp;historicFiltersf=%255B%257B%2522name%2522%253A%2522cursos%2522%252C%2522filter%2522%253A%255B%2522%2522%252C%2522FMEH0109%2522%255D%252C%2522filtrosArray%2522%253A%257B%257D%252C%2522replica%2522%253A%2522%2522%252C%2522reescribir%2522%253A%2522false%2522%257D%255D\">Mecanitzaci\u00f3 per arrencament de ferritja<\/a><\/td>\n<td width=\"57\">2<\/td>\n<td width=\"57\">620<\/td>\n<\/tr>\n<tr>\n<td width=\"88\"><\/td>\n<td width=\"331\"><\/td>\n<td width=\"57\"><\/td>\n<td width=\"57\"><\/td>\n<\/tr>\n<tr>\n<td width=\"88\"><\/td>\n<td width=\"331\"><\/td>\n<td width=\"57\"><\/td>\n<td width=\"57\"><\/td>\n<\/tr>\n<tr>\n<td width=\"168\">Tarragona<\/td>\n<td width=\"159\">Tarragona<\/td>\n<td width=\"180\"><a href=\"https:\/\/institutperemartell.cat\/\">Institut Pere Martell<\/a><\/td>\n<td width=\"88\">FMEC0108<\/td>\n<td width=\"331\"><a href=\"https:\/\/sede.sepe.gob.es\/especialidadesformativas\/RXBuscadorEFRED\/DetalleEspecialidadFormativa.do?codEspecialidad=FMEC0108\">Fabricaci\u00f3 i muntatge d\u2019instal\u00b7lacions de canonada industrial<\/a><\/td>\n<td width=\"57\">2<\/td>\n<td width=\"57\">530<\/td>\n<\/tr>\n<tr>\n<td width=\"168\">Barcelona Comarques<\/td>\n<td width=\"159\">Barcelona<\/td>\n<td width=\"180\"><a href=\"https:\/\/agora.xtec.cat\/ies-domenechimontaner\/\">Institut Llu\u00eds Dom\u00e8nech i Montaner<\/a><\/td>\n<td width=\"88\">FMEH0109<\/td>\n<td width=\"331\"><a href=\"https:\/\/serveiocupacio.gencat.cat\/ca\/persones\/vull-formar-me\/cercadors-formacio-especialitats\/cercador-integrat\/fitxa-especialitat.html?certificats=&amp;codi_especialitat=&amp;denominacio=&amp;certificatSelecionat=&amp;codi_especialitat_seleccionada=FMEH0109&amp;historicFiltersf=%255B%257B%2522name%2522%253A%2522cursos%2522%252C%2522filter%2522%253A%255B%2522%2522%252C%2522FMEH0109%2522%255D%252C%2522filtrosArray%2522%253A%257B%257D%252C%2522replica%2522%253A%2522%2522%252C%2522reescribir%2522%253A%2522false%2522%257D%255D\">Mecanitzaci\u00f3 per arrencament de ferritja<\/a><\/td>\n<td width=\"57\">2<\/td>\n<td width=\"57\">620<\/td>\n<\/tr>\n<\/tbody>\n<\/table>\n","protected":false},"excerpt":{"rendered":"<p>Comarca<br \/>\nMunicipi<br \/>\nNom del Centre<br \/>\nCodi<br \/>\nCertificat professional<br \/>\nNivell<br \/>\nHores<\/p>\n<p>Catalunya Central<br \/>\nManresa<br \/>\n<a href=\"https:\/\/agora.xtec.cat\/inslacetania\/\">Institut Lacet\u00e0nia<\/a><br \/>\nFMEC0210<br \/>\n<a href=\"https:\/\/serveiocupacio.gencat.cat\/ca\/persones\/vull-formar-me\/cercadors-formacio-especialitats\/cercador-integrat\/fitxa-especialitat.html?certificats=&amp;codi_especialitat=&amp;denominacio=&amp;certificatSelecionat=&amp;codi_especialitat_seleccionada=FMEC0210&amp;historicFiltersf=%255B%257B%2522name%2522%253A%2522cursos%2522%252C%2522filter%2522%253A%255B%2522%2522%252C%2522FMEC0210%2522%255D%252C%2522filtrosArray%2522%253A%257B%257D%252C%2522replica%2522%253A%2522%2522%252C%2522reescribir%2522%253A%2522false%2522%257D%255D\">Soldadura oxig\u00e0s i soldadura mig\/mag<\/a><br \/>\n2<br \/>\n600<\/p>\n<p>Baix Llobregat<br \/>\nSant Boi del Llobregat<br \/>\n<a href=\"https:\/\/www.institutmarianao.cat\/ca\/\">Institut Marianao<\/a><br \/>\nFMEE0308<br \/>\n<a href=\"https:\/\/serveiocupacio.gencat.cat\/ca\/persones\/vull-formar-me\/cercadors-formacio-especialitats\/cercador-integrat\/fitxa-especialitat.html?certificats=&amp;codi_especialitat=&amp;denominacio=&amp;certificatSelecionat=&amp;codi_especialitat_seleccionada=FMEE0308&amp;historicFiltersf=%255B%257B%2522name%2522%253A%2522cursos%2522%252C%2522filter%2522%253A%255B%2522%2522%252C%2522FMEE0308%2522%255D%252C%2522filtrosArray%2522%253A%257B%257D%252C%2522replica%2522%253A%2522%2522%252C%2522reescribir%2522%253A%2522false%2522%257D%255D\">Disseny de productes de fabricaci\u00f3 mec\u00e0nica<\/a><br \/>\n3<br \/>\n680<\/p>\n<p>FMEH0109<br \/>\n<a href=\"https:\/\/serveiocupacio.gencat.cat\/ca\/persones\/vull-formar-me\/cercadors-formacio-especialitats\/cercador-integrat\/fitxa-especialitat.html?certificats=&amp;codi_especialitat=&amp;denominacio=&amp;certificatSelecionat=&amp;codi_especialitat_seleccionada=FMEH0109&amp;historicFiltersf=%255B%257B%2522name%2522%253A%2522cursos%2522%252C%2522filter%2522%253A%255B%2522%2522%252C%2522FMEH0109%2522%255D%252C%2522filtrosArray%2522%253A%257B%257D%252C%2522replica%2522%253A%2522%2522%252C%2522reescribir%2522%253A%2522false%2522%257D%255D\">Mecanitzaci\u00f3 per arrencament de ferritja<\/a><br \/>\n2<br \/>\n620<\/p>\n<p>Catalunya Central<br \/>\nVic<br \/>\n<a href=\"https:\/\/www.ivic.cat\/portal\/index.php\">Institut de Vic<\/a><br \/>\nFMEH0109<br \/>\n<a href=\"https:\/\/serveiocupacio.gencat.cat\/ca\/persones\/vull-formar-me\/cercadors-formacio-especialitats\/cercador-integrat\/fitxa-especialitat.html?certificats=&amp;codi_especialitat=&amp;denominacio=&amp;certificatSelecionat=&amp;codi_especialitat_seleccionada=FMEH0109&amp;historicFiltersf=%255B%257B%2522name%2522%253A%2522cursos%2522%252C%2522filter%2522%253A%255B%2522%2522%252C%2522FMEH0109%2522%255D%252C%2522filtrosArray%2522%253A%257B%257D%252C%2522replica%2522%253A%2522%2522%252C%2522reescribir%2522%253A%2522false%2522%257D%255D\">Mecanitzaci\u00f3 per arrencament de ferritja<\/a><br \/>\n2<br \/>\n620<\/p>\n<p>Girona<br \/>\nOlot<br \/>\n<a href=\"https:\/\/inslagarrotxa.cat\/\">Institut La Garrotxa<\/a><br \/>\nFMEE0108<br \/>\n<a href=\"https:\/\/serveiocupacio.gencat.cat\/ca\/persones\/vull-formar-me\/cercadors-formacio-especialitats\/cercador-integrat\/fitxa-especialitat.html?certificats=&amp;codi_especialitat=&amp;denominacio=&amp;certificatSelecionat=&amp;codi_especialitat_seleccionada=FMEE0108&amp;historicFiltersf=%255B%257B%2522name%2522%253A%2522cursos%2522%252C%2522filter%2522%253A%255B%2522%2522%252C%2522FMEE0108%2522%255D%252C%2522filtrosArray%2522%253A%257B%257D%252C%2522replica%2522%253A%2522%2522%252C%2522reescribir%2522%253A%2522false%2522%257D%255D\">Operacions auxiliars de&hellip;  <a href=\"https:\/\/projectes.xtec.cat\/integrafp\/familia-professional-de-fabricacio-mecanica\/\" title=\"Read Fam\u00edlia professional de Fabricaci\u00f3 mec\u00e0nica\">Llegeix m\u00e9s\u00bb<\/a><\/p>\n","protected":false},"author":67,"featured_media":0,"parent":0,"menu_order":0,"comment_status":"closed","ping_status":"closed","template":"","meta":{"_bbp_topic_count":0,"_bbp_reply_count":0,"_bbp_total_topic_count":0,"_bbp_total_reply_count":0,"_bbp_voice_count":0,"_bbp_anonymous_reply_count":0,"_bbp_topic_count_hidden":0,"_bbp_reply_count_hidden":0,"_bbp_forum_subforum_count":0,"footnotes":""},"class_list":["post-10521","page","type-page","status-publish","hentry"],"post_mailing_queue_ids":[],"_links":{"self":[{"href":"https:\/\/projectes.xtec.cat\/integrafp\/wp-json\/wp\/v2\/pages\/10521","targetHints":{"allow":["GET"]}}],"collection":[{"href":"https:\/\/projectes.xtec.cat\/integrafp\/wp-json\/wp\/v2\/pages"}],"about":[{"href":"https:\/\/projectes.xtec.cat\/integrafp\/wp-json\/wp\/v2\/types\/page"}],"author":[{"embeddable":true,"href":"https:\/\/projectes.xtec.cat\/integrafp\/wp-json\/wp\/v2\/users\/67"}],"replies":[{"embeddable":true,"href":"https:\/\/projectes.xtec.cat\/integrafp\/wp-json\/wp\/v2\/comments?post=10521"}],"version-history":[{"count":3,"href":"https:\/\/projectes.xtec.cat\/integrafp\/wp-json\/wp\/v2\/pages\/10521\/revisions"}],"predecessor-version":[{"id":10806,"href":"https:\/\/projectes.xtec.cat\/integrafp\/wp-json\/wp\/v2\/pages\/10521\/revisions\/10806"}],"wp:attachment":[{"href":"https:\/\/projectes.xtec.cat\/integrafp\/wp-json\/wp\/v2\/media?parent=10521"}],"curies":[{"name":"wp","href":"https:\/\/api.w.org\/{rel}","templated":true}]}}