{"id":10533,"date":"2023-03-14T08:59:35","date_gmt":"2023-03-14T07:59:35","guid":{"rendered":"https:\/\/projectes.xtec.cat\/integrafp\/?page_id=10533"},"modified":"2023-03-14T11:14:00","modified_gmt":"2023-03-14T10:14:00","slug":"familia-professional-installacio-i-manteniment","status":"publish","type":"page","link":"https:\/\/projectes.xtec.cat\/integrafp\/familia-professional-installacio-i-manteniment\/","title":{"rendered":"Fam\u00edlia professional Instal\u00b7laci\u00f3 i manteniment"},"content":{"rendered":"<table>\n<tbody>\n<tr>\n<td width=\"80\"><strong>Comarca<\/strong><\/td>\n<td width=\"74\"><strong>Municipi<\/strong><\/td>\n<td width=\"149\"><strong>Nom del Centre<\/strong><\/td>\n<td width=\"86\"><strong>Codi<\/strong><\/td>\n<td width=\"321\"><strong>Certificat professional<\/strong><\/td>\n<td width=\"73\"><strong>Nivell <\/strong><\/td>\n<td width=\"56\"><strong>Hores<\/strong><\/td>\n<\/tr>\n<tr>\n<td width=\"80\">Catalunya Central<\/td>\n<td width=\"74\">Manresa<\/td>\n<td width=\"149\"><a href=\"https:\/\/agora.xtec.cat\/inslacetania\/\">Institut Lacet\u00e0nia<\/a><\/td>\n<td width=\"86\">IMAQ0208<\/td>\n<td width=\"321\"><a href=\"https:\/\/sede.sepe.gob.es\/especialidadesformativas\/RXBuscadorEFRED\/DetalleEspecialidadFormativa.do?codEspecialidad=IMAQ0208\">Planificaci\u00f3, gesti\u00f3 i realitzaci\u00f3 del manteniment i supervisi\u00f3 del muntatge de maquin\u00e0ria, equip industrial i l\u00ednies automatitzades de producci\u00f3<\/a><\/td>\n<td width=\"73\">3<\/td>\n<td width=\"56\">570<\/td>\n<\/tr>\n<tr>\n<td width=\"80\">Girona<\/td>\n<td width=\"74\">Olot<\/td>\n<td width=\"149\"><a href=\"https:\/\/inslagarrotxa.cat\/\">Institut La Garrotxa<\/a><\/td>\n<td width=\"86\">IMAQ0108<\/td>\n<td width=\"321\"><a href=\"https:\/\/sede.sepe.gob.es\/especialidadesformativas\/RXBuscadorEFRED\/DetalleEspecialidadFormativa.do?codEspecialidad=IMAQ0108\">Manteniment i muntatge mec\u00e0nic d\u2019equip industrial<\/a><\/td>\n<td width=\"73\">2<\/td>\n<td width=\"56\">590<\/td>\n<\/tr>\n<\/tbody>\n<\/table>\n","protected":false},"excerpt":{"rendered":"<p>Comarca<br \/>\nMunicipi<br \/>\nNom del Centre<br \/>\nCodi<br \/>\nCertificat professional<br \/>\nNivell<br \/>\nHores<\/p>\n<p>Catalunya Central<br \/>\nManresa<br \/>\n<a href=\"https:\/\/agora.xtec.cat\/inslacetania\/\">Institut Lacet\u00e0nia<\/a><br \/>\nIMAQ0208<br \/>\n<a href=\"https:\/\/sede.sepe.gob.es\/especialidadesformativas\/RXBuscadorEFRED\/DetalleEspecialidadFormativa.do?codEspecialidad=IMAQ0208\">Planificaci\u00f3, gesti\u00f3 i realitzaci\u00f3 del manteniment i supervisi\u00f3 del muntatge de maquin\u00e0ria, equip industrial i l\u00ednies automatitzades de producci\u00f3<\/a><br \/>\n3<br \/>\n570<\/p>\n<p>Girona<br \/>\nOlot<br \/>\n<a href=\"https:\/\/inslagarrotxa.cat\/\">Institut La Garrotxa<\/a><br \/>\nIMAQ0108<br \/>\n<a href=\"https:\/\/sede.sepe.gob.es\/especialidadesformativas\/RXBuscadorEFRED\/DetalleEspecialidadFormativa.do?codEspecialidad=IMAQ0108\">Manteniment i muntatge mec\u00e0nic d\u2019equip industrial<\/a><br \/>\n2<br \/>\n590<\/p>\n","protected":false},"author":67,"featured_media":0,"parent":0,"menu_order":0,"comment_status":"closed","ping_status":"closed","template":"","meta":{"_bbp_topic_count":0,"_bbp_reply_count":0,"_bbp_total_topic_count":0,"_bbp_total_reply_count":0,"_bbp_voice_count":0,"_bbp_anonymous_reply_count":0,"_bbp_topic_count_hidden":0,"_bbp_reply_count_hidden":0,"_bbp_forum_subforum_count":0,"footnotes":""},"class_list":["post-10533","page","type-page","status-publish","hentry"],"post_mailing_queue_ids":[],"_links":{"self":[{"href":"https:\/\/projectes.xtec.cat\/integrafp\/wp-json\/wp\/v2\/pages\/10533","targetHints":{"allow":["GET"]}}],"collection":[{"href":"https:\/\/projectes.xtec.cat\/integrafp\/wp-json\/wp\/v2\/pages"}],"about":[{"href":"https:\/\/projectes.xtec.cat\/integrafp\/wp-json\/wp\/v2\/types\/page"}],"author":[{"embeddable":true,"href":"https:\/\/projectes.xtec.cat\/integrafp\/wp-json\/wp\/v2\/users\/67"}],"replies":[{"embeddable":true,"href":"https:\/\/projectes.xtec.cat\/integrafp\/wp-json\/wp\/v2\/comments?post=10533"}],"version-history":[{"count":2,"href":"https:\/\/projectes.xtec.cat\/integrafp\/wp-json\/wp\/v2\/pages\/10533\/revisions"}],"predecessor-version":[{"id":10600,"href":"https:\/\/projectes.xtec.cat\/integrafp\/wp-json\/wp\/v2\/pages\/10533\/revisions\/10600"}],"wp:attachment":[{"href":"https:\/\/projectes.xtec.cat\/integrafp\/wp-json\/wp\/v2\/media?parent=10533"}],"curies":[{"name":"wp","href":"https:\/\/api.w.org\/{rel}","templated":true}]}}