{"id":10559,"date":"2023-03-14T09:01:56","date_gmt":"2023-03-14T08:01:56","guid":{"rendered":"https:\/\/projectes.xtec.cat\/integrafp\/?page_id=10559"},"modified":"2023-07-12T13:14:54","modified_gmt":"2023-07-12T11:14:54","slug":"familia-professional-sanitat","status":"publish","type":"page","link":"https:\/\/projectes.xtec.cat\/integrafp\/familia-professional-sanitat\/","title":{"rendered":"Fam\u00edlia professional Sanitat"},"content":{"rendered":"<table style=\"width: 61.4536%;\">\n<tbody>\n<tr>\n<td width=\"84\"><strong>Comarca<\/strong><\/td>\n<td width=\"86\"><strong>Municipi<\/strong><\/td>\n<td width=\"217\"><strong>Nom del Centre<\/strong><\/td>\n<td width=\"95\"><strong>Codi <\/strong><\/td>\n<td width=\"235\"><strong>Fam\u00edlia professional<\/strong><\/td>\n<td width=\"56\"><strong>Nivell <\/strong><\/td>\n<td width=\"56\"><strong>Hores<\/strong><\/td>\n<\/tr>\n<tr>\n<td rowspan=\"2\" width=\"84\">Vall\u00e8s Occidental<\/td>\n<td rowspan=\"2\" width=\"86\">Sabadell<\/td>\n<td rowspan=\"2\" width=\"217\"><a href=\"https:\/\/institutcastellarnau.cat\/\">Institut Castellarnau<\/a><\/td>\n<td width=\"95\">SANT0108<\/td>\n<td width=\"235\"><a href=\"https:\/\/serveiocupacio.gencat.cat\/ca\/persones\/vull-formar-me\/cercadors-formacio-especialitats\/cercador-integrat\/fitxa-especialitat.html?certificats=&amp;codi_especialitat=&amp;denominacio=&amp;certificatSelecionat=&amp;codi_especialitat_seleccionada=SANT0108&amp;historicFiltersf=%255B%257B%2522name%2522%253A%2522cursos%2522%252C%2522filter%2522%253A%255B%2522%2522%252C%2522SANT0108%2522%255D%252C%2522filtrosArray%2522%253A%257B%257D%252C%2522replica%2522%253A%2522%2522%252C%2522reescribir%2522%253A%2522false%2522%257D%255D\">Atenci\u00f3 sanit\u00e0ria a m\u00faltiples v\u00edctimes i en cat\u00e0strofes<\/a><\/td>\n<td width=\"56\">2<\/td>\n<td width=\"56\">460<\/td>\n<\/tr>\n<tr>\n<td width=\"95\">SANT0208<\/td>\n<td width=\"235\"><a href=\"https:\/\/serveiocupacio.gencat.cat\/ca\/persones\/vull-formar-me\/cercadors-formacio-especialitats\/cercador-integrat\/fitxa-especialitat.html?certificats=&amp;codi_especialitat=&amp;denominacio=&amp;certificatSelecionat=&amp;codi_especialitat_seleccionada=SANT0208&amp;historicFiltersf=%255B%257B%2522name%2522%253A%2522cursos%2522%252C%2522filter%2522%253A%255B%2522%2522%252C%2522SANT0208%2522%255D%252C%2522filtrosArray%2522%253A%257B%257D%252C%2522replica%2522%253A%2522%2522%252C%2522reescribir%2522%253A%2522false%2522%257D%255D\">Trasllat sanitari<\/a><\/td>\n<td width=\"56\">2<\/td>\n<td width=\"56\">560<\/td>\n<\/tr>\n<tr>\n<td width=\"84\">Lleida<\/td>\n<td width=\"86\">Cervera<\/td>\n<td width=\"217\"><a href=\"https:\/\/www.inslasegarra.cat\/\">Institut La Segarra<\/a><\/td>\n<td width=\"95\">SANT0208<\/td>\n<td width=\"235\"><a href=\"https:\/\/serveiocupacio.gencat.cat\/ca\/persones\/vull-formar-me\/cercadors-formacio-especialitats\/cercador-integrat\/fitxa-especialitat.html?certificats=&amp;codi_especialitat=&amp;denominacio=&amp;certificatSelecionat=&amp;codi_especialitat_seleccionada=SANT0208&amp;historicFiltersf=%255B%257B%2522name%2522%253A%2522cursos%2522%252C%2522filter%2522%253A%255B%2522%2522%252C%2522SANT0208%2522%255D%252C%2522filtrosArray%2522%253A%257B%257D%252C%2522replica%2522%253A%2522%2522%252C%2522reescribir%2522%253A%2522false%2522%257D%255D\">Trasllat sanitari<\/a><\/td>\n<td width=\"56\">2<\/td>\n<td width=\"56\">560<\/td>\n<\/tr>\n<tr>\n<td width=\"84\">Girona<\/td>\n<td width=\"86\">Girona<\/td>\n<td width=\"217\"><a href=\"https:\/\/iesnx.xtec.cat\/\">Institut Narc\u00eds Xifra i Masmitj\u00e0<\/a><\/td>\n<td width=\"95\">SANT0208<\/td>\n<td width=\"235\"><a href=\"https:\/\/serveiocupacio.gencat.cat\/ca\/persones\/vull-formar-me\/cercadors-formacio-especialitats\/cercador-integrat\/fitxa-especialitat.html?certificats=&amp;codi_especialitat=&amp;denominacio=&amp;certificatSelecionat=&amp;codi_especialitat_seleccionada=SANT0208&amp;historicFiltersf=%255B%257B%2522name%2522%253A%2522cursos%2522%252C%2522filter%2522%253A%255B%2522%2522%252C%2522SANT0208%2522%255D%252C%2522filtrosArray%2522%253A%257B%257D%252C%2522replica%2522%253A%2522%2522%252C%2522reescribir%2522%253A%2522false%2522%257D%255D\">Trasllat sanitari<\/a><\/td>\n<td width=\"56\">2<\/td>\n<td width=\"56\">560<\/td>\n<\/tr>\n<tr>\n<td width=\"84\">Catalunya Central<\/td>\n<td width=\"86\">Vic<\/td>\n<td width=\"217\"><a href=\"https:\/\/www.ivic.cat\/portal\/index.php\">Institut de Vic<\/a><\/td>\n<td width=\"95\">SANT0108<\/td>\n<td width=\"235\"><a href=\"https:\/\/serveiocupacio.gencat.cat\/ca\/persones\/vull-formar-me\/cercadors-formacio-especialitats\/cercador-integrat\/fitxa-especialitat.html?certificats=&amp;codi_especialitat=&amp;denominacio=&amp;certificatSelecionat=&amp;codi_especialitat_seleccionada=SANT0108&amp;historicFiltersf=%255B%257B%2522name%2522%253A%2522cursos%2522%252C%2522filter%2522%253A%255B%2522%2522%252C%2522SANT0108%2522%255D%252C%2522filtrosArray%2522%253A%257B%257D%252C%2522replica%2522%253A%2522%2522%252C%2522reescribir%2522%253A%2522false%2522%257D%255D\">Atenci\u00f3 sanit\u00e0ria a m\u00faltiples v\u00edctimes i en cat\u00e0strofes<\/a><\/td>\n<td width=\"56\">2<\/td>\n<td width=\"56\">460<\/td>\n<\/tr>\n<tr>\n<td width=\"84\">Terres de l\u2019Ebre<\/td>\n<td width=\"86\">Tortosa<\/td>\n<td width=\"217\"><a href=\"https:\/\/insebre.cat\/\">Institut de l&#8217;Ebre<\/a><\/td>\n<td width=\"95\">SANT0108<\/td>\n<td width=\"235\"><a href=\"https:\/\/serveiocupacio.gencat.cat\/ca\/persones\/vull-formar-me\/cercadors-formacio-especialitats\/cercador-integrat\/fitxa-especialitat.html?certificats=&amp;codi_especialitat=&amp;denominacio=&amp;certificatSelecionat=&amp;codi_especialitat_seleccionada=SANT0108&amp;historicFiltersf=%255B%257B%2522name%2522%253A%2522cursos%2522%252C%2522filter%2522%253A%255B%2522%2522%252C%2522SANT0108%2522%255D%252C%2522filtrosArray%2522%253A%257B%257D%252C%2522replica%2522%253A%2522%2522%252C%2522reescribir%2522%253A%2522false%2522%257D%255D\">Atenci\u00f3 sanit\u00e0ria a m\u00faltiples v\u00edctimes i en cat\u00e0strofes<\/a><\/td>\n<td width=\"56\">2<\/td>\n<td width=\"56\">460<\/td>\n<\/tr>\n<tr>\n<td width=\"84\">Girona<\/td>\n<td width=\"86\">Palam\u00f3s<\/td>\n<td width=\"217\"><a href=\"http:\/\/inspalamos.cat\/\">Institut de Palam\u00f3s<\/a><\/td>\n<td width=\"95\">SANT0208<\/td>\n<td width=\"235\"><a href=\"https:\/\/serveiocupacio.gencat.cat\/ca\/persones\/vull-formar-me\/cercadors-formacio-especialitats\/cercador-integrat\/fitxa-especialitat.html?certificats=&amp;codi_especialitat=&amp;denominacio=&amp;certificatSelecionat=&amp;codi_especialitat_seleccionada=SANT0208&amp;historicFiltersf=%255B%257B%2522name%2522%253A%2522cursos%2522%252C%2522filter%2522%253A%255B%2522%2522%252C%2522SANT0208%2522%255D%252C%2522filtrosArray%2522%253A%257B%257D%252C%2522replica%2522%253A%2522%2522%252C%2522reescribir%2522%253A%2522false%2522%257D%255D\">Trasllat sanitari<\/a><\/td>\n<td width=\"56\">2<\/td>\n<td width=\"56\">560<\/td>\n<\/tr>\n<tr>\n<td width=\"84\">Tarragona<\/td>\n<td width=\"86\">Tarragona<\/td>\n<td width=\"217\"><a href=\"https:\/\/www.institutcallipolis.cat\/\">Institut Cal\u00b7l\u00edpolis<\/a><\/td>\n<td width=\"95\">SANT0208<\/td>\n<td width=\"235\"><a href=\"https:\/\/serveiocupacio.gencat.cat\/ca\/persones\/vull-formar-me\/cercadors-formacio-especialitats\/cercador-integrat\/fitxa-especialitat.html?certificats=&amp;codi_especialitat=&amp;denominacio=&amp;certificatSelecionat=&amp;codi_especialitat_seleccionada=SANT0208&amp;historicFiltersf=%255B%257B%2522name%2522%253A%2522cursos%2522%252C%2522filter%2522%253A%255B%2522%2522%252C%2522SANT0208%2522%255D%252C%2522filtrosArray%2522%253A%257B%257D%252C%2522replica%2522%253A%2522%2522%252C%2522reescribir%2522%253A%2522false%2522%257D%255D\">Trasllat sanitari<\/a><\/td>\n<td width=\"56\">2<\/td>\n<td width=\"56\">560<\/td>\n<\/tr>\n<\/tbody>\n<\/table>\n","protected":false},"excerpt":{"rendered":"<p>Comarca<br \/>\nMunicipi<br \/>\nNom del Centre<br \/>\nCodi<br \/>\nFam\u00edlia professional<br \/>\nNivell<br \/>\nHores<\/p>\n<p>Vall\u00e8s Occidental<br \/>\nSabadell<br \/>\n<a href=\"https:\/\/institutcastellarnau.cat\/\">Institut Castellarnau<\/a><br \/>\nSANT0108<br \/>\n<a href=\"https:\/\/serveiocupacio.gencat.cat\/ca\/persones\/vull-formar-me\/cercadors-formacio-especialitats\/cercador-integrat\/fitxa-especialitat.html?certificats=&amp;codi_especialitat=&amp;denominacio=&amp;certificatSelecionat=&amp;codi_especialitat_seleccionada=SANT0108&amp;historicFiltersf=%255B%257B%2522name%2522%253A%2522cursos%2522%252C%2522filter%2522%253A%255B%2522%2522%252C%2522SANT0108%2522%255D%252C%2522filtrosArray%2522%253A%257B%257D%252C%2522replica%2522%253A%2522%2522%252C%2522reescribir%2522%253A%2522false%2522%257D%255D\">Atenci\u00f3 sanit\u00e0ria a m\u00faltiples v\u00edctimes i en cat\u00e0strofes<\/a><br \/>\n2<br \/>\n460<\/p>\n<p>SANT0208<br \/>\n<a href=\"https:\/\/serveiocupacio.gencat.cat\/ca\/persones\/vull-formar-me\/cercadors-formacio-especialitats\/cercador-integrat\/fitxa-especialitat.html?certificats=&amp;codi_especialitat=&amp;denominacio=&amp;certificatSelecionat=&amp;codi_especialitat_seleccionada=SANT0208&amp;historicFiltersf=%255B%257B%2522name%2522%253A%2522cursos%2522%252C%2522filter%2522%253A%255B%2522%2522%252C%2522SANT0208%2522%255D%252C%2522filtrosArray%2522%253A%257B%257D%252C%2522replica%2522%253A%2522%2522%252C%2522reescribir%2522%253A%2522false%2522%257D%255D\">Trasllat sanitari<\/a><br \/>\n2<br \/>\n560<\/p>\n<p>Lleida<br \/>\nCervera<br \/>\n<a href=\"https:\/\/www.inslasegarra.cat\/\">Institut La Segarra<\/a><br \/>\nSANT0208<br \/>\n<a href=\"https:\/\/serveiocupacio.gencat.cat\/ca\/persones\/vull-formar-me\/cercadors-formacio-especialitats\/cercador-integrat\/fitxa-especialitat.html?certificats=&amp;codi_especialitat=&amp;denominacio=&amp;certificatSelecionat=&amp;codi_especialitat_seleccionada=SANT0208&amp;historicFiltersf=%255B%257B%2522name%2522%253A%2522cursos%2522%252C%2522filter%2522%253A%255B%2522%2522%252C%2522SANT0208%2522%255D%252C%2522filtrosArray%2522%253A%257B%257D%252C%2522replica%2522%253A%2522%2522%252C%2522reescribir%2522%253A%2522false%2522%257D%255D\">Trasllat sanitari<\/a><br \/>\n2<br \/>\n560<\/p>\n<p>Girona<br \/>\nGirona<br \/>\n<a href=\"https:\/\/iesnx.xtec.cat\/\">Institut Narc\u00eds Xifra i Masmitj\u00e0<\/a><br \/>\nSANT0208<br \/>\n<a href=\"https:\/\/serveiocupacio.gencat.cat\/ca\/persones\/vull-formar-me\/cercadors-formacio-especialitats\/cercador-integrat\/fitxa-especialitat.html?certificats=&amp;codi_especialitat=&amp;denominacio=&amp;certificatSelecionat=&amp;codi_especialitat_seleccionada=SANT0208&amp;historicFiltersf=%255B%257B%2522name%2522%253A%2522cursos%2522%252C%2522filter%2522%253A%255B%2522%2522%252C%2522SANT0208%2522%255D%252C%2522filtrosArray%2522%253A%257B%257D%252C%2522replica%2522%253A%2522%2522%252C%2522reescribir%2522%253A%2522false%2522%257D%255D\">Trasllat sanitari<\/a><br \/>\n2<br \/>\n560<\/p>\n<p>Catalunya Central<br \/>\nVic<br \/>\n<a href=\"https:\/\/www.ivic.cat\/portal\/index.php\">Institut de Vic<\/a><br \/>\nSANT0108<br \/>\n<a href=\"https:\/\/serveiocupacio.gencat.cat\/ca\/persones\/vull-formar-me\/cercadors-formacio-especialitats\/cercador-integrat\/fitxa-especialitat.html?certificats=&amp;codi_especialitat=&amp;denominacio=&amp;certificatSelecionat=&amp;codi_especialitat_seleccionada=SANT0108&amp;historicFiltersf=%255B%257B%2522name%2522%253A%2522cursos%2522%252C%2522filter%2522%253A%255B%2522%2522%252C%2522SANT0108%2522%255D%252C%2522filtrosArray%2522%253A%257B%257D%252C%2522replica%2522%253A%2522%2522%252C%2522reescribir%2522%253A%2522false%2522%257D%255D\">Atenci\u00f3 sanit\u00e0ria a m\u00faltiples v\u00edctimes i en cat\u00e0strofes<\/a><br \/>\n2<br \/>\n460<\/p>\n<p>Terres de l\u2019Ebre<br \/>\nTortosa<br \/>\n<a&hellip;  <a href=\"https:\/\/projectes.xtec.cat\/integrafp\/familia-professional-sanitat\/\" title=\"Read Fam\u00edlia professional Sanitat\">Llegeix m\u00e9s\u00bb<\/a><\/p>\n","protected":false},"author":67,"featured_media":0,"parent":0,"menu_order":0,"comment_status":"closed","ping_status":"closed","template":"","meta":{"_bbp_topic_count":0,"_bbp_reply_count":0,"_bbp_total_topic_count":0,"_bbp_total_reply_count":0,"_bbp_voice_count":0,"_bbp_anonymous_reply_count":0,"_bbp_topic_count_hidden":0,"_bbp_reply_count_hidden":0,"_bbp_forum_subforum_count":0,"footnotes":""},"class_list":["post-10559","page","type-page","status-publish","hentry"],"post_mailing_queue_ids":[],"_links":{"self":[{"href":"https:\/\/projectes.xtec.cat\/integrafp\/wp-json\/wp\/v2\/pages\/10559","targetHints":{"allow":["GET"]}}],"collection":[{"href":"https:\/\/projectes.xtec.cat\/integrafp\/wp-json\/wp\/v2\/pages"}],"about":[{"href":"https:\/\/projectes.xtec.cat\/integrafp\/wp-json\/wp\/v2\/types\/page"}],"author":[{"embeddable":true,"href":"https:\/\/projectes.xtec.cat\/integrafp\/wp-json\/wp\/v2\/users\/67"}],"replies":[{"embeddable":true,"href":"https:\/\/projectes.xtec.cat\/integrafp\/wp-json\/wp\/v2\/comments?post=10559"}],"version-history":[{"count":3,"href":"https:\/\/projectes.xtec.cat\/integrafp\/wp-json\/wp\/v2\/pages\/10559\/revisions"}],"predecessor-version":[{"id":10928,"href":"https:\/\/projectes.xtec.cat\/integrafp\/wp-json\/wp\/v2\/pages\/10559\/revisions\/10928"}],"wp:attachment":[{"href":"https:\/\/projectes.xtec.cat\/integrafp\/wp-json\/wp\/v2\/media?parent=10559"}],"curies":[{"name":"wp","href":"https:\/\/api.w.org\/{rel}","templated":true}]}}