{"id":10571,"date":"2023-03-14T09:02:39","date_gmt":"2023-03-14T08:02:39","guid":{"rendered":"https:\/\/projectes.xtec.cat\/integrafp\/?page_id=10571"},"modified":"2023-03-14T11:12:00","modified_gmt":"2023-03-14T10:12:00","slug":"familia-professional-textil-confeccio-i-pell","status":"publish","type":"page","link":"https:\/\/projectes.xtec.cat\/integrafp\/familia-professional-textil-confeccio-i-pell\/","title":{"rendered":"Fam\u00edlia professional T\u00e8xtil, confecci\u00f3 i pell"},"content":{"rendered":"<table>\n<tbody>\n<tr>\n<td width=\"77\"><strong>Comarca<\/strong><\/td>\n<td width=\"74\"><strong>Municipi<\/strong><\/td>\n<td width=\"246\"><strong>Nom del Centre<\/strong><\/td>\n<td width=\"94\"><strong>Codi<\/strong><\/td>\n<td width=\"234\"><strong>Certificat professional<\/strong><\/td>\n<td width=\"66\"><strong>Nivell<\/strong><\/td>\n<td width=\"56\"><strong>Hores<\/strong><\/td>\n<\/tr>\n<tr>\n<td rowspan=\"2\" width=\"77\">Maresme \u2013 Vall\u00e8s Oriental<\/td>\n<td rowspan=\"2\" width=\"74\">Canet de Mar<\/td>\n<td rowspan=\"2\" width=\"246\"><a href=\"https:\/\/agora.xtec.cat\/iescanet\/\">Institut Llu\u00eds Dom\u00e8nech i Montaner<\/a><\/td>\n<td width=\"94\">TCPF0612<\/td>\n<td width=\"234\"><a href=\"https:\/\/serveiocupacio.gencat.cat\/ca\/persones\/vull-formar-me\/cercadors-formacio-especialitats\/cercador-integrat\/fitxa-especialitat.html?certificats=&amp;codi_especialitat=&amp;denominacio=&amp;certificatSelecionat=&amp;codi_especialitat_seleccionada=TCPF0612&amp;historicFiltersf=%255B%257B%2522name%2522%253A%2522cursos%2522%252C%2522filter%2522%253A%255B%2522%2522%252C%2522TCPF0612%2522%255D%252C%2522filtrosArray%2522%253A%257B%257D%252C%2522replica%2522%253A%2522%2522%252C%2522reescribir%2522%253A%2522false%2522%257D%255D\">Assemblatge de materials<\/a><\/td>\n<td width=\"66\">2<\/td>\n<td width=\"56\">550<\/td>\n<\/tr>\n<tr>\n<td width=\"94\">TCPP0712<\/td>\n<td width=\"234\"><a href=\"https:\/\/sede.sepe.gob.es\/especialidadesformativas\/RXBuscadorEFRED\/DetalleEspecialidadFormativa.do?codEspecialidad=TCPP0712\">Teixidura de punt per tram o recollida<\/a><\/td>\n<td width=\"66\">2<\/td>\n<td width=\"56\">610<\/td>\n<\/tr>\n<\/tbody>\n<\/table>\n","protected":false},"excerpt":{"rendered":"<p>Comarca<br \/>\nMunicipi<br \/>\nNom del Centre<br \/>\nCodi<br \/>\nCertificat professional<br \/>\nNivell<br \/>\nHores<\/p>\n<p>Maresme \u2013 Vall\u00e8s Oriental<br \/>\nCanet de Mar<br \/>\n<a href=\"https:\/\/agora.xtec.cat\/iescanet\/\">Institut Llu\u00eds Dom\u00e8nech i Montaner<\/a><br \/>\nTCPF0612<br \/>\n<a href=\"https:\/\/serveiocupacio.gencat.cat\/ca\/persones\/vull-formar-me\/cercadors-formacio-especialitats\/cercador-integrat\/fitxa-especialitat.html?certificats=&amp;codi_especialitat=&amp;denominacio=&amp;certificatSelecionat=&amp;codi_especialitat_seleccionada=TCPF0612&amp;historicFiltersf=%255B%257B%2522name%2522%253A%2522cursos%2522%252C%2522filter%2522%253A%255B%2522%2522%252C%2522TCPF0612%2522%255D%252C%2522filtrosArray%2522%253A%257B%257D%252C%2522replica%2522%253A%2522%2522%252C%2522reescribir%2522%253A%2522false%2522%257D%255D\">Assemblatge de materials<\/a><br \/>\n2<br \/>\n550<\/p>\n<p>TCPP0712<br \/>\n<a href=\"https:\/\/sede.sepe.gob.es\/especialidadesformativas\/RXBuscadorEFRED\/DetalleEspecialidadFormativa.do?codEspecialidad=TCPP0712\">Teixidura de punt per tram o recollida<\/a><br \/>\n2<br \/>\n610<\/p>\n","protected":false},"author":67,"featured_media":0,"parent":0,"menu_order":0,"comment_status":"closed","ping_status":"closed","template":"","meta":{"_bbp_topic_count":0,"_bbp_reply_count":0,"_bbp_total_topic_count":0,"_bbp_total_reply_count":0,"_bbp_voice_count":0,"_bbp_anonymous_reply_count":0,"_bbp_topic_count_hidden":0,"_bbp_reply_count_hidden":0,"_bbp_forum_subforum_count":0,"footnotes":""},"class_list":["post-10571","page","type-page","status-publish","hentry"],"post_mailing_queue_ids":[],"_links":{"self":[{"href":"https:\/\/projectes.xtec.cat\/integrafp\/wp-json\/wp\/v2\/pages\/10571","targetHints":{"allow":["GET"]}}],"collection":[{"href":"https:\/\/projectes.xtec.cat\/integrafp\/wp-json\/wp\/v2\/pages"}],"about":[{"href":"https:\/\/projectes.xtec.cat\/integrafp\/wp-json\/wp\/v2\/types\/page"}],"author":[{"embeddable":true,"href":"https:\/\/projectes.xtec.cat\/integrafp\/wp-json\/wp\/v2\/users\/67"}],"replies":[{"embeddable":true,"href":"https:\/\/projectes.xtec.cat\/integrafp\/wp-json\/wp\/v2\/comments?post=10571"}],"version-history":[{"count":2,"href":"https:\/\/projectes.xtec.cat\/integrafp\/wp-json\/wp\/v2\/pages\/10571\/revisions"}],"predecessor-version":[{"id":10595,"href":"https:\/\/projectes.xtec.cat\/integrafp\/wp-json\/wp\/v2\/pages\/10571\/revisions\/10595"}],"wp:attachment":[{"href":"https:\/\/projectes.xtec.cat\/integrafp\/wp-json\/wp\/v2\/media?parent=10571"}],"curies":[{"name":"wp","href":"https:\/\/api.w.org\/{rel}","templated":true}]}}