{"id":12257,"date":"2026-03-16T12:40:55","date_gmt":"2026-03-16T11:40:55","guid":{"rendered":"https:\/\/projectes.xtec.cat\/integrafp\/?page_id=12257"},"modified":"2026-03-16T15:58:00","modified_gmt":"2026-03-16T14:58:00","slug":"gabriel-ginebra","status":"publish","type":"page","link":"https:\/\/projectes.xtec.cat\/integrafp\/gabriel-ginebra\/","title":{"rendered":"Gabriel Ginebra"},"content":{"rendered":"<p><strong>Gabriel Ginebra<\/strong><\/p>\n<p>Coach &amp; Business Thinker<\/p>\n<p>Creador del concepte <strong>#ManagingIncompetence<\/strong>, que ha sacsejat el pensament en gesti\u00f3 amb propostes provocadores com <em>Treballar el pitjor possible<\/em>, <em>Dirigir sense decimals<\/em> o <em>Delegar temer\u00e0riament<\/em>.<\/p>\n<p>Doctor en Organitzaci\u00f3 d\u2019Empreses i MBA per IESE. Va iniciar la seva traject\u00f2ria com a professor a IESE i posteriorment ha col\u00b7laborat amb diverses escoles de negocis i universitats d\u2019Europa i Am\u00e8rica.<\/p>\n<p>Tamb\u00e9 assessora directius, empreses i organitzacions amb l\u2019objectiu de fer-les <strong>m\u00e9s pac\u00edfiques i, alhora, m\u00e9s eficaces<\/strong>.<\/p>\n<p>Entre les seves publicacions, destaquen com a m\u00e9s venudes:<\/p>\n<ul>\n<li><em>El japon\u00e9s que estrell\u00f3 el tren para<span data-olk-copy-source=\"MessageBody\"> ganar tiempo.<\/span><\/em><\/li>\n<li><em>Gesti\u00f3n de Incompetentes.<\/em><\/li>\n<li><em>Gestionar sin Prisas.<\/em><\/li>\n<li><em>La parisina que tom\u00f3 un taxi para ir al gimnasio.<\/em><\/li>\n<\/ul>\n","protected":false},"excerpt":{"rendered":"<p>Gabriel Ginebra<br \/>\nCoach &amp; Business Thinker<br \/>\nCreador del concepte #ManagingIncompetence, que ha sacsejat el pensament en gesti\u00f3 amb propostes provocadores com Treballar el pitjor possible, Dirigir sense decimals o Delegar temer\u00e0riament.<br \/>\nDoctor en Organitzaci\u00f3 d\u2019Empreses i MBA per IESE. Va iniciar la seva traject\u00f2ria com a professor a&hellip;  <a href=\"https:\/\/projectes.xtec.cat\/integrafp\/gabriel-ginebra\/\" title=\"Read Gabriel Ginebra\">Llegeix m\u00e9s\u00bb<\/a><\/p>\n","protected":false},"author":75,"featured_media":0,"parent":0,"menu_order":0,"comment_status":"closed","ping_status":"closed","template":"","meta":{"_bbp_topic_count":0,"_bbp_reply_count":0,"_bbp_total_topic_count":0,"_bbp_total_reply_count":0,"_bbp_voice_count":0,"_bbp_anonymous_reply_count":0,"_bbp_topic_count_hidden":0,"_bbp_reply_count_hidden":0,"_bbp_forum_subforum_count":0,"footnotes":""},"class_list":["post-12257","page","type-page","status-publish","hentry"],"post_mailing_queue_ids":[],"_links":{"self":[{"href":"https:\/\/projectes.xtec.cat\/integrafp\/wp-json\/wp\/v2\/pages\/12257","targetHints":{"allow":["GET"]}}],"collection":[{"href":"https:\/\/projectes.xtec.cat\/integrafp\/wp-json\/wp\/v2\/pages"}],"about":[{"href":"https:\/\/projectes.xtec.cat\/integrafp\/wp-json\/wp\/v2\/types\/page"}],"author":[{"embeddable":true,"href":"https:\/\/projectes.xtec.cat\/integrafp\/wp-json\/wp\/v2\/users\/75"}],"replies":[{"embeddable":true,"href":"https:\/\/projectes.xtec.cat\/integrafp\/wp-json\/wp\/v2\/comments?post=12257"}],"version-history":[{"count":5,"href":"https:\/\/projectes.xtec.cat\/integrafp\/wp-json\/wp\/v2\/pages\/12257\/revisions"}],"predecessor-version":[{"id":12267,"href":"https:\/\/projectes.xtec.cat\/integrafp\/wp-json\/wp\/v2\/pages\/12257\/revisions\/12267"}],"wp:attachment":[{"href":"https:\/\/projectes.xtec.cat\/integrafp\/wp-json\/wp\/v2\/media?parent=12257"}],"curies":[{"name":"wp","href":"https:\/\/api.w.org\/{rel}","templated":true}]}}