{"id":608,"date":"2015-11-27T10:04:51","date_gmt":"2015-11-27T09:04:51","guid":{"rendered":"http:\/\/projectes.xtec.cat\/integrafp\/?page_id=608"},"modified":"2025-04-02T12:09:52","modified_gmt":"2025-04-02T10:09:52","slug":"certificatsdeprofessionalitat","status":"publish","type":"page","link":"https:\/\/projectes.xtec.cat\/integrafp\/certificatsdeprofessionalitat\/","title":{"rendered":"Certificats  professionals"},"content":{"rendered":"<ul>\n<li>El <a href=\"https:\/\/serveiocupacio.gencat.cat\/ca\/persones\/vull-formar-me\/certificats-professionalitat\/\">Certificat Professional<\/a> \u00e9s una formaci\u00f3 que acredita les compet\u00e8ncies professionals i garanteixen que la persona que l\u2019obt\u00e9 t\u00e9 els coneixements, les habilitats i les aptituds per desenvolupar una activitat laboral d\u2019acord amb les exig\u00e8ncies del mercat de treball.<\/li>\n<li>Tots els certificats de professionalitat inclouen un m\u00f2dul de formaci\u00f3 pr\u00e0ctica en centres de treball. La superaci\u00f3 d&#8217;aquest m\u00f2dul de pr\u00e0ctiques \u00e9s imprescindible per obtenir el certificat de professionalitat, si b\u00e9 hi ha l&#8217;opci\u00f3 d&#8217;obtenir l&#8217;exempci\u00f3 d&#8217;aquest m\u00f2dul.<\/li>\n<li>Els certificats professionals s\u00f3n v\u00e0lids a tot el territori espanyol i, a m\u00e9s, la normativa europea\u00a0 permet el reconeixement de les qualificacions professionals acreditades a la Uni\u00f3 Europea, de manera que faciliten la mobilitat geogr\u00e0fica.<\/li>\n<li><span style=\"font-weight: 400;\">Cada certificat de professionalitat acredita una qualificaci\u00f3 professional del <\/span><a href=\"https:\/\/incual.educacion.gob.es\/bdc\"><span style=\"font-weight: 400;\">Cat\u00e0leg Nacional de Qualificacions Professionals<\/span><\/a><span style=\"font-weight: 400;\"> encara que, de manera excepcional, pot haver-hi certificats que acreditin nom\u00e9s una part de la qualificaci\u00f3.\u00a0\u00a0<\/span><\/li>\n<li>Podeu accedir a sol\u00b7licitar informacions d&#8217;aquestes formacions a <a href=\"https:\/\/triaeducativa.gencat.cat\/ca\/inici\">Tria Educativa<\/a> i al cercador de cursos del <a href=\"https:\/\/serveiocupacio.gencat.cat\/ca\/persones\/vull-formar-me\/cercadors-formacio-especialitats\/\">SOC<\/a><\/li>\n<\/ul>\n<p>Us ensenyem un petit <a href=\"https:\/\/www.canva.com\/design\/DAGGfvm3v2o\/2005ELzj2ZYxQrY1sbt5Qg\/watch\">v\u00eddeo<\/a> de com es treballen els Certificats professionals als centres p\u00fablics de Catalunya<\/p>\n<p class=\"zfr3Q CDt4Ke \" dir=\"ltr\"><a href=\"https:\/\/projectes.xtec.cat\/integrafp\/wp-content\/uploads\/usu2419\/2025\/04\/Infografia_Certificats-professionals_A4-nova-linia-grafica-2-acc.-1.pdf.png\"><img loading=\"lazy\" decoding=\"async\" class=\"alignnone size-large wp-image-12099\" src=\"https:\/\/projectes.xtec.cat\/integrafp\/wp-content\/uploads\/usu2419\/2025\/04\/Infografia_Certificats-professionals_A4-nova-linia-grafica-2-acc.-1.pdf-724x1024.png\" alt=\"\" width=\"724\" height=\"1024\" srcset=\"https:\/\/projectes.xtec.cat\/integrafp\/wp-content\/uploads\/usu2419\/2025\/04\/Infografia_Certificats-professionals_A4-nova-linia-grafica-2-acc.-1.pdf-724x1024.png 724w, https:\/\/projectes.xtec.cat\/integrafp\/wp-content\/uploads\/usu2419\/2025\/04\/Infografia_Certificats-professionals_A4-nova-linia-grafica-2-acc.-1.pdf-212x300.png 212w, https:\/\/projectes.xtec.cat\/integrafp\/wp-content\/uploads\/usu2419\/2025\/04\/Infografia_Certificats-professionals_A4-nova-linia-grafica-2-acc.-1.pdf-768x1086.png 768w, https:\/\/projectes.xtec.cat\/integrafp\/wp-content\/uploads\/usu2419\/2025\/04\/Infografia_Certificats-professionals_A4-nova-linia-grafica-2-acc.-1.pdf-1086x1536.png 1086w, https:\/\/projectes.xtec.cat\/integrafp\/wp-content\/uploads\/usu2419\/2025\/04\/Infografia_Certificats-professionals_A4-nova-linia-grafica-2-acc.-1.pdf.png 1414w\" sizes=\"auto, (max-width: 724px) 100vw, 724px\" \/><\/a><\/p>\n","protected":false},"excerpt":{"rendered":"<ul>\n<li>El <a href=\"https:\/\/serveiocupacio.gencat.cat\/ca\/persones\/vull-formar-me\/certificats-professionalitat\/\">Certificat Professional<\/a> \u00e9s una formaci\u00f3 que acredita les compet\u00e8ncies professionals i garanteixen que la persona que l\u2019obt\u00e9 t\u00e9 els coneixements, les habilitats i les aptituds per desenvolupar una activitat laboral d\u2019acord amb les exig\u00e8ncies del mercat de treball.<\/li>\n<li>Tots els certificats de professionalitat inclouen&hellip;  <a href=\"https:\/\/projectes.xtec.cat\/integrafp\/certificatsdeprofessionalitat\/\" title=\"Read Certificats  professionals\">Llegeix m\u00e9s\u00bb<\/a><br \/>\n","protected":false},"author":1,"featured_media":0,"parent":0,"menu_order":0,"comment_status":"closed","ping_status":"closed","template":"","meta":{"_bbp_topic_count":0,"_bbp_reply_count":0,"_bbp_total_topic_count":0,"_bbp_total_reply_count":0,"_bbp_voice_count":0,"_bbp_anonymous_reply_count":0,"_bbp_topic_count_hidden":0,"_bbp_reply_count_hidden":0,"_bbp_forum_subforum_count":0,"footnotes":""},"class_list":["post-608","page","type-page","status-publish","hentry"],"post_mailing_queue_ids":[],"_links":{"self":[{"href":"https:\/\/projectes.xtec.cat\/integrafp\/wp-json\/wp\/v2\/pages\/608","targetHints":{"allow":["GET"]}}],"collection":[{"href":"https:\/\/projectes.xtec.cat\/integrafp\/wp-json\/wp\/v2\/pages"}],"about":[{"href":"https:\/\/projectes.xtec.cat\/integrafp\/wp-json\/wp\/v2\/types\/page"}],"author":[{"embeddable":true,"href":"https:\/\/projectes.xtec.cat\/integrafp\/wp-json\/wp\/v2\/users\/1"}],"replies":[{"embeddable":true,"href":"https:\/\/projectes.xtec.cat\/integrafp\/wp-json\/wp\/v2\/comments?post=608"}],"version-history":[{"count":6,"href":"https:\/\/projectes.xtec.cat\/integrafp\/wp-json\/wp\/v2\/pages\/608\/revisions"}],"predecessor-version":[{"id":12098,"href":"https:\/\/projectes.xtec.cat\/integrafp\/wp-json\/wp\/v2\/pages\/608\/revisions\/12098"}],"wp:attachment":[{"href":"https:\/\/projectes.xtec.cat\/integrafp\/wp-json\/wp\/v2\/media?parent=608"}],"curies":[{"name":"wp","href":"https:\/\/api.w.org\/{rel}","templated":true}]}}