{"id":7,"date":"2014-09-12T10:14:31","date_gmt":"2014-09-12T10:14:31","guid":{"rendered":"http:\/\/projectes.xtec.cat\/integrafp\/?page_id=7"},"modified":"2026-04-01T13:07:40","modified_gmt":"2026-04-01T11:07:40","slug":"pagines-dinici","status":"publish","type":"page","link":"https:\/\/projectes.xtec.cat\/integrafp\/","title":{"rendered":"Formaci\u00f3 Professional Ocupacional"},"content":{"rendered":"<header class=\"entry-header\">\n<h1 class=\"entry-title\">III Jornada Integra fp<\/h1>\n<\/header>\n<p>&nbsp;<\/p>\n<p>&nbsp;<\/p>\n<p><a href=\"https:\/\/projectes.xtec.cat\/integrafp\/wp-content\/uploads\/usu2419\/2026\/04\/Anadir-un-titulo-1-5.png\"><img loading=\"lazy\" decoding=\"async\" class=\"alignnone size-large wp-image-12268\" src=\"https:\/\/projectes.xtec.cat\/integrafp\/wp-content\/uploads\/usu2419\/2026\/04\/Anadir-un-titulo-1-5-1024x581.png\" alt=\"\" width=\"1024\" height=\"581\" srcset=\"https:\/\/projectes.xtec.cat\/integrafp\/wp-content\/uploads\/usu2419\/2026\/04\/Anadir-un-titulo-1-5-1024x581.png 1024w, https:\/\/projectes.xtec.cat\/integrafp\/wp-content\/uploads\/usu2419\/2026\/04\/Anadir-un-titulo-1-5-300x170.png 300w, https:\/\/projectes.xtec.cat\/integrafp\/wp-content\/uploads\/usu2419\/2026\/04\/Anadir-un-titulo-1-5-768x435.png 768w, https:\/\/projectes.xtec.cat\/integrafp\/wp-content\/uploads\/usu2419\/2026\/04\/Anadir-un-titulo-1-5.png 1270w\" sizes=\"auto, (max-width: 1024px) 100vw, 1024px\" \/><\/a><\/p>\n<header class=\"entry-header\"><span class=\"entry-author\"><a href=\"https:\/\/projectes.xtec.cat\/integrafp\/author\/bustia_generica_integrafp\/\">B\u00fastia gen\u00e8rica integrafp<\/a><\/span><\/header>\n<header class=\"entry-header\"><span class=\"entry-date\">16\/03\/26\u00a0\u00a0<\/span><\/header>\n<header><\/header>\n<div class=\"entry-content\">\n<p>El dimarts dia 5 de maig ens trobarem a l\u2019Institut Escola d\u2019Hostaleria i Turisme de Girona en el marc de la III Jornada Integra FP, en un espai de difusi\u00f3 i reflexi\u00f3 sobre els certificats professionals, aix\u00ed com un espai de treball col\u00b7laboratiu entre tots els centres de les xarxes per abordar problemes i possibles solucions que es poden trobar en el moment de realitzar Certificats Professionals.<\/p>\n<p><a href=\"https:\/\/aplicacions.gestioeducativa.gencat.cat\/ords\/pls\/soloas\/pk_for_mod_ins.p_for_detall_activitat?p_header=Llista%20d%27activitats%5epk_for_mod_ins.p_for_cons_activitats?p_totes=N%26p_inici=1%26p_excloure_crp_rec=T&amp;p_codi=9000470867&amp;p_curs=2025-2026&amp;p_es_inscr=S\"><img loading=\"lazy\" decoding=\"async\" class=\"wp-image-12116 aligncenter\" src=\"https:\/\/projectes.xtec.cat\/integrafp\/wp-content\/uploads\/usu2419\/2025\/04\/Diseno-sin-titulo-3.png\" sizes=\"auto, (max-width: 125px) 100vw, 125px\" srcset=\"https:\/\/projectes.xtec.cat\/integrafp\/wp-content\/uploads\/usu2419\/2025\/04\/Diseno-sin-titulo-3.png 1024w, https:\/\/projectes.xtec.cat\/integrafp\/wp-content\/uploads\/usu2419\/2025\/04\/Diseno-sin-titulo-3-300x300.png 300w, https:\/\/projectes.xtec.cat\/integrafp\/wp-content\/uploads\/usu2419\/2025\/04\/Diseno-sin-titulo-3-150x150.png 150w, https:\/\/projectes.xtec.cat\/integrafp\/wp-content\/uploads\/usu2419\/2025\/04\/Diseno-sin-titulo-3-768x768.png 768w\" alt=\"\" width=\"125\" height=\"125\" \/><\/a><\/p>\n<p><b>Programa<\/b><\/p>\n<p><b>08.30h<\/b>\u00a0Recepci\u00f3 dels assistents i lliurament de credencials.<\/p>\n<p><b>09.00h\u00a0<\/b>Presentaci\u00f3 i inauguraci\u00f3 de la Jornada i an\u00e0lisi d\u2019estat de projectes a c\u00e0rrec de la cap del Servei de Programes de Qualificaci\u00f3 i Iniciaci\u00f3 Professional, Olga Romero i Olga Vitolo.<\/p>\n<p><strong>09.35h<\/strong>\u00a0Pon\u00e8ncia a c\u00e0rrec de\u00a0<a href=\"https:\/\/projectes.xtec.cat\/integrafp\/gabriel-ginebra\/?preview_id=12257&amp;preview_nonce=4db86ff0dd&amp;preview=true\">Gabriel Ginebra<\/a>.\u00a0Business Thinker: proposa la Revoluci\u00f3 de l\u2019Slow Management a la gesti\u00f3 empresarial i a l\u2019educaci\u00f3.<\/p>\n<p><b>10.25h\u00a0<\/b>Descans<b><\/b><\/p>\n<p><strong>10.45h<\/strong>\u00a0<span data-olk-copy-source=\"MessageBody\">Presentaci\u00f3 Director de l\u2019EHG CP<\/span><\/p>\n<p><b>10.55h\u00a0<\/b>Presentaci\u00f3 i inici dels tallers<\/p>\n<p><b>11.45h\u00a0<\/b>Conclusions dels tallers<\/p>\n<p><strong>12.25h\u00a0<\/strong>Presentaci\u00f3 dels grups de treball<\/p>\n<p><b>13.00h<\/b>\u00a0Conclusions grups de treball<\/p>\n<p><strong>13.10h<\/strong>\u00a0Presentaci\u00f3 subdirector general d\u2019FP<\/p>\n<p><strong>13.15h<\/strong>\u00a0Cloenda<\/p>\n<p><strong>13.30h<\/strong>\u00a0Fi<\/p>\n<p><a href=\"https:\/\/projectes.xtec.cat\/integrafp\/wp-content\/uploads\/usu2419\/2025\/04\/Diseno-sin-titulo-2.png\"><img loading=\"lazy\" decoding=\"async\" class=\"alignnone wp-image-12113\" src=\"https:\/\/projectes.xtec.cat\/integrafp\/wp-content\/uploads\/usu2419\/2025\/04\/Diseno-sin-titulo-2.png\" sizes=\"auto, (max-width: 31px) 100vw, 31px\" srcset=\"https:\/\/projectes.xtec.cat\/integrafp\/wp-content\/uploads\/usu2419\/2025\/04\/Diseno-sin-titulo-2.png 1024w, https:\/\/projectes.xtec.cat\/integrafp\/wp-content\/uploads\/usu2419\/2025\/04\/Diseno-sin-titulo-2-300x300.png 300w, https:\/\/projectes.xtec.cat\/integrafp\/wp-content\/uploads\/usu2419\/2025\/04\/Diseno-sin-titulo-2-150x150.png 150w, https:\/\/projectes.xtec.cat\/integrafp\/wp-content\/uploads\/usu2419\/2025\/04\/Diseno-sin-titulo-2-768x768.png 768w\" alt=\"\" width=\"31\" height=\"31\" \/><\/a>Com arribar?<\/p>\n<p><a href=\"https:\/\/www.google.com\/maps\/place\/Institut+Escola+d'Hostaleria+de+Girona\/@41.9813429,2.8093609,17z\/data=!3m1!4b1!4m14!1m7!3m6!1s0x12bae7dbdc156505:0xebe3e7719be22040!2sInstitut+Escola+d'Hostaleria+de+Girona!8m2!3d41.9813389!4d2.8119358!16s%2Fg%2F11fj3mnvk9!3m5!1s0x12bae7dbdc156505:0xebe3e7719be22040!8m2!3d41.9813389!4d2.8119358!16s%2Fg%2F11fj3mnvk9?entry=ttu&amp;g_ep=EgoyMDI2MDMxMS4wIKXMDSoASAFQAw%3D%3D\">Carrer Josep Viader i Moliner, 11, 17005 Girona<\/a><\/p>\n<p><a href=\"https:\/\/projectes.xtec.cat\/integrafp\/wp-content\/uploads\/usu2419\/2026\/03\/logo-EHTG.png\"><img loading=\"lazy\" decoding=\"async\" class=\"alignnone wp-image-12251\" src=\"https:\/\/projectes.xtec.cat\/integrafp\/wp-content\/uploads\/usu2419\/2026\/03\/logo-EHTG.png\" sizes=\"auto, (max-width: 196px) 100vw, 196px\" srcset=\"https:\/\/projectes.xtec.cat\/integrafp\/wp-content\/uploads\/usu2419\/2026\/03\/logo-EHTG.png 307w, https:\/\/projectes.xtec.cat\/integrafp\/wp-content\/uploads\/usu2419\/2026\/03\/logo-EHTG-300x243.png 300w\" alt=\"\" width=\"196\" height=\"159\" \/><\/a><\/p>\n<p>&nbsp;<\/p>\n<p>&nbsp;<\/p>\n<p>Vols saber-ne m\u00e9s sobre els\u00a0<a href=\"https:\/\/projectes.xtec.cat\/integrafp\/certificatsdeprofessionalitat\/\">Certificats Professionals<\/a>?<\/p>\n<p><iframe loading=\"lazy\" title=\"YouTube video player\" src=\"https:\/\/www.youtube.com\/embed\/WZAKw1AU45c?si=NS4aGqOWr-16HMfn\" width=\"230\" height=\"157\" frameborder=\"0\" allowfullscreen=\"allowfullscreen\" data-mce-fragment=\"1\"><\/iframe><iframe loading=\"lazy\" src=\"https:\/\/www.youtube.com\/embed\/nz-w3qXtAXM?feature=shared\" width=\"230\" height=\"157\" allowfullscreen=\"allowfullscreen\" data-mce-fragment=\"1\"><\/iframe><iframe loading=\"lazy\" src=\"https:\/\/www.youtube.com\/embed\/CTBTQTVKZ28?feature=shared\" width=\"230\" height=\"157\" allowfullscreen=\"allowfullscreen\" data-mce-fragment=\"1\"><\/iframe><\/p>\n<div class=\"addtoany_share_save_container addtoany_content addtoany_content_bottom\">\n<div class=\"a2a_kit a2a_kit_size_25 addtoany_list\" data-a2a-url=\"https:\/\/projectes.xtec.cat\/integrafp\/general\/iii-jornada-integra-fp\/\" data-a2a-title=\"III Jornada Integra fp\"><a class=\"a2a_button_facebook\" title=\"Facebook\" href=\"https:\/\/projectes.xtec.cat\/#facebook\" target=\"_blank\" rel=\"nofollow noopener\"><span class=\"a2a_label\">Facebook<\/span><\/a><a class=\"a2a_button_twitter\" title=\"Twitter\" href=\"https:\/\/projectes.xtec.cat\/#twitter\" target=\"_blank\" rel=\"nofollow noopener\"><span class=\"a2a_label\">Twitter<\/span><\/a><a class=\"a2a_button_whatsapp\" title=\"WhatsApp\" href=\"https:\/\/projectes.xtec.cat\/#whatsapp\" target=\"_blank\" rel=\"nofollow noopener\"><span class=\"a2a_label\">WhatsApp<\/span><\/a><a class=\"a2a_button_google_gmail\" title=\"Gmail\" href=\"https:\/\/projectes.xtec.cat\/#google_gmail\" target=\"_blank\" rel=\"nofollow noopener\"><span class=\"a2a_label\">Gmail<\/span><\/a><\/div>\n<\/div>\n<\/div>\n<p>&nbsp;<\/p>\n","protected":false},"excerpt":{"rendered":"<p>III Jornada Integra fp<\/p>\n<p>&nbsp;<br \/>\n&nbsp;<br \/>\n<a href=\"https:\/\/projectes.xtec.cat\/integrafp\/wp-content\/uploads\/usu2419\/2026\/04\/Anadir-un-titulo-1-5.png\"><\/a><br \/>\n<a href=\"https:\/\/projectes.xtec.cat\/integrafp\/author\/bustia_generica_integrafp\/\">B\u00fastia gen\u00e8rica integrafp<\/a><br \/>\n16\/03\/26\u00a0\u00a0<\/p>\n<p>El dimarts dia 5 de maig ens trobarem a l\u2019Institut Escola d\u2019Hostaleria i Turisme de Girona en el marc de la III Jornada Integra FP, en un espai de difusi\u00f3 i reflexi\u00f3 sobre els certificats professionals, aix\u00ed com&hellip;  <a href=\"https:\/\/projectes.xtec.cat\/integrafp\/\" title=\"Read Formaci\u00f3 Professional Ocupacional\">Llegeix m\u00e9s\u00bb<\/a><\/p>\n","protected":false},"author":1,"featured_media":0,"parent":0,"menu_order":2,"comment_status":"closed","ping_status":"closed","template":"page-templates\/front-page.php","meta":{"_bbp_topic_count":0,"_bbp_reply_count":0,"_bbp_total_topic_count":0,"_bbp_total_reply_count":0,"_bbp_voice_count":0,"_bbp_anonymous_reply_count":0,"_bbp_topic_count_hidden":0,"_bbp_reply_count_hidden":0,"_bbp_forum_subforum_count":0,"footnotes":""},"class_list":["post-7","page","type-page","status-publish","hentry"],"post_mailing_queue_ids":[],"_links":{"self":[{"href":"https:\/\/projectes.xtec.cat\/integrafp\/wp-json\/wp\/v2\/pages\/7","targetHints":{"allow":["GET"]}}],"collection":[{"href":"https:\/\/projectes.xtec.cat\/integrafp\/wp-json\/wp\/v2\/pages"}],"about":[{"href":"https:\/\/projectes.xtec.cat\/integrafp\/wp-json\/wp\/v2\/types\/page"}],"author":[{"embeddable":true,"href":"https:\/\/projectes.xtec.cat\/integrafp\/wp-json\/wp\/v2\/users\/1"}],"replies":[{"embeddable":true,"href":"https:\/\/projectes.xtec.cat\/integrafp\/wp-json\/wp\/v2\/comments?post=7"}],"version-history":[{"count":8,"href":"https:\/\/projectes.xtec.cat\/integrafp\/wp-json\/wp\/v2\/pages\/7\/revisions"}],"predecessor-version":[{"id":12269,"href":"https:\/\/projectes.xtec.cat\/integrafp\/wp-json\/wp\/v2\/pages\/7\/revisions\/12269"}],"wp:attachment":[{"href":"https:\/\/projectes.xtec.cat\/integrafp\/wp-json\/wp\/v2\/media?parent=7"}],"curies":[{"name":"wp","href":"https:\/\/api.w.org\/{rel}","templated":true}]}}