{"id":8230,"date":"2020-11-25T19:26:18","date_gmt":"2020-11-25T18:26:18","guid":{"rendered":"https:\/\/projectes.xtec.cat\/integrafp\/?page_id=8230"},"modified":"2023-03-01T13:53:01","modified_gmt":"2023-03-01T12:53:01","slug":"organismes-participants","status":"publish","type":"page","link":"https:\/\/projectes.xtec.cat\/integrafp\/integrafp-2\/organismes-participants\/","title":{"rendered":"Organismes participants"},"content":{"rendered":"<p><span style=\"font-weight: 400;\">Departament d\u2019Educaci\u00f3, i m\u00e9s concretament els seus centres que imparteixen formaci\u00f3 professional reglada de forma ordin\u00e0ria, i que s\u2019afegiran a aquest projecte per tal d\u2019impartir les accions formatives pr\u00f2pies de la Formaci\u00f3 Professional per a l\u2019Ocupaci\u00f3.<\/span><\/p>\n<p><span style=\"font-weight: 400;\">El Servei P\u00fablic d\u2019Ocupaci\u00f3 de Catalunya, organisme aut\u00f2nom administratiu depenent del Departament d&#8217;Empresa i Treball, que finan\u00e7a les accions formatives, exercir\u00e0 el control sobre les mateixes, certificar\u00e0 les formacions i donar\u00e0 suport t\u00e8cnic als centres en el desenvolupament de les seves accions formatives.<\/span><\/p>\n<p>L&#8217;Ag\u00e8ncia P\u00fablica de Formaci\u00f3 i Qualificaci\u00f3 Professionals de Catalunya com a organisme aut\u00f2nom de car\u00e0cter administratiu amb personalitat jur\u00eddica pr\u00f2pia, t\u00e9 com a funcions principals dirigir i coordinar el Sistema FPCAT col\u00b7laborador a les accions.<\/p>\n<table style=\"width: 97.6686%; height: 86px;\">\n<tbody>\n<tr style=\"height: 86px;\">\n<td style=\"width: 26.1645%; height: 86px;\"><a href=\"https:\/\/www.educacionyfp.gob.es\/portada.html\"><img loading=\"lazy\" decoding=\"async\" class=\"aligncenter wp-image-10217 \" src=\"https:\/\/projectes.xtec.cat\/integrafp\/wp-content\/uploads\/usu2419\/2023\/03\/Ministeri.png\" alt=\"\" width=\"153\" height=\"41\" srcset=\"https:\/\/projectes.xtec.cat\/integrafp\/wp-content\/uploads\/usu2419\/2023\/03\/Ministeri.png 364w, https:\/\/projectes.xtec.cat\/integrafp\/wp-content\/uploads\/usu2419\/2023\/03\/Ministeri-300x79.png 300w\" sizes=\"auto, (max-width: 153px) 100vw, 153px\" \/><\/a><\/td>\n<td style=\"width: 28.5122%; height: 86px;\"><a href=\"https:\/\/serveiocupacio.gencat.cat\/ca\/soc\/el-servei-public-docupacio-de-catalunya_soc\/\"><img loading=\"lazy\" decoding=\"async\" class=\"wp-image-8477 aligncenter\" src=\"https:\/\/projectes.xtec.cat\/integrafp\/wp-content\/uploads\/usu2419\/2021\/01\/SOC.png\" alt=\"\" width=\"183\" height=\"32\" srcset=\"https:\/\/projectes.xtec.cat\/integrafp\/wp-content\/uploads\/usu2419\/2021\/01\/SOC.png 535w, https:\/\/projectes.xtec.cat\/integrafp\/wp-content\/uploads\/usu2419\/2021\/01\/SOC-300x53.png 300w\" sizes=\"auto, (max-width: 183px) 100vw, 183px\" \/><\/a><\/td>\n<td style=\"width: 23.9114%; height: 86px;\"><a href=\"http:\/\/educacio.gencat.cat\/ca\/inici\"><img loading=\"lazy\" decoding=\"async\" class=\"alignleft wp-image-8481\" src=\"https:\/\/projectes.xtec.cat\/integrafp\/wp-content\/uploads\/usu2419\/2021\/01\/Educacio-1.jpg\" alt=\"\" width=\"201\" height=\"34\" srcset=\"https:\/\/projectes.xtec.cat\/integrafp\/wp-content\/uploads\/usu2419\/2021\/01\/Educacio-1.jpg 754w, https:\/\/projectes.xtec.cat\/integrafp\/wp-content\/uploads\/usu2419\/2021\/01\/Educacio-1-300x51.jpg 300w\" sizes=\"auto, (max-width: 201px) 100vw, 201px\" \/><\/a><\/td>\n<td style=\"width: 19.8947%; height: 86px;\"><a href=\"http:\/\/https:\/\/fp.gencat.cat\/ca\/inici\"><img loading=\"lazy\" decoding=\"async\" class=\"alignnone size-full wp-image-10219\" src=\"https:\/\/projectes.xtec.cat\/integrafp\/wp-content\/uploads\/usu2419\/2023\/03\/MicrosoftTeams-image-1.png\" alt=\"\" width=\"400\" height=\"125\" srcset=\"https:\/\/projectes.xtec.cat\/integrafp\/wp-content\/uploads\/usu2419\/2023\/03\/MicrosoftTeams-image-1.png 400w, https:\/\/projectes.xtec.cat\/integrafp\/wp-content\/uploads\/usu2419\/2023\/03\/MicrosoftTeams-image-1-300x94.png 300w\" sizes=\"auto, (max-width: 400px) 100vw, 400px\" \/><\/a><\/td>\n<\/tr>\n<\/tbody>\n<\/table>\n<p>&nbsp;<\/p>\n<p>&nbsp;<\/p>\n","protected":false},"excerpt":{"rendered":"<p>Departament d\u2019Educaci\u00f3, i m\u00e9s concretament els seus centres que imparteixen formaci\u00f3 professional reglada de forma ordin\u00e0ria, i que s\u2019afegiran a aquest projecte per tal d\u2019impartir les accions formatives pr\u00f2pies de la Formaci\u00f3 Professional per a l\u2019Ocupaci\u00f3.<br \/>\nEl Servei P\u00fablic d\u2019Ocupaci\u00f3 de Catalunya, organisme aut\u00f2nom administratiu depenent&hellip;  <a href=\"https:\/\/projectes.xtec.cat\/integrafp\/integrafp-2\/organismes-participants\/\" title=\"Read Organismes participants\">Llegeix m\u00e9s\u00bb<\/a><\/p>\n","protected":false},"author":1,"featured_media":0,"parent":8508,"menu_order":0,"comment_status":"closed","ping_status":"closed","template":"","meta":{"_bbp_topic_count":0,"_bbp_reply_count":0,"_bbp_total_topic_count":0,"_bbp_total_reply_count":0,"_bbp_voice_count":0,"_bbp_anonymous_reply_count":0,"_bbp_topic_count_hidden":0,"_bbp_reply_count_hidden":0,"_bbp_forum_subforum_count":0,"footnotes":""},"class_list":["post-8230","page","type-page","status-publish","hentry"],"post_mailing_queue_ids":[],"_links":{"self":[{"href":"https:\/\/projectes.xtec.cat\/integrafp\/wp-json\/wp\/v2\/pages\/8230","targetHints":{"allow":["GET"]}}],"collection":[{"href":"https:\/\/projectes.xtec.cat\/integrafp\/wp-json\/wp\/v2\/pages"}],"about":[{"href":"https:\/\/projectes.xtec.cat\/integrafp\/wp-json\/wp\/v2\/types\/page"}],"author":[{"embeddable":true,"href":"https:\/\/projectes.xtec.cat\/integrafp\/wp-json\/wp\/v2\/users\/1"}],"replies":[{"embeddable":true,"href":"https:\/\/projectes.xtec.cat\/integrafp\/wp-json\/wp\/v2\/comments?post=8230"}],"version-history":[{"count":4,"href":"https:\/\/projectes.xtec.cat\/integrafp\/wp-json\/wp\/v2\/pages\/8230\/revisions"}],"predecessor-version":[{"id":10226,"href":"https:\/\/projectes.xtec.cat\/integrafp\/wp-json\/wp\/v2\/pages\/8230\/revisions\/10226"}],"up":[{"embeddable":true,"href":"https:\/\/projectes.xtec.cat\/integrafp\/wp-json\/wp\/v2\/pages\/8508"}],"wp:attachment":[{"href":"https:\/\/projectes.xtec.cat\/integrafp\/wp-json\/wp\/v2\/media?parent=8230"}],"curies":[{"name":"wp","href":"https:\/\/api.w.org\/{rel}","templated":true}]}}