{"id":8302,"date":"2023-03-01T14:23:43","date_gmt":"2023-03-01T13:23:43","guid":{"rendered":"https:\/\/projectes.xtec.cat\/integrafp\/?page_id=8302"},"modified":"2023-03-01T14:30:06","modified_gmt":"2023-03-01T13:30:06","slug":"projecte-soc-1","status":"publish","type":"page","link":"https:\/\/projectes.xtec.cat\/integrafp\/el-projecte\/projecte-soc-1\/","title":{"rendered":"Projecte SOC 1"},"content":{"rendered":"<p><strong>Projecte Pilot de Formaci\u00f3 integrada SOC 1<\/strong><\/p>\n<p><span style=\"font-weight: 400;\">El conveni de col\u00b7laboraci\u00f3 del projecte pilot 1 es va signar a finals del 2019, actualment es troba desenvolupant-se a 7 centres, on s\u2019estan realitzant un total de 8 Certificats de Professionalitat. <\/span><\/p>\n<p><span style=\"font-weight: 400;\">Aquestes accions de formaci\u00f3, es duen a terme a 4 comarques del territori; l\u2019<\/span><span style=\"font-weight: 400;\">Alt Empord\u00e0, la Selva, la Garrotxa, la Ribera d\u2019Ebre i la Terra Alta.<\/span><\/p>\n<p>&nbsp;<\/p>\n<div style=\"height: 75vh; width: 90%; margin: auto;\"><iframe loading=\"lazy\" src=\"https:\/\/www.instamaps.cat\/visor.html?businessid=612f78b082f95b40669066acd16435b9&amp;3D=false&amp;embed=1\" width=\"100%\" height=\"100%\" frameborder=\"0\"><\/iframe><\/div>\n<p>&nbsp;<\/p>\n<table style=\"height: 1219px; width: 50.4434%;\" width=\"565\">\n<tbody>\n<tr style=\"height: 31px;\">\n<td style=\"height: 49px; width: 18.9658%;\" colspan=\"2\"><strong>CENTRE<\/strong><\/td>\n<td style=\"height: 49px; width: 18.8164%;\"><strong>CODI<\/strong><\/td>\n<td style=\"height: 49px; width: 31.2595%;\"><strong>CP<\/strong><\/td>\n<td style=\"height: 49px; width: 14.5675%; text-align: center;\"><strong>NIVELL<\/strong><\/td>\n<td style=\"width: 19.5751%; text-align: center;\"><strong>ESTAT<\/strong><\/td>\n<\/tr>\n<tr>\n<td style=\"width: 18.9658%;\" colspan=\"2\"><a href=\"https:\/\/cendrassos.net\/certificats-de-professionalitat\/\">INS CENDRASSOS<\/a><\/td>\n<td style=\"width: 18.8164%;\">IFCD0110<\/td>\n<td style=\"width: 31.2595%;\">Confecci\u00f3 i publicaci\u00f3 de p\u00e0gines web<\/td>\n<td style=\"width: 14.5675%; text-align: center;\">2<\/td>\n<td style=\"width: 19.5751%; text-align: center;\">Finalitzat<\/td>\n<\/tr>\n<tr>\n<td style=\"width: 18.9658%;\" colspan=\"2\"><a href=\"https:\/\/cendrassos.net\/certificats-de-professionalitat\/\">INS CENDRASSOS<\/a><\/td>\n<td style=\"width: 18.8164%;\">ADGD0108<\/td>\n<td style=\"width: 31.2595%;\">Gesti\u00f3 comptable i gesti\u00f3 administrativa per a auditoria<\/td>\n<td style=\"width: 14.5675%; text-align: center;\">3<\/td>\n<td style=\"width: 19.5751%; text-align: center;\">Finalitzat<\/td>\n<\/tr>\n<tr style=\"height: 99px;\">\n<td style=\"height: 99px; width: 18.9658%;\" colspan=\"2\"><a href=\"http:\/\/www.iesilladerodes.cat\/\">INS ILLA DE RODES<\/a><\/td>\n<td style=\"height: 99px; width: 18.8164%;\">AFDP0109<\/td>\n<td style=\"height: 99px; width: 31.2595%;\">Socorrisme en instal\u00b7lacions aqu\u00e0tiques<\/td>\n<td style=\"height: 99px; width: 14.5675%; text-align: center;\">2<\/td>\n<td style=\"width: 19.5751%; text-align: center;\">Finalitzat<\/td>\n<\/tr>\n<tr style=\"height: 99px;\">\n<td style=\"height: 99px; width: 18.9658%;\" colspan=\"2\"><a href=\"https:\/\/www.boscdelacoma.cat\/\">INS BOSC DE LA COMA<\/a><\/td>\n<td style=\"height: 99px; width: 18.8164%;\">ADGD0308<\/td>\n<td style=\"height: 99px; width: 31.2595%;\">Activitats de gesti\u00f3 administrativa<\/td>\n<td style=\"height: 99px; width: 14.5675%; text-align: center;\">2<\/td>\n<td style=\"width: 19.5751%; text-align: center;\">Finalitzat<\/td>\n<\/tr>\n<tr style=\"height: 209px;\">\n<td style=\"height: 209px; width: 18.9658%;\" colspan=\"2\"><a href=\"https:\/\/inslagarrotxa.cat\/\">INS LA GARROTXA<\/a><\/td>\n<td style=\"height: 209px; width: 18.8164%;\">ELES0208<\/td>\n<td style=\"height: 209px; width: 31.2595%;\">Operacions auxiliars de muntatge d&#8217;instal\u00b7lacions electrot\u00e8cniques i de telecomunicacions en edificis<\/td>\n<td style=\"height: 209px; width: 14.5675%; text-align: center;\">1<\/td>\n<td style=\"width: 19.5751%; text-align: center;\">Finalitzat<\/td>\n<\/tr>\n<tr style=\"height: 209px;\">\n<td style=\"height: 209px; width: 18.9658%;\" colspan=\"2\"><a href=\"https:\/\/iesflix.cat\/\">INS DE FLIX<\/a><\/td>\n<td style=\"height: 209px; width: 18.8164%;\">ELES0208<\/td>\n<td style=\"height: 209px; width: 31.2595%;\">Operacions auxiliars de muntatge d&#8217;instal\u00b7lacions electrot\u00e8cniques i de telecomunicacions en edificis<\/td>\n<td style=\"height: 209px; width: 14.5675%; text-align: center;\">1<\/td>\n<td style=\"width: 19.5751%; text-align: center;\">Finalitzat<\/td>\n<\/tr>\n<tr style=\"height: 10px;\">\n<td style=\"height: 10px; width: 18.9658%;\" colspan=\"2\"><a href=\"https:\/\/agora.xtec.cat\/iesserrallarga\/\">INS SERRALLARGA<\/a><\/td>\n<td style=\"height: 10px; width: 18.8164%;\">ELES0208<\/td>\n<td style=\"height: 10px; width: 31.2595%;\">Operacions auxiliars de muntatge d&#8217;instal\u00b7lacions electrot\u00e8cniques\u00a0\u00a0i de telecomunicacions en edificis<\/td>\n<td style=\"height: 10px; width: 14.5675%; text-align: center;\">\u00a01<\/td>\n<td style=\"width: 19.5751%; text-align: center;\">Finalitzat<\/td>\n<\/tr>\n<tr style=\"height: 168px;\">\n<td style=\"height: 168px; width: 18.9658%;\" colspan=\"2\"><a href=\"https:\/\/insmonturiol.cat\/\">INS NARC\u00cdS MONTURIOL<\/a><\/td>\n<td style=\"height: 168px; width: 18.8164%;\">ELES0208<\/td>\n<td style=\"height: 168px; width: 31.2595%;\">Operacions auxiliars de muntatge d&#8217;instal\u00b7lacions electrot\u00e8cniques\u00a0\u00a0i de telecomunicacions en edificis<\/td>\n<td style=\"height: 168px; width: 14.5675%; text-align: center;\">1<\/td>\n<td style=\"width: 19.5751%; text-align: center;\">Finalitzat<\/td>\n<\/tr>\n<\/tbody>\n<\/table>\n<p>Informaci\u00f3 actualitzada 01\/03\/2023<\/p>\n","protected":false},"excerpt":{"rendered":"<p>Projecte Pilot de Formaci\u00f3 integrada SOC 1<br \/>\nEl conveni de col\u00b7laboraci\u00f3 del projecte pilot 1 es va signar a finals del 2019, actualment es troba desenvolupant-se a 7 centres, on s\u2019estan realitzant un total de 8 Certificats de Professionalitat.<br \/>\nAquestes accions de formaci\u00f3, es duen a&hellip;  <a href=\"https:\/\/projectes.xtec.cat\/integrafp\/el-projecte\/projecte-soc-1\/\" title=\"Read Projecte SOC 1\">Llegeix m\u00e9s\u00bb<\/a><\/p>\n","protected":false},"author":1,"featured_media":0,"parent":806,"menu_order":0,"comment_status":"closed","ping_status":"closed","template":"","meta":{"_bbp_topic_count":0,"_bbp_reply_count":0,"_bbp_total_topic_count":0,"_bbp_total_reply_count":0,"_bbp_voice_count":0,"_bbp_anonymous_reply_count":0,"_bbp_topic_count_hidden":0,"_bbp_reply_count_hidden":0,"_bbp_forum_subforum_count":0,"footnotes":""},"class_list":["post-8302","page","type-page","status-publish","hentry"],"post_mailing_queue_ids":[],"_links":{"self":[{"href":"https:\/\/projectes.xtec.cat\/integrafp\/wp-json\/wp\/v2\/pages\/8302","targetHints":{"allow":["GET"]}}],"collection":[{"href":"https:\/\/projectes.xtec.cat\/integrafp\/wp-json\/wp\/v2\/pages"}],"about":[{"href":"https:\/\/projectes.xtec.cat\/integrafp\/wp-json\/wp\/v2\/types\/page"}],"author":[{"embeddable":true,"href":"https:\/\/projectes.xtec.cat\/integrafp\/wp-json\/wp\/v2\/users\/1"}],"replies":[{"embeddable":true,"href":"https:\/\/projectes.xtec.cat\/integrafp\/wp-json\/wp\/v2\/comments?post=8302"}],"version-history":[{"count":4,"href":"https:\/\/projectes.xtec.cat\/integrafp\/wp-json\/wp\/v2\/pages\/8302\/revisions"}],"predecessor-version":[{"id":10235,"href":"https:\/\/projectes.xtec.cat\/integrafp\/wp-json\/wp\/v2\/pages\/8302\/revisions\/10235"}],"up":[{"embeddable":true,"href":"https:\/\/projectes.xtec.cat\/integrafp\/wp-json\/wp\/v2\/pages\/806"}],"wp:attachment":[{"href":"https:\/\/projectes.xtec.cat\/integrafp\/wp-json\/wp\/v2\/media?parent=8302"}],"curies":[{"name":"wp","href":"https:\/\/api.w.org\/{rel}","templated":true}]}}