{"id":8508,"date":"2021-01-29T18:43:13","date_gmt":"2021-01-29T17:43:13","guid":{"rendered":"https:\/\/projectes.xtec.cat\/integrafp\/?page_id=8508"},"modified":"2025-11-04T10:03:24","modified_gmt":"2025-11-04T09:03:24","slug":"integrafp-2","status":"publish","type":"page","link":"https:\/\/projectes.xtec.cat\/integrafp\/integrafp-2\/","title":{"rendered":"IntegraFP"},"content":{"rendered":"<p>Integra FP \u00e9s la unitat de la Direcci\u00f3 General de Formaci\u00f3 professional (DGFP) que gestiona l&#8217;oferta dels Certificats Professionals en els Instituts de Formaci\u00f3 Professional, que s&#8217;imparteixen en el marc del Conveni de col\u00b7laboraci\u00f3 signat entre el Departament d&#8217;Educaci\u00f3 i Formaci\u00f3 Professional, el Departament d&#8217;Empresa i Treball i l&#8217;Ag\u00e8ncia p\u00fablica de formaci\u00f3 i qualificaci\u00f3 professionals.<\/p>\n<p>La Unitat Integrafp est\u00e0 formada per:<\/p>\n<p><strong>Cap d&#8217;Unitat.<\/strong> Olga Vitolo: olga.vitolo@gencat.cat<\/p>\n<p><strong>Gesti\u00f3 Docent:<\/strong><\/p>\n<ul>\n<li>Carme Cerd\u00e0: mcarmecerda@gencat.cat<\/li>\n<li>Lucy Garcia Cordero: lucianagarciac@gencat.cat<\/li>\n<li>Emma Periba\u00f1ez: emmaperibanez@gencat.cat<\/li>\n<\/ul>\n<p><strong>Gesti\u00f3 Econ\u00f2mica:<\/strong><\/p>\n<ul>\n<li>Pau Arroyo: pau.arroyo@gencat.cat<\/li>\n<li>Marta Batllori: marta.batllori@gencat.cat<\/li>\n<li>Jose Antonio Martins: joseantonio.martins@gencat.cat<\/li>\n<li>Jordi Moraga: jordimoraga@gencat.cat<\/li>\n<\/ul>\n","protected":false},"excerpt":{"rendered":"<p>Integra FP \u00e9s la unitat de la Direcci\u00f3 General de Formaci\u00f3 professional (DGFP) que gestiona l&#8217;oferta dels Certificats Professionals en els Instituts de Formaci\u00f3 Professional, que s&#8217;imparteixen en el marc del Conveni de col\u00b7laboraci\u00f3 signat entre el Departament d&#8217;Educaci\u00f3 i Formaci\u00f3 Professional, el Departament d&#8217;Empresa&hellip;  <a href=\"https:\/\/projectes.xtec.cat\/integrafp\/integrafp-2\/\" title=\"Read IntegraFP\">Llegeix m\u00e9s\u00bb<\/a><\/p>\n","protected":false},"author":1,"featured_media":0,"parent":0,"menu_order":0,"comment_status":"closed","ping_status":"closed","template":"","meta":{"_bbp_topic_count":0,"_bbp_reply_count":0,"_bbp_total_topic_count":0,"_bbp_total_reply_count":0,"_bbp_voice_count":0,"_bbp_anonymous_reply_count":0,"_bbp_topic_count_hidden":0,"_bbp_reply_count_hidden":0,"_bbp_forum_subforum_count":0,"footnotes":""},"class_list":["post-8508","page","type-page","status-publish","hentry"],"post_mailing_queue_ids":[],"_links":{"self":[{"href":"https:\/\/projectes.xtec.cat\/integrafp\/wp-json\/wp\/v2\/pages\/8508","targetHints":{"allow":["GET"]}}],"collection":[{"href":"https:\/\/projectes.xtec.cat\/integrafp\/wp-json\/wp\/v2\/pages"}],"about":[{"href":"https:\/\/projectes.xtec.cat\/integrafp\/wp-json\/wp\/v2\/types\/page"}],"author":[{"embeddable":true,"href":"https:\/\/projectes.xtec.cat\/integrafp\/wp-json\/wp\/v2\/users\/1"}],"replies":[{"embeddable":true,"href":"https:\/\/projectes.xtec.cat\/integrafp\/wp-json\/wp\/v2\/comments?post=8508"}],"version-history":[{"count":6,"href":"https:\/\/projectes.xtec.cat\/integrafp\/wp-json\/wp\/v2\/pages\/8508\/revisions"}],"predecessor-version":[{"id":12174,"href":"https:\/\/projectes.xtec.cat\/integrafp\/wp-json\/wp\/v2\/pages\/8508\/revisions\/12174"}],"wp:attachment":[{"href":"https:\/\/projectes.xtec.cat\/integrafp\/wp-json\/wp\/v2\/media?parent=8508"}],"curies":[{"name":"wp","href":"https:\/\/api.w.org\/{rel}","templated":true}]}}