{"id":8543,"date":"2021-02-01T16:15:31","date_gmt":"2021-02-01T15:15:31","guid":{"rendered":"https:\/\/projectes.xtec.cat\/integrafp\/?page_id=8543"},"modified":"2023-10-24T13:03:30","modified_gmt":"2023-10-24T11:03:30","slug":"nivells-de-certificats-de-professionalitat","status":"publish","type":"page","link":"https:\/\/projectes.xtec.cat\/integrafp\/certificatsdeprofessionalitat\/nivells-de-certificats-de-professionalitat\/","title":{"rendered":"Nivells de Certificats de Professionalitat"},"content":{"rendered":"<p>A continuaci\u00f3 s&#8217;expliquen les difer\u00e8ncies entre els nivells dels Certificats de Professionalitat:<\/p>\n<table style=\"width: 962px;\" width=\"964\" cellspacing=\"0\" cellpadding=\"3\">\n<colgroup>\n<col width=\"180\" \/>\n<col width=\"772\" \/> <\/colgroup>\n<tbody>\n<tr>\n<td style=\"width: 183px;\" width=\"181\">&nbsp;<\/p>\n<p><span style=\"font-family: Arial, sans-serif;\"><span style=\"font-size: medium;\">Certificat de<\/span><\/span><span style=\"font-family: Arial, sans-serif;\"><span style=\"font-size: medium;\"> professionalitat\u00a0\u00a0\u00a0\u00a0 <span style=\"color: #3465a4;\">nivell 1<\/span><\/span><\/span><\/td>\n<td style=\"width: 779px;\" width=\"771\">\n<p align=\"justify\"><span style=\"font-family: Arial, sans-serif;\"><span style=\"font-size: medium;\">Certificats compostos per activitats de treball relativament simples corresponents a processos normalitzats. Els coneixements i capacitats a treballar s\u00f3n limitats.<\/span><\/span><\/p>\n<\/td>\n<\/tr>\n<tr>\n<td style=\"width: 183px;\" width=\"181\">\n<p align=\"left\"><span style=\"font-family: Arial, sans-serif;\"><span style=\"font-size: medium;\">Certificat de professionalitat \u00a0 \u00a0 <span style=\"color: #3465a4;\">nivell 2<\/span><\/span><\/span><\/p>\n<\/td>\n<td style=\"width: 779px;\" width=\"771\">\n<p align=\"justify\"><span style=\"color: #202124;\"><span style=\"font-family: Arial, sans-serif;\"><span style=\"font-size: medium;\">Compet\u00e8ncia en un conjunt d&#8217;activitats professionals ben determinades amb la capacitat d&#8217;utilitzar els instruments i t\u00e8cniques pr\u00f2pies, que fa principalment a un treball d&#8217;execuci\u00f3 que pot ser aut\u00f2nom en el l\u00edmit d&#8217;aquestes t\u00e8cniques. <\/span><\/span><\/span><\/p>\n<p align=\"justify\"><span style=\"color: #202124;\"><span style=\"font-family: Arial, sans-serif;\"><span style=\"font-size: medium;\">Requereix coneixements dels fonaments t\u00e8cnics i cient\u00edfics de la seva activitat i capacitats de comprensi\u00f3 i aplicaci\u00f3 del proc\u00e9s.<\/span><\/span><\/span><\/p>\n<\/td>\n<\/tr>\n<tr>\n<td style=\"width: 183px;\" width=\"181\">\n<p align=\"left\"><span style=\"font-family: Arial, sans-serif;\"><span style=\"font-size: medium;\">Certificat de professionalitat\u00a0\u00a0\u00a0 <span style=\"color: #3465a4;\">nivell\u00a0 3<\/span><\/span><\/span><\/p>\n<\/td>\n<td style=\"width: 779px;\" width=\"771\">&nbsp;<\/p>\n<p><span style=\"font-family: Arial, sans-serif;\"><span style=\"font-size: medium;\">En aquest nivell es contemplen compet\u00e8ncies en un conjunt d&#8217;activitats professionals que requereixen el domini de diverses t\u00e8cniques i pot ser executat de forma aut\u00f2noma, comporta responsabilitat de coordinaci\u00f3 i supervisi\u00f3 de treball t\u00e8cnic i especialitzat. <\/span><\/span><\/p>\n<p><span style=\"font-family: Arial, sans-serif;\"><span style=\"font-size: medium;\">Exigeix \u200b\u200bla comprensi\u00f3 dels fonaments t\u00e8cnics i cient\u00edfics de les activitats i l&#8217;avaluaci\u00f3 dels factors de el proc\u00e9s i de les seves repercussions econ\u00f2miques.<\/span><\/span><\/td>\n<\/tr>\n<\/tbody>\n<\/table>\n","protected":false},"excerpt":{"rendered":"<p>A continuaci\u00f3 s&#8217;expliquen les difer\u00e8ncies entre els nivells dels Certificats de Professionalitat:<\/p>\n<p>&nbsp;<br \/>\nCertificat de professionalitat\u00a0\u00a0\u00a0\u00a0 nivell 1<\/p>\n<p>Certificats compostos per activitats de treball relativament simples corresponents a processos normalitzats. Els coneixements i capacitats a treballar s\u00f3n limitats.<\/p>\n<p>Certificat de professionalitat \u00a0 \u00a0 nivell 2<\/p>\n<p>Compet\u00e8ncia en un conjunt&hellip;  <a href=\"https:\/\/projectes.xtec.cat\/integrafp\/certificatsdeprofessionalitat\/nivells-de-certificats-de-professionalitat\/\" title=\"Read Nivells de Certificats de Professionalitat\">Llegeix m\u00e9s\u00bb<\/a><\/p>\n","protected":false},"author":1,"featured_media":0,"parent":608,"menu_order":20,"comment_status":"closed","ping_status":"closed","template":"","meta":{"_bbp_topic_count":0,"_bbp_reply_count":0,"_bbp_total_topic_count":0,"_bbp_total_reply_count":0,"_bbp_voice_count":0,"_bbp_anonymous_reply_count":0,"_bbp_topic_count_hidden":0,"_bbp_reply_count_hidden":0,"_bbp_forum_subforum_count":0,"footnotes":""},"class_list":["post-8543","page","type-page","status-publish","hentry"],"post_mailing_queue_ids":[],"_links":{"self":[{"href":"https:\/\/projectes.xtec.cat\/integrafp\/wp-json\/wp\/v2\/pages\/8543","targetHints":{"allow":["GET"]}}],"collection":[{"href":"https:\/\/projectes.xtec.cat\/integrafp\/wp-json\/wp\/v2\/pages"}],"about":[{"href":"https:\/\/projectes.xtec.cat\/integrafp\/wp-json\/wp\/v2\/types\/page"}],"author":[{"embeddable":true,"href":"https:\/\/projectes.xtec.cat\/integrafp\/wp-json\/wp\/v2\/users\/1"}],"replies":[{"embeddable":true,"href":"https:\/\/projectes.xtec.cat\/integrafp\/wp-json\/wp\/v2\/comments?post=8543"}],"version-history":[{"count":4,"href":"https:\/\/projectes.xtec.cat\/integrafp\/wp-json\/wp\/v2\/pages\/8543\/revisions"}],"predecessor-version":[{"id":8747,"href":"https:\/\/projectes.xtec.cat\/integrafp\/wp-json\/wp\/v2\/pages\/8543\/revisions\/8747"}],"up":[{"embeddable":true,"href":"https:\/\/projectes.xtec.cat\/integrafp\/wp-json\/wp\/v2\/pages\/608"}],"wp:attachment":[{"href":"https:\/\/projectes.xtec.cat\/integrafp\/wp-json\/wp\/v2\/media?parent=8543"}],"curies":[{"name":"wp","href":"https:\/\/api.w.org\/{rel}","templated":true}]}}