{"id":8748,"date":"2021-02-25T13:23:22","date_gmt":"2021-02-25T12:23:22","guid":{"rendered":"https:\/\/projectes.xtec.cat\/integrafp\/?page_id=8748"},"modified":"2023-10-24T13:58:46","modified_gmt":"2023-10-24T11:58:46","slug":"com-sollicitar-un-certificat-de-professionalitat","status":"publish","type":"page","link":"https:\/\/projectes.xtec.cat\/integrafp\/certificatsdeprofessionalitat\/com-sollicitar-un-certificat-de-professionalitat\/","title":{"rendered":"Com sol\u00b7licitar un certificat de professionalitat"},"content":{"rendered":"<p><a href=\"https:\/\/oficinadetreball.gencat.cat\/socfuncions\/IniciCertificatProf.do\">L\u2019expedici\u00f3 <\/a>del certificat de professionalitat<\/a> es pot sol\u00b7licitar al SOC si es tenen acreditades totes les unitats de compet\u00e8ncia d&#8217;un certificat de professionalitat i s&#8217;ha superat el m\u00f2dul de pr\u00e0ctiques o la persona interessada est\u00e0 exempta d&#8217;aquest m\u00f2dul.<\/p>\n<p>Si nom\u00e9s es t\u00e9 acreditada alguna de les unitats de compet\u00e8ncia sense arribar a completar un certificat de professionalitat, es pot sol\u00b7licitar una acreditaci\u00f3 parcial acumulable corresponent a les unitats de compet\u00e8ncia superades<\/p>\n","protected":false},"excerpt":{"rendered":"<p><a href=\"https:\/\/oficinadetreball.gencat.cat\/socfuncions\/IniciCertificatProf.do\">L\u2019expedici\u00f3 <\/a>del certificat de professionalitat<\/a> es pot sol\u00b7licitar al SOC si es tenen acreditades totes les unitats de compet\u00e8ncia d&#8217;un certificat de professionalitat i s&#8217;ha superat el m\u00f2dul de pr\u00e0ctiques o la persona interessada est\u00e0 exempta d&#8217;aquest m\u00f2dul.<br \/>\nSi nom\u00e9s es t\u00e9 acreditada alguna de&hellip;  <a href=\"https:\/\/projectes.xtec.cat\/integrafp\/certificatsdeprofessionalitat\/com-sollicitar-un-certificat-de-professionalitat\/\" title=\"Read Com sol\u00b7licitar un certificat de professionalitat\">Llegeix m\u00e9s\u00bb<\/a><\/p>\n","protected":false},"author":1,"featured_media":0,"parent":608,"menu_order":0,"comment_status":"closed","ping_status":"closed","template":"","meta":{"_bbp_topic_count":0,"_bbp_reply_count":0,"_bbp_total_topic_count":0,"_bbp_total_reply_count":0,"_bbp_voice_count":0,"_bbp_anonymous_reply_count":0,"_bbp_topic_count_hidden":0,"_bbp_reply_count_hidden":0,"_bbp_forum_subforum_count":0,"footnotes":""},"class_list":["post-8748","page","type-page","status-publish","hentry"],"post_mailing_queue_ids":[],"_links":{"self":[{"href":"https:\/\/projectes.xtec.cat\/integrafp\/wp-json\/wp\/v2\/pages\/8748","targetHints":{"allow":["GET"]}}],"collection":[{"href":"https:\/\/projectes.xtec.cat\/integrafp\/wp-json\/wp\/v2\/pages"}],"about":[{"href":"https:\/\/projectes.xtec.cat\/integrafp\/wp-json\/wp\/v2\/types\/page"}],"author":[{"embeddable":true,"href":"https:\/\/projectes.xtec.cat\/integrafp\/wp-json\/wp\/v2\/users\/1"}],"replies":[{"embeddable":true,"href":"https:\/\/projectes.xtec.cat\/integrafp\/wp-json\/wp\/v2\/comments?post=8748"}],"version-history":[{"count":3,"href":"https:\/\/projectes.xtec.cat\/integrafp\/wp-json\/wp\/v2\/pages\/8748\/revisions"}],"predecessor-version":[{"id":9977,"href":"https:\/\/projectes.xtec.cat\/integrafp\/wp-json\/wp\/v2\/pages\/8748\/revisions\/9977"}],"up":[{"embeddable":true,"href":"https:\/\/projectes.xtec.cat\/integrafp\/wp-json\/wp\/v2\/pages\/608"}],"wp:attachment":[{"href":"https:\/\/projectes.xtec.cat\/integrafp\/wp-json\/wp\/v2\/media?parent=8748"}],"curies":[{"name":"wp","href":"https:\/\/api.w.org\/{rel}","templated":true}]}}