{"id":338,"date":"2021-05-06T09:30:49","date_gmt":"2021-05-06T07:30:49","guid":{"rendered":"http:\/\/agora.xtec.cat\/formacio\/intercomprensio\/?page_id=338"},"modified":"2021-05-06T09:50:37","modified_gmt":"2021-05-06T07:50:37","slug":"centres-intercomprensio","status":"publish","type":"page","link":"https:\/\/projectes.xtec.cat\/intercomprensio\/comunitat\/centres-intercomprensio\/","title":{"rendered":"Centres que treballen la intercomprensi\u00f3"},"content":{"rendered":"<p style=\"text-align: justify;\">A Catalunya, des del curs 2012-2013 fins a l&#8217;actualitat, 100 centres p\u00fablics i concertats han aplicat i\/o apliquen a les seves aules qualsevol dels dos projectes en intercomprensius previs a la seva fusi\u00f3 pel curs 2016-2017: Euromania i Ci\u00e8ncies i Societat\/Fem passeres. D&#8217;aquests 100 centres, 37\u00a0s\u00f3n d&#8217;educaci\u00f3 infantil i prim\u00e0ria (escoles) i 56 s\u00f3n d&#8217;educaci\u00f3 secund\u00e0ria i batxillerat (instituts). A m\u00e9s, tamb\u00e9 hem comptat i comptem amb la participaci\u00f3 de 6 zones escolars rurals (ZER) i 4 altres centres. Aquests centres es distribueixen al territori de la manera seg\u00fcent:<\/p>\n<p><iframe loading=\"lazy\" src=\"https:\/\/www.google.com\/maps\/d\/embed?mid=1hoR7qSbx4jVMICExHLQq2z-b9EQ\" width=\"1100\" height=\"800\"><\/iframe><\/p>\n","protected":false},"excerpt":{"rendered":"<p>A Catalunya, des del curs 2012-2013 fins a l&#8217;actualitat, 100 centres p\u00fablics i concertats han aplicat i\/o apliquen a les seves aules qualsevol dels dos projectes en intercomprensius previs a la seva fusi\u00f3 pel curs 2016-2017: Euromania i Ci\u00e8ncies i Societat\/Fem passeres. D&#8217;aquests 100 centres,&hellip;  <a href=\"https:\/\/projectes.xtec.cat\/intercomprensio\/comunitat\/centres-intercomprensio\/\" title=\"Read Centres que treballen la intercomprensi\u00f3\">Llegeix m\u00e9s\u00bb<\/a><\/p>\n","protected":false},"author":1,"featured_media":0,"parent":9181,"menu_order":10,"comment_status":"closed","ping_status":"closed","template":"","meta":{"_bbp_topic_count":0,"_bbp_reply_count":0,"_bbp_total_topic_count":0,"_bbp_total_reply_count":0,"_bbp_voice_count":0,"_bbp_anonymous_reply_count":0,"_bbp_topic_count_hidden":0,"_bbp_reply_count_hidden":0,"_bbp_forum_subforum_count":0,"footnotes":""},"class_list":["post-338","page","type-page","status-publish","hentry"],"post_mailing_queue_ids":[],"_links":{"self":[{"href":"https:\/\/projectes.xtec.cat\/intercomprensio\/wp-json\/wp\/v2\/pages\/338","targetHints":{"allow":["GET"]}}],"collection":[{"href":"https:\/\/projectes.xtec.cat\/intercomprensio\/wp-json\/wp\/v2\/pages"}],"about":[{"href":"https:\/\/projectes.xtec.cat\/intercomprensio\/wp-json\/wp\/v2\/types\/page"}],"author":[{"embeddable":true,"href":"https:\/\/projectes.xtec.cat\/intercomprensio\/wp-json\/wp\/v2\/users\/1"}],"replies":[{"embeddable":true,"href":"https:\/\/projectes.xtec.cat\/intercomprensio\/wp-json\/wp\/v2\/comments?post=338"}],"version-history":[{"count":1,"href":"https:\/\/projectes.xtec.cat\/intercomprensio\/wp-json\/wp\/v2\/pages\/338\/revisions"}],"predecessor-version":[{"id":9197,"href":"https:\/\/projectes.xtec.cat\/intercomprensio\/wp-json\/wp\/v2\/pages\/338\/revisions\/9197"}],"up":[{"embeddable":true,"href":"https:\/\/projectes.xtec.cat\/intercomprensio\/wp-json\/wp\/v2\/pages\/9181"}],"wp:attachment":[{"href":"https:\/\/projectes.xtec.cat\/intercomprensio\/wp-json\/wp\/v2\/media?parent=338"}],"curies":[{"name":"wp","href":"https:\/\/api.w.org\/{rel}","templated":true}]}}